{"id":22282,"date":"2024-07-24T19:34:12","date_gmt":"2024-07-24T19:34:12","guid":{"rendered":"https:\/\/tlc.eu\/certification\/"},"modified":"2025-10-17T11:35:45","modified_gmt":"2025-10-17T11:35:45","slug":"zertifizierung","status":"publish","type":"page","link":"https:\/\/tlc.eu\/de\/zertifizierung\/","title":{"rendered":"Zertifizierung"},"content":{"rendered":"","protected":false},"excerpt":{"rendered":"<p>Zertifizierungen von TLC \u2013 gepr\u00fcfte Qualit\u00e4t und Sicherheit nach internationalen Normen. Vertrauen Sie auf zertifizierte Produkte f\u00fcr Industrie und Bau.<\/p>\n","protected":false},"author":4,"featured_media":0,"parent":0,"menu_order":0,"comment_status":"closed","ping_status":"closed","template":"template-certification.blade.php","meta":{"_acf_changed":false,"inline_featured_image":false,"footnotes":""},"class_list":["post-22282","page","type-page","status-publish","hentry"],"acf":[],"yoast_head":"<!-- This site is optimized with the Yoast SEO plugin v23.8 - https:\/\/yoast.com\/wordpress\/plugins\/seo\/ -->\n<title>Zertifizierung - TLC<\/title>\n<meta name=\"description\" content=\"Zertifizierungen von TLC \u2013 gepr\u00fcfte Qualit\u00e4t und Sicherheit nach internationalen Normen. Vertrauen Sie auf zertifizierte Produkte f\u00fcr Industrie und Bau.\" \/>\n<meta name=\"robots\" content=\"index, follow, max-snippet:-1, max-image-preview:large, max-video-preview:-1\" \/>\n<link rel=\"canonical\" href=\"https:\/\/tlc.eu\/de\/zertifizierung\/\" \/>\n<meta property=\"og:locale\" content=\"de_DE\" \/>\n<meta property=\"og:type\" content=\"article\" \/>\n<meta property=\"og:title\" content=\"Zertifizierung - TLC\" \/>\n<meta property=\"og:description\" content=\"Zertifizierungen von TLC \u2013 gepr\u00fcfte Qualit\u00e4t und Sicherheit nach internationalen Normen. Vertrauen Sie auf zertifizierte Produkte f\u00fcr Industrie und Bau.\" \/>\n<meta property=\"og:url\" content=\"https:\/\/tlc.eu\/de\/zertifizierung\/\" \/>\n<meta property=\"og:site_name\" content=\"TLC\" \/>\n<meta property=\"article:modified_time\" content=\"2025-10-17T11:35:45+00:00\" \/>\n<meta name=\"twitter:card\" content=\"summary_large_image\" \/>\n<script type=\"application\/ld+json\" class=\"yoast-schema-graph\">{\"@context\":\"https:\/\/schema.org\",\"@graph\":[{\"@type\":\"WebPage\",\"@id\":\"https:\/\/tlc.eu\/de\/zertifizierung\/\",\"url\":\"https:\/\/tlc.eu\/de\/zertifizierung\/\",\"name\":\"Zertifizierung - TLC\",\"isPartOf\":{\"@id\":\"https:\/\/tlc.eu\/de\/#website\"},\"datePublished\":\"2024-07-24T19:34:12+00:00\",\"dateModified\":\"2025-10-17T11:35:45+00:00\",\"description\":\"Zertifizierungen von TLC \u2013 gepr\u00fcfte Qualit\u00e4t und Sicherheit nach internationalen Normen. Vertrauen Sie auf zertifizierte Produkte f\u00fcr Industrie und Bau.\",\"breadcrumb\":{\"@id\":\"https:\/\/tlc.eu\/de\/zertifizierung\/#breadcrumb\"},\"inLanguage\":\"de-DE\",\"potentialAction\":[{\"@type\":\"ReadAction\",\"target\":[\"https:\/\/tlc.eu\/de\/zertifizierung\/\"]}]},{\"@type\":\"BreadcrumbList\",\"@id\":\"https:\/\/tlc.eu\/de\/zertifizierung\/#breadcrumb\",\"itemListElement\":[{\"@type\":\"ListItem\",\"position\":1,\"name\":\"Home\",\"item\":\"https:\/\/tlc.eu\/de\/\"},{\"@type\":\"ListItem\",\"position\":2,\"name\":\"Zertifizierung\"}]},{\"@type\":\"WebSite\",\"@id\":\"https:\/\/tlc.eu\/de\/#website\",\"url\":\"https:\/\/tlc.eu\/de\/\",\"name\":\"TLC EU Steel Equipment | Design & Production\",\"description\":\"\",\"alternateName\":\"TLC\",\"potentialAction\":[{\"@type\":\"SearchAction\",\"target\":{\"@type\":\"EntryPoint\",\"urlTemplate\":\"https:\/\/tlc.eu\/de\/?s={search_term_string}\"},\"query-input\":{\"@type\":\"PropertyValueSpecification\",\"valueRequired\":true,\"valueName\":\"search_term_string\"}}],\"inLanguage\":\"de-DE\"}]}<\/script>\n<!-- \/ Yoast SEO plugin. -->","yoast_head_json":{"title":"Zertifizierung - TLC","description":"Zertifizierungen von TLC \u2013 gepr\u00fcfte Qualit\u00e4t und Sicherheit nach internationalen Normen. Vertrauen Sie auf zertifizierte Produkte f\u00fcr Industrie und Bau.","robots":{"index":"index","follow":"follow","max-snippet":"max-snippet:-1","max-image-preview":"max-image-preview:large","max-video-preview":"max-video-preview:-1"},"canonical":"https:\/\/tlc.eu\/de\/zertifizierung\/","og_locale":"de_DE","og_type":"article","og_title":"Zertifizierung - TLC","og_description":"Zertifizierungen von TLC \u2013 gepr\u00fcfte Qualit\u00e4t und Sicherheit nach internationalen Normen. Vertrauen Sie auf zertifizierte Produkte f\u00fcr Industrie und Bau.","og_url":"https:\/\/tlc.eu\/de\/zertifizierung\/","og_site_name":"TLC","article_modified_time":"2025-10-17T11:35:45+00:00","twitter_card":"summary_large_image","schema":{"@context":"https:\/\/schema.org","@graph":[{"@type":"WebPage","@id":"https:\/\/tlc.eu\/de\/zertifizierung\/","url":"https:\/\/tlc.eu\/de\/zertifizierung\/","name":"Zertifizierung - TLC","isPartOf":{"@id":"https:\/\/tlc.eu\/de\/#website"},"datePublished":"2024-07-24T19:34:12+00:00","dateModified":"2025-10-17T11:35:45+00:00","description":"Zertifizierungen von TLC \u2013 gepr\u00fcfte Qualit\u00e4t und Sicherheit nach internationalen Normen. Vertrauen Sie auf zertifizierte Produkte f\u00fcr Industrie und Bau.","breadcrumb":{"@id":"https:\/\/tlc.eu\/de\/zertifizierung\/#breadcrumb"},"inLanguage":"de-DE","potentialAction":[{"@type":"ReadAction","target":["https:\/\/tlc.eu\/de\/zertifizierung\/"]}]},{"@type":"BreadcrumbList","@id":"https:\/\/tlc.eu\/de\/zertifizierung\/#breadcrumb","itemListElement":[{"@type":"ListItem","position":1,"name":"Home","item":"https:\/\/tlc.eu\/de\/"},{"@type":"ListItem","position":2,"name":"Zertifizierung"}]},{"@type":"WebSite","@id":"https:\/\/tlc.eu\/de\/#website","url":"https:\/\/tlc.eu\/de\/","name":"TLC EU Steel Equipment | Design & Production","description":"","alternateName":"TLC","potentialAction":[{"@type":"SearchAction","target":{"@type":"EntryPoint","urlTemplate":"https:\/\/tlc.eu\/de\/?s={search_term_string}"},"query-input":{"@type":"PropertyValueSpecification","valueRequired":true,"valueName":"search_term_string"}}],"inLanguage":"de-DE"}]}},"_links":{"self":[{"href":"https:\/\/tlc.eu\/de\/wp-json\/wp\/v2\/pages\/22282","targetHints":{"allow":["GET"]}}],"collection":[{"href":"https:\/\/tlc.eu\/de\/wp-json\/wp\/v2\/pages"}],"about":[{"href":"https:\/\/tlc.eu\/de\/wp-json\/wp\/v2\/types\/page"}],"author":[{"embeddable":true,"href":"https:\/\/tlc.eu\/de\/wp-json\/wp\/v2\/users\/4"}],"replies":[{"embeddable":true,"href":"https:\/\/tlc.eu\/de\/wp-json\/wp\/v2\/comments?post=22282"}],"version-history":[{"count":3,"href":"https:\/\/tlc.eu\/de\/wp-json\/wp\/v2\/pages\/22282\/revisions"}],"predecessor-version":[{"id":23523,"href":"https:\/\/tlc.eu\/de\/wp-json\/wp\/v2\/pages\/22282\/revisions\/23523"}],"wp:attachment":[{"href":"https:\/\/tlc.eu\/de\/wp-json\/wp\/v2\/media?parent=22282"}],"curies":[{"name":"wp","href":"https:\/\/api.w.org\/{rel}","templated":true}]}}