{"id":22322,"date":"2024-09-10T11:41:58","date_gmt":"2024-09-10T11:41:58","guid":{"rendered":"https:\/\/tlc.eu\/our-potential\/"},"modified":"2025-09-29T14:14:50","modified_gmt":"2025-09-29T14:14:50","slug":"unser-potenzial","status":"publish","type":"page","link":"https:\/\/tlc.eu\/de\/unser-potenzial\/","title":{"rendered":"Unser Potenzial"},"content":{"rendered":"<section data-block_284aeb8ca59dbe8c2560448325f71fdd class=\"hero aligncenter\">\n  <div class=\"hero__container w-full  relative flex flex-col justify-center items-center overflow-hidden\">\n          <div class=\"hero__background w-full h-full absolute top-0 left-0 overlay-bg--only-mobile\">\n                  <img decoding=\"async\" src=\"https:\/\/tlc.eu\/app\/uploads\/2024\/09\/about-us-hero-scaled.jpg\" class=\"hero__background-image object-cover object-center w-full h-full\">\n              <\/div>\n    \n    <div class=\"wrapper z-[1]\n    flex flex-col h-[37.5rem] tablet:h-[48rem] items-center\">\n              <div class=\"hero__return hidden tablet:flex mt-[4.8rem] self-start\">\n          <div class=\"return w-[1rem] h-[1.6rem] flex text-[1rem] cursor-pointer relative text-black\"\r\n     @click=\"returnClick('https:\/\/tlc.eu\/de\/')\">\r\n  <i class=\"icon tlc-icon-arrow flex text-white rotate-180 text-[1.6rem] font-bold\"><\/i>\r\n<\/div>\r\n        <\/div>\n                    <div class=\"hero__breadcrumbs max-w-full text-white copy1 self-center tablet:self-start\n        mt-[6.4rem] md:mt-[4.8rem]\n        \">\n            <div class=\"breadcrumb flex w-full items-center justify-center tablet:justify-start mb-[4rem] md:mb-[4rem]\">\n  <div class=\"breadcrumb__box flex w-fit max-w-full\">\n    <swiper\n      ref=\"breadcrumbs\"\n      :modules=\"modules\"\n      direction=\"horizontal\"\n      slides-per-view=\"auto\"\n    >\n      <swiper-slide class=\"flex gap-[.8rem] tablet:gap-8 w-fit items-center mr-[.8rem] tablet:mr-8\">\n        <a href=\"https:\/\/tlc.eu\/de\/\" class=\"item copy-breadcrumbs\">Home<\/a>\n        <i class=\"separator tlc-icon-angle text-[.8rem]\"><\/i>\n      <\/swiper-slide>\n          <\/swiper>\n  <\/div>\n<\/div>\n\n\n        <\/div>\n            <div class=\"hero__content w-full flex flex-col gap-[21.5rem] tablet:gap-[16rem]\">\n                  <div class=\"hero__head w-full flex flex-col gap-[2.4rem] tablet:gap-[4rem]\">\n              <h1 class=\"head h1 text-center md:text-left text-text-alternate\" style=\"\">\n              Unser Potenzial\n            <\/h1>\n\n                          <div class=\"hero__return flex tablet:hidden self-center\">\n                <div class=\"return w-[1rem] h-[1.6rem] flex text-[1rem] cursor-pointer relative text-black\"\r\n     @click=\"returnClick('https:\/\/tlc.eu\/de\/')\">\r\n  <i class=\"icon tlc-icon-arrow flex text-white rotate-180 text-[1.6rem] font-bold\"><\/i>\r\n<\/div>\r\n              <\/div>\n            \n                      <\/div>\n        \n                                  <\/div>\n    <\/div>\n\n      <\/div>\n<\/section>\n\n\n\n\n<section data-block_98c1d2db2c398266291bf79693508a45 class=\"section section--bottom-0 section--top-0 py-[6.4rem] md:py-[11.2rem] hello-description-with-image aligncenter\" style=\"background-color: #e8e8e8\">\n    <div class=\"hello-description-with-image__wrapper wrapper relative\">\n      <img decoding=\"async\" src=\"https:\/\/tlc.eu\/app\/uploads\/2024\/11\/our-potential.png\" alt=\"\" class=\"hello-description-with-image__image w-[48.7rem] h-[48.7rem] absolute left-0 -bottom-[11.2rem] pointer-events-none invisible md:visible\">\n      <div class=\"hello-description-with-image__container w-full flex justify-end\">\n        <div class=\"hello-description-with-image__content w-full flex flex-col max-w-[77rem]\">\n                      <div class=\"description__head w-full\">\n              <h2 class=\"head h2\">Wir erweitern unsere Produktionsst\u00e4tten und investieren in Automatisierung \u2013 sowohl in Maschinen als auch in Technologien<\/h2>\n            <\/div>\n          \n                      <div class=\"hello-description-with-image__description w-full mt-[2.4rem] md:mt-[4.8rem] text-text-primary\">\n              <p>Unser Engagement f\u00fcr Innovation und Mitarbeiterentwicklung hat uns das Vertrauen von Kunden in \u00fcber 50 L\u00e4ndern eingebracht und uns als stabile und anerkannte Marke weltweit etabliert.<\/p>\n\n            <\/div>\n                  <\/div>\n      <\/div>\n    <\/div>\n<\/section>\n\n\n<section data-block_b133b50072fb7469ef589c576bf179d1 class=\"section content-with-media aligncenter\">\n  <div class=\"wrapper\">\n              <div\n        class=\"content-with-media__container flex flex-col gap-[4.8rem] md:gap-[8rem] flex-col md:flex-row\">\n        <div class=\"content-with-media__content flex flex-col justify-center basis-1 md:basis-1\/2\">\n                      <h2 class=\"content-with-media__heading h3\">Unsere gr\u00f6\u00dften St\u00e4rken sind unsere Mitarbeitenden<\/h2>\n                                <div class=\"content-with-media__description content-simple text-text-primary copy2 mt-[2rem] md:mt-[4.8rem]\">\n              <p>Wir besch\u00e4ftigen Fachkr\u00e4fte auf ihrem Gebiet und investieren in deren Weiterentwicklung, um uns als Organisation stetig zu verbessern und unseren Kunden hochwertige L\u00f6sungen zu liefern. Wir sind international t\u00e4tig und besch\u00e4ftigen Expertinnen und Experten in Polen, Schweden, Deutschland und Frankreich. Wir h\u00f6ren genau auf die Bed\u00fcrfnisse der lokalen M\u00e4rkte und auf die Stimme unserer Kunden, um unsere Ma\u00dfnahmen optimal auf ihre Erwartungen abzustimmen und echten Mehrwert zu schaffen.<\/p>\n\n            <\/div>\n                  <\/div>\n        <div class=\"content-with-media__media basis-1 md:basis-1\/2\">\n                      <video class=\"content-with-media__video h-[30rem] md:h-[61.2rem] w-full object-cover\" loop=\"true\" playsinline\n                   autoplay=\"autoplay\" muted height=\"612px\" width=\"612px\" loading=\"lazy\">\n              <source src=\"https:\/\/tlc.eu\/app\/uploads\/2025\/09\/tlc-our-potential-en-web-video-1.mp4\" type=\"video\/mp4\">\n              Your browser does not support the video tag.\n            <\/video>\n                  <\/div>\n      <\/div>\n      <\/div>\n<\/section>\n\n\n<section data-block_d764e21aa514ab721e4497f950e0056b class=\"section content-with-media aligncenter\">\n  <div class=\"wrapper\">\n          <h2 class=\"content-with-media__header h2 mb-[8rem]\"><\/h2>\n              <div\n        class=\"content-with-media__container flex flex-col gap-[4.8rem] md:gap-[8rem] flex-col md:flex-row-reverse\">\n        <div class=\"content-with-media__content flex flex-col justify-center basis-1 md:basis-1\/2\">\n                      <h2 class=\"content-with-media__heading h3\">Qualifizierte Ingenieure und Spezialisten<\/h2>\n                                <div class=\"content-with-media__description content-simple text-text-primary copy2 mt-[2rem] md:mt-[4.8rem]\">\n              <p>Unsere F&amp;E-Abteilung sowie das Konstruktionsteam verbessern unsere Produkte kontinuierlich und entwickeln innovative technologische Konzepte. Dank des Engagements unseres Teams k\u00f6nnen wir flexibel auf sich wandelnde Marktanforderungen und steigende Sicherheitsstandards reagieren. Wir besch\u00e4ftigen talentierte Ingenieure und Fachkr\u00e4fte, die die neuesten technologischen Entwicklungen und Branchentrends verfolgen und in unsere Projekte integrieren. Ihre Liebe zum Detail erm\u00f6glicht es uns, L\u00f6sungen zu schaffen, die sich vom Markt abheben und aktuelle Standards erf\u00fcllen \u2013 und oft \u00fcbertreffen.<\/p>\n\n            <\/div>\n                  <\/div>\n        <div class=\"content-with-media__media basis-1 md:basis-1\/2\">\n                      <img decoding=\"async\" src=\"https:\/\/tlc.eu\/app\/uploads\/2025\/01\/our-potential.jpg\" alt=\"TLC\" height=\"612px\" width=\"612px\"\n                 loading=\"lazy\" class=\"content-with-media__image h-[30rem] md:h-[61.2rem] w-full object-cover\">\n                  <\/div>\n      <\/div>\n      <\/div>\n<\/section>\n\n\n<section data-block_c7209860a2ce161c916d978ef6b59feb class=\"section content-with-media aligncenter\">\n  <div class=\"wrapper\">\n              <div\n        class=\"content-with-media__container flex flex-col gap-[4.8rem] md:gap-[8rem] flex-col md:flex-row\">\n        <div class=\"content-with-media__content flex flex-col justify-center basis-1 md:basis-1\/2\">\n                      <h2 class=\"content-with-media__heading h3\">Moderne Produktionsanlagen, fortschrittliche Technologien: Maschinen und Automatisierung<\/h2>\n                                <div class=\"content-with-media__description content-simple text-text-primary copy2 mt-[2rem] md:mt-[4.8rem]\">\n              <p>Wir verf\u00fcgen \u00fcber zwei moderne Produktionsst\u00e4tten in den polnischen St\u00e4dten Gorlice und Stargard. Wir investieren regelm\u00e4\u00dfig in fortschrittliche Maschinen und Technologien, mit denen wir Produktionsprozesse automatisieren sowie Effizienz, Pr\u00e4zision und Konstanz steigern k\u00f6nnen. Dadurch verlaufen Auftragsabwicklungen reibungsloser, und die Qualit\u00e4t unserer Produkte erreicht ein noch h\u00f6heres Niveau. Diese Investitionen erm\u00f6glichen uns au\u00dferdem, schneller auf Marktver\u00e4nderungen zu reagieren und die Ressourcennutzung zu optimieren \u2013 zum Vorteil unserer Kunden.<\/p>\n\n            <\/div>\n                  <\/div>\n        <div class=\"content-with-media__media basis-1 md:basis-1\/2\">\n                      <video class=\"content-with-media__video h-[30rem] md:h-[61.2rem] w-full object-cover\" loop=\"true\" playsinline\n                   autoplay=\"autoplay\" muted height=\"612px\" width=\"612px\" loading=\"lazy\">\n              <source src=\"https:\/\/tlc.eu\/app\/uploads\/2025\/09\/tlc-our-potential-en-web-video-2.mp4\" type=\"video\/mp4\">\n              Your browser does not support the video tag.\n            <\/video>\n                  <\/div>\n      <\/div>\n      <\/div>\n<\/section>\n\n\n\n\n\n\n\n\n<section data-block_5bfa4c4deb9afdd00139e47ca596d7cb class=\"section content-with-media aligncenter\">\n  <div class=\"wrapper\">\n              <div\n        class=\"content-with-media__container flex flex-col gap-[4.8rem] md:gap-[8rem] flex-col md:flex-row-reverse\">\n        <div class=\"content-with-media__content flex flex-col justify-center basis-1 md:basis-1\/2\">\n                      <h2 class=\"content-with-media__heading h3\">Zertifikate \u2013 Garantie h\u00f6chster Standards<\/h2>\n                                <div class=\"content-with-media__description content-simple text-text-primary copy2 mt-[2rem] md:mt-[4.8rem]\">\n              <p>Unser Ziel ist es, in jeder Phase der Produktion und des Managements h\u00f6chste Standards zu erreichen \u2013 best\u00e4tigt durch zahlreiche internationale Zertifikate. Diese belegen unser Engagement f\u00fcr Betriebssicherheit, Umweltschutz und Arbeitssicherheit:<\/p>\n<ul>\n<li>ISO 9001 \u2013 Qualit\u00e4tsmanagement: Unser Engagement, die Erwartungen unserer Kunden zu erf\u00fcllen und zu \u00fcbertreffen.<\/li>\n<li>ISO 14001 \u2013 Umweltmanagement: Unser Einsatz f\u00fcr nachhaltige Entwicklung und minimale Umweltbelastung.<\/li>\n<li>ISO 45001 \u2013 Arbeitsschutz: Die Gesundheit und Sicherheit unserer Mitarbeitenden stehen bei uns an erster Stelle.<\/li>\n<li>EN 1090-2 und ISO 3834-2 \u2013 Schwei\u00dfzertifikate, die in der Stahlbauindustrie unerl\u00e4sslich sind und h\u00f6chste Standards im Schwei\u00dfprozess gew\u00e4hrleisten.<\/li>\n<\/ul>\n<p>Unsere Zertifikate bilden ein solides Fundament, auf dem wir Vertrauen aufbauen und unseren Kunden hochwertige L\u00f6sungen bieten k\u00f6nnen.<\/p>\n\n            <\/div>\n                  <\/div>\n        <div class=\"content-with-media__media basis-1 md:basis-1\/2\">\n                      <video class=\"content-with-media__video h-[30rem] md:h-[61.2rem] w-full object-cover\" loop=\"true\" playsinline\n                   autoplay=\"autoplay\" muted height=\"612px\" width=\"612px\" loading=\"lazy\">\n              <source src=\"https:\/\/tlc.eu\/app\/uploads\/2025\/09\/tlc-our-potential-en-web-video-3.mp4\" type=\"video\/mp4\">\n              Your browser does not support the video tag.\n            <\/video>\n                  <\/div>\n      <\/div>\n      <\/div>\n<\/section>\n\n\n<section data-block_a0c05a35f38038060520f01eb5cb20bd class=\"section content-with-media aligncenter\">\n  <div class=\"wrapper\">\n              <div\n        class=\"content-with-media__container flex flex-col gap-[4.8rem] md:gap-[8rem] flex-col md:flex-row\">\n        <div class=\"content-with-media__content flex flex-col justify-center basis-1 md:basis-1\/2\">\n                      <h2 class=\"content-with-media__heading h3\">Logistik und weltweite Reichweite<\/h2>\n                                <div class=\"content-with-media__description content-simple text-text-primary copy2 mt-[2rem] md:mt-[4.8rem]\">\n              <p>Wir sind bestens vorbereitet f\u00fcr Land-, Luft- und Seetransporte. Unser Logistikteam ist darauf spezialisiert, jede Lieferung sicher zu sichern und die Laderaumausnutzung zu optimieren. Dank unserer globalen Pr\u00e4senz k\u00f6nnen wir Projekte weltweit liefern und umsetzen.<\/p>\n\n            <\/div>\n                  <\/div>\n        <div class=\"content-with-media__media basis-1 md:basis-1\/2\">\n                      <img decoding=\"async\" src=\"https:\/\/tlc.eu\/app\/uploads\/2024\/10\/Logistics-and-global-reach.jpg\" alt=\"TLC\" height=\"612px\" width=\"612px\"\n                 loading=\"lazy\" class=\"content-with-media__image h-[30rem] md:h-[61.2rem] w-full object-cover\">\n                  <\/div>\n      <\/div>\n      <\/div>\n<\/section>\n\n\n<section data-block_b290dccf75f56cbaa0a6092f8f946ae6 class=\"section content-with-media aligncenter\">\n  <div class=\"wrapper\">\n              <div\n        class=\"content-with-media__container flex flex-col gap-[4.8rem] md:gap-[8rem] flex-col md:flex-row-reverse\">\n        <div class=\"content-with-media__content flex flex-col justify-center basis-1 md:basis-1\/2\">\n                      <h2 class=\"content-with-media__heading h3\">TLC Ocynkownia &#038; Packing Center <\/h2>\n                                <div class=\"content-with-media__description content-simple text-text-primary copy2 mt-[2rem] md:mt-[4.8rem]\">\n              <p>Wir betreiben eine moderne Anlage mit fortschrittlicher Korrosionsschutztechnologie auf Basis der Feuerverzinkung \u2013 entwickelt in Zusammenarbeit mit dem Institut f\u00fcr Nichteisenmetalle in Gleiwitz. Als Hersteller von Treppen und Stahlkonstruktionen f\u00fcr Industrie und Bauwesen erweitern wir unser Angebot um Feuerverzinkungsleistungen in unserem modernen Werk in Gorlice. Dank unseres vollst\u00e4ndig internen Produktionsprozesses \u2013 inklusive Feuerverzinkung und Pulverbeschichtung \u2013 gew\u00e4hrleisten wir eine vollst\u00e4ndige Qualit\u00e4tskontrolle und h\u00f6chste Standards f\u00fcr unsere Kunden.<\/p>\n\n            <\/div>\n                  <\/div>\n        <div class=\"content-with-media__media basis-1 md:basis-1\/2\">\n                      <video class=\"content-with-media__video h-[30rem] md:h-[61.2rem] w-full object-cover\" loop=\"true\" playsinline\n                   autoplay=\"autoplay\" muted height=\"612px\" width=\"612px\" loading=\"lazy\">\n              <source src=\"https:\/\/tlc.eu\/app\/uploads\/2025\/09\/tlc-our-potential-en-web-video-4.mp4\" type=\"video\/mp4\">\n              Your browser does not support the video tag.\n            <\/video>\n                  <\/div>\n      <\/div>\n      <\/div>\n<\/section>\n","protected":false},"excerpt":{"rendered":"<p>Wir erweitern unsere Produktionsst\u00e4tten und investieren in Automatisierung \u2013 sowohl in Maschinen als auch in Technologien<\/p>\n","protected":false},"author":4,"featured_media":2146,"parent":0,"menu_order":0,"comment_status":"closed","ping_status":"closed","template":"","meta":{"_acf_changed":false,"inline_featured_image":false,"footnotes":""},"class_list":["post-22322","page","type-page","status-publish","has-post-thumbnail","hentry"],"acf":[],"yoast_head":"<!-- This site is optimized with the Yoast SEO plugin v23.8 - https:\/\/yoast.com\/wordpress\/plugins\/seo\/ -->\n<title>Unser Potenzial - TLC<\/title>\n<meta name=\"description\" content=\"Wir erweitern unsere Produktionsst\u00e4tten und investieren in Automatisierung \u2013 sowohl in Maschinen als auch in Technologien.\" \/>\n<meta name=\"robots\" content=\"index, follow, max-snippet:-1, max-image-preview:large, max-video-preview:-1\" \/>\n<link rel=\"canonical\" href=\"https:\/\/tlc.eu\/de\/unser-potenzial\/\" \/>\n<meta property=\"og:locale\" content=\"de_DE\" \/>\n<meta property=\"og:type\" content=\"article\" \/>\n<meta property=\"og:title\" content=\"Unser Potenzial - TLC\" \/>\n<meta property=\"og:description\" content=\"Wir erweitern unsere Produktionsst\u00e4tten und investieren in Automatisierung \u2013 sowohl in Maschinen als auch in Technologien.\" \/>\n<meta property=\"og:url\" content=\"https:\/\/tlc.eu\/de\/unser-potenzial\/\" \/>\n<meta property=\"og:site_name\" content=\"TLC\" \/>\n<meta property=\"article:modified_time\" content=\"2025-09-29T14:14:50+00:00\" \/>\n<meta property=\"og:image\" content=\"https:\/\/tlc.eu\/app\/uploads\/2024\/09\/about-us-hero-scaled.jpg\" \/>\n\t<meta property=\"og:image:width\" content=\"2560\" \/>\n\t<meta property=\"og:image:height\" content=\"853\" \/>\n\t<meta property=\"og:image:type\" content=\"image\/jpeg\" \/>\n<meta name=\"twitter:card\" content=\"summary_large_image\" \/>\n<meta name=\"twitter:label1\" content=\"Est. reading time\" \/>\n\t<meta name=\"twitter:data1\" content=\"1 minute\" \/>\n<script type=\"application\/ld+json\" class=\"yoast-schema-graph\">{\"@context\":\"https:\/\/schema.org\",\"@graph\":[{\"@type\":\"WebPage\",\"@id\":\"https:\/\/tlc.eu\/de\/unser-potenzial\/\",\"url\":\"https:\/\/tlc.eu\/de\/unser-potenzial\/\",\"name\":\"Unser Potenzial - TLC\",\"isPartOf\":{\"@id\":\"https:\/\/tlc.eu\/de\/#website\"},\"primaryImageOfPage\":{\"@id\":\"https:\/\/tlc.eu\/de\/unser-potenzial\/#primaryimage\"},\"image\":{\"@id\":\"https:\/\/tlc.eu\/de\/unser-potenzial\/#primaryimage\"},\"thumbnailUrl\":\"https:\/\/tlc.eu\/app\/uploads\/2024\/09\/about-us-hero-scaled.jpg\",\"datePublished\":\"2024-09-10T11:41:58+00:00\",\"dateModified\":\"2025-09-29T14:14:50+00:00\",\"description\":\"Wir erweitern unsere Produktionsst\u00e4tten und investieren in Automatisierung \u2013 sowohl in Maschinen als auch in Technologien.\",\"breadcrumb\":{\"@id\":\"https:\/\/tlc.eu\/de\/unser-potenzial\/#breadcrumb\"},\"inLanguage\":\"de-DE\",\"potentialAction\":[{\"@type\":\"ReadAction\",\"target\":[\"https:\/\/tlc.eu\/de\/unser-potenzial\/\"]}]},{\"@type\":\"ImageObject\",\"inLanguage\":\"de-DE\",\"@id\":\"https:\/\/tlc.eu\/de\/unser-potenzial\/#primaryimage\",\"url\":\"https:\/\/tlc.eu\/app\/uploads\/2024\/09\/about-us-hero-scaled.jpg\",\"contentUrl\":\"https:\/\/tlc.eu\/app\/uploads\/2024\/09\/about-us-hero-scaled.jpg\",\"width\":2560,\"height\":853},{\"@type\":\"BreadcrumbList\",\"@id\":\"https:\/\/tlc.eu\/de\/unser-potenzial\/#breadcrumb\",\"itemListElement\":[{\"@type\":\"ListItem\",\"position\":1,\"name\":\"Home\",\"item\":\"https:\/\/tlc.eu\/de\/\"},{\"@type\":\"ListItem\",\"position\":2,\"name\":\"Unser Potenzial\"}]},{\"@type\":\"WebSite\",\"@id\":\"https:\/\/tlc.eu\/de\/#website\",\"url\":\"https:\/\/tlc.eu\/de\/\",\"name\":\"TLC EU Steel Equipment | Design & Production\",\"description\":\"\",\"alternateName\":\"TLC\",\"potentialAction\":[{\"@type\":\"SearchAction\",\"target\":{\"@type\":\"EntryPoint\",\"urlTemplate\":\"https:\/\/tlc.eu\/de\/?s={search_term_string}\"},\"query-input\":{\"@type\":\"PropertyValueSpecification\",\"valueRequired\":true,\"valueName\":\"search_term_string\"}}],\"inLanguage\":\"de-DE\"}]}<\/script>\n<!-- \/ Yoast SEO plugin. -->","yoast_head_json":{"title":"Unser Potenzial - TLC","description":"Wir erweitern unsere Produktionsst\u00e4tten und investieren in Automatisierung \u2013 sowohl in Maschinen als auch in Technologien.","robots":{"index":"index","follow":"follow","max-snippet":"max-snippet:-1","max-image-preview":"max-image-preview:large","max-video-preview":"max-video-preview:-1"},"canonical":"https:\/\/tlc.eu\/de\/unser-potenzial\/","og_locale":"de_DE","og_type":"article","og_title":"Unser Potenzial - TLC","og_description":"Wir erweitern unsere Produktionsst\u00e4tten und investieren in Automatisierung \u2013 sowohl in Maschinen als auch in Technologien.","og_url":"https:\/\/tlc.eu\/de\/unser-potenzial\/","og_site_name":"TLC","article_modified_time":"2025-09-29T14:14:50+00:00","og_image":[{"width":2560,"height":853,"url":"https:\/\/tlc.eu\/app\/uploads\/2024\/09\/about-us-hero-scaled.jpg","type":"image\/jpeg"}],"twitter_card":"summary_large_image","twitter_misc":{"Est. reading time":"1 minute"},"schema":{"@context":"https:\/\/schema.org","@graph":[{"@type":"WebPage","@id":"https:\/\/tlc.eu\/de\/unser-potenzial\/","url":"https:\/\/tlc.eu\/de\/unser-potenzial\/","name":"Unser Potenzial - TLC","isPartOf":{"@id":"https:\/\/tlc.eu\/de\/#website"},"primaryImageOfPage":{"@id":"https:\/\/tlc.eu\/de\/unser-potenzial\/#primaryimage"},"image":{"@id":"https:\/\/tlc.eu\/de\/unser-potenzial\/#primaryimage"},"thumbnailUrl":"https:\/\/tlc.eu\/app\/uploads\/2024\/09\/about-us-hero-scaled.jpg","datePublished":"2024-09-10T11:41:58+00:00","dateModified":"2025-09-29T14:14:50+00:00","description":"Wir erweitern unsere Produktionsst\u00e4tten und investieren in Automatisierung \u2013 sowohl in Maschinen als auch in Technologien.","breadcrumb":{"@id":"https:\/\/tlc.eu\/de\/unser-potenzial\/#breadcrumb"},"inLanguage":"de-DE","potentialAction":[{"@type":"ReadAction","target":["https:\/\/tlc.eu\/de\/unser-potenzial\/"]}]},{"@type":"ImageObject","inLanguage":"de-DE","@id":"https:\/\/tlc.eu\/de\/unser-potenzial\/#primaryimage","url":"https:\/\/tlc.eu\/app\/uploads\/2024\/09\/about-us-hero-scaled.jpg","contentUrl":"https:\/\/tlc.eu\/app\/uploads\/2024\/09\/about-us-hero-scaled.jpg","width":2560,"height":853},{"@type":"BreadcrumbList","@id":"https:\/\/tlc.eu\/de\/unser-potenzial\/#breadcrumb","itemListElement":[{"@type":"ListItem","position":1,"name":"Home","item":"https:\/\/tlc.eu\/de\/"},{"@type":"ListItem","position":2,"name":"Unser Potenzial"}]},{"@type":"WebSite","@id":"https:\/\/tlc.eu\/de\/#website","url":"https:\/\/tlc.eu\/de\/","name":"TLC EU Steel Equipment | Design & Production","description":"","alternateName":"TLC","potentialAction":[{"@type":"SearchAction","target":{"@type":"EntryPoint","urlTemplate":"https:\/\/tlc.eu\/de\/?s={search_term_string}"},"query-input":{"@type":"PropertyValueSpecification","valueRequired":true,"valueName":"search_term_string"}}],"inLanguage":"de-DE"}]}},"_links":{"self":[{"href":"https:\/\/tlc.eu\/de\/wp-json\/wp\/v2\/pages\/22322","targetHints":{"allow":["GET"]}}],"collection":[{"href":"https:\/\/tlc.eu\/de\/wp-json\/wp\/v2\/pages"}],"about":[{"href":"https:\/\/tlc.eu\/de\/wp-json\/wp\/v2\/types\/page"}],"author":[{"embeddable":true,"href":"https:\/\/tlc.eu\/de\/wp-json\/wp\/v2\/users\/4"}],"replies":[{"embeddable":true,"href":"https:\/\/tlc.eu\/de\/wp-json\/wp\/v2\/comments?post=22322"}],"version-history":[{"count":5,"href":"https:\/\/tlc.eu\/de\/wp-json\/wp\/v2\/pages\/22322\/revisions"}],"predecessor-version":[{"id":22756,"href":"https:\/\/tlc.eu\/de\/wp-json\/wp\/v2\/pages\/22322\/revisions\/22756"}],"wp:featuredmedia":[{"embeddable":true,"href":"https:\/\/tlc.eu\/de\/wp-json\/wp\/v2\/media\/2146"}],"wp:attachment":[{"href":"https:\/\/tlc.eu\/de\/wp-json\/wp\/v2\/media?parent=22322"}],"curies":[{"name":"wp","href":"https:\/\/api.w.org\/{rel}","templated":true}]}}