{"id":22450,"date":"2024-09-18T12:59:44","date_gmt":"2024-09-18T12:59:44","guid":{"rendered":"https:\/\/tlc.eu\/services\/"},"modified":"2025-10-21T10:00:56","modified_gmt":"2025-10-21T10:00:56","slug":"dienstleistungen","status":"publish","type":"page","link":"https:\/\/tlc.eu\/de\/unsere-produkte\/laufstegsysteme-fuer-die-industrie\/dienstleistungen\/","title":{"rendered":"Dienstleistungen"},"content":{"rendered":"<section data-block_655619433626b21953405f6d050c1015 class=\"section content-with-media aligncenter\">\n  <div class=\"wrapper\">\n              <div\n        class=\"content-with-media__container flex flex-col gap-[4.8rem] md:gap-[8rem] flex-col md:flex-row-reverse\">\n        <div class=\"content-with-media__content flex flex-col justify-center basis-1 md:basis-1\/2\">\n                      <h2 class=\"content-with-media__heading h3\">Warum die Installation Ihrer Industrietreppe TLC anvertrauen?<\/h2>\n                                <div class=\"content-with-media__description content-simple text-text-primary copy2 mt-[2rem] md:mt-[4.8rem]\">\n              <p>Wir bieten unseren Kunden einen umfassenden Service \u2013 vom Design \u00fcber die Produktion bis hin zur endg\u00fcltigen Installation.Unsere Erfahrung und Pr\u00e4zision bei der Installation stellen sicher, dass Industrietreppen und Gehwegsysteme nicht nur funktional, sondern vor allem sicher sind und die erforderlichen Normen und Standards erf\u00fcllen.<\/p>\n\n            <\/div>\n                  <\/div>\n        <div class=\"content-with-media__media basis-1 md:basis-1\/2\">\n                      <video class=\"content-with-media__video h-[30rem] md:h-[61.2rem] w-full object-cover\" loop=\"true\" playsinline\n                   autoplay=\"autoplay\" muted height=\"612px\" width=\"612px\" loading=\"lazy\">\n              <source src=\"https:\/\/tlc.eu\/app\/uploads\/2025\/09\/tlc-services-en-web-video-1.mp4\" type=\"video\/mp4\">\n              Your browser does not support the video tag.\n            <\/video>\n                  <\/div>\n      <\/div>\n      <\/div>\n<\/section>\n\n\n<section data-block_aefaba55b0e0dc3000a4dc70ab322e21 class=\"section content-with-media aligncenter\">\n  <div class=\"wrapper\">\n              <div\n        class=\"content-with-media__container flex flex-col gap-[4.8rem] md:gap-[8rem] flex-col md:flex-row\">\n        <div class=\"content-with-media__content flex flex-col justify-center basis-1 md:basis-1\/2\">\n                      <h2 class=\"content-with-media__heading h3\">Professionelle Installation direkt vom Hersteller<\/h2>\n                                <div class=\"content-with-media__description content-simple text-text-primary copy2 mt-[2rem] md:mt-[4.8rem]\">\n              <p>Als Hersteller von Industrietreppen haben wir die vollst\u00e4ndige Kontrolle \u00fcber den gesamten Prozess, vom Design bis zur Installation vor Ort. Das bedeutet, dass die Kunden auf Konsistenz und Pr\u00e4zision bei der Ausf\u00fchrung z\u00e4hlen k\u00f6nnen. Jede Phase der Installation wird sorgf\u00e4ltig geplant und durchgef\u00fchrt, um das Risiko von Fehlern zu minimieren und einen schnellen und reibungslosen Prozess ohne Unterbrechung des Bauplans zu gew\u00e4hrleisten.<\/p>\n<p>&nbsp;<\/p>\n<p>Unser Installationsteam besteht aus qualifizierten Spezialisten mit umfangreicher Erfahrung in verschiedenen Industriesektoren.<br \/>\nDies erm\u00f6glicht es uns, Treppen in jeder Umgebung effektiv und effizient zu installieren, sei es in Produktionsanlagen, Lagerr\u00e4umen oder anderen Industriegeb\u00e4uden. Die Installation erfolgt immer gem\u00e4\u00df den technischen Anforderungen und wird an die Bedingungen vor Ort angepasst.<\/p>\n\n            <\/div>\n                  <\/div>\n        <div class=\"content-with-media__media basis-1 md:basis-1\/2\">\n                      <img decoding=\"async\" src=\"https:\/\/tlc.eu\/app\/uploads\/2024\/10\/assembly-tlc.jpg\" alt=\"TLC\" height=\"612px\" width=\"612px\"\n                 loading=\"lazy\" class=\"content-with-media__image h-[30rem] md:h-[61.2rem] w-full object-cover\">\n                  <\/div>\n      <\/div>\n      <\/div>\n<\/section>\n\n\n<section data-block_264ac8261bb46f169cefc06d64de8314 class=\"section content-with-media aligncenter\">\n  <div class=\"wrapper\">\n              <div\n        class=\"content-with-media__container flex flex-col gap-[4.8rem] md:gap-[8rem] flex-col md:flex-row-reverse\">\n        <div class=\"content-with-media__content flex flex-col justify-center basis-1 md:basis-1\/2\">\n                      <h2 class=\"content-with-media__heading h3\">Schneller und effizienter Installationsprozess<\/h2>\n                                <div class=\"content-with-media__description content-simple text-text-primary copy2 mt-[2rem] md:mt-[4.8rem]\">\n              <p>Wir verstehen, dass Zeit auf einer Baustelle entscheidend ist, weshalb unsere Installation organisiert ist und einem vereinbarten Zeitplan folgt.<br \/>\nMit unserem Wissen und unserer Erfahrung k\u00f6nnen wir Installationen schnell und effizient durchf\u00fchren und Ausfallzeiten in der Produktion, Betriebsabl\u00e4ufen oder Bauprozessen minimieren.<\/p>\n<p>&nbsp;<\/p>\n<p>Jedes Projekt erfordert einen individuellen Ansatz, daher wird die Installation mit TLC an die spezifischen Bedingungen der Anlage angepasst.<br \/>\nUnsere Treppen- und Gehwegsysteme k\u00f6nnen in verschiedenen Konfigurationen und auf verschiedenen Ebenen installiert werden, sodass eine vollst\u00e4ndige Anpassung an die Infrastruktur des Standorts oder der Einrichtung erm\u00f6glicht wird.<\/p>\n\n            <\/div>\n                  <\/div>\n        <div class=\"content-with-media__media basis-1 md:basis-1\/2\">\n                      <img decoding=\"async\" src=\"https:\/\/tlc.eu\/app\/uploads\/2024\/10\/assembly-tlc2.jpg\" alt=\"TLC\" height=\"612px\" width=\"612px\"\n                 loading=\"lazy\" class=\"content-with-media__image h-[30rem] md:h-[61.2rem] w-full object-cover\">\n                  <\/div>\n      <\/div>\n      <\/div>\n<\/section>\n\n\n<section data-block_5b020eb2239a18f60b7b6ead64f040b7 class=\"section content-with-media aligncenter\">\n  <div class=\"wrapper\">\n              <div\n        class=\"content-with-media__container flex flex-col gap-[4.8rem] md:gap-[8rem] flex-col md:flex-row\">\n        <div class=\"content-with-media__content flex flex-col justify-center basis-1 md:basis-1\/2\">\n                      <h2 class=\"content-with-media__heading h3\">Sicherheitsgarantie bei Installation und Nutzung<\/h2>\n                                <div class=\"content-with-media__description content-simple text-text-primary copy2 mt-[2rem] md:mt-[4.8rem]\">\n              <p>Sicherheit hat bei jeder Arbeit h\u00f6chste Priorit\u00e4t.<br \/>\nDie Installation von Industrietreppen und Gehwegsystemen erfolgt nach den h\u00f6chsten Sicherheitsstandards, und die fertigen Strukturen entsprechen den erforderlichen Sicherheitsnormen. Wir achten besonders auf Details, um maximalen Schutz f\u00fcr die Benutzer zu gew\u00e4hrleisten.<\/p>\n\n            <\/div>\n                  <\/div>\n        <div class=\"content-with-media__media basis-1 md:basis-1\/2\">\n                      <img decoding=\"async\" src=\"https:\/\/tlc.eu\/app\/uploads\/2024\/10\/assembly-tlc4.jpg\" alt=\"TLC\" height=\"612px\" width=\"612px\"\n                 loading=\"lazy\" class=\"content-with-media__image h-[30rem] md:h-[61.2rem] w-full object-cover\">\n                  <\/div>\n      <\/div>\n      <\/div>\n<\/section>\n\n\n<section data-block_f0ee8fe662007b4adf1809613bb3816f class=\"section content-with-media aligncenter\">\n  <div class=\"wrapper\">\n              <div\n        class=\"content-with-media__container flex flex-col gap-[4.8rem] md:gap-[8rem] flex-col md:flex-row-reverse\">\n        <div class=\"content-with-media__content flex flex-col justify-center basis-1 md:basis-1\/2\">\n                      <h2 class=\"content-with-media__heading h3\">Projekte in ganz Europa und weltweit<\/h2>\n                                <div class=\"content-with-media__description content-simple text-text-primary copy2 mt-[2rem] md:mt-[4.8rem]\">\n              <p>Wir bieten unsere Installationsdienstleistungen haupts\u00e4chlich in ganz Europa an, aber wir k\u00f6nnen Projekte weltweit ausf\u00fchren.<br \/>\nUnabh\u00e4ngig vom Standort gew\u00e4hrleisten wir die gleichen hohen Installationsstandards und passen uns den Anforderungen und Bedingungen des spezifischen Standorts an.<\/p>\n\n            <\/div>\n                  <\/div>\n        <div class=\"content-with-media__media basis-1 md:basis-1\/2\">\n                      <img decoding=\"async\" src=\"https:\/\/tlc.eu\/app\/uploads\/2024\/10\/assembly-tlc5.jpg\" alt=\"TLC\" height=\"612px\" width=\"612px\"\n                 loading=\"lazy\" class=\"content-with-media__image h-[30rem] md:h-[61.2rem] w-full object-cover\">\n                  <\/div>\n      <\/div>\n      <\/div>\n<\/section>\n\n\n<section data-block_d92e306fb42e3144837d9c1113b2a650 class=\"section content-with-media aligncenter\">\n  <div class=\"wrapper\">\n              <div\n        class=\"content-with-media__container flex flex-col gap-[4.8rem] md:gap-[8rem] flex-col md:flex-row\">\n        <div class=\"content-with-media__content flex flex-col justify-center basis-1 md:basis-1\/2\">\n                      <h2 class=\"content-with-media__heading h3\">Geod\u00e4tische Vermessung als Zusatzservice<\/h2>\n                                <div class=\"content-with-media__description content-simple text-text-primary copy2 mt-[2rem] md:mt-[4.8rem]\">\n              <p>TLC kann Messungen f\u00fcr die Projekte der Kunden durchf\u00fchren.<br \/>\nDies ist oft notwendig, wenn kein aktuelles 3D-Modell vorliegt oder wenn Begehungsanlage in bestehenden Anlagen ersetzt werden. TLC kann sowohl die Anfangsmessungen als auch die Messungen der Fundamente durchf\u00fchren, die vom Kunden bereitgestellt werden, um sicherzustellen, dass die Installation von Treppen- und Gehwegsystemen so optimal wie m\u00f6glich erfolgt.<\/p>\n\n            <\/div>\n                  <\/div>\n        <div class=\"content-with-media__media basis-1 md:basis-1\/2\">\n                      <video class=\"content-with-media__video h-[30rem] md:h-[61.2rem] w-full object-cover\" loop=\"true\" playsinline\n                   autoplay=\"autoplay\" muted height=\"612px\" width=\"612px\" loading=\"lazy\">\n              <source src=\"https:\/\/tlc.eu\/app\/uploads\/2025\/09\/tlc-services-en-web-video-2.mp4\" type=\"video\/mp4\">\n              Your browser does not support the video tag.\n            <\/video>\n                  <\/div>\n      <\/div>\n      <\/div>\n<\/section>\n","protected":false},"excerpt":{"rendered":"<p>Wir bieten unseren Kunden einen umfassenden Service \u2013 vom Design \u00fcber die Produktion bis hin zur endg\u00fcltigen Installation.<\/p>\n","protected":false},"author":4,"featured_media":14096,"parent":22780,"menu_order":0,"comment_status":"closed","ping_status":"closed","template":"template-services.blade.php","meta":{"_acf_changed":false,"inline_featured_image":false,"footnotes":""},"class_list":["post-22450","page","type-page","status-publish","has-post-thumbnail","hentry"],"acf":[],"yoast_head":"<!-- This site is optimized with the Yoast SEO plugin v23.8 - https:\/\/yoast.com\/wordpress\/plugins\/seo\/ -->\n<title>Dienstleistungen - TLC<\/title>\n<meta name=\"description\" content=\"Wir bieten unseren Kunden einen umfassenden Service \u2013 vom Design \u00fcber die Produktion bis hin zur endg\u00fcltigen Installation.\" \/>\n<meta name=\"robots\" content=\"index, follow, max-snippet:-1, max-image-preview:large, max-video-preview:-1\" \/>\n<link rel=\"canonical\" href=\"https:\/\/tlc.eu\/de\/unsere-produkte\/laufstegsysteme-fuer-die-industrie\/dienstleistungen\/\" \/>\n<meta property=\"og:locale\" content=\"de_DE\" \/>\n<meta property=\"og:type\" content=\"article\" \/>\n<meta property=\"og:title\" content=\"Dienstleistungen - TLC\" \/>\n<meta property=\"og:description\" content=\"Wir bieten unseren Kunden einen umfassenden Service \u2013 vom Design \u00fcber die Produktion bis hin zur endg\u00fcltigen Installation.\" \/>\n<meta property=\"og:url\" content=\"https:\/\/tlc.eu\/de\/unsere-produkte\/laufstegsysteme-fuer-die-industrie\/dienstleistungen\/\" \/>\n<meta property=\"og:site_name\" content=\"TLC\" \/>\n<meta property=\"article:modified_time\" content=\"2025-10-21T10:00:56+00:00\" \/>\n<meta property=\"og:image\" content=\"https:\/\/tlc.eu\/app\/uploads\/2024\/10\/services.jpg\" \/>\n\t<meta property=\"og:image:width\" content=\"640\" \/>\n\t<meta property=\"og:image:height\" content=\"420\" \/>\n\t<meta property=\"og:image:type\" content=\"image\/jpeg\" \/>\n<meta name=\"twitter:card\" content=\"summary_large_image\" \/>\n<meta name=\"twitter:label1\" content=\"Est. reading time\" \/>\n\t<meta name=\"twitter:data1\" content=\"1 minute\" \/>\n<script type=\"application\/ld+json\" class=\"yoast-schema-graph\">{\"@context\":\"https:\/\/schema.org\",\"@graph\":[{\"@type\":\"WebPage\",\"@id\":\"https:\/\/tlc.eu\/de\/unsere-produkte\/laufstegsysteme-fuer-die-industrie\/dienstleistungen\/\",\"url\":\"https:\/\/tlc.eu\/de\/unsere-produkte\/laufstegsysteme-fuer-die-industrie\/dienstleistungen\/\",\"name\":\"Dienstleistungen - TLC\",\"isPartOf\":{\"@id\":\"https:\/\/tlc.eu\/de\/#website\"},\"primaryImageOfPage\":{\"@id\":\"https:\/\/tlc.eu\/de\/unsere-produkte\/laufstegsysteme-fuer-die-industrie\/dienstleistungen\/#primaryimage\"},\"image\":{\"@id\":\"https:\/\/tlc.eu\/de\/unsere-produkte\/laufstegsysteme-fuer-die-industrie\/dienstleistungen\/#primaryimage\"},\"thumbnailUrl\":\"https:\/\/tlc.eu\/app\/uploads\/2024\/10\/services.jpg\",\"datePublished\":\"2024-09-18T12:59:44+00:00\",\"dateModified\":\"2025-10-21T10:00:56+00:00\",\"description\":\"Wir bieten unseren Kunden einen umfassenden Service \u2013 vom Design \u00fcber die Produktion bis hin zur endg\u00fcltigen Installation.\",\"breadcrumb\":{\"@id\":\"https:\/\/tlc.eu\/de\/unsere-produkte\/laufstegsysteme-fuer-die-industrie\/dienstleistungen\/#breadcrumb\"},\"inLanguage\":\"de-DE\",\"potentialAction\":[{\"@type\":\"ReadAction\",\"target\":[\"https:\/\/tlc.eu\/de\/unsere-produkte\/laufstegsysteme-fuer-die-industrie\/dienstleistungen\/\"]}]},{\"@type\":\"ImageObject\",\"inLanguage\":\"de-DE\",\"@id\":\"https:\/\/tlc.eu\/de\/unsere-produkte\/laufstegsysteme-fuer-die-industrie\/dienstleistungen\/#primaryimage\",\"url\":\"https:\/\/tlc.eu\/app\/uploads\/2024\/10\/services.jpg\",\"contentUrl\":\"https:\/\/tlc.eu\/app\/uploads\/2024\/10\/services.jpg\",\"width\":640,\"height\":420},{\"@type\":\"BreadcrumbList\",\"@id\":\"https:\/\/tlc.eu\/de\/unsere-produkte\/laufstegsysteme-fuer-die-industrie\/dienstleistungen\/#breadcrumb\",\"itemListElement\":[{\"@type\":\"ListItem\",\"position\":1,\"name\":\"Home\",\"item\":\"https:\/\/tlc.eu\/de\/\"},{\"@type\":\"ListItem\",\"position\":2,\"name\":\"Unsere Produkte\",\"item\":\"https:\/\/tlc.eu\/de\/unsere-produkte\/\"},{\"@type\":\"ListItem\",\"position\":3,\"name\":\"Laufstegsysteme f\u00fcr die Industrie\",\"item\":\"https:\/\/tlc.eu\/de\/unsere-produkte\/laufstegsysteme-fuer-die-industrie\/\"},{\"@type\":\"ListItem\",\"position\":4,\"name\":\"Dienstleistungen\"}]},{\"@type\":\"WebSite\",\"@id\":\"https:\/\/tlc.eu\/de\/#website\",\"url\":\"https:\/\/tlc.eu\/de\/\",\"name\":\"TLC EU Steel Equipment | Design & Production\",\"description\":\"\",\"alternateName\":\"TLC\",\"potentialAction\":[{\"@type\":\"SearchAction\",\"target\":{\"@type\":\"EntryPoint\",\"urlTemplate\":\"https:\/\/tlc.eu\/de\/?s={search_term_string}\"},\"query-input\":{\"@type\":\"PropertyValueSpecification\",\"valueRequired\":true,\"valueName\":\"search_term_string\"}}],\"inLanguage\":\"de-DE\"}]}<\/script>\n<!-- \/ Yoast SEO plugin. -->","yoast_head_json":{"title":"Dienstleistungen - TLC","description":"Wir bieten unseren Kunden einen umfassenden Service \u2013 vom Design \u00fcber die Produktion bis hin zur endg\u00fcltigen Installation.","robots":{"index":"index","follow":"follow","max-snippet":"max-snippet:-1","max-image-preview":"max-image-preview:large","max-video-preview":"max-video-preview:-1"},"canonical":"https:\/\/tlc.eu\/de\/unsere-produkte\/laufstegsysteme-fuer-die-industrie\/dienstleistungen\/","og_locale":"de_DE","og_type":"article","og_title":"Dienstleistungen - TLC","og_description":"Wir bieten unseren Kunden einen umfassenden Service \u2013 vom Design \u00fcber die Produktion bis hin zur endg\u00fcltigen Installation.","og_url":"https:\/\/tlc.eu\/de\/unsere-produkte\/laufstegsysteme-fuer-die-industrie\/dienstleistungen\/","og_site_name":"TLC","article_modified_time":"2025-10-21T10:00:56+00:00","og_image":[{"width":640,"height":420,"url":"https:\/\/tlc.eu\/app\/uploads\/2024\/10\/services.jpg","type":"image\/jpeg"}],"twitter_card":"summary_large_image","twitter_misc":{"Est. reading time":"1 minute"},"schema":{"@context":"https:\/\/schema.org","@graph":[{"@type":"WebPage","@id":"https:\/\/tlc.eu\/de\/unsere-produkte\/laufstegsysteme-fuer-die-industrie\/dienstleistungen\/","url":"https:\/\/tlc.eu\/de\/unsere-produkte\/laufstegsysteme-fuer-die-industrie\/dienstleistungen\/","name":"Dienstleistungen - TLC","isPartOf":{"@id":"https:\/\/tlc.eu\/de\/#website"},"primaryImageOfPage":{"@id":"https:\/\/tlc.eu\/de\/unsere-produkte\/laufstegsysteme-fuer-die-industrie\/dienstleistungen\/#primaryimage"},"image":{"@id":"https:\/\/tlc.eu\/de\/unsere-produkte\/laufstegsysteme-fuer-die-industrie\/dienstleistungen\/#primaryimage"},"thumbnailUrl":"https:\/\/tlc.eu\/app\/uploads\/2024\/10\/services.jpg","datePublished":"2024-09-18T12:59:44+00:00","dateModified":"2025-10-21T10:00:56+00:00","description":"Wir bieten unseren Kunden einen umfassenden Service \u2013 vom Design \u00fcber die Produktion bis hin zur endg\u00fcltigen Installation.","breadcrumb":{"@id":"https:\/\/tlc.eu\/de\/unsere-produkte\/laufstegsysteme-fuer-die-industrie\/dienstleistungen\/#breadcrumb"},"inLanguage":"de-DE","potentialAction":[{"@type":"ReadAction","target":["https:\/\/tlc.eu\/de\/unsere-produkte\/laufstegsysteme-fuer-die-industrie\/dienstleistungen\/"]}]},{"@type":"ImageObject","inLanguage":"de-DE","@id":"https:\/\/tlc.eu\/de\/unsere-produkte\/laufstegsysteme-fuer-die-industrie\/dienstleistungen\/#primaryimage","url":"https:\/\/tlc.eu\/app\/uploads\/2024\/10\/services.jpg","contentUrl":"https:\/\/tlc.eu\/app\/uploads\/2024\/10\/services.jpg","width":640,"height":420},{"@type":"BreadcrumbList","@id":"https:\/\/tlc.eu\/de\/unsere-produkte\/laufstegsysteme-fuer-die-industrie\/dienstleistungen\/#breadcrumb","itemListElement":[{"@type":"ListItem","position":1,"name":"Home","item":"https:\/\/tlc.eu\/de\/"},{"@type":"ListItem","position":2,"name":"Unsere Produkte","item":"https:\/\/tlc.eu\/de\/unsere-produkte\/"},{"@type":"ListItem","position":3,"name":"Laufstegsysteme f\u00fcr die Industrie","item":"https:\/\/tlc.eu\/de\/unsere-produkte\/laufstegsysteme-fuer-die-industrie\/"},{"@type":"ListItem","position":4,"name":"Dienstleistungen"}]},{"@type":"WebSite","@id":"https:\/\/tlc.eu\/de\/#website","url":"https:\/\/tlc.eu\/de\/","name":"TLC EU Steel Equipment | Design & Production","description":"","alternateName":"TLC","potentialAction":[{"@type":"SearchAction","target":{"@type":"EntryPoint","urlTemplate":"https:\/\/tlc.eu\/de\/?s={search_term_string}"},"query-input":{"@type":"PropertyValueSpecification","valueRequired":true,"valueName":"search_term_string"}}],"inLanguage":"de-DE"}]}},"_links":{"self":[{"href":"https:\/\/tlc.eu\/de\/wp-json\/wp\/v2\/pages\/22450","targetHints":{"allow":["GET"]}}],"collection":[{"href":"https:\/\/tlc.eu\/de\/wp-json\/wp\/v2\/pages"}],"about":[{"href":"https:\/\/tlc.eu\/de\/wp-json\/wp\/v2\/types\/page"}],"author":[{"embeddable":true,"href":"https:\/\/tlc.eu\/de\/wp-json\/wp\/v2\/users\/4"}],"replies":[{"embeddable":true,"href":"https:\/\/tlc.eu\/de\/wp-json\/wp\/v2\/comments?post=22450"}],"version-history":[{"count":19,"href":"https:\/\/tlc.eu\/de\/wp-json\/wp\/v2\/pages\/22450\/revisions"}],"predecessor-version":[{"id":24477,"href":"https:\/\/tlc.eu\/de\/wp-json\/wp\/v2\/pages\/22450\/revisions\/24477"}],"up":[{"embeddable":true,"href":"https:\/\/tlc.eu\/de\/wp-json\/wp\/v2\/pages\/22780"}],"wp:featuredmedia":[{"embeddable":true,"href":"https:\/\/tlc.eu\/de\/wp-json\/wp\/v2\/media\/14096"}],"wp:attachment":[{"href":"https:\/\/tlc.eu\/de\/wp-json\/wp\/v2\/media?parent=22450"}],"curies":[{"name":"wp","href":"https:\/\/api.w.org\/{rel}","templated":true}]}}