{"id":22770,"date":"2024-08-28T20:00:42","date_gmt":"2024-08-28T20:00:42","guid":{"rendered":"https:\/\/tlc.eu\/kontakt\/thank-you-page\/"},"modified":"2025-09-26T07:20:22","modified_gmt":"2025-09-26T07:20:22","slug":"danke-seite","status":"publish","type":"page","link":"https:\/\/tlc.eu\/de\/kontakt\/danke-seite\/","title":{"rendered":"Danke-Seite_kontakt"},"content":{"rendered":"<section data-block_4ed0b0d4510c5ddb7e4d1a1de8e982be class=\"hero aligncenter\">\n  <div class=\"hero__container w-full h-[70rem] tablet:h-[74.5rem] relative flex flex-col justify-center items-center overflow-hidden\">\n    \n    <div class=\"wrapper z-[1]\n    \">\n                  <div class=\"hero__content w-full flex flex-col gap-[3.2rem] tablet:gap-[4rem]\">\n                  <div class=\"hero__head w-full flex flex-col gap-[2.4rem] tablet:gap-[4rem]\">\n              <h1 class=\"head h2 text-center md:text-left \" style=\"color: #000000;\">\n              Vielen Dank f\u00fcr Ihre Bewerbung.\n            <\/h1>\n\n            \n                          <div class=\"desc max-w-[71.5rem] description-content text-center tablet:text-left \" style=\"color: #000000;\">\n                <p>Unser Spezialist wird sich in K\u00fcrze mit Ihnen in Verbindung setzen.<br data-start=\"137\" data-end=\"140\" data-is-only-node=\"\" \/><\/p>\n\n              <\/div>\n                      <\/div>\n        \n                                  <div class=\"hero__btns flex w-full justify-center tablet:justify-start\">\n                <a\n      href=\"https:\/\/tlc.eu\/de\/\"\n      class=\"btn btn--primary\"\n                >\n      Zur\u00fcck zur Startseite\n    <\/a>\n  \n              <\/div>\n                          <\/div>\n    <\/div>\n\n          <div class=\"hero__divider w-screen absolute left-0 bottom-0 grid grid-cols-[1fr] tablet:grid-cols-[1fr_1fr_1fr] tablet:grid-rows-[6.8rem_6.8rem_6.8rem]\">\n        <div class=\"w-full h-full col-start-3\" style=\"background-color: #f5f5f5;\"><\/div>\n        <div class=\"w-full h-full col-start-2 row-start-2\" style=\"background-color: #f5f5f5;\"><\/div>\n        <div class=\"w-full h-full col-start-1 row-start-3\" style=\"background-color: #f5f5f5;\"><\/div>\n      <\/div>\n      <\/div>\n<\/section>\n","protected":false},"excerpt":{"rendered":"<p>Ihre Nachricht wurde erfolgreich \u00fcbermittelt. Unser Spezialist wird sich in K\u00fcrze mit Ihnen in Verbindung setzen.<\/p>\n","protected":false},"author":4,"featured_media":0,"parent":22393,"menu_order":0,"comment_status":"closed","ping_status":"closed","template":"","meta":{"_acf_changed":false,"inline_featured_image":false,"footnotes":""},"class_list":["post-22770","page","type-page","status-publish","hentry"],"acf":[],"yoast_head":"<!-- This site is optimized with the Yoast SEO plugin v23.8 - https:\/\/yoast.com\/wordpress\/plugins\/seo\/ -->\n<title>Danke-Seite_kontakt - TLC<\/title>\n<meta name=\"description\" content=\"Vielen Dank f\u00fcr das Ausf\u00fcllen des Kontaktformulars. Wir melden uns so schnell wie m\u00f6glich bei Ihnen.\" \/>\n<meta name=\"robots\" content=\"index, follow, max-snippet:-1, max-image-preview:large, max-video-preview:-1\" \/>\n<link rel=\"canonical\" href=\"https:\/\/tlc.eu\/de\/kontakt\/danke-seite\/\" \/>\n<meta property=\"og:locale\" content=\"de_DE\" \/>\n<meta property=\"og:type\" content=\"article\" \/>\n<meta property=\"og:title\" content=\"Danke-Seite_kontakt - TLC\" \/>\n<meta property=\"og:description\" content=\"Vielen Dank f\u00fcr das Ausf\u00fcllen des Kontaktformulars. Wir melden uns so schnell wie m\u00f6glich bei Ihnen.\" \/>\n<meta property=\"og:url\" content=\"https:\/\/tlc.eu\/de\/kontakt\/danke-seite\/\" \/>\n<meta property=\"og:site_name\" content=\"TLC\" \/>\n<meta property=\"article:modified_time\" content=\"2025-09-26T07:20:22+00:00\" \/>\n<meta name=\"twitter:card\" content=\"summary_large_image\" \/>\n<script type=\"application\/ld+json\" class=\"yoast-schema-graph\">{\"@context\":\"https:\/\/schema.org\",\"@graph\":[{\"@type\":\"WebPage\",\"@id\":\"https:\/\/tlc.eu\/de\/kontakt\/danke-seite\/\",\"url\":\"https:\/\/tlc.eu\/de\/kontakt\/danke-seite\/\",\"name\":\"Danke-Seite_kontakt - TLC\",\"isPartOf\":{\"@id\":\"https:\/\/tlc.eu\/de\/#website\"},\"datePublished\":\"2024-08-28T20:00:42+00:00\",\"dateModified\":\"2025-09-26T07:20:22+00:00\",\"description\":\"Vielen Dank f\u00fcr das Ausf\u00fcllen des Kontaktformulars. Wir melden uns so schnell wie m\u00f6glich bei Ihnen.\",\"breadcrumb\":{\"@id\":\"https:\/\/tlc.eu\/de\/kontakt\/danke-seite\/#breadcrumb\"},\"inLanguage\":\"de-DE\",\"potentialAction\":[{\"@type\":\"ReadAction\",\"target\":[\"https:\/\/tlc.eu\/de\/kontakt\/danke-seite\/\"]}]},{\"@type\":\"BreadcrumbList\",\"@id\":\"https:\/\/tlc.eu\/de\/kontakt\/danke-seite\/#breadcrumb\",\"itemListElement\":[{\"@type\":\"ListItem\",\"position\":1,\"name\":\"Home\",\"item\":\"https:\/\/tlc.eu\/de\/\"},{\"@type\":\"ListItem\",\"position\":2,\"name\":\"Kontakt\",\"item\":\"https:\/\/tlc.eu\/de\/kontakt\/\"},{\"@type\":\"ListItem\",\"position\":3,\"name\":\"Danke-Seite_kontakt\"}]},{\"@type\":\"WebSite\",\"@id\":\"https:\/\/tlc.eu\/de\/#website\",\"url\":\"https:\/\/tlc.eu\/de\/\",\"name\":\"TLC EU Steel Equipment | Design & Production\",\"description\":\"\",\"alternateName\":\"TLC\",\"potentialAction\":[{\"@type\":\"SearchAction\",\"target\":{\"@type\":\"EntryPoint\",\"urlTemplate\":\"https:\/\/tlc.eu\/de\/?s={search_term_string}\"},\"query-input\":{\"@type\":\"PropertyValueSpecification\",\"valueRequired\":true,\"valueName\":\"search_term_string\"}}],\"inLanguage\":\"de-DE\"}]}<\/script>\n<!-- \/ Yoast SEO plugin. -->","yoast_head_json":{"title":"Danke-Seite_kontakt - TLC","description":"Vielen Dank f\u00fcr das Ausf\u00fcllen des Kontaktformulars. Wir melden uns so schnell wie m\u00f6glich bei Ihnen.","robots":{"index":"index","follow":"follow","max-snippet":"max-snippet:-1","max-image-preview":"max-image-preview:large","max-video-preview":"max-video-preview:-1"},"canonical":"https:\/\/tlc.eu\/de\/kontakt\/danke-seite\/","og_locale":"de_DE","og_type":"article","og_title":"Danke-Seite_kontakt - TLC","og_description":"Vielen Dank f\u00fcr das Ausf\u00fcllen des Kontaktformulars. Wir melden uns so schnell wie m\u00f6glich bei Ihnen.","og_url":"https:\/\/tlc.eu\/de\/kontakt\/danke-seite\/","og_site_name":"TLC","article_modified_time":"2025-09-26T07:20:22+00:00","twitter_card":"summary_large_image","schema":{"@context":"https:\/\/schema.org","@graph":[{"@type":"WebPage","@id":"https:\/\/tlc.eu\/de\/kontakt\/danke-seite\/","url":"https:\/\/tlc.eu\/de\/kontakt\/danke-seite\/","name":"Danke-Seite_kontakt - TLC","isPartOf":{"@id":"https:\/\/tlc.eu\/de\/#website"},"datePublished":"2024-08-28T20:00:42+00:00","dateModified":"2025-09-26T07:20:22+00:00","description":"Vielen Dank f\u00fcr das Ausf\u00fcllen des Kontaktformulars. Wir melden uns so schnell wie m\u00f6glich bei Ihnen.","breadcrumb":{"@id":"https:\/\/tlc.eu\/de\/kontakt\/danke-seite\/#breadcrumb"},"inLanguage":"de-DE","potentialAction":[{"@type":"ReadAction","target":["https:\/\/tlc.eu\/de\/kontakt\/danke-seite\/"]}]},{"@type":"BreadcrumbList","@id":"https:\/\/tlc.eu\/de\/kontakt\/danke-seite\/#breadcrumb","itemListElement":[{"@type":"ListItem","position":1,"name":"Home","item":"https:\/\/tlc.eu\/de\/"},{"@type":"ListItem","position":2,"name":"Kontakt","item":"https:\/\/tlc.eu\/de\/kontakt\/"},{"@type":"ListItem","position":3,"name":"Danke-Seite_kontakt"}]},{"@type":"WebSite","@id":"https:\/\/tlc.eu\/de\/#website","url":"https:\/\/tlc.eu\/de\/","name":"TLC EU Steel Equipment | Design & Production","description":"","alternateName":"TLC","potentialAction":[{"@type":"SearchAction","target":{"@type":"EntryPoint","urlTemplate":"https:\/\/tlc.eu\/de\/?s={search_term_string}"},"query-input":{"@type":"PropertyValueSpecification","valueRequired":true,"valueName":"search_term_string"}}],"inLanguage":"de-DE"}]}},"_links":{"self":[{"href":"https:\/\/tlc.eu\/de\/wp-json\/wp\/v2\/pages\/22770","targetHints":{"allow":["GET"]}}],"collection":[{"href":"https:\/\/tlc.eu\/de\/wp-json\/wp\/v2\/pages"}],"about":[{"href":"https:\/\/tlc.eu\/de\/wp-json\/wp\/v2\/types\/page"}],"author":[{"embeddable":true,"href":"https:\/\/tlc.eu\/de\/wp-json\/wp\/v2\/users\/4"}],"replies":[{"embeddable":true,"href":"https:\/\/tlc.eu\/de\/wp-json\/wp\/v2\/comments?post=22770"}],"version-history":[{"count":4,"href":"https:\/\/tlc.eu\/de\/wp-json\/wp\/v2\/pages\/22770\/revisions"}],"predecessor-version":[{"id":23375,"href":"https:\/\/tlc.eu\/de\/wp-json\/wp\/v2\/pages\/22770\/revisions\/23375"}],"up":[{"embeddable":true,"href":"https:\/\/tlc.eu\/de\/wp-json\/wp\/v2\/pages\/22393"}],"wp:attachment":[{"href":"https:\/\/tlc.eu\/de\/wp-json\/wp\/v2\/media?parent=22770"}],"curies":[{"name":"wp","href":"https:\/\/api.w.org\/{rel}","templated":true}]}}