{"id":22772,"date":"2024-08-28T10:47:53","date_gmt":"2024-08-28T10:47:53","guid":{"rendered":"https:\/\/tlc.eu\/kontakt\/walkway-systems-for-industry\/"},"modified":"2025-10-20T13:29:18","modified_gmt":"2025-10-20T13:29:18","slug":"laufstegsystemes-fur-die-industrie-kontakt","status":"publish","type":"page","link":"https:\/\/tlc.eu\/de\/kontakt\/laufstegsystemes-fur-die-industrie-kontakt\/","title":{"rendered":"Laufstegsysteme f\u00fcr die Industrie"},"content":{"rendered":"<section data-block_93c5396fbc86ce0a3a645724eb3c863e class=\"hero aligncenter\">\n  <div class=\"hero__container w-full  relative flex flex-col justify-center items-center overflow-hidden\">\n          <div class=\"hero__background w-full h-full absolute top-0 left-0 overlay-bg--normal\">\n                  <img decoding=\"async\" src=\"https:\/\/tlc.eu\/app\/uploads\/2024\/11\/walkway-system-slider.jpg\" class=\"hero__background-image object-cover object-center w-full h-full\">\n              <\/div>\n    \n    <div class=\"wrapper z-[1]\n    h-[37.5rem] tablet:h-[48rem] flex items-center\">\n                  <div class=\"hero__content w-full flex flex-col gap-[21.5rem] tablet:gap-[16rem]\">\n                  <div class=\"hero__head w-full flex flex-col gap-[2.4rem] tablet:gap-[4rem]\">\n              <h1 class=\"head h1 text-center md:text-left text-text-alternate\" style=\"\">\n              Laufstegsysteme f\u00fcr die Industrie\n            <\/h1>\n\n            \n                      <\/div>\n        \n                                  <\/div>\n    <\/div>\n\n      <\/div>\n<\/section>\n\n\n<section\r\n  id=\"form\"\r\n      data-block_0d1419c42a4dd5db4263b4434f148b21\r\n    class=\"form-job-offers w-full  forms aligncenter\">\r\n  <div class=\"form-job-offers__container w-full py-[6.4rem] tablet:py-[11.2rem]\">\r\n    <div class=\"wrapper\">\r\n      <div class=\"form-job-offers__content w-full flex flex-col\">\r\n        <div class=\"form-job-offers__head w-full\">\r\n          <h2 class=\"head h2 text-text-primary\">\r\n                          Angebot anfordern\r\n                      <\/h2>\r\n\r\n                      <div class=\"desc description-content mt-[1.6rem] tablet:mt-[4rem] text-text-primary\">\r\n              <p>F\u00fcllen Sie das Formular aus, und unser Spezialist wird sich mit Ihnen in Verbindung setzen.<\/p>\n\r\n            <\/div>\r\n                  <\/div>\r\n\r\n        <div class=\"form-job-offers__form w-full flex mt-[4.8rem] tablet:mt-[4rem]\">\r\n                                    <contact-form\r\n                                  class=\"white\"\r\n                                                  id=\"22772\"\r\n                                                  title=\"Laufstegsysteme f\u00fcr die Industrie\"\r\n                                                  type=\"general\"\r\n                                                  custom-color=\"#000000\"\r\n                  custom-color-hover=\"\"\r\n                  custom-text-color=\"\"\r\n                  custom-text-color-hover=\"\"\r\n                              >\r\n              <\/contact-form>\r\n                      \r\n        <\/div>\r\n      <\/div>\r\n    <\/div>\r\n  <\/div>\r\n<\/section>\r\n\r\n\r\n\n\n\n<p><\/p>\n","protected":false},"excerpt":{"rendered":"<p>Sie ben\u00f6tigen ein Laufstegsystem f\u00fcr die Industrie? Nutzen Sie unser Kontaktformular \u2013 wir beraten Sie und erstellen die passende L\u00f6sung.<\/p>\n","protected":false},"author":4,"featured_media":17966,"parent":22393,"menu_order":0,"comment_status":"closed","ping_status":"closed","template":"template-contact-form.blade.php","meta":{"_acf_changed":false,"inline_featured_image":false,"footnotes":""},"class_list":["post-22772","page","type-page","status-publish","has-post-thumbnail","hentry"],"acf":[],"yoast_head":"<!-- This site is optimized with the Yoast SEO plugin v23.8 - https:\/\/yoast.com\/wordpress\/plugins\/seo\/ -->\n<title>Laufstegsysteme f\u00fcr die Industrie - TLC<\/title>\n<meta name=\"description\" content=\"Kontaktieren Sie uns zu Laufstegsystemen f\u00fcr die Industrie. F\u00fcllen Sie das Formular aus und erhalten Sie ein individuelles Angebot.\" \/>\n<meta name=\"robots\" content=\"index, follow, max-snippet:-1, max-image-preview:large, max-video-preview:-1\" \/>\n<link rel=\"canonical\" href=\"https:\/\/tlc.eu\/de\/kontakt\/laufstegsystemes-fur-die-industrie-kontakt\/\" \/>\n<meta property=\"og:locale\" content=\"de_DE\" \/>\n<meta property=\"og:type\" content=\"article\" \/>\n<meta property=\"og:title\" content=\"Laufstegsysteme f\u00fcr die Industrie - TLC\" \/>\n<meta property=\"og:description\" content=\"Kontaktieren Sie uns zu Laufstegsystemen f\u00fcr die Industrie. F\u00fcllen Sie das Formular aus und erhalten Sie ein individuelles Angebot.\" \/>\n<meta property=\"og:url\" content=\"https:\/\/tlc.eu\/de\/kontakt\/laufstegsystemes-fur-die-industrie-kontakt\/\" \/>\n<meta property=\"og:site_name\" content=\"TLC\" \/>\n<meta property=\"article:modified_time\" content=\"2025-10-20T13:29:18+00:00\" \/>\n<meta property=\"og:image\" content=\"https:\/\/tlc.eu\/app\/uploads\/2024\/11\/walkway-system-slider.jpg\" \/>\n\t<meta property=\"og:image:width\" content=\"1920\" \/>\n\t<meta property=\"og:image:height\" content=\"700\" \/>\n\t<meta property=\"og:image:type\" content=\"image\/jpeg\" \/>\n<meta name=\"twitter:card\" content=\"summary_large_image\" \/>\n<meta name=\"twitter:label1\" content=\"Est. reading time\" \/>\n\t<meta name=\"twitter:data1\" content=\"1 minute\" \/>\n<script type=\"application\/ld+json\" class=\"yoast-schema-graph\">{\"@context\":\"https:\/\/schema.org\",\"@graph\":[{\"@type\":\"WebPage\",\"@id\":\"https:\/\/tlc.eu\/de\/kontakt\/laufstegsystemes-fur-die-industrie-kontakt\/\",\"url\":\"https:\/\/tlc.eu\/de\/kontakt\/laufstegsystemes-fur-die-industrie-kontakt\/\",\"name\":\"Laufstegsysteme f\u00fcr die Industrie - TLC\",\"isPartOf\":{\"@id\":\"https:\/\/tlc.eu\/de\/#website\"},\"primaryImageOfPage\":{\"@id\":\"https:\/\/tlc.eu\/de\/kontakt\/laufstegsystemes-fur-die-industrie-kontakt\/#primaryimage\"},\"image\":{\"@id\":\"https:\/\/tlc.eu\/de\/kontakt\/laufstegsystemes-fur-die-industrie-kontakt\/#primaryimage\"},\"thumbnailUrl\":\"https:\/\/tlc.eu\/app\/uploads\/2024\/11\/walkway-system-slider.jpg\",\"datePublished\":\"2024-08-28T10:47:53+00:00\",\"dateModified\":\"2025-10-20T13:29:18+00:00\",\"description\":\"Kontaktieren Sie uns zu Laufstegsystemen f\u00fcr die Industrie. F\u00fcllen Sie das Formular aus und erhalten Sie ein individuelles Angebot.\",\"breadcrumb\":{\"@id\":\"https:\/\/tlc.eu\/de\/kontakt\/laufstegsystemes-fur-die-industrie-kontakt\/#breadcrumb\"},\"inLanguage\":\"de-DE\",\"potentialAction\":[{\"@type\":\"ReadAction\",\"target\":[\"https:\/\/tlc.eu\/de\/kontakt\/laufstegsystemes-fur-die-industrie-kontakt\/\"]}]},{\"@type\":\"ImageObject\",\"inLanguage\":\"de-DE\",\"@id\":\"https:\/\/tlc.eu\/de\/kontakt\/laufstegsystemes-fur-die-industrie-kontakt\/#primaryimage\",\"url\":\"https:\/\/tlc.eu\/app\/uploads\/2024\/11\/walkway-system-slider.jpg\",\"contentUrl\":\"https:\/\/tlc.eu\/app\/uploads\/2024\/11\/walkway-system-slider.jpg\",\"width\":1920,\"height\":700},{\"@type\":\"BreadcrumbList\",\"@id\":\"https:\/\/tlc.eu\/de\/kontakt\/laufstegsystemes-fur-die-industrie-kontakt\/#breadcrumb\",\"itemListElement\":[{\"@type\":\"ListItem\",\"position\":1,\"name\":\"Home\",\"item\":\"https:\/\/tlc.eu\/de\/\"},{\"@type\":\"ListItem\",\"position\":2,\"name\":\"Kontakt\",\"item\":\"https:\/\/tlc.eu\/de\/kontakt\/\"},{\"@type\":\"ListItem\",\"position\":3,\"name\":\"Laufstegsysteme f\u00fcr die Industrie\"}]},{\"@type\":\"WebSite\",\"@id\":\"https:\/\/tlc.eu\/de\/#website\",\"url\":\"https:\/\/tlc.eu\/de\/\",\"name\":\"TLC EU Steel Equipment | Design & Production\",\"description\":\"\",\"alternateName\":\"TLC\",\"potentialAction\":[{\"@type\":\"SearchAction\",\"target\":{\"@type\":\"EntryPoint\",\"urlTemplate\":\"https:\/\/tlc.eu\/de\/?s={search_term_string}\"},\"query-input\":{\"@type\":\"PropertyValueSpecification\",\"valueRequired\":true,\"valueName\":\"search_term_string\"}}],\"inLanguage\":\"de-DE\"}]}<\/script>\n<!-- \/ Yoast SEO plugin. -->","yoast_head_json":{"title":"Laufstegsysteme f\u00fcr die Industrie - TLC","description":"Kontaktieren Sie uns zu Laufstegsystemen f\u00fcr die Industrie. F\u00fcllen Sie das Formular aus und erhalten Sie ein individuelles Angebot.","robots":{"index":"index","follow":"follow","max-snippet":"max-snippet:-1","max-image-preview":"max-image-preview:large","max-video-preview":"max-video-preview:-1"},"canonical":"https:\/\/tlc.eu\/de\/kontakt\/laufstegsystemes-fur-die-industrie-kontakt\/","og_locale":"de_DE","og_type":"article","og_title":"Laufstegsysteme f\u00fcr die Industrie - TLC","og_description":"Kontaktieren Sie uns zu Laufstegsystemen f\u00fcr die Industrie. F\u00fcllen Sie das Formular aus und erhalten Sie ein individuelles Angebot.","og_url":"https:\/\/tlc.eu\/de\/kontakt\/laufstegsystemes-fur-die-industrie-kontakt\/","og_site_name":"TLC","article_modified_time":"2025-10-20T13:29:18+00:00","og_image":[{"width":1920,"height":700,"url":"https:\/\/tlc.eu\/app\/uploads\/2024\/11\/walkway-system-slider.jpg","type":"image\/jpeg"}],"twitter_card":"summary_large_image","twitter_misc":{"Est. reading time":"1 minute"},"schema":{"@context":"https:\/\/schema.org","@graph":[{"@type":"WebPage","@id":"https:\/\/tlc.eu\/de\/kontakt\/laufstegsystemes-fur-die-industrie-kontakt\/","url":"https:\/\/tlc.eu\/de\/kontakt\/laufstegsystemes-fur-die-industrie-kontakt\/","name":"Laufstegsysteme f\u00fcr die Industrie - TLC","isPartOf":{"@id":"https:\/\/tlc.eu\/de\/#website"},"primaryImageOfPage":{"@id":"https:\/\/tlc.eu\/de\/kontakt\/laufstegsystemes-fur-die-industrie-kontakt\/#primaryimage"},"image":{"@id":"https:\/\/tlc.eu\/de\/kontakt\/laufstegsystemes-fur-die-industrie-kontakt\/#primaryimage"},"thumbnailUrl":"https:\/\/tlc.eu\/app\/uploads\/2024\/11\/walkway-system-slider.jpg","datePublished":"2024-08-28T10:47:53+00:00","dateModified":"2025-10-20T13:29:18+00:00","description":"Kontaktieren Sie uns zu Laufstegsystemen f\u00fcr die Industrie. F\u00fcllen Sie das Formular aus und erhalten Sie ein individuelles Angebot.","breadcrumb":{"@id":"https:\/\/tlc.eu\/de\/kontakt\/laufstegsystemes-fur-die-industrie-kontakt\/#breadcrumb"},"inLanguage":"de-DE","potentialAction":[{"@type":"ReadAction","target":["https:\/\/tlc.eu\/de\/kontakt\/laufstegsystemes-fur-die-industrie-kontakt\/"]}]},{"@type":"ImageObject","inLanguage":"de-DE","@id":"https:\/\/tlc.eu\/de\/kontakt\/laufstegsystemes-fur-die-industrie-kontakt\/#primaryimage","url":"https:\/\/tlc.eu\/app\/uploads\/2024\/11\/walkway-system-slider.jpg","contentUrl":"https:\/\/tlc.eu\/app\/uploads\/2024\/11\/walkway-system-slider.jpg","width":1920,"height":700},{"@type":"BreadcrumbList","@id":"https:\/\/tlc.eu\/de\/kontakt\/laufstegsystemes-fur-die-industrie-kontakt\/#breadcrumb","itemListElement":[{"@type":"ListItem","position":1,"name":"Home","item":"https:\/\/tlc.eu\/de\/"},{"@type":"ListItem","position":2,"name":"Kontakt","item":"https:\/\/tlc.eu\/de\/kontakt\/"},{"@type":"ListItem","position":3,"name":"Laufstegsysteme f\u00fcr die Industrie"}]},{"@type":"WebSite","@id":"https:\/\/tlc.eu\/de\/#website","url":"https:\/\/tlc.eu\/de\/","name":"TLC EU Steel Equipment | Design & Production","description":"","alternateName":"TLC","potentialAction":[{"@type":"SearchAction","target":{"@type":"EntryPoint","urlTemplate":"https:\/\/tlc.eu\/de\/?s={search_term_string}"},"query-input":{"@type":"PropertyValueSpecification","valueRequired":true,"valueName":"search_term_string"}}],"inLanguage":"de-DE"}]}},"_links":{"self":[{"href":"https:\/\/tlc.eu\/de\/wp-json\/wp\/v2\/pages\/22772","targetHints":{"allow":["GET"]}}],"collection":[{"href":"https:\/\/tlc.eu\/de\/wp-json\/wp\/v2\/pages"}],"about":[{"href":"https:\/\/tlc.eu\/de\/wp-json\/wp\/v2\/types\/page"}],"author":[{"embeddable":true,"href":"https:\/\/tlc.eu\/de\/wp-json\/wp\/v2\/users\/4"}],"replies":[{"embeddable":true,"href":"https:\/\/tlc.eu\/de\/wp-json\/wp\/v2\/comments?post=22772"}],"version-history":[{"count":8,"href":"https:\/\/tlc.eu\/de\/wp-json\/wp\/v2\/pages\/22772\/revisions"}],"predecessor-version":[{"id":24439,"href":"https:\/\/tlc.eu\/de\/wp-json\/wp\/v2\/pages\/22772\/revisions\/24439"}],"up":[{"embeddable":true,"href":"https:\/\/tlc.eu\/de\/wp-json\/wp\/v2\/pages\/22393"}],"wp:featuredmedia":[{"embeddable":true,"href":"https:\/\/tlc.eu\/de\/wp-json\/wp\/v2\/media\/17966"}],"wp:attachment":[{"href":"https:\/\/tlc.eu\/de\/wp-json\/wp\/v2\/media?parent=22772"}],"curies":[{"name":"wp","href":"https:\/\/api.w.org\/{rel}","templated":true}]}}