{"id":22774,"date":"2024-10-04T10:41:35","date_gmt":"2024-10-04T10:41:35","guid":{"rendered":"https:\/\/tlc.eu\/cookies\/"},"modified":"2025-09-17T11:01:17","modified_gmt":"2025-09-17T11:01:17","slug":"cookies","status":"publish","type":"page","link":"https:\/\/tlc.eu\/de\/cookies\/","title":{"rendered":"Cookie-Richtlinie"},"content":{"rendered":"\n<h2 class=\"wp-block-heading\">A. IM RAHMEN DES DIENSTES VERWENDETE COOKIES<\/h2>\n\n\n\n<h2 class=\"wp-block-heading\">I. Was sind Cookies?<\/h2>\n\n\n\n<p>1. Cookies sind kleine Textdateien, die auf Ihrem Computer oder Smartphone gespeichert werden, wenn Sie den Dienst nutzen. Es gibt verschiedene Arten von Cookies, die wir wie folgt klassifizieren:<\/p>\n\n\n\n<p>a) essentielle Cookies,<br><br>b) andere Cookies.<\/p>\n\n\n\n<p>2. Essentielle Cookies sind solche, die f\u00fcr die Nutzung des Dienstes unerl\u00e4sslich sind. Sie werden unter anderem verwendet, um einen stabilen Betrieb sicherzustellen (Messung des Datenverkehrs und Schutz vor \u00dcberlastung des Dienstes), Ihre gew\u00e4hlten Datenschutzeinstellungen zu speichern und die von uns bereitgestellten Online-Formulare auszuf\u00fcllen. Diese Cookies werden standardm\u00e4\u00dfig verwendet, d. h. sie werden auf Ihrem Computer oder Smartphone gespeichert, wenn Sie auf den Dienst zugreifen.<\/p>\n\n\n\n<p>3. Andere Cookies verwenden wir nur mit Ihrer Zustimmung.<\/p>\n\n\n\n<p>4. Einige der von uns verwendeten Cookies stellen personenbezogene Daten dar. Der f\u00fcr Ihre personenbezogenen Daten Verantwortliche ist TLC Sp. z o.o. mit Sitz in Gorlice, ul. Chopina 25, Polen. Ausf\u00fchrliche Informationen \u00fcber die Verarbeitung personenbezogener Daten finden Sie unter:<a href=\"https:\/\/tlc.eu\/de\/privacy-policy\/\"><strong>https:\/\/tlc.eu\/dedatenschutzrichtlinie\/<\/strong><\/a><\/p>\n\n\n\n<h2 class=\"wp-block-heading\">II. Welche Arten von Cookies verwenden wir?<\/h2>\n\n\n\n<p>1. Essentielle Cookies \u2013 Sie gew\u00e4hrleisten das ordnungsgem\u00e4\u00dfe Funktionieren des Dienstes und seiner grundlegenden Funktionen. F\u00fcr ihre Verwendung ist keine Zustimmung des Nutzers erforderlich.<\/p>\n\n\n\n<ul class=\"wp-block-list\">\n<li><strong>Name:<\/strong> 1.gif<br><strong>Anbieter:<\/strong> imgsct.cookiebot.com<br><strong>Typ:<\/strong> Pixel<br><strong><strong>Aufbewahrungsdauer<\/strong>:<\/strong> Session<br><\/li>\n\n\n\n<li><strong>Name:<\/strong> ar_debug<br><strong>Anbieter:<\/strong> google-analytics.com<br><strong>Typ:<\/strong> HTTP<br><strong><strong>Aufbewahrungsdauer<\/strong>:<\/strong> 3 months<br><\/li>\n\n\n\n<li><strong>Name:<\/strong> bcookie<br><strong>Anbieter:<\/strong> linkedin.com<br><strong>Typ:<\/strong> HTTP<br><strong><strong>Aufbewahrungsdauer<\/strong>:<\/strong> 1 year<br><\/li>\n\n\n\n<li><strong>Name:<\/strong> CookieConsent<br><strong>Anbieter:<\/strong> tlc.eu<br><strong>Typ:<\/strong> HTTP<br><strong><strong>Aufbewahrungsdauer<\/strong>:<\/strong> 1 year<br><\/li>\n\n\n\n<li><strong>Name:<\/strong> li_gc<br><strong>Anbieter:<\/strong> linkedin.com<br><strong>Type:<\/strong> HTTP<br><strong><strong>Aufbewahrungsdauer<\/strong>:<\/strong> 180 days<br><\/li>\n\n\n\n<li><strong>Name:<\/strong> rc::a<br><strong>Anbieter:<\/strong> gstatic.com<br><strong>Typ:<\/strong> HTML<br><strong><strong>Aufbewahrungsdauer<\/strong>:<\/strong> Session duration<br><\/li>\n\n\n\n<li><strong>Name:<\/strong> test_cookie<br><strong>Anbieter:<\/strong> doubleclick.net<br><strong>Typ:<\/strong> HTTP<br><strong><strong>Aufbewahrungsdauer<\/strong>:<\/strong> 1 day<\/li>\n<\/ul>\n\n\n\n<p><br>2. Analytische Cookies \u2013 erm\u00f6glichen die Verfolgung der Anzahl und Quelle der Besuche, sodass wir die Leistung des Dienstes messen und verbessern k\u00f6nnen. Wenn Sie die Speicherung analytischer Cookies auf Ihrem Computer oder Smartphone ablehnen, wird Ihr Besuch nicht in unsere Statistiken aufgenommen. Dies schr\u00e4nkt die Funktionalit\u00e4t des Dienstes f\u00fcr Sie nicht ein.<\/p>\n\n\n\n<p><br>3. Marketing-Cookies \u2013 werden verwendet, um die Ihnen angezeigten Inhalte zu personalisieren. Sie k\u00f6nnen in unseren Werbekampagnen auf Websites Dritter verwendet werden. Wenn Sie Marketing-Cookies zustimmen, k\u00f6nnen Sie Informationen \u00fcber Websites unserer vertrauensw\u00fcrdigen Partner erhalten, auf denen Sie mit unseren Anzeigen interagiert haben. Wenn Sie Marketing-Cookies ablehnen, erhalten Sie allgemeine, nicht personalisierte Werbung. Wenn Sie die Speicherung von Marketing-Cookies auf Ihrem Computer oder Smartphone ablehnen, wird die Funktionalit\u00e4t des Dienstes f\u00fcr Sie nicht eingeschr\u00e4nkt.<\/p>\n\n\n\n<h2 class=\"wp-block-heading\">III. Wie wird die Zustimmung zu Cookies erteilt?<\/h2>\n\n\n\n<p>Wenn Sie den Dienst besuchen, werden Sie durch eine Popup-Meldung \u00fcber die Verwendung von Cookies informiert. Wenn Sie \u201eAlle zulassen\u201c w\u00e4hlen, akzeptieren Sie alle im Dienst verwendeten Cookies und best\u00e4tigen, dass Sie die Informationen zu Cookies und deren Zweck gelesen haben. F\u00fcr essentielle Cookies ist keine Zustimmung erforderlich.<\/p>\n\n\n\n<p>Wenn Sie \u201eAlle ablehnen\u201c w\u00e4hlen, werden alle Cookies mit Ausnahme der technisch notwendigen Cookies abgelehnt.<\/p>\n\n\n\n<p>Sie k\u00f6nnen Ihre Cookie-Einstellungen jederzeit detailliert verwalten, indem Sie im angezeigten Cookie-Banner die Schaltfl\u00e4chen \u201eAblehnen\u201c oder \u201ePersonalisierung\u201c ausw\u00e4hlen.<br><\/p>\n\n\n\n<h2 class=\"wp-block-heading\">B. COOKIES VON DRITTANBIETERN<\/h2>\n\n\n\n<h2 class=\"wp-block-heading\">Google<\/h2>\n\n\n\n<p>Wir verwenden Cookies, die von Google Inc. 1600 Amphitheatre Pkwy, Mountain View, CA 94043, United States, verwaltet werden, im Rahmen von Diensten wie:<\/p>\n\n\n\n<ul class=\"wp-block-list\">\n<li>Google Ads \u2013 Erm\u00f6glicht die Verwaltung und Bewertung von Werbekampagnen, die mit Google Ads durchgef\u00fchrt werden.<\/li>\n\n\n\n<li>Google Analytics \u2013 Erm\u00f6glicht die Bewertung der Qualit\u00e4t der mit Google Ads durchgef\u00fchrten Werbekampagnen und die Analyse des Nutzerverhaltens und des Datenverkehrs sowie die Erstellung von Verkehrsstatistiken.<\/li>\n\n\n\n<li>YouTube \u2013 Erm\u00f6glicht die Speicherung von Nutzerinformationen, die die Nutzung der YouTube-Funktionen erm\u00f6glichen. Google Inc. kann die Videowiedergabe der Nutzer verfolgen.<br><\/li>\n<\/ul>\n\n\n\n<p>Google verwendet die auf Websites und in Anwendungen bereitgestellten Informationen, um seine Dienste bereitzustellen und zu verbessern, sie zu verwalten, neue Dienste zu entwickeln, die Wirksamkeit von Anzeigen zu messen, vor Betrug und Missbrauch zu sch\u00fctzen und Inhalte und Anzeigen zu personalisieren, die auf Websites von Google und Partnern angezeigt werden. Google verwendet die Daten in \u00dcbereinstimmung mit seinen Richtlinien, die unter folgender Adresse verf\u00fcgbar sind: <a href=\"https:\/\/policies.google.com\/technologies\/partner-sites\"><strong>https:\/\/policies.google.com\/technologies\/partner-sites<\/strong><\/a>.<\/p>\n\n\n\n<p>Die von Google erhobenen Daten sind anonym und aggregiert und enthalten keine personenbezogenen Daten.<\/p>\n\n\n\n<h2 class=\"wp-block-heading\">Facebook<\/h2>\n\n\n\n<p>Wir verwenden Cookies von Facebook, einem Unternehmen der Meta Platforms Inc., 1 Hacker Way, Menlo Park, CA 94025, USA. Diese Cookies k\u00f6nnen Aktionen verarbeiten, die \u00fcber die Schaltfl\u00e4chen \u201eTeilen\u201c oder \u201eGef\u00e4llt mir\u201c auf Facebook ausgef\u00fchrt werden.<\/p>\n\n\n\n<p>Die von Facebook bereitgestellten Cookies erm\u00f6glichen die Analyse des Nutzerverhaltens und des Datenverkehrs, um die angezeigte Werbung an Ihre Interessen anzupassen.<\/p>\n\n\n\n<p>Facebook verarbeitet Daten in \u00dcbereinstimmung mit seiner Cookie-Richtlinie: <a href=\"https:\/\/www.facebook.com\/policies\/cookies\/\"><strong>&nbsp;https:\/\/www.facebook.com\/policies\/cookies\/<\/strong><\/a>.<\/p>\n\n\n\n<h2 class=\"wp-block-heading\">LinkedIn<\/h2>\n\n\n\n<p>Wir verwenden Cookies, die von LinkedIn Ireland Unlimited Company bereitgestellt werden. Diese Cookies verarbeiten Aktionen, die \u00fcber die Schaltfl\u00e4chen \u201eTeilen\u201c oder \u201eGef\u00e4llt mir\u201c auf  LinkedIn ausgef\u00fchrt werden.<\/p>\n\n\n\n<p>LinkedIn verarbeitet Daten in \u00dcbereinstimmung mit seiner Cookie-Richtlinie: <a href=\"https:\/\/de.linkedin.com\/legal\/cookie-policy\"><strong>https:\/\/de.linkedin.com\/legal\/cookie-policy<\/strong><\/a>.<\/p>\n\n\n\n<h2 class=\"wp-block-heading\">reCAPTCHA<\/h2>\n\n\n\n<p>Zum Schutz von Formularen vor Spam und Bot-Angriffen kann der Dienst reCAPTCHA verwenden, das wiederum Cookies nutzen kann.<\/p>\n\n\n\n<h2 class=\"wp-block-heading\">C. PIXEL TAGS<\/h2>\n\n\n\n<p>Wir verwenden Pixel-Tags von Meta Platforms Inc. und LinkedIn Ireland Unlimited Company, um Aktivit\u00e4ten innerhalb des Dienstes aufzuzeichnen und die Effektivit\u00e4t von Werbekampagnen zu bewerten.<\/p>\n\n\n\n<h2 class=\"wp-block-heading\">D. IDENTIFIZIERUNGSSCHL\u00dcSSEL UND WEBPUSH-BENACHRICHTIGUNGEN<\/h2>\n\n\n\n<p>Der Dienst kann Web-Push-Benachrichtigungen \u00fcber den Webbrowser nutzen. Nutzer k\u00f6nnen dem Erhalt dieser Benachrichtigungen freiwillig zustimmen und sie jederzeit in den Browsereinstellungen deaktivieren.<\/p>\n\n\n\n<p>F\u00fcr diese Art von Dienst werden Benutzeridentifikationscodes vom Anbieter der Web-Push-L\u00f6sungen erfasst und verwaltet.<\/p>\n\n\n\n<p><br><br><br><br><br><\/p>\n","protected":false},"excerpt":{"rendered":"<p>A. IM RAHMEN DES DIENSTES VERWENDETE COOKIES I. Was sind Cookies? 1. Cookies sind kleine Textdateien, die auf Ihrem Computer oder Smartphone gespeichert werden, wenn Sie den Dienst nutzen. Es gibt verschiedene Arten von Cookies, die wir wie folgt klassifizieren: a) essentielle Cookies, b) andere Cookies. 2. Essentielle Cookies sind solche, die f\u00fcr die Nutzung &hellip; <a href=\"https:\/\/tlc.eu\/de\/cookies\/\">Continued<\/a><\/p>\n","protected":false},"author":4,"featured_media":0,"parent":0,"menu_order":0,"comment_status":"closed","ping_status":"closed","template":"template-formal.blade.php","meta":{"_acf_changed":false,"inline_featured_image":false,"footnotes":""},"class_list":["post-22774","page","type-page","status-publish","hentry"],"acf":[],"yoast_head":"<!-- This site is optimized with the Yoast SEO plugin v23.8 - https:\/\/yoast.com\/wordpress\/plugins\/seo\/ -->\n<title>Cookie-Richtlinie - TLC<\/title>\n<meta name=\"robots\" content=\"index, follow, max-snippet:-1, max-image-preview:large, max-video-preview:-1\" \/>\n<link rel=\"canonical\" href=\"https:\/\/tlc.eu\/de\/cookies\/\" \/>\n<meta property=\"og:locale\" content=\"de_DE\" \/>\n<meta property=\"og:type\" content=\"article\" \/>\n<meta property=\"og:title\" content=\"Cookie-Richtlinie - TLC\" \/>\n<meta property=\"og:description\" content=\"A. IM RAHMEN DES DIENSTES VERWENDETE COOKIES I. Was sind Cookies? 1. Cookies sind kleine Textdateien, die auf Ihrem Computer oder Smartphone gespeichert werden, wenn Sie den Dienst nutzen. Es gibt verschiedene Arten von Cookies, die wir wie folgt klassifizieren: a) essentielle Cookies, b) andere Cookies. 2. Essentielle Cookies sind solche, die f\u00fcr die Nutzung &hellip; Continued\" \/>\n<meta property=\"og:url\" content=\"https:\/\/tlc.eu\/de\/cookies\/\" \/>\n<meta property=\"og:site_name\" content=\"TLC\" \/>\n<meta property=\"article:modified_time\" content=\"2025-09-17T11:01:17+00:00\" \/>\n<meta name=\"twitter:card\" content=\"summary_large_image\" \/>\n<meta name=\"twitter:label1\" content=\"Est. reading time\" \/>\n\t<meta name=\"twitter:data1\" content=\"4 minutes\" \/>\n<script type=\"application\/ld+json\" class=\"yoast-schema-graph\">{\"@context\":\"https:\/\/schema.org\",\"@graph\":[{\"@type\":\"WebPage\",\"@id\":\"https:\/\/tlc.eu\/de\/cookies\/\",\"url\":\"https:\/\/tlc.eu\/de\/cookies\/\",\"name\":\"Cookie-Richtlinie - TLC\",\"isPartOf\":{\"@id\":\"https:\/\/tlc.eu\/de\/#website\"},\"datePublished\":\"2024-10-04T10:41:35+00:00\",\"dateModified\":\"2025-09-17T11:01:17+00:00\",\"breadcrumb\":{\"@id\":\"https:\/\/tlc.eu\/de\/cookies\/#breadcrumb\"},\"inLanguage\":\"de-DE\",\"potentialAction\":[{\"@type\":\"ReadAction\",\"target\":[\"https:\/\/tlc.eu\/de\/cookies\/\"]}]},{\"@type\":\"BreadcrumbList\",\"@id\":\"https:\/\/tlc.eu\/de\/cookies\/#breadcrumb\",\"itemListElement\":[{\"@type\":\"ListItem\",\"position\":1,\"name\":\"Home\",\"item\":\"https:\/\/tlc.eu\/de\/\"},{\"@type\":\"ListItem\",\"position\":2,\"name\":\"Cookie-Richtlinie\"}]},{\"@type\":\"WebSite\",\"@id\":\"https:\/\/tlc.eu\/de\/#website\",\"url\":\"https:\/\/tlc.eu\/de\/\",\"name\":\"TLC EU Steel Equipment | Design & Production\",\"description\":\"\",\"alternateName\":\"TLC\",\"potentialAction\":[{\"@type\":\"SearchAction\",\"target\":{\"@type\":\"EntryPoint\",\"urlTemplate\":\"https:\/\/tlc.eu\/de\/?s={search_term_string}\"},\"query-input\":{\"@type\":\"PropertyValueSpecification\",\"valueRequired\":true,\"valueName\":\"search_term_string\"}}],\"inLanguage\":\"de-DE\"}]}<\/script>\n<!-- \/ Yoast SEO plugin. -->","yoast_head_json":{"title":"Cookie-Richtlinie - TLC","robots":{"index":"index","follow":"follow","max-snippet":"max-snippet:-1","max-image-preview":"max-image-preview:large","max-video-preview":"max-video-preview:-1"},"canonical":"https:\/\/tlc.eu\/de\/cookies\/","og_locale":"de_DE","og_type":"article","og_title":"Cookie-Richtlinie - TLC","og_description":"A. IM RAHMEN DES DIENSTES VERWENDETE COOKIES I. Was sind Cookies? 1. Cookies sind kleine Textdateien, die auf Ihrem Computer oder Smartphone gespeichert werden, wenn Sie den Dienst nutzen. Es gibt verschiedene Arten von Cookies, die wir wie folgt klassifizieren: a) essentielle Cookies, b) andere Cookies. 2. Essentielle Cookies sind solche, die f\u00fcr die Nutzung &hellip; Continued","og_url":"https:\/\/tlc.eu\/de\/cookies\/","og_site_name":"TLC","article_modified_time":"2025-09-17T11:01:17+00:00","twitter_card":"summary_large_image","twitter_misc":{"Est. reading time":"4 minutes"},"schema":{"@context":"https:\/\/schema.org","@graph":[{"@type":"WebPage","@id":"https:\/\/tlc.eu\/de\/cookies\/","url":"https:\/\/tlc.eu\/de\/cookies\/","name":"Cookie-Richtlinie - TLC","isPartOf":{"@id":"https:\/\/tlc.eu\/de\/#website"},"datePublished":"2024-10-04T10:41:35+00:00","dateModified":"2025-09-17T11:01:17+00:00","breadcrumb":{"@id":"https:\/\/tlc.eu\/de\/cookies\/#breadcrumb"},"inLanguage":"de-DE","potentialAction":[{"@type":"ReadAction","target":["https:\/\/tlc.eu\/de\/cookies\/"]}]},{"@type":"BreadcrumbList","@id":"https:\/\/tlc.eu\/de\/cookies\/#breadcrumb","itemListElement":[{"@type":"ListItem","position":1,"name":"Home","item":"https:\/\/tlc.eu\/de\/"},{"@type":"ListItem","position":2,"name":"Cookie-Richtlinie"}]},{"@type":"WebSite","@id":"https:\/\/tlc.eu\/de\/#website","url":"https:\/\/tlc.eu\/de\/","name":"TLC EU Steel Equipment | Design & Production","description":"","alternateName":"TLC","potentialAction":[{"@type":"SearchAction","target":{"@type":"EntryPoint","urlTemplate":"https:\/\/tlc.eu\/de\/?s={search_term_string}"},"query-input":{"@type":"PropertyValueSpecification","valueRequired":true,"valueName":"search_term_string"}}],"inLanguage":"de-DE"}]}},"_links":{"self":[{"href":"https:\/\/tlc.eu\/de\/wp-json\/wp\/v2\/pages\/22774","targetHints":{"allow":["GET"]}}],"collection":[{"href":"https:\/\/tlc.eu\/de\/wp-json\/wp\/v2\/pages"}],"about":[{"href":"https:\/\/tlc.eu\/de\/wp-json\/wp\/v2\/types\/page"}],"author":[{"embeddable":true,"href":"https:\/\/tlc.eu\/de\/wp-json\/wp\/v2\/users\/4"}],"replies":[{"embeddable":true,"href":"https:\/\/tlc.eu\/de\/wp-json\/wp\/v2\/comments?post=22774"}],"version-history":[{"count":4,"href":"https:\/\/tlc.eu\/de\/wp-json\/wp\/v2\/pages\/22774\/revisions"}],"predecessor-version":[{"id":22875,"href":"https:\/\/tlc.eu\/de\/wp-json\/wp\/v2\/pages\/22774\/revisions\/22875"}],"wp:attachment":[{"href":"https:\/\/tlc.eu\/de\/wp-json\/wp\/v2\/media?parent=22774"}],"curies":[{"name":"wp","href":"https:\/\/api.w.org\/{rel}","templated":true}]}}