{"id":19201,"date":"2024-07-22T05:41:42","date_gmt":"2024-07-22T05:41:42","guid":{"rendered":"https:\/\/tlc.eu\/contact\/"},"modified":"2025-10-27T08:12:49","modified_gmt":"2025-10-27T08:12:49","slug":"contact","status":"publish","type":"page","link":"https:\/\/tlc.eu\/fr\/contact\/","title":{"rendered":"Contact"},"content":{"rendered":"<section data-block_17afa8c8715c3ace90aa3c76342447d9 class=\"section contact-list aligncenter\">\n  <div class=\"wrapper\">\n    <div class=\"contact-list__container w-full grid grid-cols-[1fr] tablet:grid-cols-[1fr_1fr] gap-[3.2rem] tablet:gap-[8rem]\">\n              <div class=\"contact-list__item w-full\">\n          <div class=\"contact-list__category w-full tablet:w-fit\">\n            <p class=\"contact-list__category-title copy2 copy2--normal only-mobile:text-center pb-[.8rem] border-b border-solid border-black\">Syst\u00e8mes de passerelles pour l&#8217;industrie<\/p>\n          <\/div>\n\n          <div class=\"contact-list__box grid grid-cols-1 tablet:grid-cols-[17.2rem_1fr] only-mobile:w-[calc(100vw-4rem)] bg-[#F5F5F5] mt-[3.2rem] tablet:mt-[6.4rem] p-[3rem] gap-[1rem] tablet:gap-[3.2rem] relative\">\n            <img decoding=\"async\" src=\"https:\/\/tlc.eu\/app\/themes\/tlc\/public\/images\/rectangle--white.8943b8.svg\" alt=\"\" class=\"newsletter__rectangle absolute top-0 right-0 pointer-events-none w-[3rem] h-[3rem]\">\n\n            <div class=\"contact-list__image bg-white\">\n                              <img decoding=\"async\" src=\"https:\/\/tlc.eu\/app\/uploads\/2025\/06\/tlc-sebastian-ignaciuk.png\" alt=\"TLC\" loading=\"lazy\" width=\"172px\" height=\"240px\" class=\"desktop w-[17.2rem] h-[24rem] object-cover\">\n                                              <img decoding=\"async\" src=\"https:\/\/tlc.eu\/app\/uploads\/2025\/06\/tlc-sebastian-ignaciuk2.png\" alt=\"TLC\" loading=\"lazy\" width=\"315px\" height=\"172px\" class=\"mobile object-cover mx-auto\">\n                          <\/div>\n\n            <div class=\"contact-list__content flex flex-col justify-between\">\n              <div class=\"contact-list__info flex flex-col gap-[1.6rem]\">\n                <h2 class=\"contact-list__name copy1 copy1--normal\">Sebastian Ignaciuk<\/h2>\n                <p class=\"contact-list__position copy2\">Directeur g\u00e9n\u00e9ral<\/p>\n                <a href=\"tel:+33(0)744944644\" class=\"contact-list__phone copy2\">+33 (0) 744 944 644<\/a>\n                <a href=\"mailto:s.ignaciuk@intertlc.fr\" class=\"contact-list__email copy2 underline\">s.ignaciuk@intertlc.fr<\/a>\n              <\/div>\n\n              <div class=\"contact-list__form-button mt-[3.2rem]\">\n                <a\n      href=\"https:\/\/tlc.eu\/fr\/contact\/systemes-de-passerelles-pour-lindustrie\/\"\n      class=\"btn btn--primary btn--text btn--icon\"\n                    data-icon=\"e\"\n          >\n      Envoyer un message\n    <\/a>\n  \n              <\/div>\n            <\/div>\n          <\/div>\n        <\/div>\n                <div class=\"contact-list__item w-full\">\n          <div class=\"contact-list__category w-full tablet:w-fit\">\n            <p class=\"contact-list__category-title copy2 copy2--normal only-mobile:text-center pb-[.8rem] border-b border-solid border-black\">Syst\u00e8me de s\u00e9curit\u00e9 mobile pour chantiers de construction<\/p>\n          <\/div>\n\n          <div class=\"contact-list__box grid grid-cols-1 tablet:grid-cols-[17.2rem_1fr] only-mobile:w-[calc(100vw-4rem)] bg-[#F5F5F5] mt-[3.2rem] tablet:mt-[6.4rem] p-[3rem] gap-[1rem] tablet:gap-[3.2rem] relative\">\n            <img decoding=\"async\" src=\"https:\/\/tlc.eu\/app\/themes\/tlc\/public\/images\/rectangle--white.8943b8.svg\" alt=\"\" class=\"newsletter__rectangle absolute top-0 right-0 pointer-events-none w-[3rem] h-[3rem]\">\n\n            <div class=\"contact-list__image bg-white\">\n                              <img decoding=\"async\" src=\"https:\/\/tlc.eu\/app\/uploads\/2025\/06\/tlc-joanna-kunicka.png\" alt=\"TLC\" loading=\"lazy\" width=\"172px\" height=\"240px\" class=\"desktop w-[17.2rem] h-[24rem] object-cover\">\n                                              <img decoding=\"async\" src=\"https:\/\/tlc.eu\/app\/uploads\/2025\/06\/tlc-joanna-kunicka2.png\" alt=\"TLC\" loading=\"lazy\" width=\"315px\" height=\"172px\" class=\"mobile object-cover mx-auto\">\n                          <\/div>\n\n            <div class=\"contact-list__content flex flex-col justify-between\">\n              <div class=\"contact-list__info flex flex-col gap-[1.6rem]\">\n                <h2 class=\"contact-list__name copy1 copy1--normal\">Joanna Kunicka<\/h2>\n                <p class=\"contact-list__position copy2\">Business Developer<\/p>\n                <a href=\"tel:+33762574668\" class=\"contact-list__phone copy2\">+33 762 574 668<\/a>\n                <a href=\"mailto:j.kunicka@intertlc.fr\" class=\"contact-list__email copy2 underline\">j.kunicka@intertlc.fr<\/a>\n              <\/div>\n\n              <div class=\"contact-list__form-button mt-[3.2rem]\">\n                <a\n      href=\"https:\/\/tlc.eu\/fr\/contact\/protection-des-chantiers-de-construction\/\"\n      class=\"btn btn--primary btn--text btn--icon\"\n                    data-icon=\"e\"\n          >\n      Envoyer un message\n    <\/a>\n  \n              <\/div>\n            <\/div>\n          <\/div>\n        <\/div>\n            <\/div>\n  <\/div>\n<\/section>\n\n\n<section data-block_4922a41e3f21ae29214823734c0f8e41 class=\"section our-brands aligncenter\" style=\"background-color: black\">\n  <div class=\"our-brands__container w-full relative\" style=\"background-color: black\">\n    <div class=\"our-brands__wrapper wrapper\">\n      <div class=\"our_brands__row flex flex-col md:flex-row\">\n        <div class=\"our-brands__content w-full my-[6.4rem] md:my-[8rem] \">\n          <div class=\"our-brands__text pr-0 md:pr-32\">\n                          <h2 class=\"our-brands__heading h2 mb-[3.2rem] text-white\">Donn\u00e9es de l&#8217;entreprise<\/h2>\n                                      <p class=\"our-brands__description text-white copy1\">Inter TLC SAS:<br>\r\n126 Avenue du General Leclerc <br>\r\n92100 Boulogne-Billancourt<br><br>\r\nE-mail: <a href=\"mailto:contact@tlc.fr\">contact@tlc.fr<\/a> &nbsp;\r\n<a href=\"mailto:sales@intertlc.fr\">sales@intertlc.fr<\/a>\r\n\r\n<br><br><br>\r\n\r\nUsine de production<br>\r\n\r\nTLC Sp. z o.o. <br>\r\nul. Chopina 25 N, 38-300 Gorlice, Poland<br>\r\nHelpline: <a href=\"tel:+48505140140\">+48 505 140 140<\/a><br>\r\nE-mail: <a href=\"mailto:info@tlc.eu\">info@tlc.eu<\/a><br><br>\r\n<\/p>\n                                  <\/div>\n        <\/div>\n        <div class=\"our-brands__image w-full h-[37.5rem]\">\n                      <img decoding=\"async\" src=\"https:\/\/tlc.eu\/app\/uploads\/2024\/10\/contact_image-1024x596.jpg\" alt=\"TLC\" loading=\"lazy\" width=\"720px\" height=\"496px\" srcset=\"https:\/\/tlc.eu\/app\/uploads\/2024\/10\/contact_image-1024x596.jpg 1024w, https:\/\/tlc.eu\/app\/uploads\/2024\/10\/contact_image-300x174.jpg 300w, https:\/\/tlc.eu\/app\/uploads\/2024\/10\/contact_image-768x447.jpg 768w, https:\/\/tlc.eu\/app\/uploads\/2024\/10\/contact_image.jpg 1520w\" class=\"object-cover absolute h-[37.5rem] md:h-full w-full md:w-1\/2 left-0 md:left-auto\">\n                              <\/div>\n      <\/div>\n    <\/div>\n  <\/div>\n<\/section>\n\n\n<section data-block_19cc6f1fdb13d56a22a61445bf869d1c class=\"section branches-location aligncenter\">\n    <div class=\"branches-location__wrapper wrapper\">\n      <div class=\"branches-location__heading\">\n                  <h2 class=\"h2\">Implantation des succursales<\/h2>\n              <\/div>\n      <div class=\"branches-location__container w-full grid grid-cols-1 tablet:grid-cols-[50rem_1fr] flex-start gap-[4.6] tablet:gap-[8rem] mt-[3.2rem] tablet:mt-[8rem]\">\n        <div class=\"branches-location__list w-full only-mobile:pr-[2rem]\">\n          <el-collapse accordion @change=\"changeCountry\">\n                          <el-collapse-item name=\"0\">\n                <template #title>\n                  <h3 class=\"head copy1 copy1--normal\">France<\/h3>\n                <\/template>\n\n                <div class=\"branches-location__list\">\n                  <div class=\"branches-location__country\">\n                    <div class=\"branches-location__cities\">\n                      <el-collapse accordion @change=\"changeCity\">\n                                                  <el-collapse-item name=\"0\">\n                            <template #title>\n                              <h4 class=\"copy2\">Boulogne-Billancourt<\/h4>\n                            <\/template>\n\n                            <div class=\"branches-location__city basis-1\/3\">\n                                                              <div class=\"branches-location__description copy2 mt-[1rem]\">\n                                  <p>126 Avenue du General Leclerc, 92100 Boulogne-Billancourt<br \/>\n<a href=\"tel:+33678938461\">+33 6 78 93 84 61<\/a><\/p>\n<p><a class=\"cx_colorTextBrand--sp4ze cx_cursorPointer--jO8MD\" href=\"mailto:contact@tlc.fr\" rel=\"noopener nofollow noreferrer ugc\">contact@tlc.fr<\/a><\/p>\n<p><a class=\"cx_colorTextBrand--sp4ze cx_cursorPointer--jO8MD\" href=\"mailto:info@intertlc.fr\" rel=\"noopener nofollow noreferrer ugc\">info@intertlc.fr<\/a><\/p>\n\n                                <\/div>\n                              \n                                                              <div class=\"branches-location__btn flex mt-[1rem]\">\n                                  <a\n      href=\"https:\/\/maps.app.goo.gl\/pfkK2CYa4g3kFk89A\"\n      class=\"btn btn--text btn--primary btn--icon\"\n              target=\"_blank\"\n                    data-icon=\"e\"\n          >\n      Cartes ouvertes\n    <\/a>\n  \n                                <\/div>\n                              \n                              <div id=\"city-0-iframe-map\" class=\"hidden\">\n                                <iframe src=\"https:\/\/www.google.com\/maps\/embed?pb=!1m18!1m12!1m3!1d2626.4708650463185!2d2.2278427767024835!3d48.8301565713284!2m3!1f0!2f0!3f0!3m2!1i1024!2i768!4f13.1!3m3!1m2!1s0x47e67bd3e4aeb829%3A0x6caa762d701803a6!2s126%20Av.%20du%20G%C3%A9n%C3%A9ral%20Leclerc%2C%2092100%20Boulogne-Billancourt%2C%20Francja!5e0!3m2!1spl!2spl!4v1727094638498!5m2!1spl!2spl\" width=\"600\" height=\"450\" style=\"border:0;\" allowfullscreen=\"\" loading=\"lazy\" referrerpolicy=\"no-referrer-when-downgrade\"><\/iframe>\n                              <\/div>\n                            <\/div>\n                          <\/el-collapse-item>\n                                              <\/el-collapse>\n                    <\/div>\n                  <\/div>\n                <\/div>\n              <\/el-collapse-item>\n                          <el-collapse-item name=\"1\">\n                <template #title>\n                  <h3 class=\"head copy1 copy1--normal\">Pologne<\/h3>\n                <\/template>\n\n                <div class=\"branches-location__list\">\n                  <div class=\"branches-location__country\">\n                    <div class=\"branches-location__cities\">\n                      <el-collapse accordion @change=\"changeCity\">\n                                                  <el-collapse-item name=\"0\">\n                            <template #title>\n                              <h4 class=\"copy2\">Gorlice<\/h4>\n                            <\/template>\n\n                            <div class=\"branches-location__city basis-1\/3\">\n                                                              <div class=\"branches-location__description copy2 mt-[1rem]\">\n                                  <p>ul. Chopina 25 N, 38-300 Gorlice<\/p>\n<p><a href=\"tel:+48505140140\">+48 505 140 140<\/a><\/p>\n<p><a href=\"mailto:info@tlc.eu\">info@tlc.eu<\/a><\/p>\n\n                                <\/div>\n                              \n                                                              <div class=\"branches-location__btn flex mt-[1rem]\">\n                                  <a\n      href=\"https:\/\/maps.app.goo.gl\/7xnhaHYtBSJkKNsd6\"\n      class=\"btn btn--text btn--primary btn--icon\"\n              target=\"_blank\"\n                    data-icon=\"e\"\n          >\n      Cartes ouvertes\n    <\/a>\n  \n                                <\/div>\n                              \n                              <div id=\"city-0-iframe-map\" class=\"hidden\">\n                                <iframe src=\"https:\/\/www.google.com\/maps\/embed?pb=!1m18!1m12!1m3!1d2581.930171660698!2d21.183313!3d49.674454!2m3!1f0!2f0!3f0!3m2!1i1024!2i768!4f13.1!3m3!1m2!1s0x473dc708a33a586f%3A0x9c65ffe6534d6e39!2sTLC%20Sp.%20z%20o.o.%20-%20Producent%20Schod%C3%B3w%20i%20Konstrukcji%20Stalowych!5e0!3m2!1spl!2spl!4v1732610848010!5m2!1spl!2spl\" width=\"600\" height=\"450\" style=\"border:0;\" allowfullscreen=\"\" loading=\"lazy\" referrerpolicy=\"no-referrer-when-downgrade\"><\/iframe>\n                              <\/div>\n                            <\/div>\n                          <\/el-collapse-item>\n                                                  <el-collapse-item name=\"1\">\n                            <template #title>\n                              <h4 class=\"copy2\">Cracovie<\/h4>\n                            <\/template>\n\n                            <div class=\"branches-location__city basis-1\/3\">\n                                                              <div class=\"branches-location__description copy2 mt-[1rem]\">\n                                  <p>ul. Marcika 14 A, 30-442 Krak\u00f3w<\/p>\n<p><a href=\"tel:+48604804589\">+48 604 804 589<\/a><\/p>\n<p><a class=\"cx_colorTextBrand--sp4ze cx_cursorPointer--jO8MD\" href=\"mailto:info@tlc.eu\" rel=\"noopener nofollow noreferrer ugc\">info@tlc.eu<\/a><\/p>\n\n                                <\/div>\n                              \n                                                              <div class=\"branches-location__btn flex mt-[1rem]\">\n                                  <a\n      href=\"https:\/\/maps.app.goo.gl\/wC9U2WhhNSVQp9tq9\"\n      class=\"btn btn--text btn--primary btn--icon\"\n              target=\"_blank\"\n                    data-icon=\"e\"\n          >\n      Cartes ouvertes\n    <\/a>\n  \n                                <\/div>\n                              \n                              <div id=\"city-1-iframe-map\" class=\"hidden\">\n                                <iframe src=\"https:\/\/www.google.com\/maps\/embed?pb=!1m18!1m12!1m3!1d4312.136545926577!2d19.92465171080897!3d50.011135342005936!2m3!1f0!2f0!3f0!3m2!1i1024!2i768!4f13.1!3m3!1m2!1s0x47165cc898a55555%3A0x67101d9bb35df916!2sTLC%20Management!5e0!3m2!1spl!2spl!4v1744190710334!5m2!1spl!2spl\" width=\"600\" height=\"450\" style=\"border:0;\" allowfullscreen=\"\" loading=\"lazy\" referrerpolicy=\"no-referrer-when-downgrade\"><\/iframe>\n                              <\/div>\n                            <\/div>\n                          <\/el-collapse-item>\n                                              <\/el-collapse>\n                    <\/div>\n                  <\/div>\n                <\/div>\n              <\/el-collapse-item>\n                          <el-collapse-item name=\"2\">\n                <template #title>\n                  <h3 class=\"head copy1 copy1--normal\">Su\u00e8de<\/h3>\n                <\/template>\n\n                <div class=\"branches-location__list\">\n                  <div class=\"branches-location__country\">\n                    <div class=\"branches-location__cities\">\n                      <el-collapse accordion @change=\"changeCity\">\n                                                  <el-collapse-item name=\"0\">\n                            <template #title>\n                              <h4 class=\"copy2\">Lund<\/h4>\n                            <\/template>\n\n                            <div class=\"branches-location__city basis-1\/3\">\n                                                              <div class=\"branches-location__description copy2 mt-[1rem]\">\n                                  <p>Fabriksgatan 2A, 222 35 Lund,<\/p>\n<p><a href=\"tel:+46705259918\">+46 705259918<\/a><\/p>\n<p><a class=\"cx_colorTextBrand--sp4ze cx_cursorPointer--jO8MD\" href=\"mailto:info@intertlc.se\" rel=\"noopener nofollow noreferrer ugc\">info@intertlc.se<\/a><\/p>\n\n                                <\/div>\n                              \n                                                              <div class=\"branches-location__btn flex mt-[1rem]\">\n                                  <a\n      href=\"https:\/\/maps.app.goo.gl\/ctfAftEcwFU6BjVa9\"\n      class=\"btn btn--text btn--primary btn--icon\"\n              target=\"_blank\"\n                    data-icon=\"e\"\n          >\n      Cartes ouvertes\n    <\/a>\n  \n                                <\/div>\n                              \n                              <div id=\"city-0-iframe-map\" class=\"hidden\">\n                                <iframe src=\"https:\/\/www.google.com\/maps\/embed?pb=!1m18!1m12!1m3!1d2247.771621008273!2d13.182323277103562!3d55.71034139526056!2m3!1f0!2f0!3f0!3m2!1i1024!2i768!4f13.1!3m3!1m2!1s0x465397d6dc41ddf5%3A0xae7a57bc6abf229!2sFabriksgatan%202A%2C%20222%2037%20Lund%2C%20Szwecja!5e0!3m2!1spl!2spl!4v1724828937600!5m2!1spl!2spl\" width=\"600\" height=\"450\" style=\"border:0;\" allowfullscreen=\"\" loading=\"lazy\" referrerpolicy=\"no-referrer-when-downgrade\"><\/iframe>\n                              <\/div>\n                            <\/div>\n                          <\/el-collapse-item>\n                                              <\/el-collapse>\n                    <\/div>\n                  <\/div>\n                <\/div>\n              <\/el-collapse-item>\n                          <el-collapse-item name=\"3\">\n                <template #title>\n                  <h3 class=\"head copy1 copy1--normal\">Allemagne<\/h3>\n                <\/template>\n\n                <div class=\"branches-location__list\">\n                  <div class=\"branches-location__country\">\n                    <div class=\"branches-location__cities\">\n                      <el-collapse accordion @change=\"changeCity\">\n                                                  <el-collapse-item name=\"0\">\n                            <template #title>\n                              <h4 class=\"copy2\">Uetze<\/h4>\n                            <\/template>\n\n                            <div class=\"branches-location__city basis-1\/3\">\n                                                              <div class=\"branches-location__description copy2 mt-[1rem]\">\n                                  <p>Breitenkampstr 64, 31311 Uetze<br \/>\n<a href=\"tel:+4951477090072\">+49 5147 7090072<\/a><br \/>\n<a class=\"cx_colorTextBrand--sp4ze cx_cursorPointer--jO8MD\" href=\"mailto:info@intertlc.de\" rel=\"noopener nofollow noreferrer ugc\">info@intertlc.de<\/a><\/p>\n\n                                <\/div>\n                              \n                                                              <div class=\"branches-location__btn flex mt-[1rem]\">\n                                  <a\n      href=\"https:\/\/maps.app.goo.gl\/cE2kvDTkphjojaWp7\"\n      class=\"btn btn--text btn--primary btn--icon\"\n              target=\"_blank\"\n                    data-icon=\"e\"\n          >\n      Cartes ouvertes\n    <\/a>\n  \n                                <\/div>\n                              \n                              <div id=\"city-0-iframe-map\" class=\"hidden\">\n                                <iframe src=\"https:\/\/www.google.com\/maps\/embed?pb=!1m18!1m12!1m3!1d2430.121567118461!2d10.09210567690033!3d52.47693457204991!2m3!1f0!2f0!3f0!3m2!1i1024!2i768!4f13.1!3m3!1m2!1s0x47b01b0f8dbd5913%3A0x24cf88876240861d!2sBreitenkampstra%C3%9Fe%2064%2C%2031311%20Uetze%2C%20Niemcy!5e0!3m2!1spl!2spl!4v1727094389800!5m2!1spl!2spl\" width=\"600\" height=\"450\" style=\"border:0;\" allowfullscreen=\"\" loading=\"lazy\" referrerpolicy=\"no-referrer-when-downgrade\"><\/iframe>\n                              <\/div>\n                            <\/div>\n                          <\/el-collapse-item>\n                                              <\/el-collapse>\n                    <\/div>\n                  <\/div>\n                <\/div>\n              <\/el-collapse-item>\n                      <\/el-collapse>\n        <\/div>\n\n        <div class=\"branches-location__map w-full only-mobile:mt-[3.2rem]\">\n          <div id=\"iframe-map\" class=\"branches-location-map__container w-full only-mobile:w-screen only-mobile:-ml-[2rem]\">\n            <iframe src=\"https:\/\/www.google.com\/maps\/embed?pb=!1m18!1m12!1m3!1d2626.4708650463185!2d2.2278427767024835!3d48.8301565713284!2m3!1f0!2f0!3f0!3m2!1i1024!2i768!4f13.1!3m3!1m2!1s0x47e67bd3e4aeb829%3A0x6caa762d701803a6!2s126%20Av.%20du%20G%C3%A9n%C3%A9ral%20Leclerc%2C%2092100%20Boulogne-Billancourt%2C%20Francja!5e0!3m2!1spl!2spl!4v1727094638498!5m2!1spl!2spl\" width=\"600\" height=\"450\" style=\"border:0;\" allowfullscreen=\"\" loading=\"lazy\" referrerpolicy=\"no-referrer-when-downgrade\"><\/iframe>\n          <\/div>\n        <\/div>\n      <\/div>\n    <\/div>\n  <\/section>\n\n  \n\n\n<p><\/p>\n","protected":false},"excerpt":{"rendered":"","protected":false},"author":4,"featured_media":0,"parent":0,"menu_order":0,"comment_status":"closed","ping_status":"closed","template":"template-contact.blade.php","meta":{"_acf_changed":false,"inline_featured_image":false,"footnotes":""},"class_list":["post-19201","page","type-page","status-publish","hentry"],"acf":[],"yoast_head":"<!-- This site is optimized with the Yoast SEO plugin v23.8 - https:\/\/yoast.com\/wordpress\/plugins\/seo\/ -->\n<title>Contact - TLC<\/title>\n<meta name=\"robots\" content=\"index, follow, max-snippet:-1, max-image-preview:large, max-video-preview:-1\" \/>\n<link rel=\"canonical\" href=\"https:\/\/tlc.eu\/fr\/contact\/\" \/>\n<meta property=\"og:locale\" content=\"fr_FR\" \/>\n<meta property=\"og:type\" content=\"article\" \/>\n<meta property=\"og:title\" content=\"Contact - TLC\" \/>\n<meta property=\"og:url\" content=\"https:\/\/tlc.eu\/fr\/contact\/\" \/>\n<meta property=\"og:site_name\" content=\"TLC\" \/>\n<meta property=\"article:modified_time\" content=\"2025-10-27T08:12:49+00:00\" \/>\n<meta name=\"twitter:card\" content=\"summary_large_image\" \/>\n<script type=\"application\/ld+json\" class=\"yoast-schema-graph\">{\"@context\":\"https:\/\/schema.org\",\"@graph\":[{\"@type\":\"WebPage\",\"@id\":\"https:\/\/tlc.eu\/fr\/contact\/\",\"url\":\"https:\/\/tlc.eu\/fr\/contact\/\",\"name\":\"Contact - TLC\",\"isPartOf\":{\"@id\":\"https:\/\/tlc.eu\/fr\/#website\"},\"datePublished\":\"2024-07-22T05:41:42+00:00\",\"dateModified\":\"2025-10-27T08:12:49+00:00\",\"breadcrumb\":{\"@id\":\"https:\/\/tlc.eu\/fr\/contact\/#breadcrumb\"},\"inLanguage\":\"fr-FR\",\"potentialAction\":[{\"@type\":\"ReadAction\",\"target\":[\"https:\/\/tlc.eu\/fr\/contact\/\"]}]},{\"@type\":\"BreadcrumbList\",\"@id\":\"https:\/\/tlc.eu\/fr\/contact\/#breadcrumb\",\"itemListElement\":[{\"@type\":\"ListItem\",\"position\":1,\"name\":\"Home\",\"item\":\"https:\/\/tlc.eu\/fr\/\"},{\"@type\":\"ListItem\",\"position\":2,\"name\":\"Contact\"}]},{\"@type\":\"WebSite\",\"@id\":\"https:\/\/tlc.eu\/fr\/#website\",\"url\":\"https:\/\/tlc.eu\/fr\/\",\"name\":\"TLC EU Steel Equipment | Design & Production\",\"description\":\"\",\"alternateName\":\"TLC\",\"potentialAction\":[{\"@type\":\"SearchAction\",\"target\":{\"@type\":\"EntryPoint\",\"urlTemplate\":\"https:\/\/tlc.eu\/fr\/?s={search_term_string}\"},\"query-input\":{\"@type\":\"PropertyValueSpecification\",\"valueRequired\":true,\"valueName\":\"search_term_string\"}}],\"inLanguage\":\"fr-FR\"}]}<\/script>\n<!-- \/ Yoast SEO plugin. -->","yoast_head_json":{"title":"Contact - TLC","robots":{"index":"index","follow":"follow","max-snippet":"max-snippet:-1","max-image-preview":"max-image-preview:large","max-video-preview":"max-video-preview:-1"},"canonical":"https:\/\/tlc.eu\/fr\/contact\/","og_locale":"fr_FR","og_type":"article","og_title":"Contact - TLC","og_url":"https:\/\/tlc.eu\/fr\/contact\/","og_site_name":"TLC","article_modified_time":"2025-10-27T08:12:49+00:00","twitter_card":"summary_large_image","schema":{"@context":"https:\/\/schema.org","@graph":[{"@type":"WebPage","@id":"https:\/\/tlc.eu\/fr\/contact\/","url":"https:\/\/tlc.eu\/fr\/contact\/","name":"Contact - TLC","isPartOf":{"@id":"https:\/\/tlc.eu\/fr\/#website"},"datePublished":"2024-07-22T05:41:42+00:00","dateModified":"2025-10-27T08:12:49+00:00","breadcrumb":{"@id":"https:\/\/tlc.eu\/fr\/contact\/#breadcrumb"},"inLanguage":"fr-FR","potentialAction":[{"@type":"ReadAction","target":["https:\/\/tlc.eu\/fr\/contact\/"]}]},{"@type":"BreadcrumbList","@id":"https:\/\/tlc.eu\/fr\/contact\/#breadcrumb","itemListElement":[{"@type":"ListItem","position":1,"name":"Home","item":"https:\/\/tlc.eu\/fr\/"},{"@type":"ListItem","position":2,"name":"Contact"}]},{"@type":"WebSite","@id":"https:\/\/tlc.eu\/fr\/#website","url":"https:\/\/tlc.eu\/fr\/","name":"TLC EU Steel Equipment | Design & Production","description":"","alternateName":"TLC","potentialAction":[{"@type":"SearchAction","target":{"@type":"EntryPoint","urlTemplate":"https:\/\/tlc.eu\/fr\/?s={search_term_string}"},"query-input":{"@type":"PropertyValueSpecification","valueRequired":true,"valueName":"search_term_string"}}],"inLanguage":"fr-FR"}]}},"_links":{"self":[{"href":"https:\/\/tlc.eu\/fr\/wp-json\/wp\/v2\/pages\/19201","targetHints":{"allow":["GET"]}}],"collection":[{"href":"https:\/\/tlc.eu\/fr\/wp-json\/wp\/v2\/pages"}],"about":[{"href":"https:\/\/tlc.eu\/fr\/wp-json\/wp\/v2\/types\/page"}],"author":[{"embeddable":true,"href":"https:\/\/tlc.eu\/fr\/wp-json\/wp\/v2\/users\/4"}],"replies":[{"embeddable":true,"href":"https:\/\/tlc.eu\/fr\/wp-json\/wp\/v2\/comments?post=19201"}],"version-history":[{"count":18,"href":"https:\/\/tlc.eu\/fr\/wp-json\/wp\/v2\/pages\/19201\/revisions"}],"predecessor-version":[{"id":24573,"href":"https:\/\/tlc.eu\/fr\/wp-json\/wp\/v2\/pages\/19201\/revisions\/24573"}],"wp:attachment":[{"href":"https:\/\/tlc.eu\/fr\/wp-json\/wp\/v2\/media?parent=19201"}],"curies":[{"name":"wp","href":"https:\/\/api.w.org\/{rel}","templated":true}]}}