{"id":19213,"date":"2024-10-04T10:41:35","date_gmt":"2024-10-04T10:41:35","guid":{"rendered":"https:\/\/tlc.eu\/politique-en-matiere-de-cookies\/"},"modified":"2025-07-16T08:48:22","modified_gmt":"2025-07-16T08:48:22","slug":"politique-en-matiere-de-cookies","status":"publish","type":"page","link":"https:\/\/tlc.eu\/fr\/politique-en-matiere-de-cookies\/","title":{"rendered":"Politique en mati\u00e8re de cookies"},"content":{"rendered":"\n<h2 class=\"wp-block-heading\">A. COOKIES UTILIS\u00c9S DANS LE CADRE DU SERVICE<\/h2>\n\n\n\n<h2 class=\"wp-block-heading\">I. Que sont les cookies ?<\/h2>\n\n\n\n<p>1. Les cookies sont de petits fichiers texte qui sont stock\u00e9s sur votre ordinateur ou votre smartphone lorsque vous naviguez le Site web. Il existe diff\u00e9rents types de cookies, que nous classons comme suit :<\/p>\n\n\n\n<p>a) les cookies essentiels \u00e0 l\u2019utilisation du Service<br>b) d\u2019autres cookies.<\/p>\n\n\n\n<p>2. Les cookies indispensables \u00e0 l\u2019utilisation du Service sont utilis\u00e9s, entre autres, pour assurer son fonctionnement stable (mesurer le trafic et prot\u00e9ger contre la surcharge du Service), m\u00e9moriser vos pr\u00e9f\u00e9rences de confidentialit\u00e9 choisies et remplir les formulaires en ligne que nous mettons \u00e0 votre disposition. Ces cookies sont utilis\u00e9s par d\u00e9faut, c&#8217;est-\u00e0-dire qu&#8217;ils sont enregistr\u00e9s sur votre ordinateur ou votre smartphone lorsque vous acc\u00e9dez au Service.<\/p>\n\n\n\n<p>3. Nous n\u2019utilisons d\u2019autres cookies qu\u2019avec votre consentement.<\/p>\n\n\n\n<p>4. Certains des cookies que nous utilisons constituent des donn\u00e9es \u00e0 caract\u00e8re personnel. Le responsable du traitement de vos donn\u00e9es \u00e0 caract\u00e8re personnel est la soci\u00e9t\u00e9 \u00ab\u00a0TLC Sp. z o.o.\u00a0\u00bb, situ\u00e9e \u00e0 Gorlice, ul. Chopina 25. Des informations d\u00e9taill\u00e9es sur le traitement des donn\u00e9es \u00e0 caract\u00e8re personnel sont disponibles \u00e0 l\u2019adresse suivante <a href=\"https:\/\/www.tlc.eu\/polityka-prywatnosci\">:<\/a> <a href=\"https:\/\/tlc.eu\/fr\/politique-de-confidentialite\/\">tlc.eu\/fr\/politique-de-confidentialite<\/a><\/p>\n\n\n\n<h2 class=\"wp-block-heading\">II. Quels types de cookies utilisons-nous ?<\/h2>\n\n\n\n<p>1. Cookies essentiels \u2013 Ils assurent le bon fonctionnement du Service et de ses fonctions de base. Leur utilisation ne n\u00e9cessite pas le consentement de l\u2019utilisateur.<\/p>\n\n\n\n<ul class=\"wp-block-list\">\n<li><strong>Nom\u00a0:<\/strong>\u00a01.gif<br><strong>Fournisseur :<\/strong>\u00a0imgsct.cookiebot.com<br><strong>Type :<\/strong>\u00a0Pixel<br><strong>P\u00e9riode de r\u00e9tention :<\/strong>\u00a0Session<\/li>\n\n\n\n<li><strong>Nom :<\/strong>\u00a0ar_debug<br><strong>Fournisseur :<\/strong>\u00a0google-analytics.com<br><strong>Type :<\/strong>\u00a0HTTP<br><strong>P\u00e9riode de r\u00e9tention :<\/strong>\u00a03 mois<\/li>\n\n\n\n<li><strong>Nom :<\/strong>\u00a0bcookie<br><strong>Fournisseur :<\/strong>\u00a0linkedin.com<br><strong>Type :<\/strong>\u00a0HTTP<br><strong>P\u00e9riode de r\u00e9tention :<\/strong>\u00a01 an<\/li>\n\n\n\n<li><strong>Nom\u00a0:<\/strong>\u00a0CookieConsent<br><strong>Fournisseur :<\/strong>\u00a0tlc.eu<br><strong>Type :<\/strong>\u00a0HTTP<br><strong>P\u00e9riode de r\u00e9tention :<\/strong>\u00a01 an<\/li>\n\n\n\n<li><strong>Nom :<\/strong>\u00a0li_gc<br><strong>Fournisseur :<\/strong>\u00a0linkedin.com<br><strong>Type :<\/strong>\u00a0HTTP<br><strong>P\u00e9riode de r\u00e9tention :<\/strong>\u00a0180 jours<\/li>\n\n\n\n<li><strong>Nom :<\/strong>\u00a0rc::a<br><strong>Fournisseur :<\/strong>\u00a0gstatic.com<br><strong>Type :<\/strong>\u00a0HTML<br><strong>P\u00e9riode de r\u00e9tention :<\/strong>\u00a0Dur\u00e9e de la session<\/li>\n\n\n\n<li><strong>Nom :<\/strong>\u00a0test_cookie<br><strong>Fournisseur :<\/strong>\u00a0doubleclick.net<br><strong>Type :<\/strong>\u00a0HTTP<br><strong>P\u00e9riode de r\u00e9tention :<\/strong>\u00a01 jour<\/li>\n<\/ul>\n\n\n\n<p><br>2. Cookies analytiques \u2013 Ils permettent de suivre le nombre et les sources des visites, ce qui nous permet de mesurer et d\u2019am\u00e9liorer les performances du Service. Si vous refusez de stocker des cookies analytiques sur votre ordinateur ou votre smartphone, votre visite ne sera pas prise en compte dans nos statistiques, mais cela ne limitera pas les fonctionnalit\u00e9s du Service pour vous.<\/p>\n\n\n\n<p>3. Cookies de marketing \u2013 Ils sont utilis\u00e9s pour personnaliser le contenu qui vous est pr\u00e9sent\u00e9. Ils peuvent \u00eatre utilis\u00e9s dans nos campagnes publicitaires men\u00e9es sur des sites web de tiers. Si vous acceptez les cookies de marketing, vous pouvez recevoir des informations sur les sites web de nos partenaires de confiance sur lesquels vous avez interagi avec nos publicit\u00e9s. Si vous refusez les cookies de marketing, vous verrez des publicit\u00e9s g\u00e9n\u00e9rales et non personnalis\u00e9es. Le fait de refuser de stocker des cookies de marketing sur votre ordinateur ou votre smartphone ne limitera pas les fonctionnalit\u00e9s du Service pour vous.<\/p>\n\n\n\n<h2 class=\"wp-block-heading\">III. Comment le consentement aux cookies est-il donn\u00e9 ?<\/h2>\n\n\n\n<p>Lorsque vous visitez le Service, un message contextuel vous informe de l\u2019utilisation de cookies. En choisissant \u00ab&nbsp;Autoriser tout&nbsp;\u00bb, vous acceptez tous les cookies utilis\u00e9s dans le Service et confirmez que vous avez lu les informations sur les cookies et leurs objectifs. Les cookies essentiels ne n\u00e9cessitent pas de consentement.<\/p>\n\n\n\n<p>En s\u00e9lectionnant \u00ab&nbsp;Rejeter tout&nbsp;\u00bb, vous refusez tous les cookies, \u00e0 l\u2019exception de ceux qui sont techniquement essentiels pour le Service.<\/p>\n\n\n\n<p>Vous pouvez \u00e0 tout moment g\u00e9rer en d\u00e9tail vos pr\u00e9f\u00e9rences en mati\u00e8re de cookies en s\u00e9lectionnant les boutons qui permettent le refus ou la personnalisation sur la banni\u00e8re de cookies affich\u00e9e.<br><\/p>\n\n\n\n<h2 class=\"wp-block-heading\">B. COOKIES DE TIERS<\/h2>\n\n\n\n<h2 class=\"wp-block-heading\">Google<\/h2>\n\n\n\n<p>Nous utilisons des cookies g\u00e9r\u00e9s par Google Inc. 1&nbsp;600 Amphitheatre Pkwy, Mountain View, CA 94&nbsp;043, \u00c9tats-Unis, dans le cadre de services tels que :<\/p>\n\n\n\n<ul class=\"wp-block-list\">\n<li>Google Ads \u2013 il permet de g\u00e9rer et d\u2019\u00e9valuer les campagnes publicitaires men\u00e9es \u00e0 l\u2019aide de Google Ads.<\/li>\n\n\n\n<li>Google Analytics \u2013 il permet d\u2019\u00e9valuer la qualit\u00e9 des campagnes publicitaires men\u00e9es \u00e0 l\u2019aide de Google Ads et d\u2019analyser le comportement et le trafic des utilisateurs, ainsi que de compiler des statistiques sur le trafic.<\/li>\n\n\n\n<li>YouTube \u2013 il permet de stocker les informations de l\u2019utilisateur permettant d\u2019utiliser les fonctionnalit\u00e9s de YouTube. Google Inc. peut suivre la lecture des vid\u00e9os par les utilisateurs.<\/li>\n<\/ul>\n\n\n\n<p>Google utilise les informations fournies sur les sites web et les applications pour fournir et am\u00e9liorer ses services, les g\u00e9rer, d\u00e9velopper de nouveaux services, mesurer l&#8217;efficacit\u00e9 des annonces, prot\u00e9ger contre la fraude et les abus et personnaliser le contenu et les annonces affich\u00e9s sur les sites de Google et de ses partenaires. Google utilise les donn\u00e9es conform\u00e9ment \u00e0 sa politique disponible \u00e0 l\u2019adresse suivante :<a href=\"https:\/\/policies.google.com\/technologies\/partner-sites\"><strong>https:\/\/policies.google.com\/technologies\/partner-sites<\/strong><\/a>.<\/p>\n\n\n\n<p>Les donn\u00e9es collect\u00e9es par Google sont anonymes et agr\u00e9g\u00e9es, et ne contiennent pas d\u2019informations personnelles identifiables (entendues comme donn\u00e9es \u00e0 caract\u00e8re personnel).<\/p>\n\n\n\n<h2 class=\"wp-block-heading\">Facebook<\/h2>\n\n\n\n<p>Nous utilisons des cookies appliqu\u00e9s par Facebook, qui appartient \u00e0 Meta Platforms Inc, 1 Hacker Way, Menlo Park, CA 94&nbsp;025, \u00c9tats-Unis. Ces cookies peuvent traiter les actions effectu\u00e9es \u00e0 l\u2019aide des boutons \u00ab&nbsp;Partager&nbsp;\u00bb ou \u00ab&nbsp;J\u2019aime&nbsp;\u00bb sur Facebook.<\/p>\n\n\n\n<p>Les cookies fournis par Facebook permettent d\u2019\u00e9tudier le comportement et le trafic des utilisateurs afin d\u2019adapter les publicit\u00e9s affich\u00e9es \u00e0 vos centres d\u2019int\u00e9r\u00eat.<\/p>\n\n\n\n<p>Facebook traite les donn\u00e9es conform\u00e9ment \u00e0 sa politique en mati\u00e8re de cookies :<a href=\"https:\/\/www.facebook.com\/policies\/cookies\/\"><strong>&nbsp;https:\/\/www.facebook.com\/policies\/cookies\/<\/strong><\/a>.<\/p>\n\n\n\n<h2 class=\"wp-block-heading\">LinkedIn<\/h2>\n\n\n\n<p>Nous utilisons des cookies fournis par LinkedIn Ireland Unlimited Company. Ces cookies traitent les actions effectu\u00e9es \u00e0 l\u2019aide des boutons \u00ab&nbsp;Partager&nbsp;\u00bb ou \u00ab&nbsp;J\u2019aime&nbsp;\u00bb sur LinkedIn.<\/p>\n\n\n\n<p>LinkedIn traite les donn\u00e9es conform\u00e9ment \u00e0 sa politique en mati\u00e8re de cookies :<a href=\"https:\/\/pl.linkedin.com\/legal\/cookie-policy\"><strong>https:\/\/pl.linkedin.com\/legal\/cookie-policy<\/strong><\/a>.<\/p>\n\n\n\n<h2 class=\"wp-block-heading\">reCAPTCHA<\/h2>\n\n\n\n<p>Pour prot\u00e9ger les formulaires contre les spams et les attaques issues de robots, le Service peut utiliser reCAPTCHA, qui peut utiliser des cookies.<\/p>\n\n\n\n<h2 class=\"wp-block-heading\">C. BALISES PIXELS<\/h2>\n\n\n\n<p>Nous utilisons des balises pixel fournies par Meta Platforms Inc. et LinkedIn Ireland Unlimited Company pour enregistrer l\u2019activit\u00e9 au sein du Service et \u00e9valuer l\u2019efficacit\u00e9 des campagnes publicitaires.<\/p>\n\n\n\n<h2 class=\"wp-block-heading\">D. CL\u00c9S D&#8217;IDENTIFICATION ET NOTIFICATIONS WEBPUSH<\/h2>\n\n\n\n<p>Le Service peut utiliser des notifications push via le navigateur web. Les Utilisateurs peuvent volontairement accepter de recevoir ces notifications et les d\u00e9sactiver \u00e0 tout moment dans les param\u00e8tres du navigateur.<\/p>\n\n\n\n<p>Pour ce type de service, les codes d\u2019identification de l\u2019Utilisateur sont collect\u00e9s et g\u00e9r\u00e9s par le fournisseur de solutions \u00ab&nbsp;web push&nbsp;\u00bb.<\/p>\n\n\n\n<p><br><br><br><br><br><\/p>\n","protected":false},"excerpt":{"rendered":"<p>A. COOKIES UTILIS\u00c9S DANS LE CADRE DU SERVICE I. Que sont les cookies ? 1. Les cookies sont de petits fichiers texte qui sont stock\u00e9s sur votre ordinateur ou votre smartphone lorsque vous naviguez le Site web. Il existe diff\u00e9rents types de cookies, que nous classons comme suit : a) les cookies essentiels \u00e0 l\u2019utilisation &hellip; <a href=\"https:\/\/tlc.eu\/fr\/politique-en-matiere-de-cookies\/\">Continued<\/a><\/p>\n","protected":false},"author":4,"featured_media":0,"parent":0,"menu_order":0,"comment_status":"closed","ping_status":"closed","template":"template-formal.blade.php","meta":{"_acf_changed":false,"inline_featured_image":false,"footnotes":""},"class_list":["post-19213","page","type-page","status-publish","hentry"],"acf":[],"yoast_head":"<!-- This site is optimized with the Yoast SEO plugin v23.8 - https:\/\/yoast.com\/wordpress\/plugins\/seo\/ -->\n<title>Politique en mati\u00e8re de cookies - TLC<\/title>\n<meta name=\"robots\" content=\"index, follow, max-snippet:-1, max-image-preview:large, max-video-preview:-1\" \/>\n<link rel=\"canonical\" href=\"https:\/\/tlc.eu\/fr\/politique-en-matiere-de-cookies\/\" \/>\n<meta property=\"og:locale\" content=\"fr_FR\" \/>\n<meta property=\"og:type\" content=\"article\" \/>\n<meta property=\"og:title\" content=\"Politique en mati\u00e8re de cookies - TLC\" \/>\n<meta property=\"og:description\" content=\"A. COOKIES UTILIS\u00c9S DANS LE CADRE DU SERVICE I. Que sont les cookies ? 1. Les cookies sont de petits fichiers texte qui sont stock\u00e9s sur votre ordinateur ou votre smartphone lorsque vous naviguez le Site web. Il existe diff\u00e9rents types de cookies, que nous classons comme suit : a) les cookies essentiels \u00e0 l\u2019utilisation &hellip; Continued\" \/>\n<meta property=\"og:url\" content=\"https:\/\/tlc.eu\/fr\/politique-en-matiere-de-cookies\/\" \/>\n<meta property=\"og:site_name\" content=\"TLC\" \/>\n<meta property=\"article:modified_time\" content=\"2025-07-16T08:48:22+00:00\" \/>\n<meta name=\"twitter:card\" content=\"summary_large_image\" \/>\n<meta name=\"twitter:label1\" content=\"Est. reading time\" \/>\n\t<meta name=\"twitter:data1\" content=\"5 minutes\" \/>\n<script type=\"application\/ld+json\" class=\"yoast-schema-graph\">{\"@context\":\"https:\/\/schema.org\",\"@graph\":[{\"@type\":\"WebPage\",\"@id\":\"https:\/\/tlc.eu\/fr\/politique-en-matiere-de-cookies\/\",\"url\":\"https:\/\/tlc.eu\/fr\/politique-en-matiere-de-cookies\/\",\"name\":\"Politique en mati\u00e8re de cookies - TLC\",\"isPartOf\":{\"@id\":\"https:\/\/tlc.eu\/fr\/#website\"},\"datePublished\":\"2024-10-04T10:41:35+00:00\",\"dateModified\":\"2025-07-16T08:48:22+00:00\",\"breadcrumb\":{\"@id\":\"https:\/\/tlc.eu\/fr\/politique-en-matiere-de-cookies\/#breadcrumb\"},\"inLanguage\":\"fr-FR\",\"potentialAction\":[{\"@type\":\"ReadAction\",\"target\":[\"https:\/\/tlc.eu\/fr\/politique-en-matiere-de-cookies\/\"]}]},{\"@type\":\"BreadcrumbList\",\"@id\":\"https:\/\/tlc.eu\/fr\/politique-en-matiere-de-cookies\/#breadcrumb\",\"itemListElement\":[{\"@type\":\"ListItem\",\"position\":1,\"name\":\"Home\",\"item\":\"https:\/\/tlc.eu\/fr\/\"},{\"@type\":\"ListItem\",\"position\":2,\"name\":\"Politique en mati\u00e8re de cookies\"}]},{\"@type\":\"WebSite\",\"@id\":\"https:\/\/tlc.eu\/fr\/#website\",\"url\":\"https:\/\/tlc.eu\/fr\/\",\"name\":\"TLC EU Steel Equipment | Design & Production\",\"description\":\"\",\"alternateName\":\"TLC\",\"potentialAction\":[{\"@type\":\"SearchAction\",\"target\":{\"@type\":\"EntryPoint\",\"urlTemplate\":\"https:\/\/tlc.eu\/fr\/?s={search_term_string}\"},\"query-input\":{\"@type\":\"PropertyValueSpecification\",\"valueRequired\":true,\"valueName\":\"search_term_string\"}}],\"inLanguage\":\"fr-FR\"}]}<\/script>\n<!-- \/ Yoast SEO plugin. -->","yoast_head_json":{"title":"Politique en mati\u00e8re de cookies - TLC","robots":{"index":"index","follow":"follow","max-snippet":"max-snippet:-1","max-image-preview":"max-image-preview:large","max-video-preview":"max-video-preview:-1"},"canonical":"https:\/\/tlc.eu\/fr\/politique-en-matiere-de-cookies\/","og_locale":"fr_FR","og_type":"article","og_title":"Politique en mati\u00e8re de cookies - TLC","og_description":"A. COOKIES UTILIS\u00c9S DANS LE CADRE DU SERVICE I. Que sont les cookies ? 1. Les cookies sont de petits fichiers texte qui sont stock\u00e9s sur votre ordinateur ou votre smartphone lorsque vous naviguez le Site web. Il existe diff\u00e9rents types de cookies, que nous classons comme suit : a) les cookies essentiels \u00e0 l\u2019utilisation &hellip; Continued","og_url":"https:\/\/tlc.eu\/fr\/politique-en-matiere-de-cookies\/","og_site_name":"TLC","article_modified_time":"2025-07-16T08:48:22+00:00","twitter_card":"summary_large_image","twitter_misc":{"Est. reading time":"5 minutes"},"schema":{"@context":"https:\/\/schema.org","@graph":[{"@type":"WebPage","@id":"https:\/\/tlc.eu\/fr\/politique-en-matiere-de-cookies\/","url":"https:\/\/tlc.eu\/fr\/politique-en-matiere-de-cookies\/","name":"Politique en mati\u00e8re de cookies - TLC","isPartOf":{"@id":"https:\/\/tlc.eu\/fr\/#website"},"datePublished":"2024-10-04T10:41:35+00:00","dateModified":"2025-07-16T08:48:22+00:00","breadcrumb":{"@id":"https:\/\/tlc.eu\/fr\/politique-en-matiere-de-cookies\/#breadcrumb"},"inLanguage":"fr-FR","potentialAction":[{"@type":"ReadAction","target":["https:\/\/tlc.eu\/fr\/politique-en-matiere-de-cookies\/"]}]},{"@type":"BreadcrumbList","@id":"https:\/\/tlc.eu\/fr\/politique-en-matiere-de-cookies\/#breadcrumb","itemListElement":[{"@type":"ListItem","position":1,"name":"Home","item":"https:\/\/tlc.eu\/fr\/"},{"@type":"ListItem","position":2,"name":"Politique en mati\u00e8re de cookies"}]},{"@type":"WebSite","@id":"https:\/\/tlc.eu\/fr\/#website","url":"https:\/\/tlc.eu\/fr\/","name":"TLC EU Steel Equipment | Design & Production","description":"","alternateName":"TLC","potentialAction":[{"@type":"SearchAction","target":{"@type":"EntryPoint","urlTemplate":"https:\/\/tlc.eu\/fr\/?s={search_term_string}"},"query-input":{"@type":"PropertyValueSpecification","valueRequired":true,"valueName":"search_term_string"}}],"inLanguage":"fr-FR"}]}},"_links":{"self":[{"href":"https:\/\/tlc.eu\/fr\/wp-json\/wp\/v2\/pages\/19213","targetHints":{"allow":["GET"]}}],"collection":[{"href":"https:\/\/tlc.eu\/fr\/wp-json\/wp\/v2\/pages"}],"about":[{"href":"https:\/\/tlc.eu\/fr\/wp-json\/wp\/v2\/types\/page"}],"author":[{"embeddable":true,"href":"https:\/\/tlc.eu\/fr\/wp-json\/wp\/v2\/users\/4"}],"replies":[{"embeddable":true,"href":"https:\/\/tlc.eu\/fr\/wp-json\/wp\/v2\/comments?post=19213"}],"version-history":[{"count":3,"href":"https:\/\/tlc.eu\/fr\/wp-json\/wp\/v2\/pages\/19213\/revisions"}],"predecessor-version":[{"id":21715,"href":"https:\/\/tlc.eu\/fr\/wp-json\/wp\/v2\/pages\/19213\/revisions\/21715"}],"wp:attachment":[{"href":"https:\/\/tlc.eu\/fr\/wp-json\/wp\/v2\/media?parent=19213"}],"curies":[{"name":"wp","href":"https:\/\/api.w.org\/{rel}","templated":true}]}}