{"id":19223,"date":"2024-09-10T11:41:58","date_gmt":"2024-09-10T11:41:58","guid":{"rendered":"https:\/\/tlc.eu\/1o\/"},"modified":"2025-09-15T11:30:36","modified_gmt":"2025-09-15T11:30:36","slug":"notre-potentiel","status":"publish","type":"page","link":"https:\/\/tlc.eu\/fr\/notre-potentiel\/","title":{"rendered":"Notre potentiel"},"content":{"rendered":"<section data-block_92a7fe0811f7cafd0b9f5348c4835cd6 class=\"hero aligncenter\">\n  <div class=\"hero__container w-full  relative flex flex-col justify-center items-center overflow-hidden\">\n          <div class=\"hero__background w-full h-full absolute top-0 left-0 overlay-bg--only-mobile\">\n                  <img decoding=\"async\" src=\"https:\/\/tlc.eu\/app\/uploads\/2024\/09\/about-us-hero-scaled.jpg\" class=\"hero__background-image object-cover object-center w-full h-full\">\n              <\/div>\n    \n    <div class=\"wrapper z-[1]\n    flex flex-col h-[37.5rem] tablet:h-[48rem] items-center\">\n              <div class=\"hero__return hidden tablet:flex mt-[4.8rem] self-start\">\n          <div class=\"return w-[1rem] h-[1.6rem] flex text-[1rem] cursor-pointer relative text-black\"\r\n     @click=\"returnClick('https:\/\/tlc.eu\/fr\/')\">\r\n  <i class=\"icon tlc-icon-arrow flex text-white rotate-180 text-[1.6rem] font-bold\"><\/i>\r\n<\/div>\r\n        <\/div>\n                    <div class=\"hero__breadcrumbs max-w-full text-white copy1 self-center tablet:self-start\n        mt-[6.4rem] md:mt-[4.8rem]\n        \">\n            <div class=\"breadcrumb flex w-full items-center justify-center tablet:justify-start mb-[4rem] md:mb-[4rem]\">\n  <div class=\"breadcrumb__box flex w-fit max-w-full\">\n    <swiper\n      ref=\"breadcrumbs\"\n      :modules=\"modules\"\n      direction=\"horizontal\"\n      slides-per-view=\"auto\"\n    >\n      <swiper-slide class=\"flex gap-[.8rem] tablet:gap-8 w-fit items-center mr-[.8rem] tablet:mr-8\">\n        <a href=\"https:\/\/tlc.eu\/fr\/\" class=\"item copy-breadcrumbs\">Home<\/a>\n        <i class=\"separator tlc-icon-angle text-[.8rem]\"><\/i>\n      <\/swiper-slide>\n          <\/swiper>\n  <\/div>\n<\/div>\n\n\n        <\/div>\n            <div class=\"hero__content w-full flex flex-col gap-[21.5rem] tablet:gap-[16rem]\">\n                  <div class=\"hero__head w-full flex flex-col gap-[2.4rem] tablet:gap-[4rem]\">\n              <h1 class=\"head h1 text-center md:text-left text-text-alternate\" style=\"\">\n              Notre potentiel\n            <\/h1>\n\n                          <div class=\"hero__return flex tablet:hidden self-center\">\n                <div class=\"return w-[1rem] h-[1.6rem] flex text-[1rem] cursor-pointer relative text-black\"\r\n     @click=\"returnClick('https:\/\/tlc.eu\/fr\/')\">\r\n  <i class=\"icon tlc-icon-arrow flex text-white rotate-180 text-[1.6rem] font-bold\"><\/i>\r\n<\/div>\r\n              <\/div>\n            \n                      <\/div>\n        \n                                  <\/div>\n    <\/div>\n\n      <\/div>\n<\/section>\n\n\n\n\n<section data-block_c4db410ad56b802fecea9d4fdb6e33af class=\"section section--bottom-0 section--top-0 py-[6.4rem] md:py-[11.2rem] hello-description-with-image aligncenter\" style=\"background-color: #e8e8e8\">\n    <div class=\"hello-description-with-image__wrapper wrapper relative\">\n      <img decoding=\"async\" src=\"https:\/\/tlc.eu\/app\/uploads\/2024\/11\/our-potential.png\" alt=\"\" class=\"hello-description-with-image__image w-[48.7rem] h-[48.7rem] absolute left-0 -bottom-[11.2rem] pointer-events-none invisible md:visible\">\n      <div class=\"hello-description-with-image__container w-full flex justify-end\">\n        <div class=\"hello-description-with-image__content w-full flex flex-col max-w-[77rem]\">\n                      <div class=\"description__head w-full\">\n              <h2 class=\"head h2\">Nous \u00e9largissons nos installations de production et investissons dans l&#8217;automatisation, en am\u00e9liorant \u00e0 la fois nos machines et nos technologies.<\/h2>\n            <\/div>\n          \n                      <div class=\"hello-description-with-image__description w-full mt-[2.4rem] md:mt-[4.8rem] text-text-primary\">\n              <p>Notre engagement envers l&#8217;innovation et le d\u00e9veloppement des employ\u00e9s nous a permis de gagner la confiance de nos clients dans plus de 50 pays, faisant de nous une marque stable et reconnue \u00e0 l&#8217;\u00e9chelle mondiale.<\/p>\n\n            <\/div>\n                  <\/div>\n      <\/div>\n    <\/div>\n<\/section>\n\n\n<section data-block_9d37200fc027566767cf854919ce01f2 class=\"section content-with-media aligncenter\">\n  <div class=\"wrapper\">\n              <div\n        class=\"content-with-media__container flex flex-col gap-[4.8rem] md:gap-[8rem] flex-col md:flex-row\">\n        <div class=\"content-with-media__content flex flex-col justify-center basis-1 md:basis-1\/2\">\n                      <h2 class=\"content-with-media__heading h3\">Nos plus grands atouts, nos employ\u00e9s<\/h2>\n                                <div class=\"content-with-media__description content-simple text-text-primary copy2 mt-[2rem] md:mt-[4.8rem]\">\n              <p>Nos employ\u00e9s sont notre plus grande richesse. Nous employons des sp\u00e9cialistes dans leurs domaines et investissons dans leur d\u00e9veloppement pour nous am\u00e9liorer continuellement en tant qu&#8217;organisation et fournir des solutions de la plus haute qualit\u00e9 \u00e0 nos clients.<br \/>\nNous op\u00e9rons \u00e0 l&#8217;\u00e9chelle mondiale, avec des experts dans plusieurs pays, notamment en Pologne, en Su\u00e8de, en Allemagne et en France. Nous \u00e9coutons attentivement les besoins des march\u00e9s locaux et ce que nos clients ont \u00e0 dire pour nous assurer que nos actions sont parfaitement adapt\u00e9es \u00e0 leurs attentes et apportent une v\u00e9ritable valeur ajout\u00e9e.<\/p>\n\n            <\/div>\n                  <\/div>\n        <div class=\"content-with-media__media basis-1 md:basis-1\/2\">\n                      <video class=\"content-with-media__video h-[30rem] md:h-[61.2rem] w-full object-cover\" loop=\"true\" playsinline\n                   autoplay=\"autoplay\" muted height=\"612px\" width=\"612px\" loading=\"lazy\">\n              <source src=\"https:\/\/tlc.eu\/app\/uploads\/2025\/09\/tlc-our-potential-en-web-video-1.mp4\" type=\"video\/mp4\">\n              Your browser does not support the video tag.\n            <\/video>\n                  <\/div>\n      <\/div>\n      <\/div>\n<\/section>\n\n\n<section data-block_fb7b73ec77c6bbe393d113e365b9b6b6 class=\"section content-with-media aligncenter\">\n  <div class=\"wrapper\">\n          <h2 class=\"content-with-media__header h2 mb-[8rem]\"><\/h2>\n              <div\n        class=\"content-with-media__container flex flex-col gap-[4.8rem] md:gap-[8rem] flex-col md:flex-row-reverse\">\n        <div class=\"content-with-media__content flex flex-col justify-center basis-1 md:basis-1\/2\">\n                      <h2 class=\"content-with-media__heading h3\">Ing\u00e9nieurs et sp\u00e9cialistes qualifi\u00e9s<\/h2>\n                                <div class=\"content-with-media__description content-simple text-text-primary copy2 mt-[2rem] md:mt-[4.8rem]\">\n              <p>Notre d\u00e9partement de recherche et d\u00e9veloppement, ainsi que notre \u00e9quipe de conception, am\u00e9liorent continuellement nos produits et cr\u00e9ent des concepts technologiques innovants. Gr\u00e2ce \u00e0 l&#8217;engagement de notre \u00e9quipe, nous r\u00e9pondons de mani\u00e8re flexible aux besoins d&#8217;un march\u00e9 en constante \u00e9volution et aux normes de s\u00e9curit\u00e9 croissantes.<br \/>\nNous employons des ing\u00e9nieurs et des sp\u00e9cialistes talentueux qui suivent les derni\u00e8res avanc\u00e9es technologiques et tendances du secteur, et les int\u00e8grent dans nos projets. Leur souci du d\u00e9tail nous permet de d\u00e9velopper des solutions qui se d\u00e9marquent sur le march\u00e9, en respectant et souvent en d\u00e9passant les normes actuelles.<\/p>\n\n            <\/div>\n                  <\/div>\n        <div class=\"content-with-media__media basis-1 md:basis-1\/2\">\n                      <img decoding=\"async\" src=\"https:\/\/tlc.eu\/app\/uploads\/2025\/01\/our-potential.jpg\" alt=\"TLC\" height=\"612px\" width=\"612px\"\n                 loading=\"lazy\" class=\"content-with-media__image h-[30rem] md:h-[61.2rem] w-full object-cover\">\n                  <\/div>\n      <\/div>\n      <\/div>\n<\/section>\n\n\n<section data-block_3c81a73c15dc525660c48519c63857c2 class=\"section content-with-media aligncenter\">\n  <div class=\"wrapper\">\n              <div\n        class=\"content-with-media__container flex flex-col gap-[4.8rem] md:gap-[8rem] flex-col md:flex-row\">\n        <div class=\"content-with-media__content flex flex-col justify-center basis-1 md:basis-1\/2\">\n                      <h2 class=\"content-with-media__heading h3\">Installations de production modernes, technologies de pointe\u00a0: machines et automatisation<\/h2>\n                                <div class=\"content-with-media__description content-simple text-text-primary copy2 mt-[2rem] md:mt-[4.8rem]\">\n              <p>Nous disposons de deux installations de production modernes situ\u00e9es dans deux villes polonaises : Gorlice et Stargard. Nous investissons r\u00e9guli\u00e8rement dans des machines et des technologies de pointe, ce qui nous permet d&#8217;automatiser les processus de production et d&#8217;augmenter l&#8217;efficacit\u00e9, la pr\u00e9cision et la coh\u00e9rence de la production.Gr\u00e2ce \u00e0 ces investissements, l&#8217;ex\u00e9cution des commandes est plus fluide et la qualit\u00e9 de nos produits atteint un niveau encore plus \u00e9lev\u00e9. Ces am\u00e9liorations nous permettent \u00e9galement de nous adapter plus rapidement aux besoins changeants du march\u00e9 et d&#8217;am\u00e9liorer la gestion des ressources, offrant ainsi \u00e0 nos clients des solutions comp\u00e9titives.<\/p>\n\n            <\/div>\n                  <\/div>\n        <div class=\"content-with-media__media basis-1 md:basis-1\/2\">\n                      <video class=\"content-with-media__video h-[30rem] md:h-[61.2rem] w-full object-cover\" loop=\"true\" playsinline\n                   autoplay=\"autoplay\" muted height=\"612px\" width=\"612px\" loading=\"lazy\">\n              <source src=\"https:\/\/tlc.eu\/app\/uploads\/2025\/09\/tlc-our-potential-en-web-video-2.mp4\" type=\"video\/mp4\">\n              Your browser does not support the video tag.\n            <\/video>\n                  <\/div>\n      <\/div>\n      <\/div>\n<\/section>\n\n\n\n\n\n\n\n\n<section data-block_e4afaeb090f12a1fb4993e942c9a3caa class=\"section content-with-media aligncenter\">\n  <div class=\"wrapper\">\n              <div\n        class=\"content-with-media__container flex flex-col gap-[4.8rem] md:gap-[8rem] flex-col md:flex-row-reverse\">\n        <div class=\"content-with-media__content flex flex-col justify-center basis-1 md:basis-1\/2\">\n                      <h2 class=\"content-with-media__heading h3\">Certifications \u2013 Garantie des normes les plus \u00e9lev\u00e9es<\/h2>\n                                <div class=\"content-with-media__description content-simple text-text-primary copy2 mt-[2rem] md:mt-[4.8rem]\">\n              <p>Notre objectif est d&#8217;atteindre les normes les plus \u00e9lev\u00e9es \u00e0 chaque \u00e9tape de la production et de la gestion, comme en t\u00e9moignent les nombreux certificats internationaux que nous d\u00e9tenons&nbsp;:<\/p>\n<ul>\n<li>ISO 9001 \u2013 Gestion de la qualit\u00e9, refl\u00e9tant notre engagement \u00e0 satisfaire et d\u00e9passer les attentes des clients.<\/li>\n<li>ISO 14001 \u2013 Gestion environnementale, confirmant notre engagement envers le d\u00e9veloppement durable et la r\u00e9duction de l&#8217;impact environnemental.<\/li>\n<li>ISO 45001 \u2013 Sant\u00e9 et s\u00e9curit\u00e9 au travail, garantissant que la sant\u00e9 et la s\u00e9curit\u00e9 de nos employ\u00e9s restent une priorit\u00e9.<\/li>\n<li>EN 1090-2 et ISO 3834-2 \u2013 Certifications de qualit\u00e9 en soudage, essentielles dans l&#8217;industrie de la construction en acier, garantissant les normes les plus \u00e9lev\u00e9es en mati\u00e8re de processus de soudage.<\/li>\n<\/ul>\n<p>Ces certifications constituent une base solide qui nous permet d&#8217;instaurer un climat de confiance et de fournir des solutions de qualit\u00e9 sup\u00e9rieure \u00e0 nos clients.<\/p>\n\n            <\/div>\n                  <\/div>\n        <div class=\"content-with-media__media basis-1 md:basis-1\/2\">\n                      <video class=\"content-with-media__video h-[30rem] md:h-[61.2rem] w-full object-cover\" loop=\"true\" playsinline\n                   autoplay=\"autoplay\" muted height=\"612px\" width=\"612px\" loading=\"lazy\">\n              <source src=\"https:\/\/tlc.eu\/app\/uploads\/2025\/09\/tlc-our-potential-en-web-video-3.mp4\" type=\"video\/mp4\">\n              Your browser does not support the video tag.\n            <\/video>\n                  <\/div>\n      <\/div>\n      <\/div>\n<\/section>\n\n\n<section data-block_22fd140aae4c4e95bb516ef09c87d6be class=\"section content-with-media aligncenter\">\n  <div class=\"wrapper\">\n              <div\n        class=\"content-with-media__container flex flex-col gap-[4.8rem] md:gap-[8rem] flex-col md:flex-row\">\n        <div class=\"content-with-media__content flex flex-col justify-center basis-1 md:basis-1\/2\">\n                      <h2 class=\"content-with-media__heading h3\">Logistique et port\u00e9e mondiale<\/h2>\n                                <div class=\"content-with-media__description content-simple text-text-primary copy2 mt-[2rem] md:mt-[4.8rem]\">\n              <p>Nous sommes parfaitement pr\u00e9par\u00e9s pour le transport terrestre, a\u00e9rien et maritime. Notre \u00e9quipe logistique se sp\u00e9cialise dans la s\u00e9curisation minutieuse des transports pour \u00e9viter les dommages et maximiser l&#8217;efficacit\u00e9 du chargement. Gr\u00e2ce \u00e0 notre port\u00e9e mondiale, nous sommes \u00e9quip\u00e9s pour livrer et ex\u00e9cuter des projets partout dans le monde.<\/p>\n\n            <\/div>\n                  <\/div>\n        <div class=\"content-with-media__media basis-1 md:basis-1\/2\">\n                      <img decoding=\"async\" src=\"https:\/\/tlc.eu\/app\/uploads\/2024\/10\/Logistics-and-global-reach.jpg\" alt=\"TLC\" height=\"612px\" width=\"612px\"\n                 loading=\"lazy\" class=\"content-with-media__image h-[30rem] md:h-[61.2rem] w-full object-cover\">\n                  <\/div>\n      <\/div>\n      <\/div>\n<\/section>\n\n\n<section data-block_61ff097b46adcc86bb226172c0954efe class=\"section content-with-media aligncenter\">\n  <div class=\"wrapper\">\n              <div\n        class=\"content-with-media__container flex flex-col gap-[4.8rem] md:gap-[8rem] flex-col md:flex-row-reverse\">\n        <div class=\"content-with-media__content flex flex-col justify-center basis-1 md:basis-1\/2\">\n                      <h2 class=\"content-with-media__heading h3\">TLC Ocynkownia &#038; Packing Center<\/h2>\n                                <div class=\"content-with-media__description content-simple text-text-primary copy2 mt-[2rem] md:mt-[4.8rem]\">\n              <p>Nous exploitons une installation moderne \u00e9quip\u00e9e de technologies avanc\u00e9es de protection anticorrosion bas\u00e9es sur la galvanisation \u00e0 chaud, d\u00e9velopp\u00e9es en collaboration avec l&#8217;Institut des m\u00e9taux non ferreux de Gliwice.<br \/>\nEn tant que fabricant d&#8217;escaliers et de structures en acier pour les secteurs industriel et de la construction, nous \u00e9largissons notre offre pour inclure des services de galvanisation \u00e0 chaud dans notre usine moderne de Gorlice. Notre processus de production enti\u00e8rement interne, comprenant la galvanisation \u00e0 chaud et le thermolaquage, nous permet de maintenir un contr\u00f4le qualit\u00e9 complet garantissant les normes les plus \u00e9lev\u00e9es pour nos clients.<\/p>\n\n            <\/div>\n                  <\/div>\n        <div class=\"content-with-media__media basis-1 md:basis-1\/2\">\n                      <video class=\"content-with-media__video h-[30rem] md:h-[61.2rem] w-full object-cover\" loop=\"true\" playsinline\n                   autoplay=\"autoplay\" muted height=\"612px\" width=\"612px\" loading=\"lazy\">\n              <source src=\"https:\/\/tlc.eu\/app\/uploads\/2025\/09\/tlc-our-potential-en-web-video-4.mp4\" type=\"video\/mp4\">\n              Your browser does not support the video tag.\n            <\/video>\n                  <\/div>\n      <\/div>\n      <\/div>\n<\/section>\n","protected":false},"excerpt":{"rendered":"","protected":false},"author":4,"featured_media":0,"parent":0,"menu_order":0,"comment_status":"closed","ping_status":"closed","template":"","meta":{"_acf_changed":false,"inline_featured_image":false,"footnotes":""},"class_list":["post-19223","page","type-page","status-publish","hentry"],"acf":[],"yoast_head":"<!-- This site is optimized with the Yoast SEO plugin v23.8 - https:\/\/yoast.com\/wordpress\/plugins\/seo\/ -->\n<title>Notre potentiel - TLC<\/title>\n<meta name=\"robots\" content=\"index, follow, max-snippet:-1, max-image-preview:large, max-video-preview:-1\" \/>\n<link rel=\"canonical\" href=\"https:\/\/tlc.eu\/fr\/notre-potentiel\/\" \/>\n<meta property=\"og:locale\" content=\"fr_FR\" \/>\n<meta property=\"og:type\" content=\"article\" \/>\n<meta property=\"og:title\" content=\"Notre potentiel - TLC\" \/>\n<meta property=\"og:url\" content=\"https:\/\/tlc.eu\/fr\/notre-potentiel\/\" \/>\n<meta property=\"og:site_name\" content=\"TLC\" \/>\n<meta property=\"article:modified_time\" content=\"2025-09-15T11:30:36+00:00\" \/>\n<meta name=\"twitter:card\" content=\"summary_large_image\" \/>\n<script type=\"application\/ld+json\" class=\"yoast-schema-graph\">{\"@context\":\"https:\/\/schema.org\",\"@graph\":[{\"@type\":\"WebPage\",\"@id\":\"https:\/\/tlc.eu\/fr\/notre-potentiel\/\",\"url\":\"https:\/\/tlc.eu\/fr\/notre-potentiel\/\",\"name\":\"Notre potentiel - TLC\",\"isPartOf\":{\"@id\":\"https:\/\/tlc.eu\/fr\/#website\"},\"datePublished\":\"2024-09-10T11:41:58+00:00\",\"dateModified\":\"2025-09-15T11:30:36+00:00\",\"breadcrumb\":{\"@id\":\"https:\/\/tlc.eu\/fr\/notre-potentiel\/#breadcrumb\"},\"inLanguage\":\"fr-FR\",\"potentialAction\":[{\"@type\":\"ReadAction\",\"target\":[\"https:\/\/tlc.eu\/fr\/notre-potentiel\/\"]}]},{\"@type\":\"BreadcrumbList\",\"@id\":\"https:\/\/tlc.eu\/fr\/notre-potentiel\/#breadcrumb\",\"itemListElement\":[{\"@type\":\"ListItem\",\"position\":1,\"name\":\"Home\",\"item\":\"https:\/\/tlc.eu\/fr\/\"},{\"@type\":\"ListItem\",\"position\":2,\"name\":\"Notre potentiel\"}]},{\"@type\":\"WebSite\",\"@id\":\"https:\/\/tlc.eu\/fr\/#website\",\"url\":\"https:\/\/tlc.eu\/fr\/\",\"name\":\"TLC EU Steel Equipment | Design & Production\",\"description\":\"\",\"alternateName\":\"TLC\",\"potentialAction\":[{\"@type\":\"SearchAction\",\"target\":{\"@type\":\"EntryPoint\",\"urlTemplate\":\"https:\/\/tlc.eu\/fr\/?s={search_term_string}\"},\"query-input\":{\"@type\":\"PropertyValueSpecification\",\"valueRequired\":true,\"valueName\":\"search_term_string\"}}],\"inLanguage\":\"fr-FR\"}]}<\/script>\n<!-- \/ Yoast SEO plugin. -->","yoast_head_json":{"title":"Notre potentiel - TLC","robots":{"index":"index","follow":"follow","max-snippet":"max-snippet:-1","max-image-preview":"max-image-preview:large","max-video-preview":"max-video-preview:-1"},"canonical":"https:\/\/tlc.eu\/fr\/notre-potentiel\/","og_locale":"fr_FR","og_type":"article","og_title":"Notre potentiel - TLC","og_url":"https:\/\/tlc.eu\/fr\/notre-potentiel\/","og_site_name":"TLC","article_modified_time":"2025-09-15T11:30:36+00:00","twitter_card":"summary_large_image","schema":{"@context":"https:\/\/schema.org","@graph":[{"@type":"WebPage","@id":"https:\/\/tlc.eu\/fr\/notre-potentiel\/","url":"https:\/\/tlc.eu\/fr\/notre-potentiel\/","name":"Notre potentiel - TLC","isPartOf":{"@id":"https:\/\/tlc.eu\/fr\/#website"},"datePublished":"2024-09-10T11:41:58+00:00","dateModified":"2025-09-15T11:30:36+00:00","breadcrumb":{"@id":"https:\/\/tlc.eu\/fr\/notre-potentiel\/#breadcrumb"},"inLanguage":"fr-FR","potentialAction":[{"@type":"ReadAction","target":["https:\/\/tlc.eu\/fr\/notre-potentiel\/"]}]},{"@type":"BreadcrumbList","@id":"https:\/\/tlc.eu\/fr\/notre-potentiel\/#breadcrumb","itemListElement":[{"@type":"ListItem","position":1,"name":"Home","item":"https:\/\/tlc.eu\/fr\/"},{"@type":"ListItem","position":2,"name":"Notre potentiel"}]},{"@type":"WebSite","@id":"https:\/\/tlc.eu\/fr\/#website","url":"https:\/\/tlc.eu\/fr\/","name":"TLC EU Steel Equipment | Design & Production","description":"","alternateName":"TLC","potentialAction":[{"@type":"SearchAction","target":{"@type":"EntryPoint","urlTemplate":"https:\/\/tlc.eu\/fr\/?s={search_term_string}"},"query-input":{"@type":"PropertyValueSpecification","valueRequired":true,"valueName":"search_term_string"}}],"inLanguage":"fr-FR"}]}},"_links":{"self":[{"href":"https:\/\/tlc.eu\/fr\/wp-json\/wp\/v2\/pages\/19223","targetHints":{"allow":["GET"]}}],"collection":[{"href":"https:\/\/tlc.eu\/fr\/wp-json\/wp\/v2\/pages"}],"about":[{"href":"https:\/\/tlc.eu\/fr\/wp-json\/wp\/v2\/types\/page"}],"author":[{"embeddable":true,"href":"https:\/\/tlc.eu\/fr\/wp-json\/wp\/v2\/users\/4"}],"replies":[{"embeddable":true,"href":"https:\/\/tlc.eu\/fr\/wp-json\/wp\/v2\/comments?post=19223"}],"version-history":[{"count":4,"href":"https:\/\/tlc.eu\/fr\/wp-json\/wp\/v2\/pages\/19223\/revisions"}],"predecessor-version":[{"id":22591,"href":"https:\/\/tlc.eu\/fr\/wp-json\/wp\/v2\/pages\/19223\/revisions\/22591"}],"wp:attachment":[{"href":"https:\/\/tlc.eu\/fr\/wp-json\/wp\/v2\/media?parent=19223"}],"curies":[{"name":"wp","href":"https:\/\/api.w.org\/{rel}","templated":true}]}}