{"id":19230,"date":"2024-09-18T12:59:44","date_gmt":"2024-09-18T12:59:44","guid":{"rendered":"https:\/\/tlc.eu\/our-products\/walkway-systems\/services\/"},"modified":"2025-09-15T13:44:58","modified_gmt":"2025-09-15T13:44:58","slug":"services","status":"publish","type":"page","link":"https:\/\/tlc.eu\/fr\/nos-produits\/walkway-systems\/services\/","title":{"rendered":"Services"},"content":{"rendered":"<section data-block_c03ab3061ef4507553aed63f39486a8d class=\"section content-with-media aligncenter\">\n  <div class=\"wrapper\">\n              <div\n        class=\"content-with-media__container flex flex-col gap-[4.8rem] md:gap-[8rem] flex-col md:flex-row-reverse\">\n        <div class=\"content-with-media__content flex flex-col justify-center basis-1 md:basis-1\/2\">\n                      <h2 class=\"content-with-media__heading h3\">Pourquoi confier \u00e0 TLC la pose de votre escalier industriel ?<\/h2>\n                                <div class=\"content-with-media__description content-simple text-text-primary copy2 mt-[2rem] md:mt-[4.8rem]\">\n              <p>Nous offrons \u00e0 nos clients un service complet, de la conception \u00e0 l&#8217;installation finale en passant par la production. Notre exp\u00e9rience et notre pr\u00e9cision dans l&#8217;installation garantissent que les escaliers industriels et les syst\u00e8mes de passerelles sont non seulement fonctionnels mais surtout s\u00fbrs et conformes aux normes et standards requis.<\/p>\n\n            <\/div>\n                  <\/div>\n        <div class=\"content-with-media__media basis-1 md:basis-1\/2\">\n                      <video class=\"content-with-media__video h-[30rem] md:h-[61.2rem] w-full object-cover\" loop=\"true\" playsinline\n                   autoplay=\"autoplay\" muted height=\"612px\" width=\"612px\" loading=\"lazy\">\n              <source src=\"https:\/\/tlc.eu\/app\/uploads\/2025\/09\/tlc-services-en-web-video-1.mp4\" type=\"video\/mp4\">\n              Your browser does not support the video tag.\n            <\/video>\n                  <\/div>\n      <\/div>\n      <\/div>\n<\/section>\n\n\n<section data-block_74dfa78c3cae056885b7ff2952df5a42 class=\"section content-with-media aligncenter\">\n  <div class=\"wrapper\">\n              <div\n        class=\"content-with-media__container flex flex-col gap-[4.8rem] md:gap-[8rem] flex-col md:flex-row\">\n        <div class=\"content-with-media__content flex flex-col justify-center basis-1 md:basis-1\/2\">\n                      <h2 class=\"content-with-media__heading h3\">Installation professionnelle depuis le fabricant<\/h2>\n                                <div class=\"content-with-media__description content-simple text-text-primary copy2 mt-[2rem] md:mt-[4.8rem]\">\n              <p>En tant que fabricant d&#8217;escaliers industriels, nous ma\u00eetrisons l&#8217;ensemble du processus, allant de la conception \u00e0 l&#8217;installation sur place. Cela signifie que les clients peuvent compter sur la coh\u00e9rence et la pr\u00e9cision de l&#8217;ex\u00e9cution. Chaque \u00e9tape de l&#8217;installation est soigneusement planifi\u00e9e et ex\u00e9cut\u00e9e, ce qui minimise le risque d&#8217;erreurs et garantit un processus rapide et fluide sans perturber le calendrier de construction.<\/p>\n<p>Notre \u00e9quipe de montage est compos\u00e9e de sp\u00e9cialistes qualifi\u00e9s poss\u00e9dant une vaste exp\u00e9rience dans divers secteurs industriels. Cela nous permet de monter des escaliers de mani\u00e8re efficace et efficiente dans n&#8217;importe quel environnement, qu&#8217;il s&#8217;agisse d&#8217;usines de production, d&#8217;entrep\u00f4ts ou d&#8217;autres locaux industriels. Le montage est toujours effectu\u00e9 selon les exigences techniques et adapt\u00e9 aux conditions du chantier.<\/p>\n\n            <\/div>\n                  <\/div>\n        <div class=\"content-with-media__media basis-1 md:basis-1\/2\">\n                      <img decoding=\"async\" src=\"https:\/\/tlc.eu\/app\/uploads\/2024\/10\/assembly-tlc.jpg\" alt=\"TLC\" height=\"612px\" width=\"612px\"\n                 loading=\"lazy\" class=\"content-with-media__image h-[30rem] md:h-[61.2rem] w-full object-cover\">\n                  <\/div>\n      <\/div>\n      <\/div>\n<\/section>\n\n\n<section data-block_845eba159194c149d06eb1ef905b920b class=\"section content-with-media aligncenter\">\n  <div class=\"wrapper\">\n              <div\n        class=\"content-with-media__container flex flex-col gap-[4.8rem] md:gap-[8rem] flex-col md:flex-row-reverse\">\n        <div class=\"content-with-media__content flex flex-col justify-center basis-1 md:basis-1\/2\">\n                      <h2 class=\"content-with-media__heading h3\">Processus d&#8217;installation rapide et efficace<\/h2>\n                                <div class=\"content-with-media__description content-simple text-text-primary copy2 mt-[2rem] md:mt-[4.8rem]\">\n              <p>Nous comprenons que le temps pass\u00e9 sur un chantier est crucial, c&#8217;est pourquoi notre installation est organis\u00e9e et suit un calendrier convenu. Gr\u00e2ce \u00e0 nos connaissances et \u00e0 notre exp\u00e9rience, nous pouvons r\u00e9aliser des installations rapidement et efficacement en minimisant les temps d&#8217;arr\u00eat de la production, des op\u00e9rations sur les installations ou des processus de construction.<\/p>\n<p>Chaque projet n\u00e9cessite une approche individuelle, c&#8217;est pourquoi l&#8217;installation avec TLC est adapt\u00e9e aux conditions sp\u00e9cifiques de l&#8217;installation. Nos syst\u00e8mes d&#8217;escaliers et de passerelles peuvent \u00eatre install\u00e9s dans diverses configurations et \u00e0 diff\u00e9rents niveaux, ce qui permet une adaptation compl\u00e8te \u00e0 l&#8217;infrastructure du site ou de l&#8217;installation.<\/p>\n\n            <\/div>\n                  <\/div>\n        <div class=\"content-with-media__media basis-1 md:basis-1\/2\">\n                      <img decoding=\"async\" src=\"https:\/\/tlc.eu\/app\/uploads\/2024\/10\/assembly-tlc2.jpg\" alt=\"TLC\" height=\"612px\" width=\"612px\"\n                 loading=\"lazy\" class=\"content-with-media__image h-[30rem] md:h-[61.2rem] w-full object-cover\">\n                  <\/div>\n      <\/div>\n      <\/div>\n<\/section>\n\n\n<section data-block_de772c807d25680986a80d5a61a0e018 class=\"section content-with-media aligncenter\">\n  <div class=\"wrapper\">\n              <div\n        class=\"content-with-media__container flex flex-col gap-[4.8rem] md:gap-[8rem] flex-col md:flex-row\">\n        <div class=\"content-with-media__content flex flex-col justify-center basis-1 md:basis-1\/2\">\n                      <h2 class=\"content-with-media__heading h3\">S\u00e9curit\u00e9 d&#8217;installation et d&#8217;utilisation<\/h2>\n                                <div class=\"content-with-media__description content-simple text-text-primary copy2 mt-[2rem] md:mt-[4.8rem]\">\n              <p>La s\u00e9curit\u00e9 est notre priorit\u00e9 \u00e0 chaque \u00e9tape du travail. L&#8217;installation des syst\u00e8mes d&#8217;escaliers et de passerelles industriels est effectu\u00e9e dans le respect des normes de s\u00e9curit\u00e9 les plus \u00e9lev\u00e9es, et les structures achev\u00e9es r\u00e9pondent aux normes de s\u00e9curit\u00e9 requises. Nous accordons une attention particuli\u00e8re aux d\u00e9tails afin de garantir une protection maximale aux utilisateurs.<\/p>\n\n            <\/div>\n                  <\/div>\n        <div class=\"content-with-media__media basis-1 md:basis-1\/2\">\n                      <img decoding=\"async\" src=\"https:\/\/tlc.eu\/app\/uploads\/2024\/10\/assembly-tlc4.jpg\" alt=\"TLC\" height=\"612px\" width=\"612px\"\n                 loading=\"lazy\" class=\"content-with-media__image h-[30rem] md:h-[61.2rem] w-full object-cover\">\n                  <\/div>\n      <\/div>\n      <\/div>\n<\/section>\n\n\n<section data-block_3d7c684027996ae10741e59f9a9b2531 class=\"section content-with-media aligncenter\">\n  <div class=\"wrapper\">\n              <div\n        class=\"content-with-media__container flex flex-col gap-[4.8rem] md:gap-[8rem] flex-col md:flex-row-reverse\">\n        <div class=\"content-with-media__content flex flex-col justify-center basis-1 md:basis-1\/2\">\n                      <h2 class=\"content-with-media__heading h3\">Des projets \u00e0 travers l&#8217;Europe et dans le monde<\/h2>\n                                <div class=\"content-with-media__description content-simple text-text-primary copy2 mt-[2rem] md:mt-[4.8rem]\">\n              <p>Nous proposons nos services d&#8217;installation principalement dans toute l&#8217;Europe, mais nous pouvons ex\u00e9cuter des projets dans le monde entier. Quel que soit le lieu, nous garantissons les m\u00eames normes d&#8217;installation \u00e9lev\u00e9es, en nous adaptant aux exigences et aux conditions du lieu sp\u00e9cifique.<\/p>\n\n            <\/div>\n                  <\/div>\n        <div class=\"content-with-media__media basis-1 md:basis-1\/2\">\n                      <img decoding=\"async\" src=\"https:\/\/tlc.eu\/app\/uploads\/2024\/10\/assembly-tlc5.jpg\" alt=\"TLC\" height=\"612px\" width=\"612px\"\n                 loading=\"lazy\" class=\"content-with-media__image h-[30rem] md:h-[61.2rem] w-full object-cover\">\n                  <\/div>\n      <\/div>\n      <\/div>\n<\/section>\n\n\n<section data-block_7937b2e9faa9dbcedcad7933205d39e3 class=\"section content-with-media aligncenter\">\n  <div class=\"wrapper\">\n              <div\n        class=\"content-with-media__container flex flex-col gap-[4.8rem] md:gap-[8rem] flex-col md:flex-row\">\n        <div class=\"content-with-media__content flex flex-col justify-center basis-1 md:basis-1\/2\">\n                      <h2 class=\"content-with-media__heading h3\"> Mesure g\u00e9od\u00e9sique comme service suppl\u00e9mentaire<\/h2>\n                                <div class=\"content-with-media__description content-simple text-text-primary copy2 mt-[2rem] md:mt-[4.8rem]\">\n              <p>TLC peut effectuer des mesures pour les besoins du projet des clients. Cela est souvent n\u00e9cessaire lorsqu&#8217;il n&#8217;existe pas de mod\u00e8le 3D actuel ou lorsque les syst\u00e8mes de communication sont remplac\u00e9s dans des installations existantes. TLC peut effectuer des mesures initiales ainsi que des mesures des fondations fournies par le client pour garantir que l&#8217;installation des syst\u00e8mes d&#8217;escaliers et de passerelles se d\u00e9roule de la mani\u00e8re la plus optimale possible.<\/p>\n\n            <\/div>\n                  <\/div>\n        <div class=\"content-with-media__media basis-1 md:basis-1\/2\">\n                      <video class=\"content-with-media__video h-[30rem] md:h-[61.2rem] w-full object-cover\" loop=\"true\" playsinline\n                   autoplay=\"autoplay\" muted height=\"612px\" width=\"612px\" loading=\"lazy\">\n              <source src=\"https:\/\/tlc.eu\/app\/uploads\/2025\/09\/tlc-services-en-web-video-2.mp4\" type=\"video\/mp4\">\n              Your browser does not support the video tag.\n            <\/video>\n                  <\/div>\n      <\/div>\n      <\/div>\n<\/section>\n","protected":false},"excerpt":{"rendered":"<p>Nous offrons \u00e0 nos clients un service complet, de la conception \u00e0 l&#8217;installation finale en passant par la production.<\/p>\n","protected":false},"author":4,"featured_media":14095,"parent":19229,"menu_order":0,"comment_status":"closed","ping_status":"closed","template":"template-services.blade.php","meta":{"_acf_changed":false,"inline_featured_image":false,"footnotes":""},"class_list":["post-19230","page","type-page","status-publish","has-post-thumbnail","hentry"],"acf":[],"yoast_head":"<!-- This site is optimized with the Yoast SEO plugin v23.8 - https:\/\/yoast.com\/wordpress\/plugins\/seo\/ -->\n<title>Services - TLC<\/title>\n<meta name=\"description\" content=\"Nous offrons \u00e0 nos clients un service complet, de la conception \u00e0 l&#039;installation finale en passant par la production.\" \/>\n<meta name=\"robots\" content=\"index, follow, max-snippet:-1, max-image-preview:large, max-video-preview:-1\" \/>\n<link rel=\"canonical\" href=\"https:\/\/tlc.eu\/fr\/nos-produits\/walkway-systems\/services\/\" \/>\n<meta property=\"og:locale\" content=\"fr_FR\" \/>\n<meta property=\"og:type\" content=\"article\" \/>\n<meta property=\"og:title\" content=\"Services - TLC\" \/>\n<meta property=\"og:description\" content=\"Nous offrons \u00e0 nos clients un service complet, de la conception \u00e0 l&#039;installation finale en passant par la production.\" \/>\n<meta property=\"og:url\" content=\"https:\/\/tlc.eu\/fr\/nos-produits\/walkway-systems\/services\/\" \/>\n<meta property=\"og:site_name\" content=\"TLC\" \/>\n<meta property=\"article:modified_time\" content=\"2025-09-15T13:44:58+00:00\" \/>\n<meta property=\"og:image\" content=\"https:\/\/tlc.eu\/app\/uploads\/2024\/10\/services.jpg\" \/>\n\t<meta property=\"og:image:width\" content=\"640\" \/>\n\t<meta property=\"og:image:height\" content=\"420\" \/>\n\t<meta property=\"og:image:type\" content=\"image\/jpeg\" \/>\n<meta name=\"twitter:card\" content=\"summary_large_image\" \/>\n<meta name=\"twitter:label1\" content=\"Est. reading time\" \/>\n\t<meta name=\"twitter:data1\" content=\"1 minute\" \/>\n<script type=\"application\/ld+json\" class=\"yoast-schema-graph\">{\"@context\":\"https:\/\/schema.org\",\"@graph\":[{\"@type\":\"WebPage\",\"@id\":\"https:\/\/tlc.eu\/fr\/nos-produits\/walkway-systems\/services\/\",\"url\":\"https:\/\/tlc.eu\/fr\/nos-produits\/walkway-systems\/services\/\",\"name\":\"Services - TLC\",\"isPartOf\":{\"@id\":\"https:\/\/tlc.eu\/fr\/#website\"},\"primaryImageOfPage\":{\"@id\":\"https:\/\/tlc.eu\/fr\/nos-produits\/walkway-systems\/services\/#primaryimage\"},\"image\":{\"@id\":\"https:\/\/tlc.eu\/fr\/nos-produits\/walkway-systems\/services\/#primaryimage\"},\"thumbnailUrl\":\"https:\/\/tlc.eu\/app\/uploads\/2024\/10\/services.jpg\",\"datePublished\":\"2024-09-18T12:59:44+00:00\",\"dateModified\":\"2025-09-15T13:44:58+00:00\",\"description\":\"Nous offrons \u00e0 nos clients un service complet, de la conception \u00e0 l'installation finale en passant par la production.\",\"breadcrumb\":{\"@id\":\"https:\/\/tlc.eu\/fr\/nos-produits\/walkway-systems\/services\/#breadcrumb\"},\"inLanguage\":\"fr-FR\",\"potentialAction\":[{\"@type\":\"ReadAction\",\"target\":[\"https:\/\/tlc.eu\/fr\/nos-produits\/walkway-systems\/services\/\"]}]},{\"@type\":\"ImageObject\",\"inLanguage\":\"fr-FR\",\"@id\":\"https:\/\/tlc.eu\/fr\/nos-produits\/walkway-systems\/services\/#primaryimage\",\"url\":\"https:\/\/tlc.eu\/app\/uploads\/2024\/10\/services.jpg\",\"contentUrl\":\"https:\/\/tlc.eu\/app\/uploads\/2024\/10\/services.jpg\",\"width\":640,\"height\":420},{\"@type\":\"BreadcrumbList\",\"@id\":\"https:\/\/tlc.eu\/fr\/nos-produits\/walkway-systems\/services\/#breadcrumb\",\"itemListElement\":[{\"@type\":\"ListItem\",\"position\":1,\"name\":\"Home\",\"item\":\"https:\/\/tlc.eu\/fr\/\"},{\"@type\":\"ListItem\",\"position\":2,\"name\":\"Nos produits\",\"item\":\"https:\/\/tlc.eu\/fr\/nos-produits\/\"},{\"@type\":\"ListItem\",\"position\":3,\"name\":\"Syst\u00e8mes de passerelles pour l\u2019industrie\",\"item\":\"https:\/\/tlc.eu\/fr\/nos-produits\/walkway-systems\/\"},{\"@type\":\"ListItem\",\"position\":4,\"name\":\"Services\"}]},{\"@type\":\"WebSite\",\"@id\":\"https:\/\/tlc.eu\/fr\/#website\",\"url\":\"https:\/\/tlc.eu\/fr\/\",\"name\":\"TLC EU Steel Equipment | Design & Production\",\"description\":\"\",\"alternateName\":\"TLC\",\"potentialAction\":[{\"@type\":\"SearchAction\",\"target\":{\"@type\":\"EntryPoint\",\"urlTemplate\":\"https:\/\/tlc.eu\/fr\/?s={search_term_string}\"},\"query-input\":{\"@type\":\"PropertyValueSpecification\",\"valueRequired\":true,\"valueName\":\"search_term_string\"}}],\"inLanguage\":\"fr-FR\"}]}<\/script>\n<!-- \/ Yoast SEO plugin. -->","yoast_head_json":{"title":"Services - TLC","description":"Nous offrons \u00e0 nos clients un service complet, de la conception \u00e0 l'installation finale en passant par la production.","robots":{"index":"index","follow":"follow","max-snippet":"max-snippet:-1","max-image-preview":"max-image-preview:large","max-video-preview":"max-video-preview:-1"},"canonical":"https:\/\/tlc.eu\/fr\/nos-produits\/walkway-systems\/services\/","og_locale":"fr_FR","og_type":"article","og_title":"Services - TLC","og_description":"Nous offrons \u00e0 nos clients un service complet, de la conception \u00e0 l'installation finale en passant par la production.","og_url":"https:\/\/tlc.eu\/fr\/nos-produits\/walkway-systems\/services\/","og_site_name":"TLC","article_modified_time":"2025-09-15T13:44:58+00:00","og_image":[{"width":640,"height":420,"url":"https:\/\/tlc.eu\/app\/uploads\/2024\/10\/services.jpg","type":"image\/jpeg"}],"twitter_card":"summary_large_image","twitter_misc":{"Est. reading time":"1 minute"},"schema":{"@context":"https:\/\/schema.org","@graph":[{"@type":"WebPage","@id":"https:\/\/tlc.eu\/fr\/nos-produits\/walkway-systems\/services\/","url":"https:\/\/tlc.eu\/fr\/nos-produits\/walkway-systems\/services\/","name":"Services - TLC","isPartOf":{"@id":"https:\/\/tlc.eu\/fr\/#website"},"primaryImageOfPage":{"@id":"https:\/\/tlc.eu\/fr\/nos-produits\/walkway-systems\/services\/#primaryimage"},"image":{"@id":"https:\/\/tlc.eu\/fr\/nos-produits\/walkway-systems\/services\/#primaryimage"},"thumbnailUrl":"https:\/\/tlc.eu\/app\/uploads\/2024\/10\/services.jpg","datePublished":"2024-09-18T12:59:44+00:00","dateModified":"2025-09-15T13:44:58+00:00","description":"Nous offrons \u00e0 nos clients un service complet, de la conception \u00e0 l'installation finale en passant par la production.","breadcrumb":{"@id":"https:\/\/tlc.eu\/fr\/nos-produits\/walkway-systems\/services\/#breadcrumb"},"inLanguage":"fr-FR","potentialAction":[{"@type":"ReadAction","target":["https:\/\/tlc.eu\/fr\/nos-produits\/walkway-systems\/services\/"]}]},{"@type":"ImageObject","inLanguage":"fr-FR","@id":"https:\/\/tlc.eu\/fr\/nos-produits\/walkway-systems\/services\/#primaryimage","url":"https:\/\/tlc.eu\/app\/uploads\/2024\/10\/services.jpg","contentUrl":"https:\/\/tlc.eu\/app\/uploads\/2024\/10\/services.jpg","width":640,"height":420},{"@type":"BreadcrumbList","@id":"https:\/\/tlc.eu\/fr\/nos-produits\/walkway-systems\/services\/#breadcrumb","itemListElement":[{"@type":"ListItem","position":1,"name":"Home","item":"https:\/\/tlc.eu\/fr\/"},{"@type":"ListItem","position":2,"name":"Nos produits","item":"https:\/\/tlc.eu\/fr\/nos-produits\/"},{"@type":"ListItem","position":3,"name":"Syst\u00e8mes de passerelles pour l\u2019industrie","item":"https:\/\/tlc.eu\/fr\/nos-produits\/walkway-systems\/"},{"@type":"ListItem","position":4,"name":"Services"}]},{"@type":"WebSite","@id":"https:\/\/tlc.eu\/fr\/#website","url":"https:\/\/tlc.eu\/fr\/","name":"TLC EU Steel Equipment | Design & Production","description":"","alternateName":"TLC","potentialAction":[{"@type":"SearchAction","target":{"@type":"EntryPoint","urlTemplate":"https:\/\/tlc.eu\/fr\/?s={search_term_string}"},"query-input":{"@type":"PropertyValueSpecification","valueRequired":true,"valueName":"search_term_string"}}],"inLanguage":"fr-FR"}]}},"_links":{"self":[{"href":"https:\/\/tlc.eu\/fr\/wp-json\/wp\/v2\/pages\/19230","targetHints":{"allow":["GET"]}}],"collection":[{"href":"https:\/\/tlc.eu\/fr\/wp-json\/wp\/v2\/pages"}],"about":[{"href":"https:\/\/tlc.eu\/fr\/wp-json\/wp\/v2\/types\/page"}],"author":[{"embeddable":true,"href":"https:\/\/tlc.eu\/fr\/wp-json\/wp\/v2\/users\/4"}],"replies":[{"embeddable":true,"href":"https:\/\/tlc.eu\/fr\/wp-json\/wp\/v2\/comments?post=19230"}],"version-history":[{"count":6,"href":"https:\/\/tlc.eu\/fr\/wp-json\/wp\/v2\/pages\/19230\/revisions"}],"predecessor-version":[{"id":22604,"href":"https:\/\/tlc.eu\/fr\/wp-json\/wp\/v2\/pages\/19230\/revisions\/22604"}],"up":[{"embeddable":true,"href":"https:\/\/tlc.eu\/fr\/wp-json\/wp\/v2\/pages\/19229"}],"wp:featuredmedia":[{"embeddable":true,"href":"https:\/\/tlc.eu\/fr\/wp-json\/wp\/v2\/media\/14095"}],"wp:attachment":[{"href":"https:\/\/tlc.eu\/fr\/wp-json\/wp\/v2\/media?parent=19230"}],"curies":[{"name":"wp","href":"https:\/\/api.w.org\/{rel}","templated":true}]}}