{"id":26520,"date":"2025-01-24T10:29:09","date_gmt":"2025-01-24T10:29:09","guid":{"rendered":"https:\/\/tlc.eu\/information-clause-for-job-applicants-at-tlc-sp-z-o-o\/"},"modified":"2025-12-10T14:11:17","modified_gmt":"2025-12-10T14:11:17","slug":"polityka-prywatnosci-rekrutacja","status":"publish","type":"page","link":"https:\/\/tlc.eu\/pl\/polityka-prywatnosci-rekrutacja\/","title":{"rendered":"Polityka prywatno\u015bci &#8211; Rekrutacja"},"content":{"rendered":"\n<p>Klauzula Informacyjna dla os\u00f3b ubiegaj\u0105cych si\u0119 o zatrudnienie w TLC RENTAL Sp. z o.o.<\/p>\n\n\n\n<h3 class=\"wp-block-heading\">Administrator Danych Osobowych<\/h3>\n\n\n\n<p><mark style=\"background-color:rgba(0, 0, 0, 0)\" class=\"has-inline-color has-text-primary-color\">Administratorem wszelkich niezb\u0119dnych danych pozyskanych od potencjalnych pracownik\u00f3w w procesie rekrutacji jest<strong> TLC Sp. z o.o., z siedzib\u0105 w Gorlicach pod adresem: ul. Chopina 25N, 38-300 Gorlice (dalej &#8222;TLC&#8221;, &#8222;Sp\u00f3\u0142ka,&#8221; lub &#8222;Administrator&#8221;).  <\/strong><\/mark><\/p>\n\n\n\n<p><strong><br>TLC<\/strong>,  jako administrator przetwarza dane os\u00f3b ubiegaj\u0105cych si\u0119 o zatrudnienie na wszelkich stanowiskach, kt\u00f3re zosta\u0142y sp\u00f3\u0142ce przekazane wszelkimi przyj\u0119tymi kana\u0142ami rekrutacji oraz w trakcie ca\u0142ego procesu rekrutacji.<\/p>\n\n\n\n<p><strong>Zakres, cel i podstawa prawna przetwarzania danych osobowych przez Sp\u00f3\u0142k\u0119<\/strong><\/p>\n\n\n\n<p>Podstaw\u0105 przetwarzania danych przez Administratora s\u0105 przepisy obowi\u0105zuj\u0105cego prawa, przede wszystkim art. 221 \u00a71 k.p., a tak\u017ce przepisy innych akt\u00f3w wykonawczych, a w zakresie szerszym ni\u017c okre\u015blony w tych przepisach oraz w zakresie przysz\u0142ych rekrutacji, wyra\u017cona przez Pa\u0144stwa zgoda.<\/p>\n\n\n\n<p><strong>W zwi\u0105zku z rekrutacj\u0105 Sp\u00f3\u0142ka mo\u017ce przetwarza\u0107 nast\u0119puj\u0105ce dane:<\/strong><\/p>\n\n\n\n<ul class=\"wp-block-list\">\n<li>dane identyfikacyjne (imi\u0119 i nazwisko, data urodzenia),<\/li>\n\n\n\n<li>dane kontaktowe,<\/li>\n\n\n\n<li>dane dotycz\u0105ce wykszta\u0142cenia,<\/li>\n\n\n\n<li>dane dotycz\u0105ce dotychczasowego zatrudnienia,<\/li>\n\n\n\n<li>dane dotycz\u0105ce kwalifikacji zawodowych,<\/li>\n\n\n\n<li>inne dane niezb\u0119dne dla procesu rekrutacji, przy czym dane z pkt. 3) \u2013 6) b\u0119d\u0105 przetwarzane, je\u017celi jest to niezb\u0119dne do wykonywania pracy okre\u015blonego rodzaju lub na okre\u015blonym stanowisku.<\/li>\n<\/ul>\n\n\n\n<p><strong>Dane pozyskane przez Sp\u00f3\u0142k\u0119 w trakcie procesu rekrutacji przetwarzane s\u0105 w nast\u0119puj\u0105cych celach:<\/strong><\/p>\n\n\n\n<ul class=\"wp-block-list\">\n<li>rozpatrzenie kandydatury potencjalnego pracownika na okre\u015blone stanowisko oferowane przez sp\u00f3\u0142k\u0119 (art. 6 ust. 1 lit. c) RODO);<\/li>\n\n\n\n<li>realizacja procesu rekrutacji (art. 6 ust. 1 lit. c) RODO), a w przypadku wyra\u017cenia zgody, tak\u017ce dla potrzeb przysz\u0142ych rekrutacji (art. 6 ust. 1 lit. a) RODO);<\/li>\n\n\n\n<li>w ograniczonym zakresie \u2013 realizacja uprawnie\u0144 do obrony przez ewentualnymi roszczeniami, a tak\u017ce w celu ewentualnego dochodzenia roszcze\u0144 (art. 6 ust. 1 lit. f) RODO).<\/li>\n<\/ul>\n\n\n\n<p>Podanie danych jest dobrowolne, jednak niezb\u0119dne do przeprowadzenia procesu rekrutacji i nawi\u0105zania ewentualnej dalszej wsp\u00f3\u0142pracy.<\/p>\n\n\n\n<p><strong>Okres przechowywania danych osobowych<\/strong><\/p>\n\n\n\n<p>Dane osobowe pozyskane na etapie rekrutacji b\u0119d\u0105 przechowywane w powy\u017cszych celach w podstawowym zakresie przez okres trwania procesu rekrutacyjnego, a w przypadku wyra\u017cenia przez kandydata zgody na wzi\u0119cie udzia\u0142u w przysz\u0142ych procesach rekrutacyjnych dane osobowe b\u0119d\u0105\u0328 przetwarzane do czasu cofni\u0119cia zgody wyra\u017conej w tym celu, nie d\u0142u\u017cej jednak ni\u017c przez 12 miesi\u0119cy. W ograniczonym zakresie dane osobowe b\u0119d\u0105 przechowywane do chwili up\u0142ywu ustawowego okresu przedawnienia ewentualnych roszcze\u0144.<\/p>\n\n\n\n<p><strong>Odbiorcy danych osobowych<\/strong><\/p>\n\n\n\n<p>Sp\u00f3\u0142ka zastrzega sobie prawo do przekazywania danych przetwarzanych w zwi\u0105zku z procesem rekrutacji wsp\u00f3\u0142pracuj\u0105cym z ni\u0105 podmiotom wspieraj\u0105cym proces rekrutacji, a tak\u017ce podmiotom \u015bwiadcz\u0105cym na jej rzecz us\u0142ugi IT oraz inne niezb\u0119dne us\u0142ugi o charakterze niezb\u0119dnym dla funkcjonowania przedsi\u0119biorstwa.<\/p>\n\n\n\n<p><strong>Przekazywanie danych poza Europejski Obszar Gospodarczy (EOG)<\/strong><\/p>\n\n\n\n<p>Sp\u00f3\u0142ka nie przekazuje danych uzyskanych w procesie rekrutacji poza obszar Europejskiego Obszaru Gospodarczego (EOG). Wyj\u0105tek mog\u0105\u0328 stanowi\u0107 dane kandydat\u00f3w, kt\u00f3rych aplikacje zosta\u0142y przekazane za po\u015brednictwem portalu Pracuj.pl, kt\u00f3ry korzysta z us\u0142ug dostawc\u00f3w zlokalizowanych poza obszarem EOG. W tym przypadku zgodnie z informacj\u0105 zawart\u0105 w polityce prywatno\u015bci Grupy Pracuj.pl dane osobowe mog\u0105 zosta\u0107 przekazane poza terytorium EOG. Przekazanie danych odbywa si\u0119\u0328 na podstawie stosowania standardowych klauzul umownych przyj\u0119tych przez Komisj\u0119 (UE) lub uczestnictwa w programie \\\u201dTarcza Prywatno\u015bci\\\u201d ustanowionym na mocy decyzji wykonawczej Komisji (UE) 2016\/1250 z dnia 12 lipca 2016 r. w sprawie adekwatno\u015bci ochrony zapewnianej przez Tarcz\u0119 Prywatno\u015bci UE-USA.<\/p>\n\n\n\n<p><strong>Uprawnienia kandydat\u00f3w do pracy w zakresie przetwarzania danych<\/strong><\/p>\n\n\n\n<p>Na zasadach okre\u015blonych obowi\u0105zuj\u0105cymi przepisami przys\u0142uguj\u0105 Pa\u0144stwu nast\u0119puj\u0105ce prawa zwi\u0105zane z przekazanymi sp\u00f3\u0142ce w procesie rekrutacji danymi:<\/p>\n\n\n\n<ul class=\"wp-block-list\">\n<li>prawo dost\u0119pu do danych;<\/li>\n\n\n\n<li>prawo za\u017c\u0105dania sprostowania danych, ich usuni\u0119cia lub ograniczenia przetwarzania (skorzystanie z niniejszego uprawienia mo\u017ce poci\u0105gn\u0105\u0107 za sob\u0105 konieczno\u015b\u0107 przedwczesnego zako\u0144czenia procesu rekrutacji);<\/li>\n\n\n\n<li>prawo wniesienia sprzeciwu wobec przetwarzania (skorzystanie z niniejszego uprawienia mo\u017ce poci\u0105gn\u0105\u0107 za sob\u0105 konieczno\u015b\u0107 przedwczesnego zako\u0144czenia procesu rekrutacji);<\/li>\n\n\n\n<li>prawo przenoszenia danych do innego administratora (jedynie w zakresie, w jakim podstaw\u0105 przetwarzania danych jest niezb\u0119dno\u015b\u0107 do wykonania umowy lub Pa\u0144stwa zgoda).<\/li>\n<\/ul>\n\n\n\n<p>Je\u017celi przetwarzanie danych odbywa si\u0119 na podstawie zgody, maj\u0105 Pa\u0144stwo prawo do jej cofni\u0119cia w dowolnym momencie bez wp\u0142ywu na zgodno\u015b\u0107 z prawem przetwarzania, kt\u00f3rego dokonano na podstawie zgody przed jej cofni\u0119ciem.<\/p>\n\n\n\n<p>We wszelkich sprawach dotycz\u0105cych przetwarzania danych osobowych, w szczeg\u00f3lno\u015bci korzystania z przys\u0142uguj\u0105cych Pa\u0144stwu praw zwi\u0105zanych z przetwarzaniem danych osobowych, mo\u017cecie Pa\u0144stwo kontaktowa\u0107 si\u0119 z nami poprzez:<\/p>\n\n\n\n<ul class=\"wp-block-list\">\n<li><mark style=\"background-color:rgba(0, 0, 0, 0)\" class=\"has-inline-color has-text-primary-color\">adres email: <a href=\"mailto:info@tlc.eu\">info@tlc.eu<\/a><\/mark><\/li>\n\n\n\n<li><mark style=\"background-color:rgba(0, 0, 0, 0)\" class=\"has-inline-color has-text-primary-color\">telefonicznie pod numerem: +48 505 140 140 <\/mark><\/li>\n\n\n\n<li><mark style=\"background-color:rgba(0, 0, 0, 0)\" class=\"has-inline-color has-text-primary-color\">pisemnie na adres: ul. Chopina 25N, 38-300 Gorlice <\/mark><\/li>\n\n\n\n<li><mark style=\"background-color:rgba(0, 0, 0, 0)\" class=\"has-inline-color has-text-primary-color\">osobi\u015bcie \u2013 po wcze\u015bniejszym ustaleniu spotkania \u2013 w siedzibie sp\u00f3\u0142ki tj. ul. Chopina 25N, 38-300 Gorlice. <\/mark><\/li>\n<\/ul>\n\n\n\n<p>Niezale\u017cnie od uprawnie\u0144 przys\u0142uguj\u0105cych powy\u017cej w zwi\u0105zku z przetwarzaniem danych osobowych, kandydatowi przys\u0142uguje prawo wniesienia skargi do organu nadzorczego, kt\u00f3rym jest Prezes Urz\u0119du Ochrony Danych Osobowych (adres: ul. Stawki 2, 00-193 Warszawa).<\/p>\n\n\n\n<p><\/p>\n","protected":false},"excerpt":{"rendered":"<p>Klauzula Informacyjna dla os\u00f3b ubiegaj\u0105cych si\u0119 o zatrudnienie w TLC RENTAL Sp. z o.o. Administrator Danych Osobowych Administratorem wszelkich niezb\u0119dnych danych pozyskanych od potencjalnych pracownik\u00f3w w procesie rekrutacji jest TLC Sp. z o.o., z siedzib\u0105 w Gorlicach pod adresem: ul. Chopina 25N, 38-300 Gorlice (dalej &#8222;TLC&#8221;, &#8222;Sp\u00f3\u0142ka,&#8221; lub &#8222;Administrator&#8221;). TLC, jako administrator przetwarza dane os\u00f3b &hellip; <a href=\"https:\/\/tlc.eu\/pl\/polityka-prywatnosci-rekrutacja\/\">Continued<\/a><\/p>\n","protected":false},"author":4,"featured_media":0,"parent":0,"menu_order":0,"comment_status":"closed","ping_status":"closed","template":"template-formal.blade.php","meta":{"_acf_changed":false,"inline_featured_image":false,"footnotes":""},"class_list":["post-26520","page","type-page","status-publish","hentry"],"acf":[],"yoast_head":"<!-- This site is optimized with the Yoast SEO plugin v23.8 - https:\/\/yoast.com\/wordpress\/plugins\/seo\/ -->\n<title>Polityka prywatno\u015bci - Rekrutacja - TLC<\/title>\n<meta name=\"description\" content=\"Klauzula Informacyjna dla os\u00f3b ubiegaj\u0105cych si\u0119 o zatrudnienie w TLC Sp. z o.o.\" \/>\n<meta name=\"robots\" content=\"index, follow, max-snippet:-1, max-image-preview:large, max-video-preview:-1\" \/>\n<link rel=\"canonical\" href=\"https:\/\/tlc.eu\/pl\/polityka-prywatnosci-rekrutacja\/\" \/>\n<meta property=\"og:locale\" content=\"pl_PL\" \/>\n<meta property=\"og:type\" content=\"article\" \/>\n<meta property=\"og:title\" content=\"Polityka prywatno\u015bci - Rekrutacja - TLC\" \/>\n<meta property=\"og:description\" content=\"Klauzula Informacyjna dla os\u00f3b ubiegaj\u0105cych si\u0119 o zatrudnienie w TLC Sp. z o.o.\" \/>\n<meta property=\"og:url\" content=\"https:\/\/tlc.eu\/pl\/polityka-prywatnosci-rekrutacja\/\" \/>\n<meta property=\"og:site_name\" content=\"TLC\" \/>\n<meta property=\"article:modified_time\" content=\"2025-12-10T14:11:17+00:00\" \/>\n<meta name=\"twitter:card\" content=\"summary_large_image\" \/>\n<meta name=\"twitter:label1\" content=\"Est. reading time\" \/>\n\t<meta name=\"twitter:data1\" content=\"4 minuta\" \/>\n<script type=\"application\/ld+json\" class=\"yoast-schema-graph\">{\"@context\":\"https:\/\/schema.org\",\"@graph\":[{\"@type\":\"WebPage\",\"@id\":\"https:\/\/tlc.eu\/pl\/polityka-prywatnosci-rekrutacja\/\",\"url\":\"https:\/\/tlc.eu\/pl\/polityka-prywatnosci-rekrutacja\/\",\"name\":\"Polityka prywatno\u015bci - Rekrutacja - TLC\",\"isPartOf\":{\"@id\":\"https:\/\/tlc.eu\/pl\/#website\"},\"datePublished\":\"2025-01-24T10:29:09+00:00\",\"dateModified\":\"2025-12-10T14:11:17+00:00\",\"description\":\"Klauzula Informacyjna dla os\u00f3b ubiegaj\u0105cych si\u0119 o zatrudnienie w TLC Sp. z o.o.\",\"breadcrumb\":{\"@id\":\"https:\/\/tlc.eu\/pl\/polityka-prywatnosci-rekrutacja\/#breadcrumb\"},\"inLanguage\":\"pl-PL\",\"potentialAction\":[{\"@type\":\"ReadAction\",\"target\":[\"https:\/\/tlc.eu\/pl\/polityka-prywatnosci-rekrutacja\/\"]}]},{\"@type\":\"BreadcrumbList\",\"@id\":\"https:\/\/tlc.eu\/pl\/polityka-prywatnosci-rekrutacja\/#breadcrumb\",\"itemListElement\":[{\"@type\":\"ListItem\",\"position\":1,\"name\":\"Home\",\"item\":\"https:\/\/tlc.eu\/pl\/\"},{\"@type\":\"ListItem\",\"position\":2,\"name\":\"Polityka prywatno\u015bci &#8211; Rekrutacja\"}]},{\"@type\":\"WebSite\",\"@id\":\"https:\/\/tlc.eu\/pl\/#website\",\"url\":\"https:\/\/tlc.eu\/pl\/\",\"name\":\"TLC EU Steel Equipment | Design & Production\",\"description\":\"\",\"alternateName\":\"TLC\",\"potentialAction\":[{\"@type\":\"SearchAction\",\"target\":{\"@type\":\"EntryPoint\",\"urlTemplate\":\"https:\/\/tlc.eu\/pl\/?s={search_term_string}\"},\"query-input\":{\"@type\":\"PropertyValueSpecification\",\"valueRequired\":true,\"valueName\":\"search_term_string\"}}],\"inLanguage\":\"pl-PL\"}]}<\/script>\n<!-- \/ Yoast SEO plugin. -->","yoast_head_json":{"title":"Polityka prywatno\u015bci - Rekrutacja - TLC","description":"Klauzula Informacyjna dla os\u00f3b ubiegaj\u0105cych si\u0119 o zatrudnienie w TLC Sp. z o.o.","robots":{"index":"index","follow":"follow","max-snippet":"max-snippet:-1","max-image-preview":"max-image-preview:large","max-video-preview":"max-video-preview:-1"},"canonical":"https:\/\/tlc.eu\/pl\/polityka-prywatnosci-rekrutacja\/","og_locale":"pl_PL","og_type":"article","og_title":"Polityka prywatno\u015bci - Rekrutacja - TLC","og_description":"Klauzula Informacyjna dla os\u00f3b ubiegaj\u0105cych si\u0119 o zatrudnienie w TLC Sp. z o.o.","og_url":"https:\/\/tlc.eu\/pl\/polityka-prywatnosci-rekrutacja\/","og_site_name":"TLC","article_modified_time":"2025-12-10T14:11:17+00:00","twitter_card":"summary_large_image","twitter_misc":{"Est. reading time":"4 minuta"},"schema":{"@context":"https:\/\/schema.org","@graph":[{"@type":"WebPage","@id":"https:\/\/tlc.eu\/pl\/polityka-prywatnosci-rekrutacja\/","url":"https:\/\/tlc.eu\/pl\/polityka-prywatnosci-rekrutacja\/","name":"Polityka prywatno\u015bci - Rekrutacja - TLC","isPartOf":{"@id":"https:\/\/tlc.eu\/pl\/#website"},"datePublished":"2025-01-24T10:29:09+00:00","dateModified":"2025-12-10T14:11:17+00:00","description":"Klauzula Informacyjna dla os\u00f3b ubiegaj\u0105cych si\u0119 o zatrudnienie w TLC Sp. z o.o.","breadcrumb":{"@id":"https:\/\/tlc.eu\/pl\/polityka-prywatnosci-rekrutacja\/#breadcrumb"},"inLanguage":"pl-PL","potentialAction":[{"@type":"ReadAction","target":["https:\/\/tlc.eu\/pl\/polityka-prywatnosci-rekrutacja\/"]}]},{"@type":"BreadcrumbList","@id":"https:\/\/tlc.eu\/pl\/polityka-prywatnosci-rekrutacja\/#breadcrumb","itemListElement":[{"@type":"ListItem","position":1,"name":"Home","item":"https:\/\/tlc.eu\/pl\/"},{"@type":"ListItem","position":2,"name":"Polityka prywatno\u015bci &#8211; Rekrutacja"}]},{"@type":"WebSite","@id":"https:\/\/tlc.eu\/pl\/#website","url":"https:\/\/tlc.eu\/pl\/","name":"TLC EU Steel Equipment | Design & Production","description":"","alternateName":"TLC","potentialAction":[{"@type":"SearchAction","target":{"@type":"EntryPoint","urlTemplate":"https:\/\/tlc.eu\/pl\/?s={search_term_string}"},"query-input":{"@type":"PropertyValueSpecification","valueRequired":true,"valueName":"search_term_string"}}],"inLanguage":"pl-PL"}]}},"_links":{"self":[{"href":"https:\/\/tlc.eu\/pl\/wp-json\/wp\/v2\/pages\/26520","targetHints":{"allow":["GET"]}}],"collection":[{"href":"https:\/\/tlc.eu\/pl\/wp-json\/wp\/v2\/pages"}],"about":[{"href":"https:\/\/tlc.eu\/pl\/wp-json\/wp\/v2\/types\/page"}],"author":[{"embeddable":true,"href":"https:\/\/tlc.eu\/pl\/wp-json\/wp\/v2\/users\/4"}],"replies":[{"embeddable":true,"href":"https:\/\/tlc.eu\/pl\/wp-json\/wp\/v2\/comments?post=26520"}],"version-history":[{"count":7,"href":"https:\/\/tlc.eu\/pl\/wp-json\/wp\/v2\/pages\/26520\/revisions"}],"predecessor-version":[{"id":26560,"href":"https:\/\/tlc.eu\/pl\/wp-json\/wp\/v2\/pages\/26520\/revisions\/26560"}],"wp:attachment":[{"href":"https:\/\/tlc.eu\/pl\/wp-json\/wp\/v2\/media?parent=26520"}],"curies":[{"name":"wp","href":"https:\/\/api.w.org\/{rel}","templated":true}]}}