{"id":26524,"date":"2024-10-04T10:41:35","date_gmt":"2024-10-04T10:41:35","guid":{"rendered":"https:\/\/tlc.eu\/cookies\/"},"modified":"2025-12-09T15:30:17","modified_gmt":"2025-12-09T15:30:17","slug":"cookies","status":"publish","type":"page","link":"https:\/\/tlc.eu\/pl\/cookies\/","title":{"rendered":"Cookies"},"content":{"rendered":"\n<h2 class=\"wp-block-heading\">POLITYKA COOKIES<\/h2>\n\n\n\n<p><strong>COOKIES STOSOWANE W RAMACH SERWISU&nbsp;<\/strong><\/p>\n\n\n\n<p><strong>Czym s\u0105 pliki cookies?&nbsp;<\/strong><\/p>\n\n\n\n<p>Pliki cookies to niewielkie pliki tekstowe, kt\u00f3re s\u0105 zapisywane na Twoim komputerze lub smartfonie podczas wy\u015bwietlania Serwisu. Istniej\u0105 r\u00f3\u017cne rodzaje plik\u00f3w cookie, my dzielimy je na:<\/p>\n\n\n\n<ol class=\"wp-block-list\">\n<li>pliki niezb\u0119dne do korzystania z Serwisu,\u00a0<\/li>\n\n\n\n<li>pozosta\u0142e pliki.\u00a0<\/li>\n<\/ol>\n\n\n\n<ol start=\"2\" class=\"wp-block-list\">\n<li>Pliki cookie, kt\u00f3re s\u0105 niezb\u0119dne do korzystania z Serwisu s\u0142u\u017c\u0105 m.in. do zapewnienia stabilno\u015bci jego funkcjonowania (mierz\u0105 ruch, zabezpieczaj\u0105c przed przeci\u0105\u017ceniem Serwisu), zapami\u0119tania wybranych przez Ciebie preferencji dot. prywatno\u015bci, wype\u0142nienia udost\u0119pnionych przez nas formularzy on-line. Te pliki cookie stosowane s\u0105 domy\u015blnie, czyli zapisujemy je na Twoim komputerze lub\u00a0 smartfonie w momencie wej\u015bcia na stron\u0119 Serwisu.<\/li>\n\n\n\n<li>Pozosta\u0142e pliki cookie wykorzystujemy tylko w\u00f3wczas, gdy wyrazisz na to zgod\u0119.\u00a0<\/li>\n\n\n\n<li>Niekt\u00f3re z wykorzystywanych przez nas plik\u00f3w cookies stanowi\u0105 dane osobowe \u2013 administratorem Twoich danych osobowych jest TLC Sp. z o.o. z siedzib\u0105 w Gorlicach, ul. Chopina 25 N.\u00a0 Szczeg\u00f3\u0142owe informacje dotycz\u0105ce przetwarzanie danych osobowych znajduj\u0105 si\u0119 pod adresem: https:\/\/www.tlc.eu\/pl\/polityka-prywatnosci.<\/li>\n\n\n\n<li>Z jakich plik\u00f3w cookies korzystamy?<\/li>\n<\/ol>\n\n\n\n<ul class=\"wp-block-list\">\n<li><strong>Niezb\u0119dne pliki cookie\u00a0<\/strong>\u2013 zapewniaj\u0105 prawid\u0142owe funkcjonowanie Serwisu i jego podstawowych funkcji, korzystanie z nich nie wymaga zgody u\u017cytkownika.<br><br>NIEOBOWI\u0104ZKOWE WYMIENIANIE \u2013 Nie u\u017cywajmy<br><\/li>\n\n\n\n<li><strong>Analityczne pliki cookie<\/strong>\u00a0\u2013 umo\u017cliwiaj\u0105 \u015bledzenie liczby i \u017ar\u00f3de\u0142 odwiedzin, dzi\u0119ki czemu mo\u017cemy mierzy\u0107 i poprawia\u0107 wydajno\u015b\u0107 Serwisu. Je\u017celi odm\u00f3wisz zapisania na Twoim komputerze lub smartfonie analitycznych plik\u00f3w cookie, Twoja wizyta nie b\u0119dzie uwzgl\u0119dniana w naszych statystykach, ale jednocze\u015bnie nie ograniczy to dla Ciebie \u017cadnych funkcjonalno\u015bci Serwisu.<br><\/li>\n\n\n\n<li><strong>Marketingowe pliki cookie<\/strong>\u00a0\u2013 s\u0142u\u017c\u0105 personalizowaniu tre\u015bci, kt\u00f3re s\u0105 Ci wy\u015bwietlane. Mog\u0105 by\u0107 wykorzystywane w naszych kampaniach reklamowych, kt\u00f3re s\u0105 prowadzone na stronach internetowych podmiot\u00f3w trzecich. Je\u017celi wyrazisz zgod\u0119 na korzystanie z marketingowych plik\u00f3w cookie, mo\u017cesz otrzymywa\u0107 informacje o stronach internetowych naszych zaufanych partner\u00f3w, na kt\u00f3rych zareagowa\u0142e\u015b na nasze reklamy. Je\u017celi zrezygnujesz z marketingowych plik\u00f3w cookie, wy\u015bwietlane b\u0119d\u0105 Ci og\u00f3lne i niespersonalizowane reklamy. Je\u017celi odm\u00f3wisz zapisania na Twoim komputerze lub smartfonie marketingowych plik\u00f3w cookie, nie ograniczy to dla Ciebie \u017cadnych funkcjonalno\u015bci Serwisu.<\/li>\n\n\n\n<li><strong>W jaki spos\u00f3b udzielana jest zgoda na pliki cookies?\u00a0<\/strong><\/li>\n<\/ul>\n\n\n\n<p>Podczas wizyty na stronie Serwisu zostanie wy\u015bwietlona informacja w formie pop-up, \u017ce wykorzystuje on pliki cookies. Je\u015bli wybierzesz opcj\u0119 \u201eZezw\u00f3l na wszystkie\u201d, b\u0119dzie to oznacza\u0107, \u017ce akceptujesz wszystkie pliki cookies, kt\u00f3re s\u0105 umieszczone w Serwisie oraz potwierdzasz, \u017ce zapozna\u0142e\u015b si\u0119 z informacjami na temat plik\u00f3w cookies oraz cel\u00f3w ich stosowania. Niezb\u0119dne pliki cookie zwolnione s\u0105 z obowi\u0105zku uzyskania zgody.<\/p>\n\n\n\n<p>Wybieraj\u0105c opcj\u0119 \u201cOdrzu\u0107 wszystkie\u201d, odrzucisz wszystkie, pr\u00f3cz technicznie niezb\u0119dnych, plik\u00f3w cookie, kt\u00f3re stosowane s\u0105 w ramach Serwisu.&nbsp;<\/p>\n\n\n\n<p>W ka\u017cdym czasie mo\u017cesz szczeg\u00f3\u0142owo zarz\u0105dza\u0107 swoimi preferencjami dotycz\u0105cymi plik\u00f3w cookies, poprzez wyb\u00f3r jednego z dost\u0119pnych przycisk\u00f3w umo\u017cliwiaj\u0105cych Odmow\u0119 lub Personalizacj\u0119 tre\u015bci&nbsp; na wy\u015bwietlonym Ci banerze cookies.&nbsp;<\/p>\n\n\n\n<ol start=\"2\" class=\"wp-block-list\">\n<li><strong>COOKIES PODMIOT\u00d3W TRZECICH<\/strong><\/li>\n<\/ol>\n\n\n\n<p><strong>Google<\/strong>\u2028<\/p>\n\n\n\n<p>Wykorzystujemy pliki cookies administrowane przez Google Inc. 1600 Amphitheatre Pkwy, Mountain View, CA 94043, Stany Zjednoczone w ramach us\u0142ug:<\/p>\n\n\n\n<ul class=\"wp-block-list\">\n<li>Google Ads \u2013 pozwalaj\u0105 one na prowadzenie i ocen\u0119 jako\u015bci kampanii reklamowych, realizowanych przy u\u017cyciu us\u0142ugi Google Ads,<\/li>\n\n\n\n<li>Google Analytics \u2013 pozwalaj\u0105 one na ocen\u0119 jako\u015bci kampanii reklamowych, realizowanych przy u\u017cyciu us\u0142ugi Google Ads, a tak\u017ce na badanie zachowa\u0144 i ruchu u\u017cytkownik\u00f3w oraz sporz\u0105dzanie statystyk ruchu,<\/li>\n\n\n\n<li>YouTube \u2013 pozwalaj\u0105 one na przechowywanie informacji o u\u017cytkowniku, kt\u00f3re umo\u017cliwiaj\u0105 korzystanie z funkcjonalno\u015bci us\u0142ugi YouTube. Google Inc. mo\u017ce \u015bledzi\u0107 odtwarzanie film\u00f3w przez U\u017cytkownika.<\/li>\n<\/ul>\n\n\n\n<p>Google wykorzystuje informacje udost\u0119pniane w witrynach i aplikacjach do \u015bwiadczenia i ulepszania us\u0142ug, zarz\u0105dzania nimi, opracowywania nowych us\u0142ug, mierzenia skuteczno\u015bci reklam, ochrony przez oszustwami i nadu\u017cyciami, a tak\u017ce personalizowania tre\u015bci i reklam wy\u015bwietlanych w Google oraz witrynach i aplikacjach partner\u00f3w. Google u\u017cywa danych zgodnie z zasadami opisanymi na stronie:&nbsp;<a href=\"https:\/\/policies.google.com\/technologies\/partner-sites\"><strong>https:\/\/policies.google.com\/technologies\/partner-sites<\/strong><\/a><\/p>\n\n\n\n<p>Zbierane przez Google dane maj\u0105 charakter anonimowy i zbiorczy. W szczeg\u00f3lno\u015bci nie zawieraj\u0105 cech identyfikuj\u0105cych (rozumianych jako dane osobowe) u\u017cytkownik\u00f3w stron internetowych. Korzystaj\u0105c z wymienionych us\u0142ug zbieramy takie dane jak \u017ar\u00f3d\u0142a pozyskania u\u017cytkownik\u00f3w odwiedzaj\u0105cych strony internetowe, a tak\u017ce oraz spos\u00f3b ich zachowania na stronach stron internetowych, informacje na temat u\u017cywanych przez nich urz\u0105dze\u0144 i przegl\u0105darek, adres IP, domen\u0119, dane demograficzne (wiek, p\u0142e\u0107), zainteresowania i dane geograficzne, ilo\u015b\u0107 sesji, odwiedzanych stron w serwisie.<\/p>\n\n\n\n<p><strong>Facebook<\/strong>\u2028Wykorzystujemy pliki cookies stosowane w serwisie Facebook nale\u017c\u0105cym do Meta Platforms Inc. 1 Hacker Way, Menlo Park, CA 94025, Stany Zjednoczone. Pliki te mog\u0105 by\u0107 wykorzystywane w celu przetwarzania w serwisie Facebook Twoich czynno\u015bci wykonanych z u\u017cyciem przycisk\u00f3w \u201eUdost\u0119pnij\u201d lub \u201eLubi\u0119 to\u201d. Przetwarzanie tych czynno\u015bci mo\u017ce mie\u0107 charakter publiczny. Ponadto, pliki cookies udost\u0119pnione przez Facebook umo\u017cliwiaj\u0105 nam badanie zachowa\u0144 i ruchu u\u017cytkownik\u00f3w, by dostosowa\u0107 wy\u015bwietlane tre\u015bci reklamowe do Twoich zainteresowa\u0144.<\/p>\n\n\n\n<p>Pliki te u\u0142atwiaj\u0105 serwisowi Facebook dostarczanie, zabezpieczanie i usprawnianie produkt\u00f3w firmy Meta poprzez personalizacj\u0119 materia\u0142\u00f3w, dostosowywanie reklam i pomiar ich skuteczno\u015bci oraz bezpieczniejsz\u0105 obs\u0142ug\u0119 u\u017cytkownika.<\/p>\n\n\n\n<p>Facebook u\u017cywa danych zgodnie z zasadami opisanymi na stronie:&nbsp;<a href=\"https:\/\/www.facebook.com\/policies\/cookies\/\"><strong>https:\/\/www.facebook.com\/policies\/cookies\/<\/strong><\/a><\/p>\n\n\n\n<p><strong>LinkedIn<\/strong>\u2028Wykorzystujemy pliki cookies stosowane przez LinkedIn Ireland Unlimited Company. Pliki te mog\u0105 by\u0107 wykorzystywane w celu przetwarzania w serwisie LinkedIn Twoich czynno\u015bci wykonanych z u\u017cyciem przycisk\u00f3w \u201eUdost\u0119pnij\u201d lub \u201eLubi\u0119 to\u201d. Przetwarzanie tych czynno\u015bci mo\u017ce mie\u0107 charakter publiczny. Ponadto, pliki cookies udost\u0119pnione przez LinkedIn umo\u017cliwiaj\u0105 nam badanie zachowa\u0144 i ruchu u\u017cytkownik\u00f3w, by dostosowa\u0107 wy\u015bwietlane tre\u015bci reklamowe do Twoich zainteresowa\u0144.<\/p>\n\n\n\n<p>Pliki te u\u0142atwiaj\u0105 LinkedIn dostarczanie, zabezpieczanie i usprawnianie produkt\u00f3w poprzez personalizacj\u0119 materia\u0142\u00f3w, dostosowywanie reklam i pomiar ich skuteczno\u015bci oraz bezpieczniejsz\u0105 obs\u0142ug\u0119 u\u017cytkownika.<\/p>\n\n\n\n<p>LinkedIn u\u017cywa danych zgodnie z zasadami opisanymi na stronie:&nbsp;<a href=\"https:\/\/pl.linkedin.com\/legal\/cookie-policy\"><strong>https:\/\/pl.linkedin.com\/legal\/cookie-policy<\/strong><\/a><\/p>\n\n\n\n<p><strong>reCAPTCHA<\/strong><\/p>\n\n\n\n<p>W celu ochrony formularzy przed spamem i atakami bot\u00f3w, strony mog\u0105 korzysta\u0107 z narz\u0119dzia reCAPTCHA, kt\u00f3re mo\u017ce wykorzystywa\u0107 pliki cookies<\/p>\n\n\n\n<ol start=\"3\" class=\"wp-block-list\">\n<li><strong>TAGI PIXELOWE<\/strong><\/li>\n<\/ol>\n\n\n\n<p>Wykorzystujemy stosowan\u0105 przez Facebook Inc. 1 Hacker Way, Menlo Park, CA 94025, Stany Zjednoczone technologi\u0119 tag\u00f3w pikselowych. S\u0105 to elementy publikowane w tre\u015bciach cyfrowych i umo\u017cliwiaj\u0105 rejestrowanie informacji np. o aktywno\u015bci realizowanej w ramach Serwisu, a tak\u017ce ocen\u0119 skuteczno\u015bci stosowanych w profilu reklam. Zarz\u0105dzanie tagiem pixelowym Facebook Inc. jest mo\u017cliwe za po\u015brednictwem serwisu Facebook, w jego panelu u\u017cytkownika.<\/p>\n\n\n\n<p>Wykorzystujemy stosowan\u0105 przez LinkedIn Ireland Unlimited Company technologi\u0119 tag\u00f3w pikselowych. S\u0105 to elementy publikowane w tre\u015bciach cyfrowych i umo\u017cliwiaj\u0105 rejestrowanie informacji np. o aktywno\u015bci realizowanej na stronie internetowej, a tak\u017ce ocen\u0119 skuteczno\u015bci stosowanych w profilu reklam. Zarz\u0105dzanie tagiem pixelowym LinkedIn jest mo\u017cliwe za po\u015brednictwem serwisu LinkedIn w jego panelu u\u017cytkownika.<\/p>\n\n\n\n<ol start=\"4\" class=\"wp-block-list\">\n<li><strong>KLUCZ IDENTYFIKACYJNY A POWIADOMIENIA TYPU WEBPUSH<\/strong><\/li>\n<\/ol>\n\n\n\n<p>Serwis mog\u0105 korzysta\u0107 z rozwi\u0105za\u0144 typu powiadomienia webpush z pozycji przegl\u0105darki internetowej. U\u017cytkownik mo\u017ce wyrazi\u0107 dobrowoln\u0105 zgod\u0119 na otrzymywanie takich powiadomie\u0144 i wy\u0142\u0105czy\u0107 je w ka\u017cdym czasie w ustawieniach przegl\u0105darki, z kt\u00f3rej zezwala\u0142 na powiadomienia. Do \u015bwiadczenia tego typu us\u0142ug zbierane s\u0105 dane w postaci dedykowanych kod\u00f3w identyfikacyjnych u\u017cytkownika, kt\u00f3re s\u0105 administrowane przez dostawc\u0119 rozwi\u0105za\u0144 webpush, z kt\u00f3rymi firma mo\u017ce wsp\u00f3\u0142pracowa\u0107.<\/p>\n\n\n\n<p><br><br><br><br><br><\/p>\n","protected":false},"excerpt":{"rendered":"<p>POLITYKA COOKIES COOKIES STOSOWANE W RAMACH SERWISU&nbsp; Czym s\u0105 pliki cookies?&nbsp; Pliki cookies to niewielkie pliki tekstowe, kt\u00f3re s\u0105 zapisywane na Twoim komputerze lub smartfonie podczas wy\u015bwietlania Serwisu. Istniej\u0105 r\u00f3\u017cne rodzaje plik\u00f3w cookie, my dzielimy je na: Podczas wizyty na stronie Serwisu zostanie wy\u015bwietlona informacja w formie pop-up, \u017ce wykorzystuje on pliki cookies. Je\u015bli wybierzesz &hellip; <a href=\"https:\/\/tlc.eu\/pl\/cookies\/\">Continued<\/a><\/p>\n","protected":false},"author":4,"featured_media":0,"parent":0,"menu_order":0,"comment_status":"closed","ping_status":"closed","template":"template-formal.blade.php","meta":{"_acf_changed":false,"inline_featured_image":false,"footnotes":""},"class_list":["post-26524","page","type-page","status-publish","hentry"],"acf":[],"yoast_head":"<!-- This site is optimized with the Yoast SEO plugin v23.8 - https:\/\/yoast.com\/wordpress\/plugins\/seo\/ -->\n<title>Cookies - TLC<\/title>\n<meta name=\"robots\" content=\"index, follow, max-snippet:-1, max-image-preview:large, max-video-preview:-1\" \/>\n<link rel=\"canonical\" href=\"https:\/\/tlc.eu\/pl\/cookies\/\" \/>\n<meta property=\"og:locale\" content=\"pl_PL\" \/>\n<meta property=\"og:type\" content=\"article\" \/>\n<meta property=\"og:title\" content=\"Cookies - TLC\" \/>\n<meta property=\"og:description\" content=\"POLITYKA COOKIES COOKIES STOSOWANE W RAMACH SERWISU&nbsp; Czym s\u0105 pliki cookies?&nbsp; Pliki cookies to niewielkie pliki tekstowe, kt\u00f3re s\u0105 zapisywane na Twoim komputerze lub smartfonie podczas wy\u015bwietlania Serwisu. Istniej\u0105 r\u00f3\u017cne rodzaje plik\u00f3w cookie, my dzielimy je na: Podczas wizyty na stronie Serwisu zostanie wy\u015bwietlona informacja w formie pop-up, \u017ce wykorzystuje on pliki cookies. Je\u015bli wybierzesz &hellip; Continued\" \/>\n<meta property=\"og:url\" content=\"https:\/\/tlc.eu\/pl\/cookies\/\" \/>\n<meta property=\"og:site_name\" content=\"TLC\" \/>\n<meta property=\"article:modified_time\" content=\"2025-12-09T15:30:17+00:00\" \/>\n<meta name=\"twitter:card\" content=\"summary_large_image\" \/>\n<meta name=\"twitter:label1\" content=\"Est. reading time\" \/>\n\t<meta name=\"twitter:data1\" content=\"5 minuta\" \/>\n<script type=\"application\/ld+json\" class=\"yoast-schema-graph\">{\"@context\":\"https:\/\/schema.org\",\"@graph\":[{\"@type\":\"WebPage\",\"@id\":\"https:\/\/tlc.eu\/pl\/cookies\/\",\"url\":\"https:\/\/tlc.eu\/pl\/cookies\/\",\"name\":\"Cookies - TLC\",\"isPartOf\":{\"@id\":\"https:\/\/tlc.eu\/pl\/#website\"},\"datePublished\":\"2024-10-04T10:41:35+00:00\",\"dateModified\":\"2025-12-09T15:30:17+00:00\",\"breadcrumb\":{\"@id\":\"https:\/\/tlc.eu\/pl\/cookies\/#breadcrumb\"},\"inLanguage\":\"pl-PL\",\"potentialAction\":[{\"@type\":\"ReadAction\",\"target\":[\"https:\/\/tlc.eu\/pl\/cookies\/\"]}]},{\"@type\":\"BreadcrumbList\",\"@id\":\"https:\/\/tlc.eu\/pl\/cookies\/#breadcrumb\",\"itemListElement\":[{\"@type\":\"ListItem\",\"position\":1,\"name\":\"Home\",\"item\":\"https:\/\/tlc.eu\/pl\/\"},{\"@type\":\"ListItem\",\"position\":2,\"name\":\"Cookies\"}]},{\"@type\":\"WebSite\",\"@id\":\"https:\/\/tlc.eu\/pl\/#website\",\"url\":\"https:\/\/tlc.eu\/pl\/\",\"name\":\"TLC EU Steel Equipment | Design & Production\",\"description\":\"\",\"alternateName\":\"TLC\",\"potentialAction\":[{\"@type\":\"SearchAction\",\"target\":{\"@type\":\"EntryPoint\",\"urlTemplate\":\"https:\/\/tlc.eu\/pl\/?s={search_term_string}\"},\"query-input\":{\"@type\":\"PropertyValueSpecification\",\"valueRequired\":true,\"valueName\":\"search_term_string\"}}],\"inLanguage\":\"pl-PL\"}]}<\/script>\n<!-- \/ Yoast SEO plugin. -->","yoast_head_json":{"title":"Cookies - TLC","robots":{"index":"index","follow":"follow","max-snippet":"max-snippet:-1","max-image-preview":"max-image-preview:large","max-video-preview":"max-video-preview:-1"},"canonical":"https:\/\/tlc.eu\/pl\/cookies\/","og_locale":"pl_PL","og_type":"article","og_title":"Cookies - TLC","og_description":"POLITYKA COOKIES COOKIES STOSOWANE W RAMACH SERWISU&nbsp; Czym s\u0105 pliki cookies?&nbsp; Pliki cookies to niewielkie pliki tekstowe, kt\u00f3re s\u0105 zapisywane na Twoim komputerze lub smartfonie podczas wy\u015bwietlania Serwisu. Istniej\u0105 r\u00f3\u017cne rodzaje plik\u00f3w cookie, my dzielimy je na: Podczas wizyty na stronie Serwisu zostanie wy\u015bwietlona informacja w formie pop-up, \u017ce wykorzystuje on pliki cookies. Je\u015bli wybierzesz &hellip; Continued","og_url":"https:\/\/tlc.eu\/pl\/cookies\/","og_site_name":"TLC","article_modified_time":"2025-12-09T15:30:17+00:00","twitter_card":"summary_large_image","twitter_misc":{"Est. reading time":"5 minuta"},"schema":{"@context":"https:\/\/schema.org","@graph":[{"@type":"WebPage","@id":"https:\/\/tlc.eu\/pl\/cookies\/","url":"https:\/\/tlc.eu\/pl\/cookies\/","name":"Cookies - TLC","isPartOf":{"@id":"https:\/\/tlc.eu\/pl\/#website"},"datePublished":"2024-10-04T10:41:35+00:00","dateModified":"2025-12-09T15:30:17+00:00","breadcrumb":{"@id":"https:\/\/tlc.eu\/pl\/cookies\/#breadcrumb"},"inLanguage":"pl-PL","potentialAction":[{"@type":"ReadAction","target":["https:\/\/tlc.eu\/pl\/cookies\/"]}]},{"@type":"BreadcrumbList","@id":"https:\/\/tlc.eu\/pl\/cookies\/#breadcrumb","itemListElement":[{"@type":"ListItem","position":1,"name":"Home","item":"https:\/\/tlc.eu\/pl\/"},{"@type":"ListItem","position":2,"name":"Cookies"}]},{"@type":"WebSite","@id":"https:\/\/tlc.eu\/pl\/#website","url":"https:\/\/tlc.eu\/pl\/","name":"TLC EU Steel Equipment | Design & Production","description":"","alternateName":"TLC","potentialAction":[{"@type":"SearchAction","target":{"@type":"EntryPoint","urlTemplate":"https:\/\/tlc.eu\/pl\/?s={search_term_string}"},"query-input":{"@type":"PropertyValueSpecification","valueRequired":true,"valueName":"search_term_string"}}],"inLanguage":"pl-PL"}]}},"_links":{"self":[{"href":"https:\/\/tlc.eu\/pl\/wp-json\/wp\/v2\/pages\/26524","targetHints":{"allow":["GET"]}}],"collection":[{"href":"https:\/\/tlc.eu\/pl\/wp-json\/wp\/v2\/pages"}],"about":[{"href":"https:\/\/tlc.eu\/pl\/wp-json\/wp\/v2\/types\/page"}],"author":[{"embeddable":true,"href":"https:\/\/tlc.eu\/pl\/wp-json\/wp\/v2\/users\/4"}],"replies":[{"embeddable":true,"href":"https:\/\/tlc.eu\/pl\/wp-json\/wp\/v2\/comments?post=26524"}],"version-history":[{"count":2,"href":"https:\/\/tlc.eu\/pl\/wp-json\/wp\/v2\/pages\/26524\/revisions"}],"predecessor-version":[{"id":26527,"href":"https:\/\/tlc.eu\/pl\/wp-json\/wp\/v2\/pages\/26524\/revisions\/26527"}],"wp:attachment":[{"href":"https:\/\/tlc.eu\/pl\/wp-json\/wp\/v2\/media?parent=26524"}],"curies":[{"name":"wp","href":"https:\/\/api.w.org\/{rel}","templated":true}]}}