{"id":26538,"date":"2024-09-18T12:59:44","date_gmt":"2024-09-18T12:59:44","guid":{"rendered":"https:\/\/tlc.eu\/services\/"},"modified":"2025-12-16T09:45:43","modified_gmt":"2025-12-16T09:45:43","slug":"uslugi","status":"publish","type":"page","link":"https:\/\/tlc.eu\/pl\/nasze-produkty\/systemy-dostepowe-dla-przemyslu-pl\/uslugi\/","title":{"rendered":"Us\u0142ugi"},"content":{"rendered":"<section data-block_eea4c0c8f21569bedd613ce977adbc32 class=\"section content-with-media aligncenter\">\n  <div class=\"wrapper\">\n              <div\n        class=\"content-with-media__container flex flex-col gap-[4.8rem] md:gap-[8rem] flex-col md:flex-row-reverse\">\n        <div class=\"content-with-media__content flex flex-col justify-center basis-1 md:basis-1\/2\">\n                      <h2 class=\"content-with-media__heading h3\">Dlaczego warto powierzy\u0107 monta\u017c przemys\u0142owej klatki schodowej firmie TLC?<\/h2>\n                                <div class=\"content-with-media__description content-simple text-text-primary copy2 mt-[2rem] md:mt-[4.8rem]\">\n              <p>Zapewniamy naszym klientom kompleksow\u0105 obs\u0142ug\u0119 \u2014 od projektu, przez produkcj\u0119, a\u017c po finalny monta\u017c. Nasze do\u015bwiadczenie oraz precyzja wykonania gwarantuj\u0105, \u017ce przemys\u0142owe klatki schodowe i systemy doj\u015b\u0107 s\u0105 nie tylko funkcjonalne, ale przede wszystkim bezpieczne, spe\u0142niaj\u0105 wymagane normy i standardy.<\/p>\n\n            <\/div>\n                  <\/div>\n        <div class=\"content-with-media__media basis-1 md:basis-1\/2\">\n                      <video class=\"content-with-media__video h-[30rem] md:h-[61.2rem] w-full object-cover\" loop=\"true\" playsinline\n                   autoplay=\"autoplay\" muted height=\"612px\" width=\"612px\" loading=\"lazy\">\n              <source src=\"https:\/\/tlc.eu\/app\/uploads\/2025\/09\/tlc-services-en-web-video-1.mp4\" type=\"video\/mp4\">\n              Your browser does not support the video tag.\n            <\/video>\n                  <\/div>\n      <\/div>\n      <\/div>\n<\/section>\n\n\n<section data-block_d1324030193fe64649ee0f7f3cfc7fb5 class=\"section content-with-media aligncenter\">\n  <div class=\"wrapper\">\n              <div\n        class=\"content-with-media__container flex flex-col gap-[4.8rem] md:gap-[8rem] flex-col md:flex-row\">\n        <div class=\"content-with-media__content flex flex-col justify-center basis-1 md:basis-1\/2\">\n                      <h2 class=\"content-with-media__heading h3\">Profesjonalny monta\u017c bezpo\u015brednio od producenta<\/h2>\n                                <div class=\"content-with-media__description content-simple text-text-primary copy2 mt-[2rem] md:mt-[4.8rem]\">\n              <p>Jako producent przemys\u0142owych klatek schodowych mamy pe\u0142n\u0105 kontrol\u0119 nad ca\u0142ym procesem \u2014 od projektu po monta\u017c na miejscu. Dzi\u0119ki temu klienci mog\u0105 liczy\u0107 na sp\u00f3jno\u015b\u0107 i najwy\u017csz\u0105 dok\u0142adno\u015b\u0107 wykonania. Ka\u017cdy etap monta\u017cu jest starannie planowany i realizowany, co minimalizuje ryzyko b\u0142\u0119d\u00f3w oraz zapewnia sprawny przebieg prac bez zak\u0142\u00f3cania harmonogramu budowy.<\/p>\n<p>Nasz zesp\u00f3\u0142 monta\u017cowy tworz\u0105 wykwalifikowani specjali\u015bci z du\u017cym do\u015bwiadczeniem w r\u00f3\u017cnych bran\u017cach przemys\u0142owych. Pozwala nam to na skuteczny i efektywny monta\u017c klatek schodowych w dowolnym \u015brodowisku \u2014 w halach produkcyjnych, magazynach czy innych obiektach przemys\u0142owych. Monta\u017c zawsze odbywa si\u0119 zgodnie z wymaganiami technicznymi i jest dostosowany do warunk\u00f3w panuj\u0105cych na miejscu.<\/p>\n\n            <\/div>\n                  <\/div>\n        <div class=\"content-with-media__media basis-1 md:basis-1\/2\">\n                      <img decoding=\"async\" src=\"https:\/\/tlc.eu\/app\/uploads\/2024\/10\/assembly-tlc.jpg\" alt=\"TLC\" height=\"612px\" width=\"612px\"\n                 loading=\"lazy\" class=\"content-with-media__image h-[30rem] md:h-[61.2rem] w-full object-cover\">\n                  <\/div>\n      <\/div>\n      <\/div>\n<\/section>\n\n\n<section data-block_c5065124eed612a068161cd7fa7ddf86 class=\"section content-with-media aligncenter\">\n  <div class=\"wrapper\">\n              <div\n        class=\"content-with-media__container flex flex-col gap-[4.8rem] md:gap-[8rem] flex-col md:flex-row-reverse\">\n        <div class=\"content-with-media__content flex flex-col justify-center basis-1 md:basis-1\/2\">\n                      <h2 class=\"content-with-media__heading h3\">Szybki i efektywny proces monta\u017cu<\/h2>\n                                <div class=\"content-with-media__description content-simple text-text-primary copy2 mt-[2rem] md:mt-[4.8rem]\">\n              <p>Rozumiemy, \u017ce czas na placu budowy ma kluczowe znaczenie, dlatego nasz monta\u017c jest dobrze zorganizowany i realizowany zgodnie z ustalonym harmonogramem. Dzi\u0119ki wiedzy i do\u015bwiadczeniu jeste\u015bmy w stanie przeprowadza\u0107 instalacje szybko i sprawnie, minimalizuj\u0105c przestoje w produkcji, pracy obiektu czy w procesach budowlanych.<\/p>\n<p>Ka\u017cdy projekt wymaga indywidualnego podej\u015bcia, dlatego monta\u017c realizowany przez TLC jest dostosowany do specyficznych warunk\u00f3w obiektu. Nasze klatki schodowe i systemy doj\u015b\u0107 mog\u0105 by\u0107 instalowane w r\u00f3\u017cnych konfiguracjach i na r\u00f3\u017cnych poziomach, co pozwala na pe\u0142ne dopasowanie do infrastruktury zak\u0142adu lub obiektu.<\/p>\n\n            <\/div>\n                  <\/div>\n        <div class=\"content-with-media__media basis-1 md:basis-1\/2\">\n                      <img decoding=\"async\" src=\"https:\/\/tlc.eu\/app\/uploads\/2024\/10\/assembly-tlc2.jpg\" alt=\"TLC\" height=\"612px\" width=\"612px\"\n                 loading=\"lazy\" class=\"content-with-media__image h-[30rem] md:h-[61.2rem] w-full object-cover\">\n                  <\/div>\n      <\/div>\n      <\/div>\n<\/section>\n\n\n<section data-block_79cb03cb6a0a86a7f26dfe091ee7c623 class=\"section content-with-media aligncenter\">\n  <div class=\"wrapper\">\n              <div\n        class=\"content-with-media__container flex flex-col gap-[4.8rem] md:gap-[8rem] flex-col md:flex-row\">\n        <div class=\"content-with-media__content flex flex-col justify-center basis-1 md:basis-1\/2\">\n                      <h2 class=\"content-with-media__heading h3\">Gwarancja bezpiecze\u0144stwa podczas monta\u017cu i u\u017cytkowania<\/h2>\n                                <div class=\"content-with-media__description content-simple text-text-primary copy2 mt-[2rem] md:mt-[4.8rem]\">\n              <p>Bezpiecze\u0144stwo jest naszym priorytetem na ka\u017cdym etapie pracy. Monta\u017c przemys\u0142owych klatek schodowych i system\u00f3w doj\u015b\u0107 odbywa si\u0119 z zachowaniem najwy\u017cszych standard\u00f3w bezpiecze\u0144stwa, a gotowe konstrukcje spe\u0142niaj\u0105 wymagane normy. Zwracamy szczeg\u00f3ln\u0105 uwag\u0119 na detale, aby zapewni\u0107 maksymaln\u0105 ochron\u0119 u\u017cytkownik\u00f3w.<\/p>\n\n            <\/div>\n                  <\/div>\n        <div class=\"content-with-media__media basis-1 md:basis-1\/2\">\n                      <img decoding=\"async\" src=\"https:\/\/tlc.eu\/app\/uploads\/2024\/10\/assembly-tlc4.jpg\" alt=\"TLC\" height=\"612px\" width=\"612px\"\n                 loading=\"lazy\" class=\"content-with-media__image h-[30rem] md:h-[61.2rem] w-full object-cover\">\n                  <\/div>\n      <\/div>\n      <\/div>\n<\/section>\n\n\n<section data-block_7fe9ad69a7b4acb67d2f4e379d5043df class=\"section content-with-media aligncenter\">\n  <div class=\"wrapper\">\n              <div\n        class=\"content-with-media__container flex flex-col gap-[4.8rem] md:gap-[8rem] flex-col md:flex-row-reverse\">\n        <div class=\"content-with-media__content flex flex-col justify-center basis-1 md:basis-1\/2\">\n                      <h2 class=\"content-with-media__heading h3\">Realizacje w ca\u0142ej Europie i na \u015bwiecie<\/h2>\n                                <div class=\"content-with-media__description content-simple text-text-primary copy2 mt-[2rem] md:mt-[4.8rem]\">\n              <p>Us\u0142ugi monta\u017cowe \u015bwiadczymy g\u0142\u00f3wnie na terenie Europy, jednak mo\u017cemy realizowa\u0107 projekty tak\u017ce na ca\u0142ym \u015bwiecie. Niezale\u017cnie od lokalizacji, zapewniamy ten sam wysoki standard monta\u017cu, dostosowany do wymaga\u0144 i warunk\u00f3w konkretnego miejsca.<\/p>\n\n            <\/div>\n                  <\/div>\n        <div class=\"content-with-media__media basis-1 md:basis-1\/2\">\n                      <img decoding=\"async\" src=\"https:\/\/tlc.eu\/app\/uploads\/2024\/10\/assembly-tlc5.jpg\" alt=\"TLC\" height=\"612px\" width=\"612px\"\n                 loading=\"lazy\" class=\"content-with-media__image h-[30rem] md:h-[61.2rem] w-full object-cover\">\n                  <\/div>\n      <\/div>\n      <\/div>\n<\/section>\n\n\n<section data-block_1cf2a0019a772654bb397081bd06c105 class=\"section content-with-media aligncenter\">\n  <div class=\"wrapper\">\n              <div\n        class=\"content-with-media__container flex flex-col gap-[4.8rem] md:gap-[8rem] flex-col md:flex-row\">\n        <div class=\"content-with-media__content flex flex-col justify-center basis-1 md:basis-1\/2\">\n                      <h2 class=\"content-with-media__heading h3\">Pomiary geodezyjne jako us\u0142uga dodatkowa<\/h2>\n                                <div class=\"content-with-media__description content-simple text-text-primary copy2 mt-[2rem] md:mt-[4.8rem]\">\n              <p>TLC mo\u017ce wykona\u0107 pomiary na potrzeby projektowe klienta. Jest to cz\u0119sto konieczne, gdy brak aktualnego modelu 3D lub gdy systemy doj\u015b\u0107 s\u0105 wymieniane w istniej\u0105cych obiektach. TLC mo\u017ce przeprowadzi\u0107 zar\u00f3wno pomiary wst\u0119pne, jak i pomiary fundament\u00f3w dostarczonych przez klienta, aby monta\u017c klatek schodowych i system\u00f3w doj\u015b\u0107 przebiega\u0142 w spos\u00f3b mo\u017cliwie najbardziej optymalny.<\/p>\n\n            <\/div>\n                  <\/div>\n        <div class=\"content-with-media__media basis-1 md:basis-1\/2\">\n                      <video class=\"content-with-media__video h-[30rem] md:h-[61.2rem] w-full object-cover\" loop=\"true\" playsinline\n                   autoplay=\"autoplay\" muted height=\"612px\" width=\"612px\" loading=\"lazy\">\n              <source src=\"https:\/\/tlc.eu\/app\/uploads\/2025\/09\/tlc-services-en-web-video-2.mp4\" type=\"video\/mp4\">\n              Your browser does not support the video tag.\n            <\/video>\n                  <\/div>\n      <\/div>\n      <\/div>\n<\/section>\n\n\n\n<p><\/p>\n","protected":false},"excerpt":{"rendered":"<p>\u015awiadczymy kompleksow\u0105 us\u0142ug\u0119 dla naszych klient\u00f3w \u2014 od projektowania, przez produkcj\u0119, a\u017c po finaln\u0105 instalacj\u0119.<\/p>\n","protected":false},"author":4,"featured_media":14097,"parent":26898,"menu_order":0,"comment_status":"closed","ping_status":"closed","template":"template-services.blade.php","meta":{"_acf_changed":false,"inline_featured_image":false,"footnotes":""},"class_list":["post-26538","page","type-page","status-publish","has-post-thumbnail","hentry"],"acf":[],"yoast_head":"<!-- This site is optimized with the Yoast SEO plugin v23.8 - https:\/\/yoast.com\/wordpress\/plugins\/seo\/ -->\n<title>Us\u0142ugi - TLC<\/title>\n<meta name=\"description\" content=\"\u015awiadczymy kompleksow\u0105 us\u0142ug\u0119 dla naszych klient\u00f3w \u2014 od projektowania, przez produkcj\u0119, a\u017c po finaln\u0105 instalacj\u0119.\" \/>\n<meta name=\"robots\" content=\"index, follow, max-snippet:-1, max-image-preview:large, max-video-preview:-1\" \/>\n<link rel=\"canonical\" href=\"https:\/\/tlc.eu\/pl\/nasze-produkty\/systemy-dostepowe-dla-przemyslu-pl\/uslugi\/\" \/>\n<meta property=\"og:locale\" content=\"pl_PL\" \/>\n<meta property=\"og:type\" content=\"article\" \/>\n<meta property=\"og:title\" content=\"Us\u0142ugi - TLC\" \/>\n<meta property=\"og:description\" content=\"\u015awiadczymy kompleksow\u0105 us\u0142ug\u0119 dla naszych klient\u00f3w \u2014 od projektowania, przez produkcj\u0119, a\u017c po finaln\u0105 instalacj\u0119.\" \/>\n<meta property=\"og:url\" content=\"https:\/\/tlc.eu\/pl\/nasze-produkty\/systemy-dostepowe-dla-przemyslu-pl\/uslugi\/\" \/>\n<meta property=\"og:site_name\" content=\"TLC\" \/>\n<meta property=\"article:modified_time\" content=\"2025-12-16T09:45:43+00:00\" \/>\n<meta property=\"og:image\" content=\"https:\/\/tlc.eu\/app\/uploads\/2024\/10\/services.jpg\" \/>\n\t<meta property=\"og:image:width\" content=\"640\" \/>\n\t<meta property=\"og:image:height\" content=\"420\" \/>\n\t<meta property=\"og:image:type\" content=\"image\/jpeg\" \/>\n<meta name=\"twitter:card\" content=\"summary_large_image\" \/>\n<meta name=\"twitter:label1\" content=\"Est. reading time\" \/>\n\t<meta name=\"twitter:data1\" content=\"1 minuta\" \/>\n<script type=\"application\/ld+json\" class=\"yoast-schema-graph\">{\"@context\":\"https:\/\/schema.org\",\"@graph\":[{\"@type\":\"WebPage\",\"@id\":\"https:\/\/tlc.eu\/pl\/nasze-produkty\/systemy-dostepowe-dla-przemyslu-pl\/uslugi\/\",\"url\":\"https:\/\/tlc.eu\/pl\/nasze-produkty\/systemy-dostepowe-dla-przemyslu-pl\/uslugi\/\",\"name\":\"Us\u0142ugi - TLC\",\"isPartOf\":{\"@id\":\"https:\/\/tlc.eu\/pl\/#website\"},\"primaryImageOfPage\":{\"@id\":\"https:\/\/tlc.eu\/pl\/nasze-produkty\/systemy-dostepowe-dla-przemyslu-pl\/uslugi\/#primaryimage\"},\"image\":{\"@id\":\"https:\/\/tlc.eu\/pl\/nasze-produkty\/systemy-dostepowe-dla-przemyslu-pl\/uslugi\/#primaryimage\"},\"thumbnailUrl\":\"https:\/\/tlc.eu\/app\/uploads\/2024\/10\/services.jpg\",\"datePublished\":\"2024-09-18T12:59:44+00:00\",\"dateModified\":\"2025-12-16T09:45:43+00:00\",\"description\":\"\u015awiadczymy kompleksow\u0105 us\u0142ug\u0119 dla naszych klient\u00f3w \u2014 od projektowania, przez produkcj\u0119, a\u017c po finaln\u0105 instalacj\u0119.\",\"breadcrumb\":{\"@id\":\"https:\/\/tlc.eu\/pl\/nasze-produkty\/systemy-dostepowe-dla-przemyslu-pl\/uslugi\/#breadcrumb\"},\"inLanguage\":\"pl-PL\",\"potentialAction\":[{\"@type\":\"ReadAction\",\"target\":[\"https:\/\/tlc.eu\/pl\/nasze-produkty\/systemy-dostepowe-dla-przemyslu-pl\/uslugi\/\"]}]},{\"@type\":\"ImageObject\",\"inLanguage\":\"pl-PL\",\"@id\":\"https:\/\/tlc.eu\/pl\/nasze-produkty\/systemy-dostepowe-dla-przemyslu-pl\/uslugi\/#primaryimage\",\"url\":\"https:\/\/tlc.eu\/app\/uploads\/2024\/10\/services.jpg\",\"contentUrl\":\"https:\/\/tlc.eu\/app\/uploads\/2024\/10\/services.jpg\",\"width\":640,\"height\":420},{\"@type\":\"BreadcrumbList\",\"@id\":\"https:\/\/tlc.eu\/pl\/nasze-produkty\/systemy-dostepowe-dla-przemyslu-pl\/uslugi\/#breadcrumb\",\"itemListElement\":[{\"@type\":\"ListItem\",\"position\":1,\"name\":\"Home\",\"item\":\"https:\/\/tlc.eu\/pl\/\"},{\"@type\":\"ListItem\",\"position\":2,\"name\":\"Nasze produkty\",\"item\":\"https:\/\/tlc.eu\/pl\/nasze-produkty\/\"},{\"@type\":\"ListItem\",\"position\":3,\"name\":\"Systemy dost\u0119powe dla przemys\u0142u\",\"item\":\"https:\/\/tlc.eu\/pl\/nasze-produkty\/systemy-dostepowe-dla-przemyslu-pl\/\"},{\"@type\":\"ListItem\",\"position\":4,\"name\":\"Us\u0142ugi\"}]},{\"@type\":\"WebSite\",\"@id\":\"https:\/\/tlc.eu\/pl\/#website\",\"url\":\"https:\/\/tlc.eu\/pl\/\",\"name\":\"TLC EU Steel Equipment | Design & Production\",\"description\":\"\",\"alternateName\":\"TLC\",\"potentialAction\":[{\"@type\":\"SearchAction\",\"target\":{\"@type\":\"EntryPoint\",\"urlTemplate\":\"https:\/\/tlc.eu\/pl\/?s={search_term_string}\"},\"query-input\":{\"@type\":\"PropertyValueSpecification\",\"valueRequired\":true,\"valueName\":\"search_term_string\"}}],\"inLanguage\":\"pl-PL\"}]}<\/script>\n<!-- \/ Yoast SEO plugin. -->","yoast_head_json":{"title":"Us\u0142ugi - TLC","description":"\u015awiadczymy kompleksow\u0105 us\u0142ug\u0119 dla naszych klient\u00f3w \u2014 od projektowania, przez produkcj\u0119, a\u017c po finaln\u0105 instalacj\u0119.","robots":{"index":"index","follow":"follow","max-snippet":"max-snippet:-1","max-image-preview":"max-image-preview:large","max-video-preview":"max-video-preview:-1"},"canonical":"https:\/\/tlc.eu\/pl\/nasze-produkty\/systemy-dostepowe-dla-przemyslu-pl\/uslugi\/","og_locale":"pl_PL","og_type":"article","og_title":"Us\u0142ugi - TLC","og_description":"\u015awiadczymy kompleksow\u0105 us\u0142ug\u0119 dla naszych klient\u00f3w \u2014 od projektowania, przez produkcj\u0119, a\u017c po finaln\u0105 instalacj\u0119.","og_url":"https:\/\/tlc.eu\/pl\/nasze-produkty\/systemy-dostepowe-dla-przemyslu-pl\/uslugi\/","og_site_name":"TLC","article_modified_time":"2025-12-16T09:45:43+00:00","og_image":[{"width":640,"height":420,"url":"https:\/\/tlc.eu\/app\/uploads\/2024\/10\/services.jpg","type":"image\/jpeg"}],"twitter_card":"summary_large_image","twitter_misc":{"Est. reading time":"1 minuta"},"schema":{"@context":"https:\/\/schema.org","@graph":[{"@type":"WebPage","@id":"https:\/\/tlc.eu\/pl\/nasze-produkty\/systemy-dostepowe-dla-przemyslu-pl\/uslugi\/","url":"https:\/\/tlc.eu\/pl\/nasze-produkty\/systemy-dostepowe-dla-przemyslu-pl\/uslugi\/","name":"Us\u0142ugi - TLC","isPartOf":{"@id":"https:\/\/tlc.eu\/pl\/#website"},"primaryImageOfPage":{"@id":"https:\/\/tlc.eu\/pl\/nasze-produkty\/systemy-dostepowe-dla-przemyslu-pl\/uslugi\/#primaryimage"},"image":{"@id":"https:\/\/tlc.eu\/pl\/nasze-produkty\/systemy-dostepowe-dla-przemyslu-pl\/uslugi\/#primaryimage"},"thumbnailUrl":"https:\/\/tlc.eu\/app\/uploads\/2024\/10\/services.jpg","datePublished":"2024-09-18T12:59:44+00:00","dateModified":"2025-12-16T09:45:43+00:00","description":"\u015awiadczymy kompleksow\u0105 us\u0142ug\u0119 dla naszych klient\u00f3w \u2014 od projektowania, przez produkcj\u0119, a\u017c po finaln\u0105 instalacj\u0119.","breadcrumb":{"@id":"https:\/\/tlc.eu\/pl\/nasze-produkty\/systemy-dostepowe-dla-przemyslu-pl\/uslugi\/#breadcrumb"},"inLanguage":"pl-PL","potentialAction":[{"@type":"ReadAction","target":["https:\/\/tlc.eu\/pl\/nasze-produkty\/systemy-dostepowe-dla-przemyslu-pl\/uslugi\/"]}]},{"@type":"ImageObject","inLanguage":"pl-PL","@id":"https:\/\/tlc.eu\/pl\/nasze-produkty\/systemy-dostepowe-dla-przemyslu-pl\/uslugi\/#primaryimage","url":"https:\/\/tlc.eu\/app\/uploads\/2024\/10\/services.jpg","contentUrl":"https:\/\/tlc.eu\/app\/uploads\/2024\/10\/services.jpg","width":640,"height":420},{"@type":"BreadcrumbList","@id":"https:\/\/tlc.eu\/pl\/nasze-produkty\/systemy-dostepowe-dla-przemyslu-pl\/uslugi\/#breadcrumb","itemListElement":[{"@type":"ListItem","position":1,"name":"Home","item":"https:\/\/tlc.eu\/pl\/"},{"@type":"ListItem","position":2,"name":"Nasze produkty","item":"https:\/\/tlc.eu\/pl\/nasze-produkty\/"},{"@type":"ListItem","position":3,"name":"Systemy dost\u0119powe dla przemys\u0142u","item":"https:\/\/tlc.eu\/pl\/nasze-produkty\/systemy-dostepowe-dla-przemyslu-pl\/"},{"@type":"ListItem","position":4,"name":"Us\u0142ugi"}]},{"@type":"WebSite","@id":"https:\/\/tlc.eu\/pl\/#website","url":"https:\/\/tlc.eu\/pl\/","name":"TLC EU Steel Equipment | Design & Production","description":"","alternateName":"TLC","potentialAction":[{"@type":"SearchAction","target":{"@type":"EntryPoint","urlTemplate":"https:\/\/tlc.eu\/pl\/?s={search_term_string}"},"query-input":{"@type":"PropertyValueSpecification","valueRequired":true,"valueName":"search_term_string"}}],"inLanguage":"pl-PL"}]}},"_links":{"self":[{"href":"https:\/\/tlc.eu\/pl\/wp-json\/wp\/v2\/pages\/26538","targetHints":{"allow":["GET"]}}],"collection":[{"href":"https:\/\/tlc.eu\/pl\/wp-json\/wp\/v2\/pages"}],"about":[{"href":"https:\/\/tlc.eu\/pl\/wp-json\/wp\/v2\/types\/page"}],"author":[{"embeddable":true,"href":"https:\/\/tlc.eu\/pl\/wp-json\/wp\/v2\/users\/4"}],"replies":[{"embeddable":true,"href":"https:\/\/tlc.eu\/pl\/wp-json\/wp\/v2\/comments?post=26538"}],"version-history":[{"count":5,"href":"https:\/\/tlc.eu\/pl\/wp-json\/wp\/v2\/pages\/26538\/revisions"}],"predecessor-version":[{"id":26917,"href":"https:\/\/tlc.eu\/pl\/wp-json\/wp\/v2\/pages\/26538\/revisions\/26917"}],"up":[{"embeddable":true,"href":"https:\/\/tlc.eu\/pl\/wp-json\/wp\/v2\/pages\/26898"}],"wp:featuredmedia":[{"embeddable":true,"href":"https:\/\/tlc.eu\/pl\/wp-json\/wp\/v2\/media\/14097"}],"wp:attachment":[{"href":"https:\/\/tlc.eu\/pl\/wp-json\/wp\/v2\/media?parent=26538"}],"curies":[{"name":"wp","href":"https:\/\/api.w.org\/{rel}","templated":true}]}}