{"id":26764,"date":"2024-09-12T18:51:40","date_gmt":"2024-09-12T18:51:40","guid":{"rendered":"https:\/\/tlc.eu\/our-brands\/"},"modified":"2025-12-16T13:35:16","modified_gmt":"2025-12-16T13:35:16","slug":"nasze-marki","status":"publish","type":"page","link":"https:\/\/tlc.eu\/pl\/nasze-marki\/","title":{"rendered":"Nasze marki"},"content":{"rendered":"","protected":false},"excerpt":{"rendered":"<p>Nasza firma zosta\u0142a za\u0142o\u017cona w 2005 roku. Przez blisko 20 lat rozwin\u0119li\u015bmy si\u0119 z niewielkiego przedsi\u0119biorstwa do du\u017cej grupy sp\u00f3\u0142ek, realizuj\u0105cej projekty na ca\u0142ym \u015bwiecie. TLC posiada oddzia\u0142y w Szwecji, Polsce, Niemczech i Francji.<\/p>\n","protected":false},"author":4,"featured_media":0,"parent":0,"menu_order":0,"comment_status":"closed","ping_status":"closed","template":"template-our-brands.blade.php","meta":{"_acf_changed":false,"inline_featured_image":false,"footnotes":""},"class_list":["post-26764","page","type-page","status-publish","hentry"],"acf":[],"yoast_head":"<!-- This site is optimized with the Yoast SEO plugin v23.8 - https:\/\/yoast.com\/wordpress\/plugins\/seo\/ -->\n<title>Nasze marki - TLC<\/title>\n<meta name=\"description\" content=\"Nasza firma zosta\u0142a za\u0142o\u017cona w 2005 roku. Przez blisko 20 lat rozwin\u0119li\u015bmy si\u0119 z niewielkiego przedsi\u0119biorstwa do du\u017cej grupy sp\u00f3\u0142ek, realizuj\u0105cej projekty na ca\u0142ym \u015bwiecie. TLC posiada oddzia\u0142y w Szwecji, Polsce, Niemczech i Francji.\" \/>\n<meta name=\"robots\" content=\"index, follow, max-snippet:-1, max-image-preview:large, max-video-preview:-1\" \/>\n<link rel=\"canonical\" href=\"https:\/\/tlc.eu\/pl\/nasze-marki\/\" \/>\n<meta property=\"og:locale\" content=\"pl_PL\" \/>\n<meta property=\"og:type\" content=\"article\" \/>\n<meta property=\"og:title\" content=\"Nasze marki - TLC\" \/>\n<meta property=\"og:description\" content=\"Nasza firma zosta\u0142a za\u0142o\u017cona w 2005 roku. Przez blisko 20 lat rozwin\u0119li\u015bmy si\u0119 z niewielkiego przedsi\u0119biorstwa do du\u017cej grupy sp\u00f3\u0142ek, realizuj\u0105cej projekty na ca\u0142ym \u015bwiecie. TLC posiada oddzia\u0142y w Szwecji, Polsce, Niemczech i Francji.\" \/>\n<meta property=\"og:url\" content=\"https:\/\/tlc.eu\/pl\/nasze-marki\/\" \/>\n<meta property=\"og:site_name\" content=\"TLC\" \/>\n<meta property=\"article:modified_time\" content=\"2025-12-16T13:35:16+00:00\" \/>\n<meta name=\"twitter:card\" content=\"summary_large_image\" \/>\n<script type=\"application\/ld+json\" class=\"yoast-schema-graph\">{\"@context\":\"https:\/\/schema.org\",\"@graph\":[{\"@type\":\"WebPage\",\"@id\":\"https:\/\/tlc.eu\/pl\/nasze-marki\/\",\"url\":\"https:\/\/tlc.eu\/pl\/nasze-marki\/\",\"name\":\"Nasze marki - TLC\",\"isPartOf\":{\"@id\":\"https:\/\/tlc.eu\/pl\/#website\"},\"datePublished\":\"2024-09-12T18:51:40+00:00\",\"dateModified\":\"2025-12-16T13:35:16+00:00\",\"description\":\"Nasza firma zosta\u0142a za\u0142o\u017cona w 2005 roku. Przez blisko 20 lat rozwin\u0119li\u015bmy si\u0119 z niewielkiego przedsi\u0119biorstwa do du\u017cej grupy sp\u00f3\u0142ek, realizuj\u0105cej projekty na ca\u0142ym \u015bwiecie. TLC posiada oddzia\u0142y w Szwecji, Polsce, Niemczech i Francji.\",\"breadcrumb\":{\"@id\":\"https:\/\/tlc.eu\/pl\/nasze-marki\/#breadcrumb\"},\"inLanguage\":\"pl-PL\",\"potentialAction\":[{\"@type\":\"ReadAction\",\"target\":[\"https:\/\/tlc.eu\/pl\/nasze-marki\/\"]}]},{\"@type\":\"BreadcrumbList\",\"@id\":\"https:\/\/tlc.eu\/pl\/nasze-marki\/#breadcrumb\",\"itemListElement\":[{\"@type\":\"ListItem\",\"position\":1,\"name\":\"Home\",\"item\":\"https:\/\/tlc.eu\/pl\/\"},{\"@type\":\"ListItem\",\"position\":2,\"name\":\"Nasze marki\"}]},{\"@type\":\"WebSite\",\"@id\":\"https:\/\/tlc.eu\/pl\/#website\",\"url\":\"https:\/\/tlc.eu\/pl\/\",\"name\":\"TLC EU Steel Equipment | Design & Production\",\"description\":\"\",\"alternateName\":\"TLC\",\"potentialAction\":[{\"@type\":\"SearchAction\",\"target\":{\"@type\":\"EntryPoint\",\"urlTemplate\":\"https:\/\/tlc.eu\/pl\/?s={search_term_string}\"},\"query-input\":{\"@type\":\"PropertyValueSpecification\",\"valueRequired\":true,\"valueName\":\"search_term_string\"}}],\"inLanguage\":\"pl-PL\"}]}<\/script>\n<!-- \/ Yoast SEO plugin. -->","yoast_head_json":{"title":"Nasze marki - TLC","description":"Nasza firma zosta\u0142a za\u0142o\u017cona w 2005 roku. Przez blisko 20 lat rozwin\u0119li\u015bmy si\u0119 z niewielkiego przedsi\u0119biorstwa do du\u017cej grupy sp\u00f3\u0142ek, realizuj\u0105cej projekty na ca\u0142ym \u015bwiecie. TLC posiada oddzia\u0142y w Szwecji, Polsce, Niemczech i Francji.","robots":{"index":"index","follow":"follow","max-snippet":"max-snippet:-1","max-image-preview":"max-image-preview:large","max-video-preview":"max-video-preview:-1"},"canonical":"https:\/\/tlc.eu\/pl\/nasze-marki\/","og_locale":"pl_PL","og_type":"article","og_title":"Nasze marki - TLC","og_description":"Nasza firma zosta\u0142a za\u0142o\u017cona w 2005 roku. Przez blisko 20 lat rozwin\u0119li\u015bmy si\u0119 z niewielkiego przedsi\u0119biorstwa do du\u017cej grupy sp\u00f3\u0142ek, realizuj\u0105cej projekty na ca\u0142ym \u015bwiecie. TLC posiada oddzia\u0142y w Szwecji, Polsce, Niemczech i Francji.","og_url":"https:\/\/tlc.eu\/pl\/nasze-marki\/","og_site_name":"TLC","article_modified_time":"2025-12-16T13:35:16+00:00","twitter_card":"summary_large_image","schema":{"@context":"https:\/\/schema.org","@graph":[{"@type":"WebPage","@id":"https:\/\/tlc.eu\/pl\/nasze-marki\/","url":"https:\/\/tlc.eu\/pl\/nasze-marki\/","name":"Nasze marki - TLC","isPartOf":{"@id":"https:\/\/tlc.eu\/pl\/#website"},"datePublished":"2024-09-12T18:51:40+00:00","dateModified":"2025-12-16T13:35:16+00:00","description":"Nasza firma zosta\u0142a za\u0142o\u017cona w 2005 roku. Przez blisko 20 lat rozwin\u0119li\u015bmy si\u0119 z niewielkiego przedsi\u0119biorstwa do du\u017cej grupy sp\u00f3\u0142ek, realizuj\u0105cej projekty na ca\u0142ym \u015bwiecie. TLC posiada oddzia\u0142y w Szwecji, Polsce, Niemczech i Francji.","breadcrumb":{"@id":"https:\/\/tlc.eu\/pl\/nasze-marki\/#breadcrumb"},"inLanguage":"pl-PL","potentialAction":[{"@type":"ReadAction","target":["https:\/\/tlc.eu\/pl\/nasze-marki\/"]}]},{"@type":"BreadcrumbList","@id":"https:\/\/tlc.eu\/pl\/nasze-marki\/#breadcrumb","itemListElement":[{"@type":"ListItem","position":1,"name":"Home","item":"https:\/\/tlc.eu\/pl\/"},{"@type":"ListItem","position":2,"name":"Nasze marki"}]},{"@type":"WebSite","@id":"https:\/\/tlc.eu\/pl\/#website","url":"https:\/\/tlc.eu\/pl\/","name":"TLC EU Steel Equipment | Design & Production","description":"","alternateName":"TLC","potentialAction":[{"@type":"SearchAction","target":{"@type":"EntryPoint","urlTemplate":"https:\/\/tlc.eu\/pl\/?s={search_term_string}"},"query-input":{"@type":"PropertyValueSpecification","valueRequired":true,"valueName":"search_term_string"}}],"inLanguage":"pl-PL"}]}},"_links":{"self":[{"href":"https:\/\/tlc.eu\/pl\/wp-json\/wp\/v2\/pages\/26764","targetHints":{"allow":["GET"]}}],"collection":[{"href":"https:\/\/tlc.eu\/pl\/wp-json\/wp\/v2\/pages"}],"about":[{"href":"https:\/\/tlc.eu\/pl\/wp-json\/wp\/v2\/types\/page"}],"author":[{"embeddable":true,"href":"https:\/\/tlc.eu\/pl\/wp-json\/wp\/v2\/users\/4"}],"replies":[{"embeddable":true,"href":"https:\/\/tlc.eu\/pl\/wp-json\/wp\/v2\/comments?post=26764"}],"version-history":[{"count":2,"href":"https:\/\/tlc.eu\/pl\/wp-json\/wp\/v2\/pages\/26764\/revisions"}],"predecessor-version":[{"id":26923,"href":"https:\/\/tlc.eu\/pl\/wp-json\/wp\/v2\/pages\/26764\/revisions\/26923"}],"wp:attachment":[{"href":"https:\/\/tlc.eu\/pl\/wp-json\/wp\/v2\/media?parent=26764"}],"curies":[{"name":"wp","href":"https:\/\/api.w.org\/{rel}","templated":true}]}}