{"id":26767,"date":"2024-08-28T20:00:42","date_gmt":"2024-08-28T20:00:42","guid":{"rendered":"https:\/\/tlc.eu\/thank-you-page\/"},"modified":"2025-12-16T10:20:16","modified_gmt":"2025-12-16T10:20:16","slug":"strona-z-podziekowaniem","status":"publish","type":"page","link":"https:\/\/tlc.eu\/pl\/kontakt\/strona-z-podziekowaniem\/","title":{"rendered":"Strona z podzi\u0119kowaniami &#8211; kontakt"},"content":{"rendered":"<section data-block_00c71746ca9a4650773d78cb618b5ab0 class=\"hero aligncenter\">\n  <div class=\"hero__container w-full h-[70rem] tablet:h-[74.5rem] relative flex flex-col justify-center items-center overflow-hidden\">\n    \n    <div class=\"wrapper z-[1]\n    \">\n                  <div class=\"hero__content w-full flex flex-col gap-[3.2rem] tablet:gap-[4rem]\">\n                  <div class=\"hero__head w-full flex flex-col gap-[2.4rem] tablet:gap-[4rem]\">\n              <h1 class=\"head h2 text-center md:text-left \" style=\"color: #000000;\">\n              Dzi\u0119kujemy za Twoj\u0105 wiadomo\u015b\u0107.\n            <\/h1>\n\n            \n                          <div class=\"desc max-w-[71.5rem] description-content text-center tablet:text-left \" style=\"color: #000000;\">\n                <p>Nasz specjalista skontaktuje si\u0119 z Tob\u0105 wkr\u00f3tce.<\/p>\n\n              <\/div>\n                      <\/div>\n        \n                                  <div class=\"hero__btns flex w-full justify-center tablet:justify-start\">\n                <a\n      href=\"https:\/\/tlc.eu\/pl\/\"\n      class=\"btn btn--primary\"\n                >\n      Powr\u00f3t na stron\u0119 g\u0142\u00f3wn\u0105\n    <\/a>\n  \n              <\/div>\n                          <\/div>\n    <\/div>\n\n          <div class=\"hero__divider w-screen absolute left-0 bottom-0 grid grid-cols-[1fr] tablet:grid-cols-[1fr_1fr_1fr] tablet:grid-rows-[6.8rem_6.8rem_6.8rem]\">\n        <div class=\"w-full h-full col-start-3\" style=\"background-color: #f5f5f5;\"><\/div>\n        <div class=\"w-full h-full col-start-2 row-start-2\" style=\"background-color: #f5f5f5;\"><\/div>\n        <div class=\"w-full h-full col-start-1 row-start-3\" style=\"background-color: #f5f5f5;\"><\/div>\n      <\/div>\n      <\/div>\n<\/section>\n\n\n\n<p><\/p>\n","protected":false},"excerpt":{"rendered":"<p>Dzi\u0119kujemy za Twoj\u0105 wiadomo\u015b\u0107. Nasz specjalista skontaktuje si\u0119 z Tob\u0105 wkr\u00f3tce.<\/p>\n","protected":false},"author":4,"featured_media":0,"parent":26815,"menu_order":0,"comment_status":"closed","ping_status":"closed","template":"","meta":{"_acf_changed":false,"inline_featured_image":false,"footnotes":""},"class_list":["post-26767","page","type-page","status-publish","hentry"],"acf":[],"yoast_head":"<!-- This site is optimized with the Yoast SEO plugin v23.8 - https:\/\/yoast.com\/wordpress\/plugins\/seo\/ -->\n<title>Strona z podzi\u0119kowaniami - kontakt - TLC<\/title>\n<meta name=\"description\" content=\"Dzi\u0119kujemy za Twoj\u0105 wiadomo\u015b\u0107. Nasz specjalista skontaktuje si\u0119 z Tob\u0105 wkr\u00f3tce.\" \/>\n<meta name=\"robots\" content=\"index, follow, max-snippet:-1, max-image-preview:large, max-video-preview:-1\" \/>\n<link rel=\"canonical\" href=\"https:\/\/tlc.eu\/pl\/kontakt\/strona-z-podziekowaniem\/\" \/>\n<meta property=\"og:locale\" content=\"pl_PL\" \/>\n<meta property=\"og:type\" content=\"article\" \/>\n<meta property=\"og:title\" content=\"Strona z podzi\u0119kowaniami - kontakt - TLC\" \/>\n<meta property=\"og:description\" content=\"Dzi\u0119kujemy za Twoj\u0105 wiadomo\u015b\u0107. Nasz specjalista skontaktuje si\u0119 z Tob\u0105 wkr\u00f3tce.\" \/>\n<meta property=\"og:url\" content=\"https:\/\/tlc.eu\/pl\/kontakt\/strona-z-podziekowaniem\/\" \/>\n<meta property=\"og:site_name\" content=\"TLC\" \/>\n<meta property=\"article:modified_time\" content=\"2025-12-16T10:20:16+00:00\" \/>\n<meta name=\"twitter:card\" content=\"summary_large_image\" \/>\n<script type=\"application\/ld+json\" class=\"yoast-schema-graph\">{\"@context\":\"https:\/\/schema.org\",\"@graph\":[{\"@type\":\"WebPage\",\"@id\":\"https:\/\/tlc.eu\/pl\/kontakt\/strona-z-podziekowaniem\/\",\"url\":\"https:\/\/tlc.eu\/pl\/kontakt\/strona-z-podziekowaniem\/\",\"name\":\"Strona z podzi\u0119kowaniami - kontakt - TLC\",\"isPartOf\":{\"@id\":\"https:\/\/tlc.eu\/pl\/#website\"},\"datePublished\":\"2024-08-28T20:00:42+00:00\",\"dateModified\":\"2025-12-16T10:20:16+00:00\",\"description\":\"Dzi\u0119kujemy za Twoj\u0105 wiadomo\u015b\u0107. Nasz specjalista skontaktuje si\u0119 z Tob\u0105 wkr\u00f3tce.\",\"breadcrumb\":{\"@id\":\"https:\/\/tlc.eu\/pl\/kontakt\/strona-z-podziekowaniem\/#breadcrumb\"},\"inLanguage\":\"pl-PL\",\"potentialAction\":[{\"@type\":\"ReadAction\",\"target\":[\"https:\/\/tlc.eu\/pl\/kontakt\/strona-z-podziekowaniem\/\"]}]},{\"@type\":\"BreadcrumbList\",\"@id\":\"https:\/\/tlc.eu\/pl\/kontakt\/strona-z-podziekowaniem\/#breadcrumb\",\"itemListElement\":[{\"@type\":\"ListItem\",\"position\":1,\"name\":\"Home\",\"item\":\"https:\/\/tlc.eu\/pl\/\"},{\"@type\":\"ListItem\",\"position\":2,\"name\":\"Kontakt\",\"item\":\"https:\/\/tlc.eu\/pl\/kontakt\/\"},{\"@type\":\"ListItem\",\"position\":3,\"name\":\"Strona z podzi\u0119kowaniami &#8211; kontakt\"}]},{\"@type\":\"WebSite\",\"@id\":\"https:\/\/tlc.eu\/pl\/#website\",\"url\":\"https:\/\/tlc.eu\/pl\/\",\"name\":\"TLC EU Steel Equipment | Design & Production\",\"description\":\"\",\"alternateName\":\"TLC\",\"potentialAction\":[{\"@type\":\"SearchAction\",\"target\":{\"@type\":\"EntryPoint\",\"urlTemplate\":\"https:\/\/tlc.eu\/pl\/?s={search_term_string}\"},\"query-input\":{\"@type\":\"PropertyValueSpecification\",\"valueRequired\":true,\"valueName\":\"search_term_string\"}}],\"inLanguage\":\"pl-PL\"}]}<\/script>\n<!-- \/ Yoast SEO plugin. -->","yoast_head_json":{"title":"Strona z podzi\u0119kowaniami - kontakt - TLC","description":"Dzi\u0119kujemy za Twoj\u0105 wiadomo\u015b\u0107. Nasz specjalista skontaktuje si\u0119 z Tob\u0105 wkr\u00f3tce.","robots":{"index":"index","follow":"follow","max-snippet":"max-snippet:-1","max-image-preview":"max-image-preview:large","max-video-preview":"max-video-preview:-1"},"canonical":"https:\/\/tlc.eu\/pl\/kontakt\/strona-z-podziekowaniem\/","og_locale":"pl_PL","og_type":"article","og_title":"Strona z podzi\u0119kowaniami - kontakt - TLC","og_description":"Dzi\u0119kujemy za Twoj\u0105 wiadomo\u015b\u0107. Nasz specjalista skontaktuje si\u0119 z Tob\u0105 wkr\u00f3tce.","og_url":"https:\/\/tlc.eu\/pl\/kontakt\/strona-z-podziekowaniem\/","og_site_name":"TLC","article_modified_time":"2025-12-16T10:20:16+00:00","twitter_card":"summary_large_image","schema":{"@context":"https:\/\/schema.org","@graph":[{"@type":"WebPage","@id":"https:\/\/tlc.eu\/pl\/kontakt\/strona-z-podziekowaniem\/","url":"https:\/\/tlc.eu\/pl\/kontakt\/strona-z-podziekowaniem\/","name":"Strona z podzi\u0119kowaniami - kontakt - TLC","isPartOf":{"@id":"https:\/\/tlc.eu\/pl\/#website"},"datePublished":"2024-08-28T20:00:42+00:00","dateModified":"2025-12-16T10:20:16+00:00","description":"Dzi\u0119kujemy za Twoj\u0105 wiadomo\u015b\u0107. Nasz specjalista skontaktuje si\u0119 z Tob\u0105 wkr\u00f3tce.","breadcrumb":{"@id":"https:\/\/tlc.eu\/pl\/kontakt\/strona-z-podziekowaniem\/#breadcrumb"},"inLanguage":"pl-PL","potentialAction":[{"@type":"ReadAction","target":["https:\/\/tlc.eu\/pl\/kontakt\/strona-z-podziekowaniem\/"]}]},{"@type":"BreadcrumbList","@id":"https:\/\/tlc.eu\/pl\/kontakt\/strona-z-podziekowaniem\/#breadcrumb","itemListElement":[{"@type":"ListItem","position":1,"name":"Home","item":"https:\/\/tlc.eu\/pl\/"},{"@type":"ListItem","position":2,"name":"Kontakt","item":"https:\/\/tlc.eu\/pl\/kontakt\/"},{"@type":"ListItem","position":3,"name":"Strona z podzi\u0119kowaniami &#8211; kontakt"}]},{"@type":"WebSite","@id":"https:\/\/tlc.eu\/pl\/#website","url":"https:\/\/tlc.eu\/pl\/","name":"TLC EU Steel Equipment | Design & Production","description":"","alternateName":"TLC","potentialAction":[{"@type":"SearchAction","target":{"@type":"EntryPoint","urlTemplate":"https:\/\/tlc.eu\/pl\/?s={search_term_string}"},"query-input":{"@type":"PropertyValueSpecification","valueRequired":true,"valueName":"search_term_string"}}],"inLanguage":"pl-PL"}]}},"_links":{"self":[{"href":"https:\/\/tlc.eu\/pl\/wp-json\/wp\/v2\/pages\/26767","targetHints":{"allow":["GET"]}}],"collection":[{"href":"https:\/\/tlc.eu\/pl\/wp-json\/wp\/v2\/pages"}],"about":[{"href":"https:\/\/tlc.eu\/pl\/wp-json\/wp\/v2\/types\/page"}],"author":[{"embeddable":true,"href":"https:\/\/tlc.eu\/pl\/wp-json\/wp\/v2\/users\/4"}],"replies":[{"embeddable":true,"href":"https:\/\/tlc.eu\/pl\/wp-json\/wp\/v2\/comments?post=26767"}],"version-history":[{"count":3,"href":"https:\/\/tlc.eu\/pl\/wp-json\/wp\/v2\/pages\/26767\/revisions"}],"predecessor-version":[{"id":26847,"href":"https:\/\/tlc.eu\/pl\/wp-json\/wp\/v2\/pages\/26767\/revisions\/26847"}],"up":[{"embeddable":true,"href":"https:\/\/tlc.eu\/pl\/wp-json\/wp\/v2\/pages\/26815"}],"wp:attachment":[{"href":"https:\/\/tlc.eu\/pl\/wp-json\/wp\/v2\/media?parent=26767"}],"curies":[{"name":"wp","href":"https:\/\/api.w.org\/{rel}","templated":true}]}}