{"id":26782,"date":"2024-09-10T11:41:58","date_gmt":"2024-09-10T11:41:58","guid":{"rendered":"https:\/\/tlc.eu\/our-potential\/"},"modified":"2025-12-15T14:21:49","modified_gmt":"2025-12-15T14:21:49","slug":"nasz-potencjal","status":"publish","type":"page","link":"https:\/\/tlc.eu\/pl\/nasz-potencjal\/","title":{"rendered":"Nasz potencja\u0142"},"content":{"rendered":"<section data-block_c59391badac4476f0548d60f1643eb88 class=\"hero aligncenter\">\n  <div class=\"hero__container w-full  relative flex flex-col justify-center items-center overflow-hidden\">\n          <div class=\"hero__background w-full h-full absolute top-0 left-0 overlay-bg--only-mobile\">\n                  <img decoding=\"async\" src=\"https:\/\/tlc.eu\/app\/uploads\/2024\/09\/about-us-hero-scaled.jpg\" class=\"hero__background-image object-cover object-center w-full h-full\">\n              <\/div>\n    \n    <div class=\"wrapper z-[1]\n    flex flex-col h-[37.5rem] tablet:h-[48rem] items-center\">\n              <div class=\"hero__return hidden tablet:flex mt-[4.8rem] self-start\">\n          <div class=\"return w-[1rem] h-[1.6rem] flex text-[1rem] cursor-pointer relative text-black\"\r\n     @click=\"returnClick('https:\/\/tlc.eu\/pl\/')\">\r\n  <i class=\"icon tlc-icon-arrow flex text-white rotate-180 text-[1.6rem] font-bold\"><\/i>\r\n<\/div>\r\n        <\/div>\n                    <div class=\"hero__breadcrumbs max-w-full text-white copy1 self-center tablet:self-start\n        mt-[6.4rem] md:mt-[4.8rem]\n        \">\n            <div class=\"breadcrumb flex w-full items-center justify-center tablet:justify-start mb-[4rem] md:mb-[4rem]\">\n  <div class=\"breadcrumb__box flex w-fit max-w-full\">\n    <swiper\n      ref=\"breadcrumbs\"\n      :modules=\"modules\"\n      direction=\"horizontal\"\n      slides-per-view=\"auto\"\n    >\n      <swiper-slide class=\"flex gap-[.8rem] tablet:gap-8 w-fit items-center mr-[.8rem] tablet:mr-8\">\n        <a href=\"https:\/\/tlc.eu\/pl\/\" class=\"item copy-breadcrumbs\">Home<\/a>\n        <i class=\"separator tlc-icon-angle text-[.8rem]\"><\/i>\n      <\/swiper-slide>\n          <\/swiper>\n  <\/div>\n<\/div>\n\n\n        <\/div>\n            <div class=\"hero__content w-full flex flex-col gap-[21.5rem] tablet:gap-[16rem]\">\n                  <div class=\"hero__head w-full flex flex-col gap-[2.4rem] tablet:gap-[4rem]\">\n              <h1 class=\"head h1 text-center md:text-left text-text-alternate\" style=\"\">\n              Nasz potencja\u0142\n            <\/h1>\n\n                          <div class=\"hero__return flex tablet:hidden self-center\">\n                <div class=\"return w-[1rem] h-[1.6rem] flex text-[1rem] cursor-pointer relative text-black\"\r\n     @click=\"returnClick('https:\/\/tlc.eu\/pl\/')\">\r\n  <i class=\"icon tlc-icon-arrow flex text-white rotate-180 text-[1.6rem] font-bold\"><\/i>\r\n<\/div>\r\n              <\/div>\n            \n                      <\/div>\n        \n                                  <\/div>\n    <\/div>\n\n      <\/div>\n<\/section>\n\n\n\n\n<section data-block_367d1eaf9177c0b0ede53bbdac1bb2f0 class=\"section section--bottom-0 section--top-0 py-[6.4rem] md:py-[11.2rem] hello-description-with-image aligncenter\" style=\"background-color: #e8e8e8\">\n    <div class=\"hello-description-with-image__wrapper wrapper relative\">\n      <img decoding=\"async\" src=\"https:\/\/tlc.eu\/app\/uploads\/2024\/11\/our-potential.png\" alt=\"\" class=\"hello-description-with-image__image w-[48.7rem] h-[48.7rem] absolute left-0 -bottom-[11.2rem] pointer-events-none invisible md:visible\">\n      <div class=\"hello-description-with-image__container w-full flex justify-end\">\n        <div class=\"hello-description-with-image__content w-full flex flex-col max-w-[77rem]\">\n                      <div class=\"description__head w-full\">\n              <h2 class=\"head h2\">Rozbudowujemy nasze zak\u0142ady produkcyjne i inwestujemy w automatyzacj\u0119, rozwijaj\u0105c zar\u00f3wno nasze maszyny, jak i technologie. <\/h2>\n            <\/div>\n          \n                      <div class=\"hello-description-with-image__description w-full mt-[2.4rem] md:mt-[4.8rem] text-text-primary\">\n              <p>Nasze zaanga\u017cowanie w innowacje i rozw\u00f3j pracownik\u00f3w przynios\u0142o nam zaufanie klient\u00f3w w 50 krajach, czyni\u0105c nas stabiln\u0105 firm\u0105 i rozpoznawaln\u0105 mark\u0105 na ca\u0142ym \u015bwiecie.<\/p>\n\n            <\/div>\n                  <\/div>\n      <\/div>\n    <\/div>\n<\/section>\n\n\n<section data-block_36fc8659ec91fffcfb42657b77a37cf1 class=\"section content-with-media aligncenter\">\n  <div class=\"wrapper\">\n              <div\n        class=\"content-with-media__container flex flex-col gap-[4.8rem] md:gap-[8rem] flex-col md:flex-row\">\n        <div class=\"content-with-media__content flex flex-col justify-center basis-1 md:basis-1\/2\">\n                      <h2 class=\"content-with-media__heading h3\">Naszym najwi\u0119kszym potencja\u0142em s\u0105 pracownicy<\/h2>\n                                <div class=\"content-with-media__description content-simple text-text-primary copy2 mt-[2rem] md:mt-[4.8rem]\">\n              <p>Nasz\u0105 najwi\u0119ksz\u0105 warto\u015bci\u0105 s\u0105 ludzie. Zatrudniamy specjalist\u00f3w w swoich dziedzinach i stawiamy na ich rozw\u00f3j, by jako organizacja nieustannie doskonali\u0107 si\u0119 i dostarcza\u0107 naszym klientom rozwi\u0105zania na najwy\u017cszym poziomie.<\/p>\n<p>Dzia\u0142amy globalnie, zatrudniaj\u0105c ekspert\u00f3w w wielu krajach, w tym w Polsce, Szwecji, Niemczech i Francji. Uwa\u017cnie ws\u0142uchujemy si\u0119 w potrzeby lokalnych rynk\u00f3w oraz opinie klient\u00f3w, aby nasze dzia\u0142ania by\u0142y jak najlepiej dopasowane do ich oczekiwa\u0144 i przynosi\u0142y realn\u0105 warto\u015b\u0107.<\/p>\n\n            <\/div>\n                  <\/div>\n        <div class=\"content-with-media__media basis-1 md:basis-1\/2\">\n                      <video class=\"content-with-media__video h-[30rem] md:h-[61.2rem] w-full object-cover\" loop=\"true\" playsinline\n                   autoplay=\"autoplay\" muted height=\"612px\" width=\"612px\" loading=\"lazy\">\n              <source src=\"https:\/\/tlc.eu\/app\/uploads\/2025\/09\/tlc-our-potential-en-web-video-1.mp4\" type=\"video\/mp4\">\n              Your browser does not support the video tag.\n            <\/video>\n                  <\/div>\n      <\/div>\n      <\/div>\n<\/section>\n\n\n<section data-block_ca238d45c37d536b40f9fa895ae0bbb0 class=\"section content-with-media aligncenter\">\n  <div class=\"wrapper\">\n              <div\n        class=\"content-with-media__container flex flex-col gap-[4.8rem] md:gap-[8rem] flex-col md:flex-row-reverse\">\n        <div class=\"content-with-media__content flex flex-col justify-center basis-1 md:basis-1\/2\">\n                      <h2 class=\"content-with-media__heading h3\">Wykwalifikowani in\u017cynierowie i specjali\u015bci<\/h2>\n                                <div class=\"content-with-media__description content-simple text-text-primary copy2 mt-[2rem] md:mt-[4.8rem]\">\n              <p>Nasz dzia\u0142 bada\u0144 i rozwoju oraz dzia\u0142 projektowania nieustannie doskonal\u0105 produkty i tworz\u0105 innowacyjne koncepcje technologiczne. Dzi\u0119ki zaanga\u017cowaniu naszego zespo\u0142u elastycznie odpowiadamy na dynamicznie zmieniaj\u0105ce si\u0119 potrzeby rynku oraz rosn\u0105ce standardy bezpiecze\u0144stwa.<\/p>\n<p>Zatrudniamy utalentowanych in\u017cynier\u00f3w i specjalist\u00f3w, kt\u00f3rzy \u015bledz\u0105 najnowsze osi\u0105gni\u0119cia technologiczne i trendy bran\u017cowe, wdra\u017caj\u0105c je do naszych projekt\u00f3w. Ich dba\u0142o\u015b\u0107 o szczeg\u00f3\u0142y pozwala nam tworzy\u0107 rozwi\u0105zania, kt\u00f3re wyr\u00f3\u017cniaj\u0105 si\u0119 na rynku, spe\u0142niaj\u0105c, a cz\u0119sto przewy\u017cszaj\u0105c, obecne standardy.<\/p>\n\n            <\/div>\n                  <\/div>\n        <div class=\"content-with-media__media basis-1 md:basis-1\/2\">\n                      <img decoding=\"async\" src=\"https:\/\/tlc.eu\/app\/uploads\/2025\/01\/our-potential.jpg\" alt=\"TLC\" height=\"612px\" width=\"612px\"\n                 loading=\"lazy\" class=\"content-with-media__image h-[30rem] md:h-[61.2rem] w-full object-cover\">\n                  <\/div>\n      <\/div>\n      <\/div>\n<\/section>\n\n\n<section data-block_9686c0aac5e67e8a3f944557a622f27a class=\"section content-with-media aligncenter\">\n  <div class=\"wrapper\">\n              <div\n        class=\"content-with-media__container flex flex-col gap-[4.8rem] md:gap-[8rem] flex-col md:flex-row\">\n        <div class=\"content-with-media__content flex flex-col justify-center basis-1 md:basis-1\/2\">\n                      <h2 class=\"content-with-media__heading h3\">Nowoczesne zak\u0142ady produkcyjne, zaawansowane technologie: park maszynowy i automatyzacja<\/h2>\n                                <div class=\"content-with-media__description content-simple text-text-primary copy2 mt-[2rem] md:mt-[4.8rem]\">\n              <p>Posiadamy dwa nowoczesne zak\u0142ady produkcyjne zlokalizowane w dw\u00f3ch polskich miastach: Gorlicach i Stargardzie. Regularnie inwestujemy w nowoczesne maszyny i technologie, co pozwala nam na automatyzacj\u0119 proces\u00f3w produkcyjnych oraz zwi\u0119ksza efektywno\u015b\u0107, precyzj\u0119 i powtarzalno\u015b\u0107 produkcji. Dzi\u0119ki temu realizacja zam\u00f3wie\u0144 przebiega sprawniej, a jako\u015b\u0107 naszych produkt\u00f3w osi\u0105ga jeszcze wy\u017cszy poziom. Te inwestycje umo\u017cliwiaj\u0105 nam r\u00f3wnie\u017c szybsze dostosowanie si\u0119 do zmieniaj\u0105cych si\u0119 potrzeb rynku oraz lepsze zarz\u0105dzanie zasobami, zapewniaj\u0105c naszym klientom konkurencyjne rozwi\u0105zania. <\/p>\n\n            <\/div>\n                  <\/div>\n        <div class=\"content-with-media__media basis-1 md:basis-1\/2\">\n                      <video class=\"content-with-media__video h-[30rem] md:h-[61.2rem] w-full object-cover\" loop=\"true\" playsinline\n                   autoplay=\"autoplay\" muted height=\"612px\" width=\"612px\" loading=\"lazy\">\n              <source src=\"https:\/\/tlc.eu\/app\/uploads\/2025\/09\/tlc-our-potential-en-web-video-2.mp4\" type=\"video\/mp4\">\n              Your browser does not support the video tag.\n            <\/video>\n                  <\/div>\n      <\/div>\n      <\/div>\n<\/section>\n\n\n\n\n\n\n\n\n<section data-block_21ea067e8ea6d07adb521688dc719390 class=\"section content-with-media aligncenter\">\n  <div class=\"wrapper\">\n              <div\n        class=\"content-with-media__container flex flex-col gap-[4.8rem] md:gap-[8rem] flex-col md:flex-row-reverse\">\n        <div class=\"content-with-media__content flex flex-col justify-center basis-1 md:basis-1\/2\">\n                      <h2 class=\"content-with-media__heading h3\">Certyfikaty \u2013 Gwarancja najwy\u017cszych standard\u00f3w<\/h2>\n                                <div class=\"content-with-media__description content-simple text-text-primary copy2 mt-[2rem] md:mt-[4.8rem]\">\n              <p>Naszym celem jest osi\u0105ganie najwy\u017cszych standard\u00f3w na ka\u017cdym etapie produkcji i zarz\u0105dzania, co potwierdzaj\u0105 liczne mi\u0119dzynarodowe certyfikaty. Dokumenty te \u015bwiadcz\u0105 o naszym zaanga\u017cowaniu w niezawodno\u015b\u0107 operacyjn\u0105, dba\u0142o\u015b\u0107 o \u015brodowisko oraz bezpiecze\u0144stwo pracy:<\/p>\n<ul>\n<li>ISO 9001 \u2013 Zarz\u0105dzanie Jako\u015bci\u0105, kt\u00f3ry odzwierciedla nasze d\u0105\u017cenie do spe\u0142niania i przekraczania oczekiwa\u0144 klient\u00f3w.<\/li>\n<li>ISO 14001 \u2013 Zarz\u0105dzanie \u015arodowiskowe, potwierdzaj\u0105cy nasze zobowi\u0105zanie do zr\u00f3wnowa\u017conego rozwoju i ograniczania wp\u0142ywu na \u015brodowisko.<\/li>\n<li>ISO 45001 \u2013 Bezpiecze\u0144stwo i Higiena Pracy, kt\u00f3ry gwarantuje, \u017ce zdrowie i bezpiecze\u0144stwo naszych pracownik\u00f3w s\u0105 dla nas priorytetem.<\/li>\n<li>EN 1090-2 oraz ISO 3834-2 \u2013 Certyfikaty jako\u015bci spawania, kluczowe w bran\u017cy konstrukcji stalowych, kt\u00f3re zapewniaj\u0105 najwy\u017csze standardy w procesach spawalniczych.<\/li>\n<\/ul>\n<p>Nasze certyfikaty stanowi\u0105 solidn\u0105 podstaw\u0119, kt\u00f3ra pozwala nam budowa\u0107 zaufanie i zapewnia\u0107 klientom rozwi\u0105zania najwy\u017cszej jako\u015bci.<\/p>\n\n            <\/div>\n                  <\/div>\n        <div class=\"content-with-media__media basis-1 md:basis-1\/2\">\n                      <video class=\"content-with-media__video h-[30rem] md:h-[61.2rem] w-full object-cover\" loop=\"true\" playsinline\n                   autoplay=\"autoplay\" muted height=\"612px\" width=\"612px\" loading=\"lazy\">\n              <source src=\"https:\/\/tlc.eu\/app\/uploads\/2025\/09\/tlc-our-potential-en-web-video-3.mp4\" type=\"video\/mp4\">\n              Your browser does not support the video tag.\n            <\/video>\n                  <\/div>\n      <\/div>\n      <\/div>\n<\/section>\n\n\n<section data-block_1b3e12b205c8312375f5ef7b0ca2e76e class=\"section content-with-media aligncenter\">\n  <div class=\"wrapper\">\n              <div\n        class=\"content-with-media__container flex flex-col gap-[4.8rem] md:gap-[8rem] flex-col md:flex-row\">\n        <div class=\"content-with-media__content flex flex-col justify-center basis-1 md:basis-1\/2\">\n                      <h2 class=\"content-with-media__heading h3\">Logistyka i zasi\u0119g globalny<\/h2>\n                                <div class=\"content-with-media__description content-simple text-text-primary copy2 mt-[2rem] md:mt-[4.8rem]\">\n              <p>Jeste\u015bmy w pe\u0142ni przygotowani do transportu l\u0105dowego, lotniczego i morskiego. Nasz zesp\u00f3\u0142 logistyczny specjalizuje si\u0119 w starannym zabezpieczaniu wszystkich transport\u00f3w, aby zapobiec uszkodzeniom i zmaksymalizowa\u0107 wydajno\u015b\u0107 za\u0142adunku. Dzi\u0119ki naszemu globalnemu zasi\u0119gowi jeste\u015bmy w stanie dostarcza\u0107 i realizowa\u0107 projekty w dowolnym miejscu na \u015bwiecie.<\/p>\n\n            <\/div>\n                  <\/div>\n        <div class=\"content-with-media__media basis-1 md:basis-1\/2\">\n                      <img decoding=\"async\" src=\"https:\/\/tlc.eu\/app\/uploads\/2024\/10\/Logistics-and-global-reach.jpg\" alt=\"TLC\" height=\"612px\" width=\"612px\"\n                 loading=\"lazy\" class=\"content-with-media__image h-[30rem] md:h-[61.2rem] w-full object-cover\">\n                  <\/div>\n      <\/div>\n      <\/div>\n<\/section>\n\n\n<section data-block_39596fc191513674b05eba4af0a00de3 class=\"section content-with-media aligncenter\">\n  <div class=\"wrapper\">\n              <div\n        class=\"content-with-media__container flex flex-col gap-[4.8rem] md:gap-[8rem] flex-col md:flex-row-reverse\">\n        <div class=\"content-with-media__content flex flex-col justify-center basis-1 md:basis-1\/2\">\n                      <h2 class=\"content-with-media__heading h3\">TLC Ocynkownia &#038; Packing Center <\/h2>\n                                <div class=\"content-with-media__description content-simple text-text-primary copy2 mt-[2rem] md:mt-[4.8rem]\">\n              <p>Posiadamy nowy zak\u0142ad wyposa\u017cony w zaawansowan\u0105 technologi\u0119 antykorozyjn\u0105, opracowan\u0105 we wsp\u00f3\u0142pracy z Instytutem Metali Nie\u017celaznych w Gliwicach. Jako producent schod\u00f3w i konstrukcji stalowych dla sektora przemys\u0142owego i budowlanego, poszerzamy nasz\u0105 ofert\u0119 o us\u0142ugi cynkowania ogniowego w naszym nowoczesnym zak\u0142adzie w Gorlicach. Ca\u0142y proces produkcji, w tym cynkowanie ogniowe i malowanie proszkowe, realizujemy wewn\u0119trznie, co pozwala nam na pe\u0142n\u0105 kontrol\u0119 jako\u015bci i zapewnienie najwy\u017cszych standard\u00f3w dla naszych klient\u00f3w.<\/p>\n\n            <\/div>\n                  <\/div>\n        <div class=\"content-with-media__media basis-1 md:basis-1\/2\">\n                      <video class=\"content-with-media__video h-[30rem] md:h-[61.2rem] w-full object-cover\" loop=\"true\" playsinline\n                   autoplay=\"autoplay\" muted height=\"612px\" width=\"612px\" loading=\"lazy\">\n              <source src=\"https:\/\/tlc.eu\/app\/uploads\/2025\/09\/tlc-our-potential-en-web-video-4.mp4\" type=\"video\/mp4\">\n              Your browser does not support the video tag.\n            <\/video>\n                  <\/div>\n      <\/div>\n      <\/div>\n<\/section>\n","protected":false},"excerpt":{"rendered":"<p>Nasze zaanga\u017cowanie w innowacje i rozw\u00f3j pracownik\u00f3w przynios\u0142o nam zaufanie klient\u00f3w w 50 krajach, czyni\u0105c nas stabiln\u0105 firm\u0105 i rozpoznawaln\u0105 mark\u0105 na ca\u0142ym \u015bwiecie.<\/p>\n","protected":false},"author":4,"featured_media":0,"parent":0,"menu_order":0,"comment_status":"closed","ping_status":"closed","template":"","meta":{"_acf_changed":false,"inline_featured_image":false,"footnotes":""},"class_list":["post-26782","page","type-page","status-publish","hentry"],"acf":[],"yoast_head":"<!-- This site is optimized with the Yoast SEO plugin v23.8 - https:\/\/yoast.com\/wordpress\/plugins\/seo\/ -->\n<title>Nasz potencja\u0142 - TLC<\/title>\n<meta name=\"description\" content=\"Nasze zaanga\u017cowanie w innowacje i rozw\u00f3j pracownik\u00f3w przynios\u0142o nam zaufanie klient\u00f3w w 50 krajach, czyni\u0105c nas stabiln\u0105 firm\u0105 i rozpoznawaln\u0105 mark\u0105 na ca\u0142ym \u015bwiecie.\" \/>\n<meta name=\"robots\" content=\"index, follow, max-snippet:-1, max-image-preview:large, max-video-preview:-1\" \/>\n<link rel=\"canonical\" href=\"https:\/\/tlc.eu\/pl\/nasz-potencjal\/\" \/>\n<meta property=\"og:locale\" content=\"pl_PL\" \/>\n<meta property=\"og:type\" content=\"article\" \/>\n<meta property=\"og:title\" content=\"Nasz potencja\u0142 - TLC\" \/>\n<meta property=\"og:description\" content=\"Nasze zaanga\u017cowanie w innowacje i rozw\u00f3j pracownik\u00f3w przynios\u0142o nam zaufanie klient\u00f3w w 50 krajach, czyni\u0105c nas stabiln\u0105 firm\u0105 i rozpoznawaln\u0105 mark\u0105 na ca\u0142ym \u015bwiecie.\" \/>\n<meta property=\"og:url\" content=\"https:\/\/tlc.eu\/pl\/nasz-potencjal\/\" \/>\n<meta property=\"og:site_name\" content=\"TLC\" \/>\n<meta property=\"article:modified_time\" content=\"2025-12-15T14:21:49+00:00\" \/>\n<meta name=\"twitter:card\" content=\"summary_large_image\" \/>\n<script type=\"application\/ld+json\" class=\"yoast-schema-graph\">{\"@context\":\"https:\/\/schema.org\",\"@graph\":[{\"@type\":\"WebPage\",\"@id\":\"https:\/\/tlc.eu\/pl\/nasz-potencjal\/\",\"url\":\"https:\/\/tlc.eu\/pl\/nasz-potencjal\/\",\"name\":\"Nasz potencja\u0142 - TLC\",\"isPartOf\":{\"@id\":\"https:\/\/tlc.eu\/pl\/#website\"},\"datePublished\":\"2024-09-10T11:41:58+00:00\",\"dateModified\":\"2025-12-15T14:21:49+00:00\",\"description\":\"Nasze zaanga\u017cowanie w innowacje i rozw\u00f3j pracownik\u00f3w przynios\u0142o nam zaufanie klient\u00f3w w 50 krajach, czyni\u0105c nas stabiln\u0105 firm\u0105 i rozpoznawaln\u0105 mark\u0105 na ca\u0142ym \u015bwiecie.\",\"breadcrumb\":{\"@id\":\"https:\/\/tlc.eu\/pl\/nasz-potencjal\/#breadcrumb\"},\"inLanguage\":\"pl-PL\",\"potentialAction\":[{\"@type\":\"ReadAction\",\"target\":[\"https:\/\/tlc.eu\/pl\/nasz-potencjal\/\"]}]},{\"@type\":\"BreadcrumbList\",\"@id\":\"https:\/\/tlc.eu\/pl\/nasz-potencjal\/#breadcrumb\",\"itemListElement\":[{\"@type\":\"ListItem\",\"position\":1,\"name\":\"Home\",\"item\":\"https:\/\/tlc.eu\/pl\/\"},{\"@type\":\"ListItem\",\"position\":2,\"name\":\"Nasz potencja\u0142\"}]},{\"@type\":\"WebSite\",\"@id\":\"https:\/\/tlc.eu\/pl\/#website\",\"url\":\"https:\/\/tlc.eu\/pl\/\",\"name\":\"TLC EU Steel Equipment | Design & Production\",\"description\":\"\",\"alternateName\":\"TLC\",\"potentialAction\":[{\"@type\":\"SearchAction\",\"target\":{\"@type\":\"EntryPoint\",\"urlTemplate\":\"https:\/\/tlc.eu\/pl\/?s={search_term_string}\"},\"query-input\":{\"@type\":\"PropertyValueSpecification\",\"valueRequired\":true,\"valueName\":\"search_term_string\"}}],\"inLanguage\":\"pl-PL\"}]}<\/script>\n<!-- \/ Yoast SEO plugin. -->","yoast_head_json":{"title":"Nasz potencja\u0142 - TLC","description":"Nasze zaanga\u017cowanie w innowacje i rozw\u00f3j pracownik\u00f3w przynios\u0142o nam zaufanie klient\u00f3w w 50 krajach, czyni\u0105c nas stabiln\u0105 firm\u0105 i rozpoznawaln\u0105 mark\u0105 na ca\u0142ym \u015bwiecie.","robots":{"index":"index","follow":"follow","max-snippet":"max-snippet:-1","max-image-preview":"max-image-preview:large","max-video-preview":"max-video-preview:-1"},"canonical":"https:\/\/tlc.eu\/pl\/nasz-potencjal\/","og_locale":"pl_PL","og_type":"article","og_title":"Nasz potencja\u0142 - TLC","og_description":"Nasze zaanga\u017cowanie w innowacje i rozw\u00f3j pracownik\u00f3w przynios\u0142o nam zaufanie klient\u00f3w w 50 krajach, czyni\u0105c nas stabiln\u0105 firm\u0105 i rozpoznawaln\u0105 mark\u0105 na ca\u0142ym \u015bwiecie.","og_url":"https:\/\/tlc.eu\/pl\/nasz-potencjal\/","og_site_name":"TLC","article_modified_time":"2025-12-15T14:21:49+00:00","twitter_card":"summary_large_image","schema":{"@context":"https:\/\/schema.org","@graph":[{"@type":"WebPage","@id":"https:\/\/tlc.eu\/pl\/nasz-potencjal\/","url":"https:\/\/tlc.eu\/pl\/nasz-potencjal\/","name":"Nasz potencja\u0142 - TLC","isPartOf":{"@id":"https:\/\/tlc.eu\/pl\/#website"},"datePublished":"2024-09-10T11:41:58+00:00","dateModified":"2025-12-15T14:21:49+00:00","description":"Nasze zaanga\u017cowanie w innowacje i rozw\u00f3j pracownik\u00f3w przynios\u0142o nam zaufanie klient\u00f3w w 50 krajach, czyni\u0105c nas stabiln\u0105 firm\u0105 i rozpoznawaln\u0105 mark\u0105 na ca\u0142ym \u015bwiecie.","breadcrumb":{"@id":"https:\/\/tlc.eu\/pl\/nasz-potencjal\/#breadcrumb"},"inLanguage":"pl-PL","potentialAction":[{"@type":"ReadAction","target":["https:\/\/tlc.eu\/pl\/nasz-potencjal\/"]}]},{"@type":"BreadcrumbList","@id":"https:\/\/tlc.eu\/pl\/nasz-potencjal\/#breadcrumb","itemListElement":[{"@type":"ListItem","position":1,"name":"Home","item":"https:\/\/tlc.eu\/pl\/"},{"@type":"ListItem","position":2,"name":"Nasz potencja\u0142"}]},{"@type":"WebSite","@id":"https:\/\/tlc.eu\/pl\/#website","url":"https:\/\/tlc.eu\/pl\/","name":"TLC EU Steel Equipment | Design & Production","description":"","alternateName":"TLC","potentialAction":[{"@type":"SearchAction","target":{"@type":"EntryPoint","urlTemplate":"https:\/\/tlc.eu\/pl\/?s={search_term_string}"},"query-input":{"@type":"PropertyValueSpecification","valueRequired":true,"valueName":"search_term_string"}}],"inLanguage":"pl-PL"}]}},"_links":{"self":[{"href":"https:\/\/tlc.eu\/pl\/wp-json\/wp\/v2\/pages\/26782","targetHints":{"allow":["GET"]}}],"collection":[{"href":"https:\/\/tlc.eu\/pl\/wp-json\/wp\/v2\/pages"}],"about":[{"href":"https:\/\/tlc.eu\/pl\/wp-json\/wp\/v2\/types\/page"}],"author":[{"embeddable":true,"href":"https:\/\/tlc.eu\/pl\/wp-json\/wp\/v2\/users\/4"}],"replies":[{"embeddable":true,"href":"https:\/\/tlc.eu\/pl\/wp-json\/wp\/v2\/comments?post=26782"}],"version-history":[{"count":3,"href":"https:\/\/tlc.eu\/pl\/wp-json\/wp\/v2\/pages\/26782\/revisions"}],"predecessor-version":[{"id":26849,"href":"https:\/\/tlc.eu\/pl\/wp-json\/wp\/v2\/pages\/26782\/revisions\/26849"}],"wp:attachment":[{"href":"https:\/\/tlc.eu\/pl\/wp-json\/wp\/v2\/media?parent=26782"}],"curies":[{"name":"wp","href":"https:\/\/api.w.org\/{rel}","templated":true}]}}