{"id":26890,"date":"2024-08-28T10:47:53","date_gmt":"2024-08-28T10:47:53","guid":{"rendered":"https:\/\/tlc.eu\/kontakt\/walkway-systems-for-industry\/"},"modified":"2025-12-22T09:57:12","modified_gmt":"2025-12-22T09:57:12","slug":"stalowe-konstrukcje-dostepowe-dla-przemyslu-kontakt","status":"publish","type":"page","link":"https:\/\/tlc.eu\/pl\/kontakt\/stalowe-konstrukcje-dostepowe-dla-przemyslu-kontakt\/","title":{"rendered":"Stalowe konstrukcje dost\u0119powe dla przemys\u0142u"},"content":{"rendered":"<section data-block_8f3669b332410f2878f1b64a7b2408c2 class=\"hero aligncenter\">\n  <div class=\"hero__container w-full  relative flex flex-col justify-center items-center overflow-hidden\">\n          <div class=\"hero__background w-full h-full absolute top-0 left-0 overlay-bg--normal\">\n                  <img decoding=\"async\" src=\"https:\/\/tlc.eu\/app\/uploads\/2024\/11\/walkway-system-slider.jpg\" class=\"hero__background-image object-cover object-center w-full h-full\">\n              <\/div>\n    \n    <div class=\"wrapper z-[1]\n    h-[37.5rem] tablet:h-[48rem] flex items-center\">\n                  <div class=\"hero__content w-full flex flex-col gap-[21.5rem] tablet:gap-[16rem]\">\n                  <div class=\"hero__head w-full flex flex-col gap-[2.4rem] tablet:gap-[4rem]\">\n              <h1 class=\"head h1 text-center md:text-left text-text-alternate\" style=\"\">\n              Stalowe konstrukcje dost\u0119powe dla przemys\u0142u\n            <\/h1>\n\n            \n                      <\/div>\n        \n                                  <\/div>\n    <\/div>\n\n      <\/div>\n<\/section>\n\n\n<section\n  id=\"form\"\n      data-block_9d24fe44f4b1809cfaf16365dd5f6c65\n    class=\"form-job-offers w-full  forms aligncenter\">\n  <div class=\"form-job-offers__container w-full py-[6.4rem] tablet:py-[11.2rem]\">\n    <div class=\"wrapper\">\n      <div class=\"form-job-offers__content w-full flex flex-col\">\n        <div class=\"form-job-offers__head w-full\">\n          <h2 class=\"head h2 text-text-primary\">\n                          Popro\u015b o ofert\u0119\n                      <\/h2>\n\n                      <div class=\"desc description-content mt-[1.6rem] tablet:mt-[4rem] text-text-primary\">\n              <p>Wype\u0142nij formularz, a nasz specjalista skontaktuje si\u0119 z Tob\u0105.<\/p>\n\n            <\/div>\n                  <\/div>\n\n        <div class=\"form-job-offers__form w-full flex mt-[4.8rem] tablet:mt-[4rem]\">\n                                    <contact-form\n                                  class=\"white\"\n                                                  id=\"26890\"\n                                                  title=\"Stalowe konstrukcje dost\u0119powe dla przemys\u0142u\"\n                                                  type=\"general\"\n                                :enable-topic='false'\n                :topic-label-text='\"\"'\n                :topic-placeholder-text='\"\"'\n                :topic-options='false'\n                              >\n              <\/contact-form>\n                      \n        <\/div>\n      <\/div>\n    <\/div>\n  <\/div>\n<\/section>\n\n\n\n\n\n<p><\/p>\n","protected":false},"excerpt":{"rendered":"","protected":false},"author":4,"featured_media":0,"parent":26815,"menu_order":0,"comment_status":"closed","ping_status":"closed","template":"template-contact-form.blade.php","meta":{"_acf_changed":false,"inline_featured_image":false,"footnotes":""},"class_list":["post-26890","page","type-page","status-publish","hentry"],"acf":[],"yoast_head":"<!-- This site is optimized with the Yoast SEO plugin v23.8 - https:\/\/yoast.com\/wordpress\/plugins\/seo\/ -->\n<title>Stalowe konstrukcje dost\u0119powe dla przemys\u0142u - TLC<\/title>\n<meta name=\"robots\" content=\"index, follow, max-snippet:-1, max-image-preview:large, max-video-preview:-1\" \/>\n<link rel=\"canonical\" href=\"https:\/\/tlc.eu\/pl\/kontakt\/stalowe-konstrukcje-dostepowe-dla-przemyslu-kontakt\/\" \/>\n<meta property=\"og:locale\" content=\"pl_PL\" \/>\n<meta property=\"og:type\" content=\"article\" \/>\n<meta property=\"og:title\" content=\"Stalowe konstrukcje dost\u0119powe dla przemys\u0142u - TLC\" \/>\n<meta property=\"og:url\" content=\"https:\/\/tlc.eu\/pl\/kontakt\/stalowe-konstrukcje-dostepowe-dla-przemyslu-kontakt\/\" \/>\n<meta property=\"og:site_name\" content=\"TLC\" \/>\n<meta property=\"article:modified_time\" content=\"2025-12-22T09:57:12+00:00\" \/>\n<meta name=\"twitter:card\" content=\"summary_large_image\" \/>\n<script type=\"application\/ld+json\" class=\"yoast-schema-graph\">{\"@context\":\"https:\/\/schema.org\",\"@graph\":[{\"@type\":\"WebPage\",\"@id\":\"https:\/\/tlc.eu\/pl\/kontakt\/stalowe-konstrukcje-dostepowe-dla-przemyslu-kontakt\/\",\"url\":\"https:\/\/tlc.eu\/pl\/kontakt\/stalowe-konstrukcje-dostepowe-dla-przemyslu-kontakt\/\",\"name\":\"Stalowe konstrukcje dost\u0119powe dla przemys\u0142u - TLC\",\"isPartOf\":{\"@id\":\"https:\/\/tlc.eu\/pl\/#website\"},\"datePublished\":\"2024-08-28T10:47:53+00:00\",\"dateModified\":\"2025-12-22T09:57:12+00:00\",\"breadcrumb\":{\"@id\":\"https:\/\/tlc.eu\/pl\/kontakt\/stalowe-konstrukcje-dostepowe-dla-przemyslu-kontakt\/#breadcrumb\"},\"inLanguage\":\"pl-PL\",\"potentialAction\":[{\"@type\":\"ReadAction\",\"target\":[\"https:\/\/tlc.eu\/pl\/kontakt\/stalowe-konstrukcje-dostepowe-dla-przemyslu-kontakt\/\"]}]},{\"@type\":\"BreadcrumbList\",\"@id\":\"https:\/\/tlc.eu\/pl\/kontakt\/stalowe-konstrukcje-dostepowe-dla-przemyslu-kontakt\/#breadcrumb\",\"itemListElement\":[{\"@type\":\"ListItem\",\"position\":1,\"name\":\"Home\",\"item\":\"https:\/\/tlc.eu\/pl\/\"},{\"@type\":\"ListItem\",\"position\":2,\"name\":\"Kontakt\",\"item\":\"https:\/\/tlc.eu\/pl\/kontakt\/\"},{\"@type\":\"ListItem\",\"position\":3,\"name\":\"Stalowe konstrukcje dost\u0119powe dla przemys\u0142u\"}]},{\"@type\":\"WebSite\",\"@id\":\"https:\/\/tlc.eu\/pl\/#website\",\"url\":\"https:\/\/tlc.eu\/pl\/\",\"name\":\"TLC EU Steel Equipment | Design & Production\",\"description\":\"\",\"alternateName\":\"TLC\",\"potentialAction\":[{\"@type\":\"SearchAction\",\"target\":{\"@type\":\"EntryPoint\",\"urlTemplate\":\"https:\/\/tlc.eu\/pl\/?s={search_term_string}\"},\"query-input\":{\"@type\":\"PropertyValueSpecification\",\"valueRequired\":true,\"valueName\":\"search_term_string\"}}],\"inLanguage\":\"pl-PL\"}]}<\/script>\n<!-- \/ Yoast SEO plugin. -->","yoast_head_json":{"title":"Stalowe konstrukcje dost\u0119powe dla przemys\u0142u - TLC","robots":{"index":"index","follow":"follow","max-snippet":"max-snippet:-1","max-image-preview":"max-image-preview:large","max-video-preview":"max-video-preview:-1"},"canonical":"https:\/\/tlc.eu\/pl\/kontakt\/stalowe-konstrukcje-dostepowe-dla-przemyslu-kontakt\/","og_locale":"pl_PL","og_type":"article","og_title":"Stalowe konstrukcje dost\u0119powe dla przemys\u0142u - TLC","og_url":"https:\/\/tlc.eu\/pl\/kontakt\/stalowe-konstrukcje-dostepowe-dla-przemyslu-kontakt\/","og_site_name":"TLC","article_modified_time":"2025-12-22T09:57:12+00:00","twitter_card":"summary_large_image","schema":{"@context":"https:\/\/schema.org","@graph":[{"@type":"WebPage","@id":"https:\/\/tlc.eu\/pl\/kontakt\/stalowe-konstrukcje-dostepowe-dla-przemyslu-kontakt\/","url":"https:\/\/tlc.eu\/pl\/kontakt\/stalowe-konstrukcje-dostepowe-dla-przemyslu-kontakt\/","name":"Stalowe konstrukcje dost\u0119powe dla przemys\u0142u - TLC","isPartOf":{"@id":"https:\/\/tlc.eu\/pl\/#website"},"datePublished":"2024-08-28T10:47:53+00:00","dateModified":"2025-12-22T09:57:12+00:00","breadcrumb":{"@id":"https:\/\/tlc.eu\/pl\/kontakt\/stalowe-konstrukcje-dostepowe-dla-przemyslu-kontakt\/#breadcrumb"},"inLanguage":"pl-PL","potentialAction":[{"@type":"ReadAction","target":["https:\/\/tlc.eu\/pl\/kontakt\/stalowe-konstrukcje-dostepowe-dla-przemyslu-kontakt\/"]}]},{"@type":"BreadcrumbList","@id":"https:\/\/tlc.eu\/pl\/kontakt\/stalowe-konstrukcje-dostepowe-dla-przemyslu-kontakt\/#breadcrumb","itemListElement":[{"@type":"ListItem","position":1,"name":"Home","item":"https:\/\/tlc.eu\/pl\/"},{"@type":"ListItem","position":2,"name":"Kontakt","item":"https:\/\/tlc.eu\/pl\/kontakt\/"},{"@type":"ListItem","position":3,"name":"Stalowe konstrukcje dost\u0119powe dla przemys\u0142u"}]},{"@type":"WebSite","@id":"https:\/\/tlc.eu\/pl\/#website","url":"https:\/\/tlc.eu\/pl\/","name":"TLC EU Steel Equipment | Design & Production","description":"","alternateName":"TLC","potentialAction":[{"@type":"SearchAction","target":{"@type":"EntryPoint","urlTemplate":"https:\/\/tlc.eu\/pl\/?s={search_term_string}"},"query-input":{"@type":"PropertyValueSpecification","valueRequired":true,"valueName":"search_term_string"}}],"inLanguage":"pl-PL"}]}},"_links":{"self":[{"href":"https:\/\/tlc.eu\/pl\/wp-json\/wp\/v2\/pages\/26890","targetHints":{"allow":["GET"]}}],"collection":[{"href":"https:\/\/tlc.eu\/pl\/wp-json\/wp\/v2\/pages"}],"about":[{"href":"https:\/\/tlc.eu\/pl\/wp-json\/wp\/v2\/types\/page"}],"author":[{"embeddable":true,"href":"https:\/\/tlc.eu\/pl\/wp-json\/wp\/v2\/users\/4"}],"replies":[{"embeddable":true,"href":"https:\/\/tlc.eu\/pl\/wp-json\/wp\/v2\/comments?post=26890"}],"version-history":[{"count":14,"href":"https:\/\/tlc.eu\/pl\/wp-json\/wp\/v2\/pages\/26890\/revisions"}],"predecessor-version":[{"id":27178,"href":"https:\/\/tlc.eu\/pl\/wp-json\/wp\/v2\/pages\/26890\/revisions\/27178"}],"up":[{"embeddable":true,"href":"https:\/\/tlc.eu\/pl\/wp-json\/wp\/v2\/pages\/26815"}],"wp:attachment":[{"href":"https:\/\/tlc.eu\/pl\/wp-json\/wp\/v2\/media?parent=26890"}],"curies":[{"name":"wp","href":"https:\/\/api.w.org\/{rel}","templated":true}]}}