{"id":26896,"date":"2024-10-22T07:03:46","date_gmt":"2024-10-22T07:03:46","guid":{"rendered":"https:\/\/tlc.eu\/kontakt\/carla-linea\/"},"modified":"2025-12-16T13:40:06","modified_gmt":"2025-12-16T13:40:06","slug":"carla-linea","status":"publish","type":"page","link":"https:\/\/tlc.eu\/pl\/kontakt\/carla-linea\/","title":{"rendered":"Carla &amp; Linea &#8211; formularz kontaktowy"},"content":{"rendered":"<section data-block_1d5be8fc5f34ea5f8a8511126361214c class=\"hero aligncenter\">\n  <div class=\"hero__container w-full  relative flex flex-col justify-center items-center overflow-hidden\">\n          <div class=\"hero__background w-full h-full absolute top-0 left-0 overlay-bg--normal\">\n                  <img decoding=\"async\" src=\"https:\/\/tlc.eu\/app\/uploads\/2024\/10\/baner-carla-linea.jpg\" class=\"hero__background-image object-cover object-center w-full h-full\">\n              <\/div>\n    \n    <div class=\"wrapper z-[1]\n    h-[37.5rem] tablet:h-[48rem] flex items-center\">\n                  <div class=\"hero__content w-full flex flex-col gap-[21.5rem] tablet:gap-[16rem]\">\n                  <div class=\"hero__head w-full flex flex-col gap-[2.4rem] tablet:gap-[4rem]\">\n              <h1 class=\"head h1 text-center md:text-left text-text-alternate\" style=\"\">\n              Carla &#038; Linea\n            <\/h1>\n\n            \n                      <\/div>\n        \n                                  <\/div>\n    <\/div>\n\n      <\/div>\n<\/section>\n\n\n<section\r\n  id=\"form\"\r\n      data-block_156d3bce8e81314bbec09ba4a36daadb\r\n    class=\"form-job-offers w-full  forms aligncenter\">\r\n  <div class=\"form-job-offers__container w-full py-[6.4rem] tablet:py-[11.2rem]\">\r\n    <div class=\"wrapper\">\r\n      <div class=\"form-job-offers__content w-full flex flex-col\">\r\n        <div class=\"form-job-offers__head w-full\">\r\n          <h2 class=\"head h2 text-text-primary\">\r\n                          Zapytaj o ofert\u0119\r\n                      <\/h2>\r\n\r\n                      <div class=\"desc description-content mt-[1.6rem] tablet:mt-[4rem] text-text-primary\">\r\n              <p>Wype\u0142nij formularz, a nasz specjalista skontaktuje si\u0119 z Tob\u0105.<\/p>\n\r\n            <\/div>\r\n                  <\/div>\r\n\r\n        <div class=\"form-job-offers__form w-full flex mt-[4.8rem] tablet:mt-[4rem]\">\r\n                                    <contact-form\r\n                                  class=\"white\"\r\n                                                  id=\"26896\"\r\n                                                  title=\"Carla &amp;amp; Linea &amp;#8211; formularz kontaktowy\"\r\n                                                  type=\"general\"\r\n                                                  custom-color=\"#000000\"\r\n                  custom-color-hover=\"\"\r\n                  custom-text-color=\"\"\r\n                  custom-text-color-hover=\"\"\r\n                              >\r\n              <\/contact-form>\r\n                      \r\n        <\/div>\r\n      <\/div>\r\n    <\/div>\r\n  <\/div>\r\n<\/section>\r\n\r\n\r\n\n\n\n<p><\/p>\n","protected":false},"excerpt":{"rendered":"<p>Wype\u0142nij formularz, a nasz specjalista skontaktuje si\u0119 z Tob\u0105.<\/p>\n","protected":false},"author":4,"featured_media":0,"parent":26815,"menu_order":0,"comment_status":"closed","ping_status":"closed","template":"template-contact-form.blade.php","meta":{"_acf_changed":false,"inline_featured_image":false,"footnotes":""},"class_list":["post-26896","page","type-page","status-publish","hentry"],"acf":[],"yoast_head":"<!-- This site is optimized with the Yoast SEO plugin v23.8 - https:\/\/yoast.com\/wordpress\/plugins\/seo\/ -->\n<title>Carla &amp; Linea - formularz kontaktowy - TLC<\/title>\n<meta name=\"description\" content=\"Wype\u0142nij formularz, a nasz specjalista skontaktuje si\u0119 z Tob\u0105.\" \/>\n<meta name=\"robots\" content=\"index, follow, max-snippet:-1, max-image-preview:large, max-video-preview:-1\" \/>\n<link rel=\"canonical\" href=\"https:\/\/tlc.eu\/pl\/kontakt\/carla-linea\/\" \/>\n<meta property=\"og:locale\" content=\"pl_PL\" \/>\n<meta property=\"og:type\" content=\"article\" \/>\n<meta property=\"og:title\" content=\"Carla &amp; Linea - formularz kontaktowy - TLC\" \/>\n<meta property=\"og:description\" content=\"Wype\u0142nij formularz, a nasz specjalista skontaktuje si\u0119 z Tob\u0105.\" \/>\n<meta property=\"og:url\" content=\"https:\/\/tlc.eu\/pl\/kontakt\/carla-linea\/\" \/>\n<meta property=\"og:site_name\" content=\"TLC\" \/>\n<meta property=\"article:modified_time\" content=\"2025-12-16T13:40:06+00:00\" \/>\n<meta name=\"twitter:card\" content=\"summary_large_image\" \/>\n<script type=\"application\/ld+json\" class=\"yoast-schema-graph\">{\"@context\":\"https:\/\/schema.org\",\"@graph\":[{\"@type\":\"WebPage\",\"@id\":\"https:\/\/tlc.eu\/pl\/kontakt\/carla-linea\/\",\"url\":\"https:\/\/tlc.eu\/pl\/kontakt\/carla-linea\/\",\"name\":\"Carla &amp; Linea - formularz kontaktowy - TLC\",\"isPartOf\":{\"@id\":\"https:\/\/tlc.eu\/pl\/#website\"},\"datePublished\":\"2024-10-22T07:03:46+00:00\",\"dateModified\":\"2025-12-16T13:40:06+00:00\",\"description\":\"Wype\u0142nij formularz, a nasz specjalista skontaktuje si\u0119 z Tob\u0105.\",\"breadcrumb\":{\"@id\":\"https:\/\/tlc.eu\/pl\/kontakt\/carla-linea\/#breadcrumb\"},\"inLanguage\":\"pl-PL\",\"potentialAction\":[{\"@type\":\"ReadAction\",\"target\":[\"https:\/\/tlc.eu\/pl\/kontakt\/carla-linea\/\"]}]},{\"@type\":\"BreadcrumbList\",\"@id\":\"https:\/\/tlc.eu\/pl\/kontakt\/carla-linea\/#breadcrumb\",\"itemListElement\":[{\"@type\":\"ListItem\",\"position\":1,\"name\":\"Home\",\"item\":\"https:\/\/tlc.eu\/pl\/\"},{\"@type\":\"ListItem\",\"position\":2,\"name\":\"Kontakt\",\"item\":\"https:\/\/tlc.eu\/pl\/kontakt\/\"},{\"@type\":\"ListItem\",\"position\":3,\"name\":\"Carla &amp; Linea &#8211; formularz kontaktowy\"}]},{\"@type\":\"WebSite\",\"@id\":\"https:\/\/tlc.eu\/pl\/#website\",\"url\":\"https:\/\/tlc.eu\/pl\/\",\"name\":\"TLC EU Steel Equipment | Design & Production\",\"description\":\"\",\"alternateName\":\"TLC\",\"potentialAction\":[{\"@type\":\"SearchAction\",\"target\":{\"@type\":\"EntryPoint\",\"urlTemplate\":\"https:\/\/tlc.eu\/pl\/?s={search_term_string}\"},\"query-input\":{\"@type\":\"PropertyValueSpecification\",\"valueRequired\":true,\"valueName\":\"search_term_string\"}}],\"inLanguage\":\"pl-PL\"}]}<\/script>\n<!-- \/ Yoast SEO plugin. -->","yoast_head_json":{"title":"Carla &amp; Linea - formularz kontaktowy - TLC","description":"Wype\u0142nij formularz, a nasz specjalista skontaktuje si\u0119 z Tob\u0105.","robots":{"index":"index","follow":"follow","max-snippet":"max-snippet:-1","max-image-preview":"max-image-preview:large","max-video-preview":"max-video-preview:-1"},"canonical":"https:\/\/tlc.eu\/pl\/kontakt\/carla-linea\/","og_locale":"pl_PL","og_type":"article","og_title":"Carla &amp; Linea - formularz kontaktowy - TLC","og_description":"Wype\u0142nij formularz, a nasz specjalista skontaktuje si\u0119 z Tob\u0105.","og_url":"https:\/\/tlc.eu\/pl\/kontakt\/carla-linea\/","og_site_name":"TLC","article_modified_time":"2025-12-16T13:40:06+00:00","twitter_card":"summary_large_image","schema":{"@context":"https:\/\/schema.org","@graph":[{"@type":"WebPage","@id":"https:\/\/tlc.eu\/pl\/kontakt\/carla-linea\/","url":"https:\/\/tlc.eu\/pl\/kontakt\/carla-linea\/","name":"Carla &amp; Linea - formularz kontaktowy - TLC","isPartOf":{"@id":"https:\/\/tlc.eu\/pl\/#website"},"datePublished":"2024-10-22T07:03:46+00:00","dateModified":"2025-12-16T13:40:06+00:00","description":"Wype\u0142nij formularz, a nasz specjalista skontaktuje si\u0119 z Tob\u0105.","breadcrumb":{"@id":"https:\/\/tlc.eu\/pl\/kontakt\/carla-linea\/#breadcrumb"},"inLanguage":"pl-PL","potentialAction":[{"@type":"ReadAction","target":["https:\/\/tlc.eu\/pl\/kontakt\/carla-linea\/"]}]},{"@type":"BreadcrumbList","@id":"https:\/\/tlc.eu\/pl\/kontakt\/carla-linea\/#breadcrumb","itemListElement":[{"@type":"ListItem","position":1,"name":"Home","item":"https:\/\/tlc.eu\/pl\/"},{"@type":"ListItem","position":2,"name":"Kontakt","item":"https:\/\/tlc.eu\/pl\/kontakt\/"},{"@type":"ListItem","position":3,"name":"Carla &amp; Linea &#8211; formularz kontaktowy"}]},{"@type":"WebSite","@id":"https:\/\/tlc.eu\/pl\/#website","url":"https:\/\/tlc.eu\/pl\/","name":"TLC EU Steel Equipment | Design & Production","description":"","alternateName":"TLC","potentialAction":[{"@type":"SearchAction","target":{"@type":"EntryPoint","urlTemplate":"https:\/\/tlc.eu\/pl\/?s={search_term_string}"},"query-input":{"@type":"PropertyValueSpecification","valueRequired":true,"valueName":"search_term_string"}}],"inLanguage":"pl-PL"}]}},"_links":{"self":[{"href":"https:\/\/tlc.eu\/pl\/wp-json\/wp\/v2\/pages\/26896","targetHints":{"allow":["GET"]}}],"collection":[{"href":"https:\/\/tlc.eu\/pl\/wp-json\/wp\/v2\/pages"}],"about":[{"href":"https:\/\/tlc.eu\/pl\/wp-json\/wp\/v2\/types\/page"}],"author":[{"embeddable":true,"href":"https:\/\/tlc.eu\/pl\/wp-json\/wp\/v2\/users\/4"}],"replies":[{"embeddable":true,"href":"https:\/\/tlc.eu\/pl\/wp-json\/wp\/v2\/comments?post=26896"}],"version-history":[{"count":3,"href":"https:\/\/tlc.eu\/pl\/wp-json\/wp\/v2\/pages\/26896\/revisions"}],"predecessor-version":[{"id":26925,"href":"https:\/\/tlc.eu\/pl\/wp-json\/wp\/v2\/pages\/26896\/revisions\/26925"}],"up":[{"embeddable":true,"href":"https:\/\/tlc.eu\/pl\/wp-json\/wp\/v2\/pages\/26815"}],"wp:attachment":[{"href":"https:\/\/tlc.eu\/pl\/wp-json\/wp\/v2\/media?parent=26896"}],"curies":[{"name":"wp","href":"https:\/\/api.w.org\/{rel}","templated":true}]}}