{"id":28752,"date":"2024-08-21T09:31:23","date_gmt":"2024-08-21T09:31:23","guid":{"rendered":"https:\/\/tlc.eu\/karriar\/thank-you-page\/"},"modified":"2026-03-27T15:23:55","modified_gmt":"2026-03-27T15:23:55","slug":"tacksida","status":"publish","type":"page","link":"https:\/\/tlc.eu\/sv\/karriar\/tacksida\/","title":{"rendered":"Tacksida"},"content":{"rendered":"<section data-block_1e0e15595c0566d234a03c61ae0125f4 class=\"hero aligncenter\">\n  <div class=\"hero__container w-full h-[70rem] tablet:h-[74.5rem] relative flex flex-col justify-center items-center overflow-hidden\">\n    \n    <div class=\"wrapper z-[1]\n    \">\n                  <div class=\"hero__content w-full flex flex-col gap-[3.2rem] tablet:gap-[4rem]\">\n                  <div class=\"hero__head w-full flex flex-col gap-[2.4rem] tablet:gap-[4rem]\">\n              <h1 class=\"head h2 text-center md:text-left \" style=\"color: #000000;\">\n              Tack f\u00f6r din ans\u00f6kan.\n            <\/h1>\n\n            \n                          <div class=\"desc max-w-[71.5rem] description-content text-center tablet:text-left \" style=\"color: #000000;\">\n                <p>Din ans\u00f6kan har nu skickats in, tack f\u00f6r ditt intresse f\u00f6r att bli en del av v\u00e5rt team!<br \/>\nObservera att vi endast kommer att kontakta utvalda kandidater.<\/p>\n\n              <\/div>\n                      <\/div>\n        \n                                  <div class=\"hero__btns flex w-full justify-center tablet:justify-start\">\n                <a\n      href=\"https:\/\/tlc.eu\/sv\/\"\n      class=\"btn btn--primary\"\n                >\n      Tillbaka till startsidan\n    <\/a>\n  \n              <\/div>\n                          <\/div>\n    <\/div>\n\n          <div class=\"hero__divider w-screen absolute left-0 bottom-0 grid grid-cols-[1fr] tablet:grid-cols-[1fr_1fr_1fr] tablet:grid-rows-[6.8rem_6.8rem_6.8rem]\">\n        <div class=\"w-full h-full col-start-3\" style=\"background-color: #f5f5f5;\"><\/div>\n        <div class=\"w-full h-full col-start-2 row-start-2\" style=\"background-color: #f5f5f5;\"><\/div>\n        <div class=\"w-full h-full col-start-1 row-start-3\" style=\"background-color: #f5f5f5;\"><\/div>\n      <\/div>\n      <\/div>\n<\/section>\n","protected":false},"excerpt":{"rendered":"","protected":false},"author":4,"featured_media":0,"parent":28749,"menu_order":0,"comment_status":"closed","ping_status":"closed","template":"","meta":{"_acf_changed":false,"inline_featured_image":false,"footnotes":""},"class_list":["post-28752","page","type-page","status-publish","hentry"],"acf":[],"yoast_head":"<!-- This site is optimized with the Yoast SEO plugin v23.8 - https:\/\/yoast.com\/wordpress\/plugins\/seo\/ -->\n<title>Tacksida - TLC<\/title>\n<meta name=\"robots\" content=\"index, follow, max-snippet:-1, max-image-preview:large, max-video-preview:-1\" \/>\n<link rel=\"canonical\" href=\"https:\/\/tlc.eu\/sv\/karriar\/tacksida\/\" \/>\n<meta property=\"og:locale\" content=\"sv_SE\" \/>\n<meta property=\"og:type\" content=\"article\" \/>\n<meta property=\"og:title\" content=\"Tacksida - TLC\" \/>\n<meta property=\"og:url\" content=\"https:\/\/tlc.eu\/sv\/karriar\/tacksida\/\" \/>\n<meta property=\"og:site_name\" content=\"TLC\" \/>\n<meta property=\"article:modified_time\" content=\"2026-03-27T15:23:55+00:00\" \/>\n<meta name=\"twitter:card\" content=\"summary_large_image\" \/>\n<script type=\"application\/ld+json\" class=\"yoast-schema-graph\">{\"@context\":\"https:\/\/schema.org\",\"@graph\":[{\"@type\":\"WebPage\",\"@id\":\"https:\/\/tlc.eu\/sv\/karriar\/tacksida\/\",\"url\":\"https:\/\/tlc.eu\/sv\/karriar\/tacksida\/\",\"name\":\"Tacksida - TLC\",\"isPartOf\":{\"@id\":\"https:\/\/tlc.eu\/sv\/#website\"},\"datePublished\":\"2024-08-21T09:31:23+00:00\",\"dateModified\":\"2026-03-27T15:23:55+00:00\",\"breadcrumb\":{\"@id\":\"https:\/\/tlc.eu\/sv\/karriar\/tacksida\/#breadcrumb\"},\"inLanguage\":\"sv-SE\",\"potentialAction\":[{\"@type\":\"ReadAction\",\"target\":[\"https:\/\/tlc.eu\/sv\/karriar\/tacksida\/\"]}]},{\"@type\":\"BreadcrumbList\",\"@id\":\"https:\/\/tlc.eu\/sv\/karriar\/tacksida\/#breadcrumb\",\"itemListElement\":[{\"@type\":\"ListItem\",\"position\":1,\"name\":\"Home\",\"item\":\"https:\/\/tlc.eu\/sv\/\"},{\"@type\":\"ListItem\",\"position\":2,\"name\":\"Karri\u00e4r\",\"item\":\"https:\/\/tlc.eu\/sv\/karriar\/\"},{\"@type\":\"ListItem\",\"position\":3,\"name\":\"Tacksida\"}]},{\"@type\":\"WebSite\",\"@id\":\"https:\/\/tlc.eu\/sv\/#website\",\"url\":\"https:\/\/tlc.eu\/sv\/\",\"name\":\"TLC EU Steel Equipment | Design & Production\",\"description\":\"\",\"alternateName\":\"TLC\",\"potentialAction\":[{\"@type\":\"SearchAction\",\"target\":{\"@type\":\"EntryPoint\",\"urlTemplate\":\"https:\/\/tlc.eu\/sv\/?s={search_term_string}\"},\"query-input\":{\"@type\":\"PropertyValueSpecification\",\"valueRequired\":true,\"valueName\":\"search_term_string\"}}],\"inLanguage\":\"sv-SE\"}]}<\/script>\n<!-- \/ Yoast SEO plugin. -->","yoast_head_json":{"title":"Tacksida - TLC","robots":{"index":"index","follow":"follow","max-snippet":"max-snippet:-1","max-image-preview":"max-image-preview:large","max-video-preview":"max-video-preview:-1"},"canonical":"https:\/\/tlc.eu\/sv\/karriar\/tacksida\/","og_locale":"sv_SE","og_type":"article","og_title":"Tacksida - TLC","og_url":"https:\/\/tlc.eu\/sv\/karriar\/tacksida\/","og_site_name":"TLC","article_modified_time":"2026-03-27T15:23:55+00:00","twitter_card":"summary_large_image","schema":{"@context":"https:\/\/schema.org","@graph":[{"@type":"WebPage","@id":"https:\/\/tlc.eu\/sv\/karriar\/tacksida\/","url":"https:\/\/tlc.eu\/sv\/karriar\/tacksida\/","name":"Tacksida - TLC","isPartOf":{"@id":"https:\/\/tlc.eu\/sv\/#website"},"datePublished":"2024-08-21T09:31:23+00:00","dateModified":"2026-03-27T15:23:55+00:00","breadcrumb":{"@id":"https:\/\/tlc.eu\/sv\/karriar\/tacksida\/#breadcrumb"},"inLanguage":"sv-SE","potentialAction":[{"@type":"ReadAction","target":["https:\/\/tlc.eu\/sv\/karriar\/tacksida\/"]}]},{"@type":"BreadcrumbList","@id":"https:\/\/tlc.eu\/sv\/karriar\/tacksida\/#breadcrumb","itemListElement":[{"@type":"ListItem","position":1,"name":"Home","item":"https:\/\/tlc.eu\/sv\/"},{"@type":"ListItem","position":2,"name":"Karri\u00e4r","item":"https:\/\/tlc.eu\/sv\/karriar\/"},{"@type":"ListItem","position":3,"name":"Tacksida"}]},{"@type":"WebSite","@id":"https:\/\/tlc.eu\/sv\/#website","url":"https:\/\/tlc.eu\/sv\/","name":"TLC EU Steel Equipment | Design & Production","description":"","alternateName":"TLC","potentialAction":[{"@type":"SearchAction","target":{"@type":"EntryPoint","urlTemplate":"https:\/\/tlc.eu\/sv\/?s={search_term_string}"},"query-input":{"@type":"PropertyValueSpecification","valueRequired":true,"valueName":"search_term_string"}}],"inLanguage":"sv-SE"}]}},"_links":{"self":[{"href":"https:\/\/tlc.eu\/sv\/wp-json\/wp\/v2\/pages\/28752","targetHints":{"allow":["GET"]}}],"collection":[{"href":"https:\/\/tlc.eu\/sv\/wp-json\/wp\/v2\/pages"}],"about":[{"href":"https:\/\/tlc.eu\/sv\/wp-json\/wp\/v2\/types\/page"}],"author":[{"embeddable":true,"href":"https:\/\/tlc.eu\/sv\/wp-json\/wp\/v2\/users\/4"}],"replies":[{"embeddable":true,"href":"https:\/\/tlc.eu\/sv\/wp-json\/wp\/v2\/comments?post=28752"}],"version-history":[{"count":3,"href":"https:\/\/tlc.eu\/sv\/wp-json\/wp\/v2\/pages\/28752\/revisions"}],"predecessor-version":[{"id":29342,"href":"https:\/\/tlc.eu\/sv\/wp-json\/wp\/v2\/pages\/28752\/revisions\/29342"}],"up":[{"embeddable":true,"href":"https:\/\/tlc.eu\/sv\/wp-json\/wp\/v2\/pages\/28749"}],"wp:attachment":[{"href":"https:\/\/tlc.eu\/sv\/wp-json\/wp\/v2\/media?parent=28752"}],"curies":[{"name":"wp","href":"https:\/\/api.w.org\/{rel}","templated":true}]}}