{"id":28905,"date":"2024-09-10T11:41:58","date_gmt":"2024-09-10T11:41:58","guid":{"rendered":"https:\/\/tlc.eu\/our-potential\/"},"modified":"2026-03-16T13:23:42","modified_gmt":"2026-03-16T13:23:42","slug":"var-potential","status":"publish","type":"page","link":"https:\/\/tlc.eu\/sv\/var-potential\/","title":{"rendered":"V\u00e5r potential"},"content":{"rendered":"<section data-block_803ad97ff166392bd331e21534aabe8f class=\"hero aligncenter\">\n  <div class=\"hero__container w-full  relative flex flex-col justify-center items-center overflow-hidden\">\n          <div class=\"hero__background w-full h-full absolute top-0 left-0 overlay-bg--only-mobile\">\n                  <img decoding=\"async\" src=\"https:\/\/tlc.eu\/app\/uploads\/2024\/09\/about-us-hero-scaled.jpg\" class=\"hero__background-image object-cover object-center w-full h-full\">\n              <\/div>\n    \n    <div class=\"wrapper z-[1]\n    flex flex-col h-[37.5rem] tablet:h-[48rem] items-center\">\n              <div class=\"hero__return hidden tablet:flex mt-[4.8rem] self-start\">\n          <div class=\"return w-[1rem] h-[1.6rem] flex text-[1rem] cursor-pointer relative text-black\"\r\n     @click=\"returnClick('https:\/\/tlc.eu\/sv\/')\">\r\n  <i class=\"icon tlc-icon-arrow flex text-white rotate-180 text-[1.6rem] font-bold\"><\/i>\r\n<\/div>\r\n        <\/div>\n                    <div class=\"hero__breadcrumbs max-w-full text-white copy1 self-center tablet:self-start\n        mt-[6.4rem] md:mt-[4.8rem]\n        \">\n            <div class=\"breadcrumb flex w-full items-center justify-center tablet:justify-start mb-[4rem] md:mb-[4rem]\">\n  <div class=\"breadcrumb__box flex w-fit max-w-full\">\n    <swiper\n      ref=\"breadcrumbs\"\n      :modules=\"modules\"\n      direction=\"horizontal\"\n      slides-per-view=\"auto\"\n    >\n      <swiper-slide class=\"flex gap-[.8rem] tablet:gap-8 w-fit items-center mr-[.8rem] tablet:mr-8\">\n        <a href=\"https:\/\/tlc.eu\/sv\/\" class=\"item copy-breadcrumbs\">Home<\/a>\n        <i class=\"separator tlc-icon-angle text-[.8rem]\"><\/i>\n      <\/swiper-slide>\n          <\/swiper>\n  <\/div>\n<\/div>\n\n\n        <\/div>\n            <div class=\"hero__content w-full flex flex-col gap-[21.5rem] tablet:gap-[16rem]\">\n                  <div class=\"hero__head w-full flex flex-col gap-[2.4rem] tablet:gap-[4rem]\">\n              <h1 class=\"head h1 text-center md:text-left text-text-alternate\" style=\"\">\n              V\u00e5r potential\n            <\/h1>\n\n                          <div class=\"hero__return flex tablet:hidden self-center\">\n                <div class=\"return w-[1rem] h-[1.6rem] flex text-[1rem] cursor-pointer relative text-black\"\r\n     @click=\"returnClick('https:\/\/tlc.eu\/sv\/')\">\r\n  <i class=\"icon tlc-icon-arrow flex text-white rotate-180 text-[1.6rem] font-bold\"><\/i>\r\n<\/div>\r\n              <\/div>\n            \n                      <\/div>\n        \n                                  <\/div>\n    <\/div>\n\n      <\/div>\n<\/section>\n\n\n\n\n<section data-block_ce1ffb34c4359699b14641a50f7f62e2 class=\"section section--bottom-0 section--top-0 py-[6.4rem] md:py-[11.2rem] hello-description-with-image aligncenter\" style=\"background-color: #e8e8e8\">\n    <div class=\"hello-description-with-image__wrapper wrapper relative\">\n      <img decoding=\"async\" src=\"https:\/\/tlc.eu\/app\/uploads\/2024\/11\/our-potential.png\" alt=\"\" class=\"hello-description-with-image__image w-[48.7rem] h-[48.7rem] absolute left-0 -bottom-[11.2rem] pointer-events-none invisible md:visible\">\n      <div class=\"hello-description-with-image__container w-full flex justify-end\">\n        <div class=\"hello-description-with-image__content w-full flex flex-col max-w-[77rem]\">\n                      <div class=\"description__head w-full\">\n              <h2 class=\"head h2\">Vi ut\u00f6kar v\u00e5ra produktionsanl\u00e4ggningar och investerar i automatisering vilket utvecklar b\u00e5de v\u00e5r maskinpark och v\u00e5ra tekniska l\u00f6sningar.<\/h2>\n            <\/div>\n          \n                      <div class=\"hello-description-with-image__description w-full mt-[2.4rem] md:mt-[4.8rem] text-text-primary\">\n              <p>V\u00e5rt engagemang f\u00f6r innovation och medarbetarutveckling har gett oss kundernas f\u00f6rtroende i 50 l\u00e4nder vilket har etablerat oss som ett stabilt och globalt erk\u00e4nt varum\u00e4rke.<\/p>\n\n            <\/div>\n                  <\/div>\n      <\/div>\n    <\/div>\n<\/section>\n\n\n<section data-block_efd03e20621634fab2cf27b3d2450836 class=\"section content-with-media aligncenter\">\n  <div class=\"wrapper\">\n              <div\n        class=\"content-with-media__container flex flex-col gap-[4.8rem] md:gap-[8rem] flex-col md:flex-row\">\n        <div class=\"content-with-media__content flex flex-col justify-center basis-1 md:basis-1\/2\">\n                      <h2 class=\"content-with-media__heading h3\">V\u00e5r st\u00f6rsta tillg\u00e5ng \u00e4r v\u00e5ra medarbetare &#038; v\u00e5ra m\u00e4nniskor. <\/h2>\n                                <div class=\"content-with-media__description content-simple text-text-primary copy2 mt-[2rem] md:mt-[4.8rem]\">\n              <p>Vi anst\u00e4ller specialister inom sina respektive omr\u00e5den och investerar i deras utveckling f\u00f6r att kontinuerligt f\u00f6rb\u00e4ttra v\u00e5r organisation och leverera l\u00f6sningar av h\u00f6gsta kvalitet till v\u00e5ra kunder. Vi \u00e4r verksamma globalt och anst\u00e4ller experter i flera l\u00e4nder, inklusive Polen, Sverige, Tyskland och Frankrike. Vi lyssnar noggrant p\u00e5 lokala marknaders behov och \u00e5terkoppling fr\u00e5n v\u00e5ra kunders vilket g\u00f6r oss v\u00e4l anpassade till deras f\u00f6rv\u00e4ntningar och ger ett verkligt v\u00e4rde.<\/p>\n\n            <\/div>\n                  <\/div>\n        <div class=\"content-with-media__media basis-1 md:basis-1\/2\">\n                      <video class=\"content-with-media__video h-[30rem] md:h-[61.2rem] w-full object-cover\" loop=\"true\" playsinline\n                   autoplay=\"autoplay\" muted height=\"612px\" width=\"612px\" loading=\"lazy\">\n              <source src=\"https:\/\/tlc.eu\/app\/uploads\/2025\/09\/tlc-our-potential-en-web-video-1.mp4\" type=\"video\/mp4\">\n              Your browser does not support the video tag.\n            <\/video>\n                  <\/div>\n      <\/div>\n      <\/div>\n<\/section>\n\n\n<section data-block_f159423ccde98e435553d730354aab01 class=\"section content-with-media aligncenter\">\n  <div class=\"wrapper\">\n          <h2 class=\"content-with-media__header h2 mb-[8rem]\"><\/h2>\n              <div\n        class=\"content-with-media__container flex flex-col gap-[4.8rem] md:gap-[8rem] flex-col md:flex-row-reverse\">\n        <div class=\"content-with-media__content flex flex-col justify-center basis-1 md:basis-1\/2\">\n                      <h2 class=\"content-with-media__heading h3\">Kvalificerade ingenj\u00f6rer och specialister<\/h2>\n                                <div class=\"content-with-media__description content-simple text-text-primary copy2 mt-[2rem] md:mt-[4.8rem]\">\n              <p>V\u00e5r forsknings- och utvecklingsavdelning arbetar tillsammans med v\u00e5rt designteam f\u00f6r att kontinuerligt f\u00f6rb\u00e4ttra produkterna och skapa innovativa tekniska koncept. Tack vare v\u00e5rt teams engagemang kan vi flexibelt svara p\u00e5 marknadens dynamiska f\u00f6r\u00e4ndringar och \u00f6kande s\u00e4kerhetsstandarder. Vi anst\u00e4ller duktiga ingenj\u00f6rer och specialister som f\u00f6ljer de senaste tekniska framstegen och branschtrenderna och integrerar dom i v\u00e5ra projekt. Deras noggrannhet g\u00f6r det m\u00f6jligt f\u00f6r oss att utveckla l\u00f6sningar som sticker ut p\u00e5 marknaden och som uppfyller och ofta \u00f6vertr\u00e4ffar g\u00e4llande standarder.<\/p>\n\n            <\/div>\n                  <\/div>\n        <div class=\"content-with-media__media basis-1 md:basis-1\/2\">\n                      <img decoding=\"async\" src=\"https:\/\/tlc.eu\/app\/uploads\/2025\/01\/our-potential.jpg\" alt=\"TLC\" height=\"612px\" width=\"612px\"\n                 loading=\"lazy\" class=\"content-with-media__image h-[30rem] md:h-[61.2rem] w-full object-cover\">\n                  <\/div>\n      <\/div>\n      <\/div>\n<\/section>\n\n\n<section data-block_df79513994a6469d551e2cf491c929f2 class=\"section content-with-media aligncenter\">\n  <div class=\"wrapper\">\n              <div\n        class=\"content-with-media__container flex flex-col gap-[4.8rem] md:gap-[8rem] flex-col md:flex-row\">\n        <div class=\"content-with-media__content flex flex-col justify-center basis-1 md:basis-1\/2\">\n                      <h2 class=\"content-with-media__heading h3\">Moderna produktionsanl\u00e4ggningar, avancerad teknik: maskiner och automatisering<\/h2>\n                                <div class=\"content-with-media__description content-simple text-text-primary copy2 mt-[2rem] md:mt-[4.8rem]\">\n              <p>Vi har tv\u00e5 moderna produktionsanl\u00e4ggningar bel\u00e4gna i tv\u00e5 polska st\u00e4der: Gorlice och Stargard. Vi investerar regelbundet i avancerad maskinutrustning och teknologi, vilket g\u00f6r det m\u00f6jligt f\u00f6r oss att automatisera och \u00f6ka effektivitet, precision och produktionsstabilitet. I och med detta f\u00f6renklas orderhanteringen och kvaliteten p\u00e5 v\u00e5ra produkter n\u00e5r en \u00e4nnu h\u00f6gre niv\u00e5. Dessa investeringar g\u00f6r det \u00e4ven m\u00f6jligt att snabbare anpassa sig till f\u00f6r\u00e4ndrade marknadsbehov och f\u00f6rb\u00e4ttra resursf\u00f6rvaltningen, vilket ger v\u00e5ra kunder konkurrenskraftiga l\u00f6sningar.<\/p>\n\n            <\/div>\n                  <\/div>\n        <div class=\"content-with-media__media basis-1 md:basis-1\/2\">\n                      <video class=\"content-with-media__video h-[30rem] md:h-[61.2rem] w-full object-cover\" loop=\"true\" playsinline\n                   autoplay=\"autoplay\" muted height=\"612px\" width=\"612px\" loading=\"lazy\">\n              <source src=\"https:\/\/tlc.eu\/app\/uploads\/2025\/09\/tlc-our-potential-en-web-video-2.mp4\" type=\"video\/mp4\">\n              Your browser does not support the video tag.\n            <\/video>\n                  <\/div>\n      <\/div>\n      <\/div>\n<\/section>\n\n\n\n\n\n\n\n\n<section data-block_cf7804d66225009ae8c5c80f91f91d1b class=\"section content-with-media aligncenter\">\n  <div class=\"wrapper\">\n              <div\n        class=\"content-with-media__container flex flex-col gap-[4.8rem] md:gap-[8rem] flex-col md:flex-row-reverse\">\n        <div class=\"content-with-media__content flex flex-col justify-center basis-1 md:basis-1\/2\">\n                      <h2 class=\"content-with-media__heading h3\">Certifikat \u2013 Garanti f\u00f6r de h\u00f6gsta standarderna<\/h2>\n                                <div class=\"content-with-media__description content-simple text-text-primary copy2 mt-[2rem] md:mt-[4.8rem]\">\n              <p>V\u00e5rt m\u00e5l \u00e4r att uppn\u00e5 de h\u00f6gsta standarderna i varje steg av produktion och ledning vilket bekr\u00e4ftas av de m\u00e5nga internationella certifikat vi har.<br \/>\nDessa certifieringar visar v\u00e5rt \u00e5tagande f\u00f6r operativ tillf\u00f6rlitlighet, milj\u00f6t\u00e4nkande och arbetsplatss\u00e4kerhet:<\/p>\n<ul>\n<li>ISO 9001 \u2013 Kvalitetsledning, \u00e5terspeglar v\u00e5rt engagemang f\u00f6r att uppfylla och \u00f6vertr\u00e4ffa kundf\u00f6rv\u00e4ntningar.<\/li>\n<li>ISO 14001 \u2013 Milj\u00f6ledning, bekr\u00e4ftar v\u00e5rt engagemang f\u00f6r h\u00e5llbar utveckling och minskad milj\u00f6p\u00e5verkan.<\/li>\n<li>ISO 45001 \u2013 Arbetsmilj\u00f6ledning, s\u00e4kerst\u00e4ller att h\u00e4lsa och s\u00e4kerhet av v\u00e5ra anst\u00e4llda \u00e4r en prioritet.<\/li>\n<li>EN 1090-2 och ISO 3834-2 \u2013 Certifieringar f\u00f6r svetskvalitet, avg\u00f6rande inom st\u00e5lkonstruktionsindustrin som garanterar de h\u00f6gsta standarderna f\u00f6r svetsprocesser.<\/li>\n<\/ul>\n<p>V\u00e5ra certifieringar utg\u00f6r en solid grund som g\u00f6r det m\u00f6jligt f\u00f6r oss att bygga upp f\u00f6rtroende och leverera l\u00f6sningar av h\u00f6gsta kvalitet till v\u00e5ra kunder.<\/p>\n\n            <\/div>\n                  <\/div>\n        <div class=\"content-with-media__media basis-1 md:basis-1\/2\">\n                      <video class=\"content-with-media__video h-[30rem] md:h-[61.2rem] w-full object-cover\" loop=\"true\" playsinline\n                   autoplay=\"autoplay\" muted height=\"612px\" width=\"612px\" loading=\"lazy\">\n              <source src=\"https:\/\/tlc.eu\/app\/uploads\/2025\/09\/tlc-our-potential-en-web-video-3.mp4\" type=\"video\/mp4\">\n              Your browser does not support the video tag.\n            <\/video>\n                  <\/div>\n      <\/div>\n      <\/div>\n<\/section>\n\n\n<section data-block_e2e5b7168f9a2d49dbe3b673efa7a0f5 class=\"section content-with-media aligncenter\">\n  <div class=\"wrapper\">\n              <div\n        class=\"content-with-media__container flex flex-col gap-[4.8rem] md:gap-[8rem] flex-col md:flex-row\">\n        <div class=\"content-with-media__content flex flex-col justify-center basis-1 md:basis-1\/2\">\n                      <h2 class=\"content-with-media__heading h3\">Logistik och global r\u00e4ckvidd<\/h2>\n                                <div class=\"content-with-media__description content-simple text-text-primary copy2 mt-[2rem] md:mt-[4.8rem]\">\n              <p>Vi \u00e4r fullt f\u00f6rberedda f\u00f6r land-, luft- och sj\u00f6transport. V\u00e5rt logistikteam \u00e4r specialiserat p\u00e5 att noggrant s\u00e4kra alla transporter f\u00f6r att f\u00f6rhindra skador och maximera lastningseffektiviteten. Med v\u00e5r globala r\u00e4ckvidd \u00e4r vi redo att leverera och genomf\u00f6ra projekt var som helst i v\u00e4rlden.<\/p>\n\n            <\/div>\n                  <\/div>\n        <div class=\"content-with-media__media basis-1 md:basis-1\/2\">\n                      <img decoding=\"async\" src=\"https:\/\/tlc.eu\/app\/uploads\/2024\/10\/Logistics-and-global-reach.jpg\" alt=\"TLC\" height=\"612px\" width=\"612px\"\n                 loading=\"lazy\" class=\"content-with-media__image h-[30rem] md:h-[61.2rem] w-full object-cover\">\n                  <\/div>\n      <\/div>\n      <\/div>\n<\/section>\n\n\n<section data-block_a20f72c544f8dee7b54e1f07da7becf1 class=\"section content-with-media aligncenter\">\n  <div class=\"wrapper\">\n              <div\n        class=\"content-with-media__container flex flex-col gap-[4.8rem] md:gap-[8rem] flex-col md:flex-row-reverse\">\n        <div class=\"content-with-media__content flex flex-col justify-center basis-1 md:basis-1\/2\">\n                      <h2 class=\"content-with-media__heading h3\">TLC Ocynkownia &#038; Packing Center <\/h2>\n                                <div class=\"content-with-media__description content-simple text-text-primary copy2 mt-[2rem] md:mt-[4.8rem]\">\n              <p>Vi har en modern anl\u00e4ggning utrustad med avancerad korrosionsskyddsteknik baserad p\u00e5 varmf\u00f6rzinkning utvecklad i samarbete med Institutet f\u00f6r icke-j\u00e4rnmetaller i Gliwice. Som tillverkare av trappor och st\u00e5lkonstruktioner f\u00f6r industri- och byggbranschen ut\u00f6kar vi v\u00e5r produktportf\u00f6lj f\u00f6r att inkludera varmf\u00f6rzinkningstj\u00e4nster vid v\u00e5r moderna anl\u00e4ggning i Gorlice. Produktionsprocessen som utf\u00f6rs i egen regi, inklusive varmf\u00f6rzinkning och pulverlackering, g\u00f6r det m\u00f6jligt f\u00f6r oss att uppr\u00e4tth\u00e5lla en fullst\u00e4ndig kvalitetskontroll och s\u00e4kerst\u00e4lla de h\u00f6gsta standarderna f\u00f6r v\u00e5ra kunder.<\/p>\n\n            <\/div>\n                  <\/div>\n        <div class=\"content-with-media__media basis-1 md:basis-1\/2\">\n                      <video class=\"content-with-media__video h-[30rem] md:h-[61.2rem] w-full object-cover\" loop=\"true\" playsinline\n                   autoplay=\"autoplay\" muted height=\"612px\" width=\"612px\" loading=\"lazy\">\n              <source src=\"https:\/\/tlc.eu\/app\/uploads\/2025\/09\/tlc-our-potential-en-web-video-4.mp4\" type=\"video\/mp4\">\n              Your browser does not support the video tag.\n            <\/video>\n                  <\/div>\n      <\/div>\n      <\/div>\n<\/section>\n","protected":false},"excerpt":{"rendered":"","protected":false},"author":4,"featured_media":0,"parent":0,"menu_order":0,"comment_status":"closed","ping_status":"closed","template":"","meta":{"_acf_changed":false,"inline_featured_image":false,"footnotes":""},"class_list":["post-28905","page","type-page","status-publish","hentry"],"acf":[],"yoast_head":"<!-- This site is optimized with the Yoast SEO plugin v23.8 - https:\/\/yoast.com\/wordpress\/plugins\/seo\/ -->\n<title>V\u00e5r potential - TLC<\/title>\n<meta name=\"robots\" content=\"index, follow, max-snippet:-1, max-image-preview:large, max-video-preview:-1\" \/>\n<link rel=\"canonical\" href=\"https:\/\/tlc.eu\/sv\/var-potential\/\" \/>\n<meta property=\"og:locale\" content=\"sv_SE\" \/>\n<meta property=\"og:type\" content=\"article\" \/>\n<meta property=\"og:title\" content=\"V\u00e5r potential - TLC\" \/>\n<meta property=\"og:url\" content=\"https:\/\/tlc.eu\/sv\/var-potential\/\" \/>\n<meta property=\"og:site_name\" content=\"TLC\" \/>\n<meta property=\"article:modified_time\" content=\"2026-03-16T13:23:42+00:00\" \/>\n<meta name=\"twitter:card\" content=\"summary_large_image\" \/>\n<script type=\"application\/ld+json\" class=\"yoast-schema-graph\">{\"@context\":\"https:\/\/schema.org\",\"@graph\":[{\"@type\":\"WebPage\",\"@id\":\"https:\/\/tlc.eu\/sv\/var-potential\/\",\"url\":\"https:\/\/tlc.eu\/sv\/var-potential\/\",\"name\":\"V\u00e5r potential - TLC\",\"isPartOf\":{\"@id\":\"https:\/\/tlc.eu\/sv\/#website\"},\"datePublished\":\"2024-09-10T11:41:58+00:00\",\"dateModified\":\"2026-03-16T13:23:42+00:00\",\"breadcrumb\":{\"@id\":\"https:\/\/tlc.eu\/sv\/var-potential\/#breadcrumb\"},\"inLanguage\":\"sv-SE\",\"potentialAction\":[{\"@type\":\"ReadAction\",\"target\":[\"https:\/\/tlc.eu\/sv\/var-potential\/\"]}]},{\"@type\":\"BreadcrumbList\",\"@id\":\"https:\/\/tlc.eu\/sv\/var-potential\/#breadcrumb\",\"itemListElement\":[{\"@type\":\"ListItem\",\"position\":1,\"name\":\"Home\",\"item\":\"https:\/\/tlc.eu\/sv\/\"},{\"@type\":\"ListItem\",\"position\":2,\"name\":\"V\u00e5r potential\"}]},{\"@type\":\"WebSite\",\"@id\":\"https:\/\/tlc.eu\/sv\/#website\",\"url\":\"https:\/\/tlc.eu\/sv\/\",\"name\":\"TLC EU Steel Equipment | Design & Production\",\"description\":\"\",\"alternateName\":\"TLC\",\"potentialAction\":[{\"@type\":\"SearchAction\",\"target\":{\"@type\":\"EntryPoint\",\"urlTemplate\":\"https:\/\/tlc.eu\/sv\/?s={search_term_string}\"},\"query-input\":{\"@type\":\"PropertyValueSpecification\",\"valueRequired\":true,\"valueName\":\"search_term_string\"}}],\"inLanguage\":\"sv-SE\"}]}<\/script>\n<!-- \/ Yoast SEO plugin. -->","yoast_head_json":{"title":"V\u00e5r potential - TLC","robots":{"index":"index","follow":"follow","max-snippet":"max-snippet:-1","max-image-preview":"max-image-preview:large","max-video-preview":"max-video-preview:-1"},"canonical":"https:\/\/tlc.eu\/sv\/var-potential\/","og_locale":"sv_SE","og_type":"article","og_title":"V\u00e5r potential - TLC","og_url":"https:\/\/tlc.eu\/sv\/var-potential\/","og_site_name":"TLC","article_modified_time":"2026-03-16T13:23:42+00:00","twitter_card":"summary_large_image","schema":{"@context":"https:\/\/schema.org","@graph":[{"@type":"WebPage","@id":"https:\/\/tlc.eu\/sv\/var-potential\/","url":"https:\/\/tlc.eu\/sv\/var-potential\/","name":"V\u00e5r potential - TLC","isPartOf":{"@id":"https:\/\/tlc.eu\/sv\/#website"},"datePublished":"2024-09-10T11:41:58+00:00","dateModified":"2026-03-16T13:23:42+00:00","breadcrumb":{"@id":"https:\/\/tlc.eu\/sv\/var-potential\/#breadcrumb"},"inLanguage":"sv-SE","potentialAction":[{"@type":"ReadAction","target":["https:\/\/tlc.eu\/sv\/var-potential\/"]}]},{"@type":"BreadcrumbList","@id":"https:\/\/tlc.eu\/sv\/var-potential\/#breadcrumb","itemListElement":[{"@type":"ListItem","position":1,"name":"Home","item":"https:\/\/tlc.eu\/sv\/"},{"@type":"ListItem","position":2,"name":"V\u00e5r potential"}]},{"@type":"WebSite","@id":"https:\/\/tlc.eu\/sv\/#website","url":"https:\/\/tlc.eu\/sv\/","name":"TLC EU Steel Equipment | Design & Production","description":"","alternateName":"TLC","potentialAction":[{"@type":"SearchAction","target":{"@type":"EntryPoint","urlTemplate":"https:\/\/tlc.eu\/sv\/?s={search_term_string}"},"query-input":{"@type":"PropertyValueSpecification","valueRequired":true,"valueName":"search_term_string"}}],"inLanguage":"sv-SE"}]}},"_links":{"self":[{"href":"https:\/\/tlc.eu\/sv\/wp-json\/wp\/v2\/pages\/28905","targetHints":{"allow":["GET"]}}],"collection":[{"href":"https:\/\/tlc.eu\/sv\/wp-json\/wp\/v2\/pages"}],"about":[{"href":"https:\/\/tlc.eu\/sv\/wp-json\/wp\/v2\/types\/page"}],"author":[{"embeddable":true,"href":"https:\/\/tlc.eu\/sv\/wp-json\/wp\/v2\/users\/4"}],"replies":[{"embeddable":true,"href":"https:\/\/tlc.eu\/sv\/wp-json\/wp\/v2\/comments?post=28905"}],"version-history":[{"count":2,"href":"https:\/\/tlc.eu\/sv\/wp-json\/wp\/v2\/pages\/28905\/revisions"}],"predecessor-version":[{"id":28908,"href":"https:\/\/tlc.eu\/sv\/wp-json\/wp\/v2\/pages\/28905\/revisions\/28908"}],"wp:attachment":[{"href":"https:\/\/tlc.eu\/sv\/wp-json\/wp\/v2\/media?parent=28905"}],"curies":[{"name":"wp","href":"https:\/\/api.w.org\/{rel}","templated":true}]}}