{"id":29016,"date":"2024-08-28T13:03:55","date_gmt":"2024-08-28T13:03:55","guid":{"rendered":"https:\/\/tlc.eu\/pl-sv-contact\/construction-sites-protection\/"},"modified":"2026-04-16T12:31:47","modified_gmt":"2026-04-16T12:31:47","slug":"produkter-for-byggarbetsplatser","status":"publish","type":"page","link":"https:\/\/tlc.eu\/sv\/kontakt\/produkter-for-byggarbetsplatser\/","title":{"rendered":"Produkter f\u00f6r byggarbetsplatser"},"content":{"rendered":"<section data-block_5029119c7368f531aae6245307cf1126 class=\"hero aligncenter\">\n  <div class=\"hero__container w-full  relative flex flex-col justify-center items-center overflow-hidden\">\n          <div class=\"hero__background w-full h-full absolute top-0 left-0 overlay-bg--normal\">\n                  <img decoding=\"async\" src=\"https:\/\/tlc.eu\/app\/uploads\/2024\/11\/construction-sites-protection-slider-2.jpg\" class=\"hero__background-image object-cover object-center w-full h-full\">\n              <\/div>\n    \n    <div class=\"wrapper z-[1]\n    h-[37.5rem] tablet:h-[48rem] flex items-center\">\n                  <div class=\"hero__content w-full flex flex-col gap-[21.5rem] tablet:gap-[16rem]\">\n                  <div class=\"hero__head w-full flex flex-col gap-[2.4rem] tablet:gap-[4rem]\">\n              <h1 class=\"head h1 text-center md:text-left text-text-alternate\" style=\"\">\n              Produkter f\u00f6r byggarbetsplatser \n            <\/h1>\n\n            \n                      <\/div>\n        \n                                  <\/div>\n    <\/div>\n\n      <\/div>\n<\/section>\n\n\n<section\r\n  id=\"form\"\r\n      data-block_7c7e9b6f75b68126f8caf89aaf8debb3\r\n    class=\"form-job-offers w-full  forms aligncenter\">\r\n  <div class=\"form-job-offers__container w-full py-[6.4rem] tablet:py-[11.2rem]\">\r\n    <div class=\"wrapper\">\r\n      <div class=\"form-job-offers__content w-full flex flex-col\">\r\n        <div class=\"form-job-offers__head w-full\">\r\n          <h2 class=\"head h2 text-text-primary\">\r\n                          Beg\u00e4r en offert\r\n                      <\/h2>\r\n\r\n                      <div class=\"desc description-content mt-[1.6rem] tablet:mt-[4rem] text-text-primary\">\r\n              <p>Fyll i formul\u00e4ret s\u00e5 kontaktar v\u00e5r specialist dig.<\/p>\n\r\n            <\/div>\r\n                  <\/div>\r\n\r\n        <div class=\"form-job-offers__form w-full flex mt-[4.8rem] tablet:mt-[4rem]\">\r\n                                    <contact-form\r\n                                  class=\"white\"\r\n                                                  id=\"29016\"\r\n                                                  title=\"Produkter f\u00f6r byggarbetsplatser\"\r\n                                                  type=\"general\"\r\n                                                  custom-color=\"#000000\"\r\n                  custom-color-hover=\"\"\r\n                  custom-text-color=\"\"\r\n                  custom-text-color-hover=\"\"\r\n                              >\r\n              <\/contact-form>\r\n                      \r\n        <\/div>\r\n      <\/div>\r\n    <\/div>\r\n  <\/div>\r\n<\/section>\r\n\r\n\r\n\n\n\n<p><\/p>\n","protected":false},"excerpt":{"rendered":"","protected":false},"author":4,"featured_media":0,"parent":29012,"menu_order":0,"comment_status":"closed","ping_status":"closed","template":"template-contact-form.blade.php","meta":{"_acf_changed":false,"inline_featured_image":false,"footnotes":""},"class_list":["post-29016","page","type-page","status-publish","hentry"],"acf":[],"yoast_head":"<!-- This site is optimized with the Yoast SEO plugin v23.8 - https:\/\/yoast.com\/wordpress\/plugins\/seo\/ -->\n<title>Produkter f\u00f6r byggarbetsplatser - TLC<\/title>\n<meta name=\"robots\" content=\"index, follow, max-snippet:-1, max-image-preview:large, max-video-preview:-1\" \/>\n<link rel=\"canonical\" href=\"https:\/\/tlc.eu\/sv\/kontakt\/produkter-for-byggarbetsplatser\/\" \/>\n<meta property=\"og:locale\" content=\"sv_SE\" \/>\n<meta property=\"og:type\" content=\"article\" \/>\n<meta property=\"og:title\" content=\"Produkter f\u00f6r byggarbetsplatser - TLC\" \/>\n<meta property=\"og:url\" content=\"https:\/\/tlc.eu\/sv\/kontakt\/produkter-for-byggarbetsplatser\/\" \/>\n<meta property=\"og:site_name\" content=\"TLC\" \/>\n<meta property=\"article:modified_time\" content=\"2026-04-16T12:31:47+00:00\" \/>\n<meta name=\"twitter:card\" content=\"summary_large_image\" \/>\n<script type=\"application\/ld+json\" class=\"yoast-schema-graph\">{\"@context\":\"https:\/\/schema.org\",\"@graph\":[{\"@type\":\"WebPage\",\"@id\":\"https:\/\/tlc.eu\/sv\/kontakt\/produkter-for-byggarbetsplatser\/\",\"url\":\"https:\/\/tlc.eu\/sv\/kontakt\/produkter-for-byggarbetsplatser\/\",\"name\":\"Produkter f\u00f6r byggarbetsplatser - TLC\",\"isPartOf\":{\"@id\":\"https:\/\/tlc.eu\/sv\/#website\"},\"datePublished\":\"2024-08-28T13:03:55+00:00\",\"dateModified\":\"2026-04-16T12:31:47+00:00\",\"breadcrumb\":{\"@id\":\"https:\/\/tlc.eu\/sv\/kontakt\/produkter-for-byggarbetsplatser\/#breadcrumb\"},\"inLanguage\":\"sv-SE\",\"potentialAction\":[{\"@type\":\"ReadAction\",\"target\":[\"https:\/\/tlc.eu\/sv\/kontakt\/produkter-for-byggarbetsplatser\/\"]}]},{\"@type\":\"BreadcrumbList\",\"@id\":\"https:\/\/tlc.eu\/sv\/kontakt\/produkter-for-byggarbetsplatser\/#breadcrumb\",\"itemListElement\":[{\"@type\":\"ListItem\",\"position\":1,\"name\":\"Home\",\"item\":\"https:\/\/tlc.eu\/sv\/\"},{\"@type\":\"ListItem\",\"position\":2,\"name\":\"Kontakt\",\"item\":\"https:\/\/tlc.eu\/sv\/kontakt\/\"},{\"@type\":\"ListItem\",\"position\":3,\"name\":\"Produkter f\u00f6r byggarbetsplatser\"}]},{\"@type\":\"WebSite\",\"@id\":\"https:\/\/tlc.eu\/sv\/#website\",\"url\":\"https:\/\/tlc.eu\/sv\/\",\"name\":\"TLC EU Steel Equipment | Design & Production\",\"description\":\"\",\"alternateName\":\"TLC\",\"potentialAction\":[{\"@type\":\"SearchAction\",\"target\":{\"@type\":\"EntryPoint\",\"urlTemplate\":\"https:\/\/tlc.eu\/sv\/?s={search_term_string}\"},\"query-input\":{\"@type\":\"PropertyValueSpecification\",\"valueRequired\":true,\"valueName\":\"search_term_string\"}}],\"inLanguage\":\"sv-SE\"}]}<\/script>\n<!-- \/ Yoast SEO plugin. -->","yoast_head_json":{"title":"Produkter f\u00f6r byggarbetsplatser - TLC","robots":{"index":"index","follow":"follow","max-snippet":"max-snippet:-1","max-image-preview":"max-image-preview:large","max-video-preview":"max-video-preview:-1"},"canonical":"https:\/\/tlc.eu\/sv\/kontakt\/produkter-for-byggarbetsplatser\/","og_locale":"sv_SE","og_type":"article","og_title":"Produkter f\u00f6r byggarbetsplatser - TLC","og_url":"https:\/\/tlc.eu\/sv\/kontakt\/produkter-for-byggarbetsplatser\/","og_site_name":"TLC","article_modified_time":"2026-04-16T12:31:47+00:00","twitter_card":"summary_large_image","schema":{"@context":"https:\/\/schema.org","@graph":[{"@type":"WebPage","@id":"https:\/\/tlc.eu\/sv\/kontakt\/produkter-for-byggarbetsplatser\/","url":"https:\/\/tlc.eu\/sv\/kontakt\/produkter-for-byggarbetsplatser\/","name":"Produkter f\u00f6r byggarbetsplatser - TLC","isPartOf":{"@id":"https:\/\/tlc.eu\/sv\/#website"},"datePublished":"2024-08-28T13:03:55+00:00","dateModified":"2026-04-16T12:31:47+00:00","breadcrumb":{"@id":"https:\/\/tlc.eu\/sv\/kontakt\/produkter-for-byggarbetsplatser\/#breadcrumb"},"inLanguage":"sv-SE","potentialAction":[{"@type":"ReadAction","target":["https:\/\/tlc.eu\/sv\/kontakt\/produkter-for-byggarbetsplatser\/"]}]},{"@type":"BreadcrumbList","@id":"https:\/\/tlc.eu\/sv\/kontakt\/produkter-for-byggarbetsplatser\/#breadcrumb","itemListElement":[{"@type":"ListItem","position":1,"name":"Home","item":"https:\/\/tlc.eu\/sv\/"},{"@type":"ListItem","position":2,"name":"Kontakt","item":"https:\/\/tlc.eu\/sv\/kontakt\/"},{"@type":"ListItem","position":3,"name":"Produkter f\u00f6r byggarbetsplatser"}]},{"@type":"WebSite","@id":"https:\/\/tlc.eu\/sv\/#website","url":"https:\/\/tlc.eu\/sv\/","name":"TLC EU Steel Equipment | Design & Production","description":"","alternateName":"TLC","potentialAction":[{"@type":"SearchAction","target":{"@type":"EntryPoint","urlTemplate":"https:\/\/tlc.eu\/sv\/?s={search_term_string}"},"query-input":{"@type":"PropertyValueSpecification","valueRequired":true,"valueName":"search_term_string"}}],"inLanguage":"sv-SE"}]}},"_links":{"self":[{"href":"https:\/\/tlc.eu\/sv\/wp-json\/wp\/v2\/pages\/29016","targetHints":{"allow":["GET"]}}],"collection":[{"href":"https:\/\/tlc.eu\/sv\/wp-json\/wp\/v2\/pages"}],"about":[{"href":"https:\/\/tlc.eu\/sv\/wp-json\/wp\/v2\/types\/page"}],"author":[{"embeddable":true,"href":"https:\/\/tlc.eu\/sv\/wp-json\/wp\/v2\/users\/4"}],"replies":[{"embeddable":true,"href":"https:\/\/tlc.eu\/sv\/wp-json\/wp\/v2\/comments?post=29016"}],"version-history":[{"count":8,"href":"https:\/\/tlc.eu\/sv\/wp-json\/wp\/v2\/pages\/29016\/revisions"}],"predecessor-version":[{"id":30047,"href":"https:\/\/tlc.eu\/sv\/wp-json\/wp\/v2\/pages\/29016\/revisions\/30047"}],"up":[{"embeddable":true,"href":"https:\/\/tlc.eu\/sv\/wp-json\/wp\/v2\/pages\/29012"}],"wp:attachment":[{"href":"https:\/\/tlc.eu\/sv\/wp-json\/wp\/v2\/media?parent=29016"}],"curies":[{"name":"wp","href":"https:\/\/api.w.org\/{rel}","templated":true}]}}