{"id":29029,"date":"2024-09-18T12:59:44","date_gmt":"2024-09-18T12:59:44","guid":{"rendered":"https:\/\/tlc.eu\/services\/"},"modified":"2026-03-25T08:59:11","modified_gmt":"2026-03-25T08:59:11","slug":"tjanster","status":"publish","type":"page","link":"https:\/\/tlc.eu\/sv\/vara-produkter\/gangbryggor\/tjanster\/","title":{"rendered":"Tj\u00e4nster"},"content":{"rendered":"<section data-block_9cd44d40ed0ae5fc6daa92f691e248fd class=\"section content-with-media aligncenter\">\n  <div class=\"wrapper\">\n              <div\n        class=\"content-with-media__container flex flex-col gap-[4.8rem] md:gap-[8rem] flex-col md:flex-row-reverse\">\n        <div class=\"content-with-media__content flex flex-col justify-center basis-1 md:basis-1\/2\">\n                      <h2 class=\"content-with-media__heading h2\">Varf\u00f6r anf\u00f6rtro TLC installationen av industriella trappor?<\/h2>\n                                <div class=\"content-with-media__description content-simple text-text-primary copy2 mt-[2rem] md:mt-[4.8rem]\">\n              <p><span data-sheets-root=\"1\">Vi erbjuder v\u00e5ra kunder en helt\u00e4ckande tj\u00e4nst fr\u00e5n dimensionering och produktion till slutlig installation. V\u00e5r erfarenhet och precision i monteringsarbetet s\u00e4kerst\u00e4ller att industriella trappor och g\u00e5ngbryggor inte bara \u00e4r funktionella utan framf\u00f6r allt s\u00e4kra och uppfyller g\u00e4llande normer och standarder.<\/span><\/p>\n\n            <\/div>\n                  <\/div>\n        <div class=\"content-with-media__media basis-1 md:basis-1\/2\">\n                      <video class=\"content-with-media__video h-[30rem] md:h-[61.2rem] w-full object-cover\" loop=\"true\" playsinline\n                   autoplay=\"autoplay\" muted height=\"612px\" width=\"612px\" loading=\"lazy\">\n              <source src=\"https:\/\/tlc.eu\/app\/uploads\/2025\/09\/tlc-services-en-web-video-1.mp4\" type=\"video\/mp4\">\n              Your browser does not support the video tag.\n            <\/video>\n                  <\/div>\n      <\/div>\n      <\/div>\n<\/section>\n\n\n<section data-block_28c5b6c153cf70458ceac01275cea888 class=\"section content-with-media aligncenter\">\n  <div class=\"wrapper\">\n              <div\n        class=\"content-with-media__container flex flex-col gap-[4.8rem] md:gap-[8rem] flex-col md:flex-row\">\n        <div class=\"content-with-media__content flex flex-col justify-center basis-1 md:basis-1\/2\">\n                      <h2 class=\"content-with-media__heading h2\">Professionell installation fr\u00e5n tillverkaren<\/h2>\n                                <div class=\"content-with-media__description content-simple text-text-primary copy2 mt-[2rem] md:mt-[4.8rem]\">\n              <p><span data-sheets-root=\"1\">Som tillverkare av industriella trappor har vi full kontroll \u00f6ver hela processen, fr\u00e5n dimensionering till installation p\u00e5 plats. Detta inneb\u00e4r att v\u00e5ra kunder kan r\u00e4kna med enhetlighet och precision i utf\u00f6randet. Varje steg i installationen \u00e4r noggrant planerat och utf\u00f6rt vilket minimerar risken f\u00f6r fel och s\u00e4kerst\u00e4ller en snabb och smidig process utan att st\u00f6ra tidplanen.<\/span><\/p>\n<p><span data-sheets-root=\"1\">V\u00e5rt installationsteam best\u00e5r av kvalificerade specialister med l\u00e5ng erfarenhet fr\u00e5n olika industrier. Detta g\u00f6r det m\u00f6jligt f\u00f6r oss att effektivt installera trappor i alla milj\u00f6er, oavsett om det g\u00e4ller produktionsanl\u00e4ggningar, lagerlokaler eller andra industriella utrymmen. Installationen genomf\u00f6rs alltid enligt de tekniska kraven och anpassas till de specifika f\u00f6rh\u00e5llandena p\u00e5 plats.<\/p>\n<p><\/span><\/p>\n\n            <\/div>\n                  <\/div>\n        <div class=\"content-with-media__media basis-1 md:basis-1\/2\">\n                      <img decoding=\"async\" src=\"https:\/\/tlc.eu\/app\/uploads\/2024\/10\/assembly-tlc.jpg\" alt=\"TLC\" height=\"612px\" width=\"612px\"\n                 loading=\"lazy\" class=\"content-with-media__image h-[30rem] md:h-[61.2rem] w-full object-cover\">\n                  <\/div>\n      <\/div>\n      <\/div>\n<\/section>\n\n\n<section data-block_27998aa823d36b8ce01bb920f4be1d22 class=\"section content-with-media aligncenter\">\n  <div class=\"wrapper\">\n              <div\n        class=\"content-with-media__container flex flex-col gap-[4.8rem] md:gap-[8rem] flex-col md:flex-row-reverse\">\n        <div class=\"content-with-media__content flex flex-col justify-center basis-1 md:basis-1\/2\">\n                      <h2 class=\"content-with-media__heading h2\">Snabb och effektiv installationsprocess<\/h2>\n                                <div class=\"content-with-media__description content-simple text-text-primary copy2 mt-[2rem] md:mt-[4.8rem]\">\n              <p><span data-sheets-root=\"1\">Vi f\u00f6rst\u00e5r att tiden p\u00e5 en byggarbetsplats \u00e4r en kritisk faktor varf\u00f6r v\u00e5r installation \u00e4r v\u00e4lorganiserad och f\u00f6ljer en \u00f6verenskommen tidsplan. Med v\u00e5r kunskap och erfarenhet kan vi genomf\u00f6ra installationer snabbt och effektivt vilket minimerar driftstopp i produktionen, verksamheten eller byggprocessen.<br \/>\n<\/span><\/p>\n<p><span data-sheets-root=\"1\">Varje projekt kr\u00e4ver ett individuellt tillv\u00e4gag\u00e5ngss\u00e4tt och d\u00e4rf\u00f6r anpassas TLC:s installation efter anl\u00e4ggningens specifika f\u00f6rh\u00e5llanden. V\u00e5ra trappor och g\u00e5ngbryggor kan monteras i olika konfigurationer och p\u00e5 olika niv\u00e5er vilket m\u00f6jligg\u00f6r fullst\u00e4ndig anpassning till platsens eller anl\u00e4ggningens infrastruktur.<\/p>\n<p><\/span><\/p>\n\n            <\/div>\n                  <\/div>\n        <div class=\"content-with-media__media basis-1 md:basis-1\/2\">\n                      <img decoding=\"async\" src=\"https:\/\/tlc.eu\/app\/uploads\/2024\/10\/assembly-tlc2.jpg\" alt=\"TLC\" height=\"612px\" width=\"612px\"\n                 loading=\"lazy\" class=\"content-with-media__image h-[30rem] md:h-[61.2rem] w-full object-cover\">\n                  <\/div>\n      <\/div>\n      <\/div>\n<\/section>\n\n\n<section data-block_b3dc5749219cc11006703023b113d7eb class=\"section content-with-media aligncenter\">\n  <div class=\"wrapper\">\n              <div\n        class=\"content-with-media__container flex flex-col gap-[4.8rem] md:gap-[8rem] flex-col md:flex-row\">\n        <div class=\"content-with-media__content flex flex-col justify-center basis-1 md:basis-1\/2\">\n                      <h2 class=\"content-with-media__heading h2\">S\u00e4kerhet vid installation och anv\u00e4ndning<\/h2>\n                                <div class=\"content-with-media__description content-simple text-text-primary copy2 mt-[2rem] md:mt-[4.8rem]\">\n              <p><span data-sheets-root=\"1\">S\u00e4kerhet \u00e4r v\u00e5r h\u00f6gsta prioritering i varje arbetsmoment. Installation av industriella trappor och g\u00e5ngbryggor utf\u00f6rs enligt de h\u00f6gsta s\u00e4kerhetsstandarderna och de f\u00e4rdiga konstruktionerna uppfyller alla g\u00e4llande s\u00e4kerhetsstandarder. Vi l\u00e4gger stor vikt vid detaljer f\u00f6r att garantera maximalt skydd f\u00f6r anv\u00e4ndarna.<\/span><\/p>\n\n            <\/div>\n                  <\/div>\n        <div class=\"content-with-media__media basis-1 md:basis-1\/2\">\n                      <img decoding=\"async\" src=\"https:\/\/tlc.eu\/app\/uploads\/2024\/10\/assembly-tlc4.jpg\" alt=\"TLC\" height=\"612px\" width=\"612px\"\n                 loading=\"lazy\" class=\"content-with-media__image h-[30rem] md:h-[61.2rem] w-full object-cover\">\n                  <\/div>\n      <\/div>\n      <\/div>\n<\/section>\n\n\n<section data-block_c23d5800a33976e8b01b1c2f7b357a80 class=\"section content-with-media aligncenter\">\n  <div class=\"wrapper\">\n              <div\n        class=\"content-with-media__container flex flex-col gap-[4.8rem] md:gap-[8rem] flex-col md:flex-row-reverse\">\n        <div class=\"content-with-media__content flex flex-col justify-center basis-1 md:basis-1\/2\">\n                      <h2 class=\"content-with-media__heading h2\">Projekt i hela Europa och v\u00e4rlden<\/h2>\n                                <div class=\"content-with-media__description content-simple text-text-primary copy2 mt-[2rem] md:mt-[4.8rem]\">\n              <p><span data-sheets-root=\"1\">Vi tillhandah\u00e5ller v\u00e5ra installationstj\u00e4nster fr\u00e4mst inom Europa men vi kan genomf\u00f6ra projekt \u00f6ver hela v\u00e4rlden. Oavsett plats s\u00e4kerst\u00e4ller vi samma h\u00f6ga installationsstandarder och anpassar oss efter de specifika krav och f\u00f6rh\u00e5llanden som r\u00e5der p\u00e5 plats.<\/span><\/p>\n\n            <\/div>\n                  <\/div>\n        <div class=\"content-with-media__media basis-1 md:basis-1\/2\">\n                      <img decoding=\"async\" src=\"https:\/\/tlc.eu\/app\/uploads\/2024\/10\/assembly-tlc5.jpg\" alt=\"TLC\" height=\"612px\" width=\"612px\"\n                 loading=\"lazy\" class=\"content-with-media__image h-[30rem] md:h-[61.2rem] w-full object-cover\">\n                  <\/div>\n      <\/div>\n      <\/div>\n<\/section>\n\n\n<section data-block_5bc93f91ad28d490896e8bc7bcef17f2 class=\"section content-with-media aligncenter\">\n  <div class=\"wrapper\">\n              <div\n        class=\"content-with-media__container flex flex-col gap-[4.8rem] md:gap-[8rem] flex-col md:flex-row\">\n        <div class=\"content-with-media__content flex flex-col justify-center basis-1 md:basis-1\/2\">\n                      <h2 class=\"content-with-media__heading h2\">Geodetisk m\u00e4tning som en till\u00e4ggstj\u00e4nst<\/h2>\n                                <div class=\"content-with-media__description content-simple text-text-primary copy2 mt-[2rem] md:mt-[4.8rem]\">\n              <p><span data-sheets-root=\"1\">TLC kan utf\u00f6ra m\u00e4tningar f\u00f6r kundens projekt\u00e4ndam\u00e5l. Detta \u00e4r s\u00e4rskilt viktigt n\u00e4r det saknas en aktuell 3D-modell eller n\u00e4r befintliga g\u00e5ngsystem byts ut i redan existerande anl\u00e4ggningar. Vi kan genomf\u00f6ra b\u00e5de initiala m\u00e4tningar och verifiera m\u00e4tningsresultat som tillhandah\u00e5lls av kunden f\u00f6r att s\u00e4kerst\u00e4lla att installationen av trappor och g\u00e5ngbryggor genomf\u00f6rs p\u00e5 b\u00e4sta m\u00f6jliga s\u00e4tt.<br \/>\n<\/span><\/p>\n\n            <\/div>\n                  <\/div>\n        <div class=\"content-with-media__media basis-1 md:basis-1\/2\">\n                      <video class=\"content-with-media__video h-[30rem] md:h-[61.2rem] w-full object-cover\" loop=\"true\" playsinline\n                   autoplay=\"autoplay\" muted height=\"612px\" width=\"612px\" loading=\"lazy\">\n              <source src=\"https:\/\/tlc.eu\/app\/uploads\/2025\/09\/tlc-services-en-web-video-2.mp4\" type=\"video\/mp4\">\n              Your browser does not support the video tag.\n            <\/video>\n                  <\/div>\n      <\/div>\n      <\/div>\n<\/section>\n","protected":false},"excerpt":{"rendered":"<p>Vi erbjuder v\u00e5ra kunder en helt\u00e4ckande tj\u00e4nst fr\u00e5n dimensionering och produktion till slutlig installation.<\/p>\n","protected":false},"author":4,"featured_media":14098,"parent":29031,"menu_order":0,"comment_status":"closed","ping_status":"closed","template":"template-services.blade.php","meta":{"_acf_changed":false,"inline_featured_image":false,"footnotes":""},"class_list":["post-29029","page","type-page","status-publish","has-post-thumbnail","hentry"],"acf":[],"yoast_head":"<!-- This site is optimized with the Yoast SEO plugin v23.8 - https:\/\/yoast.com\/wordpress\/plugins\/seo\/ -->\n<title>Tj\u00e4nster - TLC<\/title>\n<meta name=\"description\" content=\"Vi erbjuder v\u00e5ra kunder en helt\u00e4ckande tj\u00e4nst fr\u00e5n dimensionering och produktion till slutlig installation.\" \/>\n<meta name=\"robots\" content=\"index, follow, max-snippet:-1, max-image-preview:large, max-video-preview:-1\" \/>\n<link rel=\"canonical\" href=\"https:\/\/tlc.eu\/sv\/vara-produkter\/gangbryggor\/tjanster\/\" \/>\n<meta property=\"og:locale\" content=\"sv_SE\" \/>\n<meta property=\"og:type\" content=\"article\" \/>\n<meta property=\"og:title\" content=\"Tj\u00e4nster - TLC\" \/>\n<meta property=\"og:description\" content=\"Vi erbjuder v\u00e5ra kunder en helt\u00e4ckande tj\u00e4nst fr\u00e5n dimensionering och produktion till slutlig installation.\" \/>\n<meta property=\"og:url\" content=\"https:\/\/tlc.eu\/sv\/vara-produkter\/gangbryggor\/tjanster\/\" \/>\n<meta property=\"og:site_name\" content=\"TLC\" \/>\n<meta property=\"article:modified_time\" content=\"2026-03-25T08:59:11+00:00\" \/>\n<meta property=\"og:image\" content=\"https:\/\/tlc.eu\/app\/uploads\/2024\/10\/services.jpg\" \/>\n\t<meta property=\"og:image:width\" content=\"640\" \/>\n\t<meta property=\"og:image:height\" content=\"420\" \/>\n\t<meta property=\"og:image:type\" content=\"image\/jpeg\" \/>\n<meta name=\"twitter:card\" content=\"summary_large_image\" \/>\n<meta name=\"twitter:label1\" content=\"Est. reading time\" \/>\n\t<meta name=\"twitter:data1\" content=\"1 minute\" \/>\n<script type=\"application\/ld+json\" class=\"yoast-schema-graph\">{\"@context\":\"https:\/\/schema.org\",\"@graph\":[{\"@type\":\"WebPage\",\"@id\":\"https:\/\/tlc.eu\/sv\/vara-produkter\/gangbryggor\/tjanster\/\",\"url\":\"https:\/\/tlc.eu\/sv\/vara-produkter\/gangbryggor\/tjanster\/\",\"name\":\"Tj\u00e4nster - TLC\",\"isPartOf\":{\"@id\":\"https:\/\/tlc.eu\/sv\/#website\"},\"primaryImageOfPage\":{\"@id\":\"https:\/\/tlc.eu\/sv\/vara-produkter\/gangbryggor\/tjanster\/#primaryimage\"},\"image\":{\"@id\":\"https:\/\/tlc.eu\/sv\/vara-produkter\/gangbryggor\/tjanster\/#primaryimage\"},\"thumbnailUrl\":\"https:\/\/tlc.eu\/app\/uploads\/2024\/10\/services.jpg\",\"datePublished\":\"2024-09-18T12:59:44+00:00\",\"dateModified\":\"2026-03-25T08:59:11+00:00\",\"description\":\"Vi erbjuder v\u00e5ra kunder en helt\u00e4ckande tj\u00e4nst fr\u00e5n dimensionering och produktion till slutlig installation.\",\"breadcrumb\":{\"@id\":\"https:\/\/tlc.eu\/sv\/vara-produkter\/gangbryggor\/tjanster\/#breadcrumb\"},\"inLanguage\":\"sv-SE\",\"potentialAction\":[{\"@type\":\"ReadAction\",\"target\":[\"https:\/\/tlc.eu\/sv\/vara-produkter\/gangbryggor\/tjanster\/\"]}]},{\"@type\":\"ImageObject\",\"inLanguage\":\"sv-SE\",\"@id\":\"https:\/\/tlc.eu\/sv\/vara-produkter\/gangbryggor\/tjanster\/#primaryimage\",\"url\":\"https:\/\/tlc.eu\/app\/uploads\/2024\/10\/services.jpg\",\"contentUrl\":\"https:\/\/tlc.eu\/app\/uploads\/2024\/10\/services.jpg\",\"width\":640,\"height\":420},{\"@type\":\"BreadcrumbList\",\"@id\":\"https:\/\/tlc.eu\/sv\/vara-produkter\/gangbryggor\/tjanster\/#breadcrumb\",\"itemListElement\":[{\"@type\":\"ListItem\",\"position\":1,\"name\":\"Home\",\"item\":\"https:\/\/tlc.eu\/sv\/\"},{\"@type\":\"ListItem\",\"position\":2,\"name\":\"V\u00e5ra produkter\",\"item\":\"https:\/\/tlc.eu\/sv\/vara-produkter\/\"},{\"@type\":\"ListItem\",\"position\":3,\"name\":\"G\u00e5ngbryggor\",\"item\":\"https:\/\/tlc.eu\/sv\/vara-produkter\/gangbryggor\/\"},{\"@type\":\"ListItem\",\"position\":4,\"name\":\"Tj\u00e4nster\"}]},{\"@type\":\"WebSite\",\"@id\":\"https:\/\/tlc.eu\/sv\/#website\",\"url\":\"https:\/\/tlc.eu\/sv\/\",\"name\":\"TLC EU Steel Equipment | Design & Production\",\"description\":\"\",\"alternateName\":\"TLC\",\"potentialAction\":[{\"@type\":\"SearchAction\",\"target\":{\"@type\":\"EntryPoint\",\"urlTemplate\":\"https:\/\/tlc.eu\/sv\/?s={search_term_string}\"},\"query-input\":{\"@type\":\"PropertyValueSpecification\",\"valueRequired\":true,\"valueName\":\"search_term_string\"}}],\"inLanguage\":\"sv-SE\"}]}<\/script>\n<!-- \/ Yoast SEO plugin. -->","yoast_head_json":{"title":"Tj\u00e4nster - TLC","description":"Vi erbjuder v\u00e5ra kunder en helt\u00e4ckande tj\u00e4nst fr\u00e5n dimensionering och produktion till slutlig installation.","robots":{"index":"index","follow":"follow","max-snippet":"max-snippet:-1","max-image-preview":"max-image-preview:large","max-video-preview":"max-video-preview:-1"},"canonical":"https:\/\/tlc.eu\/sv\/vara-produkter\/gangbryggor\/tjanster\/","og_locale":"sv_SE","og_type":"article","og_title":"Tj\u00e4nster - TLC","og_description":"Vi erbjuder v\u00e5ra kunder en helt\u00e4ckande tj\u00e4nst fr\u00e5n dimensionering och produktion till slutlig installation.","og_url":"https:\/\/tlc.eu\/sv\/vara-produkter\/gangbryggor\/tjanster\/","og_site_name":"TLC","article_modified_time":"2026-03-25T08:59:11+00:00","og_image":[{"width":640,"height":420,"url":"https:\/\/tlc.eu\/app\/uploads\/2024\/10\/services.jpg","type":"image\/jpeg"}],"twitter_card":"summary_large_image","twitter_misc":{"Est. reading time":"1 minute"},"schema":{"@context":"https:\/\/schema.org","@graph":[{"@type":"WebPage","@id":"https:\/\/tlc.eu\/sv\/vara-produkter\/gangbryggor\/tjanster\/","url":"https:\/\/tlc.eu\/sv\/vara-produkter\/gangbryggor\/tjanster\/","name":"Tj\u00e4nster - TLC","isPartOf":{"@id":"https:\/\/tlc.eu\/sv\/#website"},"primaryImageOfPage":{"@id":"https:\/\/tlc.eu\/sv\/vara-produkter\/gangbryggor\/tjanster\/#primaryimage"},"image":{"@id":"https:\/\/tlc.eu\/sv\/vara-produkter\/gangbryggor\/tjanster\/#primaryimage"},"thumbnailUrl":"https:\/\/tlc.eu\/app\/uploads\/2024\/10\/services.jpg","datePublished":"2024-09-18T12:59:44+00:00","dateModified":"2026-03-25T08:59:11+00:00","description":"Vi erbjuder v\u00e5ra kunder en helt\u00e4ckande tj\u00e4nst fr\u00e5n dimensionering och produktion till slutlig installation.","breadcrumb":{"@id":"https:\/\/tlc.eu\/sv\/vara-produkter\/gangbryggor\/tjanster\/#breadcrumb"},"inLanguage":"sv-SE","potentialAction":[{"@type":"ReadAction","target":["https:\/\/tlc.eu\/sv\/vara-produkter\/gangbryggor\/tjanster\/"]}]},{"@type":"ImageObject","inLanguage":"sv-SE","@id":"https:\/\/tlc.eu\/sv\/vara-produkter\/gangbryggor\/tjanster\/#primaryimage","url":"https:\/\/tlc.eu\/app\/uploads\/2024\/10\/services.jpg","contentUrl":"https:\/\/tlc.eu\/app\/uploads\/2024\/10\/services.jpg","width":640,"height":420},{"@type":"BreadcrumbList","@id":"https:\/\/tlc.eu\/sv\/vara-produkter\/gangbryggor\/tjanster\/#breadcrumb","itemListElement":[{"@type":"ListItem","position":1,"name":"Home","item":"https:\/\/tlc.eu\/sv\/"},{"@type":"ListItem","position":2,"name":"V\u00e5ra produkter","item":"https:\/\/tlc.eu\/sv\/vara-produkter\/"},{"@type":"ListItem","position":3,"name":"G\u00e5ngbryggor","item":"https:\/\/tlc.eu\/sv\/vara-produkter\/gangbryggor\/"},{"@type":"ListItem","position":4,"name":"Tj\u00e4nster"}]},{"@type":"WebSite","@id":"https:\/\/tlc.eu\/sv\/#website","url":"https:\/\/tlc.eu\/sv\/","name":"TLC EU Steel Equipment | Design & Production","description":"","alternateName":"TLC","potentialAction":[{"@type":"SearchAction","target":{"@type":"EntryPoint","urlTemplate":"https:\/\/tlc.eu\/sv\/?s={search_term_string}"},"query-input":{"@type":"PropertyValueSpecification","valueRequired":true,"valueName":"search_term_string"}}],"inLanguage":"sv-SE"}]}},"_links":{"self":[{"href":"https:\/\/tlc.eu\/sv\/wp-json\/wp\/v2\/pages\/29029","targetHints":{"allow":["GET"]}}],"collection":[{"href":"https:\/\/tlc.eu\/sv\/wp-json\/wp\/v2\/pages"}],"about":[{"href":"https:\/\/tlc.eu\/sv\/wp-json\/wp\/v2\/types\/page"}],"author":[{"embeddable":true,"href":"https:\/\/tlc.eu\/sv\/wp-json\/wp\/v2\/users\/4"}],"replies":[{"embeddable":true,"href":"https:\/\/tlc.eu\/sv\/wp-json\/wp\/v2\/comments?post=29029"}],"version-history":[{"count":6,"href":"https:\/\/tlc.eu\/sv\/wp-json\/wp\/v2\/pages\/29029\/revisions"}],"predecessor-version":[{"id":29259,"href":"https:\/\/tlc.eu\/sv\/wp-json\/wp\/v2\/pages\/29029\/revisions\/29259"}],"up":[{"embeddable":true,"href":"https:\/\/tlc.eu\/sv\/wp-json\/wp\/v2\/pages\/29031"}],"wp:featuredmedia":[{"embeddable":true,"href":"https:\/\/tlc.eu\/sv\/wp-json\/wp\/v2\/media\/14098"}],"wp:attachment":[{"href":"https:\/\/tlc.eu\/sv\/wp-json\/wp\/v2\/media?parent=29029"}],"curies":[{"name":"wp","href":"https:\/\/api.w.org\/{rel}","templated":true}]}}